{"id":64,"date":"2023-09-04T14:47:33","date_gmt":"2023-09-04T12:47:33","guid":{"rendered":"https:\/\/totemguard.com\/permission-manager\/?page_id=64"},"modified":"2026-02-26T20:21:46","modified_gmt":"2026-02-26T19:21:46","slug":"permission-manager","status":"publish","type":"page","link":"https:\/\/totemguard.com\/permission-manager\/","title":{"rendered":"365 Permission Manager"},"content":{"rendered":"<p><img loading=\"lazy\" decoding=\"async\" class=\"op3-element__image op3-element-image__image\" src=\"https:\/\/www.totemguard.com\/img\/NetSupport-DNA\/Totemguard-banner.png\" alt=\"Logo banner Totem\" title=\"Logo banner Totem\" width=\"1000\" height=\"175\" data-op3-attachment-id=\"\" \/><img loading=\"lazy\" decoding=\"async\" class=\"op3-element__image op3-element-image__image\" src=\"https:\/\/totemguard.com\/security-awareness-training\/wp-content\/uploads\/2023\/02\/HS_Logo_black_3c_RZ.png\" alt=\"Hornet Security Logo\" title=\"Hornet Security Logo\" width=\"1240\" height=\"614\" data-op3-attachment-id=\"11\" \/><\/p>\n<h1>Asegura el cumplimiento de permisos de Microsoft 365<\/h1>\n<h2>\u00bfPOR QUE NECESITAS 365 PERMISSION MANAGER?<\/h2>\n<p>Microsoft 365 ofrece numerosas ventajas, como el aumento de la productividad y la colaboraci\u00f3n en Office 365, Teams y SharePoint. Permite colaborar en tiempo real y facilita el trabajo remoto, con acceso a datos corporativos desde cualquier parte. Trabajar con las herramientas y construir una infraestructura de datos es f\u00e1cil, pero gestionar los permisos puede ser una tarea compleja y arriesgada.<\/p>\n<p>Ah\u00ed es donde entra 365 Permission Manager, nuestro nuevo servicio GRC que ofrece a los administradores de Microsoft 365 las siguientes ventajas:<\/p>\n<p>Facil de usar<\/p>\n<p>Ofrece una interfaz pr\u00e1ctica y f\u00e1cil de usar para que los administradores de M365 obtengan una visi\u00f3n m\u00e1s amplia de los permisos y de si los elementos se comparten con otras personas, lo que les ayuda a proteger mejor la informaci\u00f3n sensible.<\/p>\n<p>Ahorro de tiempo<\/p>\n<p>Ahorra tiempo y esfuerzo a los administradores de M365, permiti\u00e9ndoles realizar acciones masivas para gestionar los permisos y mantener una infraestructura de SharePoint, Teams y OneDrive conforme a la normativa.<\/p>\n<p>Vigilancia del cumplimiento<\/p>\n<p>Permite a los administradores de M365 vigilar con facilidad los estados de cumplimiento de las directivas y auditar las infracciones de dichas directivas, con lo que las organizaciones consiguen mantener el cumplimiento con normativas y directivas internas y externas.<\/p>\n<p>Administraci\u00f3n del cumplimiento<\/p>\n<p>Permite a los administradores de M365 configurar y aplicar directivas de cumplimiento para sitios, archivos y carpetas de uso compartido en Microsoft 365. Adem\u00e1s, el 365 Permission Manager tambi\u00e9n permite la asignaci\u00f3n de directivas de buenas pr\u00e1cticas o directivas personalizadas listas para usar a nivel de sitio, carpeta y archivo.<\/p>\n<p><img loading=\"lazy\" decoding=\"async\" class=\"op3-element__image op3-element-image__image\" src=\"https:\/\/totemguard.com\/permission-manager\/wp-content\/uploads\/2023\/09\/O365_Permission_Manager_Funcional_Graphic_ES.png\" alt=\"Funcionalidad Permission Manager\" title=\"Funcionalidad Permission Manager\" width=\"3883\" height=\"1597\" data-op3-attachment-id=\"53\" \/><img loading=\"lazy\" decoding=\"async\" class=\"op3-element__image op3-element-image__image\" src=\"https:\/\/totemguard.com\/altaro\/wp-content\/uploads\/madeEU.png\" alt=\"madeEU\" title=\"madeEU\" width=\"212\" height=\"146\" data-op3-attachment-id=\"3230\" \/><img loading=\"lazy\" decoding=\"async\" class=\"op3-element__image op3-element-image__image\" src=\"https:\/\/totemguard.com\/altaro\/wp-content\/uploads\/Certificado-ENS.jpeg\" alt=\"\" title=\"Certificado ENS\" width=\"200\" height=\"231\" data-op3-attachment-id=\"2182\" \/><img loading=\"lazy\" decoding=\"async\" class=\"op3-element__image op3-element-image__image\" src=\"https:\/\/totemguard.com\/altaro\/wp-content\/uploads\/GDPR-1.png\" alt=\"GDPR EU\" title=\"GDPR EU\" width=\"273\" height=\"154\" data-op3-attachment-id=\"3229\" \/><\/p>\n<p>Simplifica la gesti\u00f3n de permisos a escala<\/p>\n<p>Obt\u00e9n una vista general y una comprensi\u00f3n completas de los permisos de M365 de tu organizaci\u00f3n en SharePoint, OneDrive y Microsoft Teams. Utiliza el filtrado avanzado para verificar r\u00e1pidamente qu\u00e9 elementos resultan accesibles para usuarios externos an\u00f3nimos, o qui\u00e9n ha infringido los permisos. Desglosa los grupos anidados para obtener una visi\u00f3n clara de los derechos de acceso efectivos de los usuarios.<\/p>\n<p>Recupera el control con las directivas de cumplimiento<\/p>\n<p>Utiliza nuestro servicio GRC si necesitas mantener una infraestructura de datos de SharePoint, Teams y OneDrive conforme a las directivas y as\u00ed evitar que los usuarios compartan informaci\u00f3n sensible. Con 365 Permission Manager podr\u00e1s asignar directivas de buenas pr\u00e1cticas listas para usar o crear directivas de cumplimiento personalizadas para sitios de SharePoint, Teams o cuentas de OneDrive. Si un usuario comparte un sitio o un archivo de forma que infringe la directiva de cumplimiento, los propietarios del sitio reciben una notificaci\u00f3n inmediata sobre la infracci\u00f3n para que puedan intervenir.<\/p>\n<p>Recibe informes exhaustivos<\/p>\n<p>365 Permission Manager genera informes que contienen metadatos de permisos con fines de documentaci\u00f3n y cumplimiento. Estos informes muestran qu\u00e9 archivos resultan accesibles de forma externa para usuarios an\u00f3nimos, o qu\u00e9 archivos se comparten con ellos. Asimismo, permite seleccionar un grupo o usuario en particular y obtener una lista completa de todos los sitios, archivos y carpetas a los que tiene acceso.<\/p>\n<p>Consigue un cumplimiento eficad con nuestro servicio GRC<\/p>\n<p>Si un usuario infringe las normas de cumplimiento, la funci\u00f3n de auditor\u00eda te da la opci\u00f3n de aprobar o rechazar la infracci\u00f3n revirtiendo los ajustes del sitio conforme a la directiva de cumplimiento asignada, o bien revocar el acceso otorgado a usuarios y grupos.<\/p>\n<p>Recibe alertas de usos compartidos cr\u00edticos<\/p>\n<p>Recibe un resumen diario de los cambios de permisos cr\u00edticos que suceden en todo el tenant de M365. Las alertas te informar\u00e1n de los sitios, archivos y carpetas que hayan compartido elementos recientemente con \u00abTodos\u00bb o con usuarios an\u00f3nimos ajenos a la organizaci\u00f3n.<\/p>\n<p>Adopta acciones r\u00e1pidas<\/p>\n<p>Utiliza las acciones r\u00e1pidas para ajustar los permisos en m\u00faltiples sitios a la vez, para establecer un nivel de acceso compartido externo adecuado, o para identificar y eliminar el acceso a grupos que ofrezca un acceso indirecto a toda la empresa (p. ej., \u00abTodos\u00bb). Las acciones r\u00e1pidas tambi\u00e9n te permiten encontrar y eliminar permisos de usuarios hu\u00e9rfanos simplemente pulsando un bot\u00f3n.<\/p>\n<h2>HAZ UN SEGUIMIENTO DEL CUMPLIMIENTO EN TU ORGANIZACI\u00d3N CON EL PANEL DE CONTROL DE 365 PERMISSION MANAGER<\/h2>\n<p>El panel te ofrece una vista general del estado del cumplimiento en los sitios de SharePoint y te muestra los permisos cr\u00edticos de uso compartido de un solo vistazo.<\/p>\n<p><img loading=\"lazy\" decoding=\"async\" class=\"op3-element__image op3-element-image__image\" src=\"https:\/\/totemguard.com\/permission-manager\/wp-content\/uploads\/2023\/09\/Screenshot-3PM-Dashboard-EN.png\" alt=\"Panel Permission Manager\" title=\"Panel Permission Manager\" width=\"3431\" height=\"1305\" data-op3-attachment-id=\"52\" \/><\/p>\n<h2>\u00bfQuieres saber m\u00e1s? Rellena el formulario y te contactaremos<\/h2>\n<p><img loading=\"lazy\" decoding=\"async\" class=\"op3-element__image op3-element-image__image\" src=\"https:\/\/www.totemguard.com\/img\/NetSupport-Manager\/Oscar.jpg\" alt=\"\" title=\"\" width=\"93\" height=\"140\" data-op3-attachment-id=\"\" \/><\/p>\n<p>\u00bfQuieres m\u00e1s informaci\u00f3n o tienes dudas sobre 365 Permission Manager?Soy&nbsp;\u00d2scar, te ayudar\u00e9 en lo que necesites:902 360 645<a href=\"mailto:comercial@totemguard.com\" target=\"_blank\" rel=\"nofollow noreferrer\" style=\"font-style: inherit; font-weight: inherit; font-size: inherit; font-family: &quot;Source Sans Pro&quot;, sans-serif; color: rgb(46, 130, 188); background-color: rgb(255, 255, 255);\">comercial@totemguard.com<\/a><\/p>\n<p>He le\u00eddo y acepto la&nbsp;<a href=\"https:\/\/totemguard.com\/politica-de-privacidad\/\" target=\"_blank\" style=\"background-color: rgb(255, 255, 255); font-family: &quot;IBM Plex Sans&quot;, sans-serif;\">pol\u00edtica de privacidad<\/a><a aria-label=\"Button link\" href=\"#\" class=\"op3-element__tcp--non-a op3-link op3-background-ancestor\" target=\"_self\"  data-op-action=\"link\" data-op-select-funnel-step=\"\" data-op-animation-trigger=\"scroll\" data-op-animation-style=\"scale-up\" data-op-animation-loop=\"0\" data-op-timer-minutes=\"0\" data-op-timer-seconds=\"0\" data-op3-smooth-scroll=\"0\" data-op-effect-style=\"\" data-op-effect-style-hover=\"\" data-op-courseaction=\"\">Pedir Informaci\u00f3n<\/a><\/p>\n<p>Contacta con nosotros:<\/p>\n<p>Ronda General Mitre 126, Planta 6<br \/>\n08021 Barcelona<\/p>\n<p>Tel. 93 200 00 88<\/p>\n<p>comercial@totemguard.com<\/p>\n<p>Nuestros productos<\/p>\n<p><img loading=\"lazy\" decoding=\"async\" class=\"op3-element__image op3-element-image__image\" src=\"https:\/\/totemguard.com\/img\/totemfootericons\/dnaico.png\" alt=\"DNA Icon\" title=\"\" width=\"512\" height=\"256\" data-op3-attachment-id=\"\" \/><\/p>\n<p><a href=\"https:\/\/totemguard.com\/netsupport-dna\/inventario-hardware-software-licencias\/\">NetSupport DNA<\/a><\/p>\n<p><img loading=\"lazy\" decoding=\"async\" class=\"op3-element__image op3-element-image__image\" src=\"https:\/\/totemguard.com\/img\/totemfootericons\/nsmico.png\" alt=\"NSM Ico\" title=\"\" width=\"26\" height=\"26\" data-op3-attachment-id=\"\" \/><\/p>\n<p><a href=\"https:\/\/totemguard.com\/netsupport-manager\/control-remoto-windows-linux-mac\/\">NetSupport Manager<\/a><\/p>\n<p><img loading=\"lazy\" decoding=\"async\" class=\"op3-element__image op3-element-image__image\" src=\"https:\/\/totemguard.com\/img\/totemfootericons\/nssico.png\" alt=\"NSS Ico\" title=\"\" width=\"26\" height=\"26\" data-op3-attachment-id=\"\" \/><\/p>\n<p><a href=\"https:\/\/totemguard.com\/netsupport-school\/control-gestion-aula-tic\/\">NetSupport School<\/a><\/p>\n<p><img loading=\"lazy\" decoding=\"async\" class=\"op3-element__image op3-element-image__image\" src=\"https:\/\/totemguard.com\/img\/totemfootericons\/nsnico.png\" alt=\"NSN Ico\" title=\"\" width=\"26\" height=\"26\" data-op3-attachment-id=\"\" \/><\/p>\n<p><a href=\"https:\/\/totemguard.com\/netsupport-notify\/mensajes-ordenadores-red\/\">NetSupport Notify<\/a><\/p>\n<\/p>\n<p><img loading=\"lazy\" decoding=\"async\" class=\"op3-element__image op3-element-image__image\" src=\"https:\/\/totemguard.com\/img\/totemfootericons\/247connectico.png\" alt=\"247 Ico\" title=\"\" width=\"26\" height=\"26\" data-op3-attachment-id=\"\" \/><\/p>\n<p><a href=\"https:\/\/totemguard.com\/247-connect\/control-remoto-seguro-en-la-nube\/\">NetSupport 247 Connect<\/a><\/p>\n<p><img loading=\"lazy\" decoding=\"async\" class=\"op3-element__image op3-element-image__image\" src=\"https:\/\/totemguard.com\/img\/totemfootericons\/logo-icon-color-compass.png\" alt=\"OA Compass ico\" title=\"\" width=\"26\" height=\"26\" data-op3-attachment-id=\"\" \/><\/p>\n<p><a href=\"https:\/\/totemguard.com\/openathens-compass\/gestion-centralizada-recursos-electronicos\/\">OpenAthens Compass<\/a><\/p>\n<p><img loading=\"lazy\" decoding=\"async\" class=\"op3-element__image op3-element-image__image\" src=\"https:\/\/totemguard.com\/img\/totemfootericons\/Altaro-logo-1.png\" alt=\"VM Backup Ico\" title=\"\" width=\"26\" height=\"26\" data-op3-attachment-id=\"\" \/><\/p>\n<p><a href=\"https:\/\/totemguard.com\/altaro\/\">Altaro VM Backup<\/a><\/p>\n<p><img loading=\"lazy\" decoding=\"async\" class=\"op3-element__image op3-element-image__image\" src=\"https:\/\/totemguard.com\/img\/totemfootericons\/o-icon-svg-1.png\" alt=\"365 Backup Ico\" title=\"\" width=\"26\" height=\"25\" data-op3-attachment-id=\"\" \/><\/p>\n<p><a href=\"https:\/\/totemguard.com\/altaro\/backup-office-365\/\">365 Total Backup<\/a><\/p>\n<\/p>\n<p><img loading=\"lazy\" decoding=\"async\" class=\"op3-element__image op3-element-image__image\" src=\"https:\/\/totemguard.com\/img\/totemfootericons\/hornetfavicon.png\" alt=\"hornet security ico\" title=\"\" width=\"26\" height=\"26\" data-op3-attachment-id=\"\" \/><\/p>\n<p><a href=\"https:\/\/totemguard.com\/365-total-protection\/\">Total Protection<\/a><\/p>\n<p><img loading=\"lazy\" decoding=\"async\" class=\"op3-element__image op3-element-image__image\" src=\"https:\/\/totemguard.com\/img\/totemfootericons\/hornetfavicon.png\" alt=\"hornet security ico\" title=\"\" width=\"26\" height=\"26\" data-op3-attachment-id=\"\" \/><\/p>\n<p><a href=\"https:\/\/totemguard.com\/security-awareness-training\/\">Security Awareness Service<\/a><\/p>\n<p>  \u00a9  TotemGuard Digital Security &#8211; Ronda General Mitre, 126, Planta 6, 08021 Barcelona &#8211; Tel. 932 00 00 88 &#8211;<br \/>\n  <a href=\"https:\/\/www.totemguard.com\/terminos-y-condiciones\"><br \/>\n    Pol\u00edtica de privacidad, Cookies y Aviso Legal<br \/>\n  <\/a><\/p>\n","protected":false},"excerpt":{"rendered":"<p>Asegura el cumplimiento de permisos de Microsoft 365 \u00bfPOR QUE NECESITAS 365 PERMISSION MANAGER? Microsoft 365 ofrece numerosas ventajas, como el aumento de la productividad y la colaboraci\u00f3n en Office 365, Teams y SharePoint. Permite colaborar en tiempo real y facilita el trabajo remoto, con acceso a datos corporativos desde cualquier parte. Trabajar con las&hellip; <a class=\"more-link\" href=\"https:\/\/totemguard.com\/permission-manager\/\">Seguir leyendo <span class=\"screen-reader-text\">365 Permission Manager<\/span><\/a><\/p>\n","protected":false},"author":1,"featured_media":0,"parent":0,"menu_order":0,"comment_status":"closed","ping_status":"closed","template":"op_builder_blank","meta":{"footnotes":""},"class_list":["post-64","page","type-page","status-publish","hentry","entry"],"yoast_head":"<!-- This site is optimized with the Yoast SEO plugin v27.0 - https:\/\/yoast.com\/product\/yoast-seo-wordpress\/ -->\n<title>365 Permission Manager - TotemGuard<\/title>\n<meta name=\"description\" content=\"Interfaz f\u00e1cil de usar para que los administradores de M365 obtengan una vista completa de los permisos y de si los elementos se comparten con otros, ayud\u00e1ndoles a proteger mejor la informaci\u00f3n confidencial.\" \/>\n<meta name=\"robots\" content=\"index, follow, max-snippet:-1, max-image-preview:large, max-video-preview:-1\" \/>\n<link rel=\"canonical\" href=\"https:\/\/totemguard.com\/permission-manager\/\" \/>\n<meta property=\"og:locale\" content=\"es_ES\" \/>\n<meta property=\"og:type\" content=\"article\" \/>\n<meta property=\"og:title\" content=\"365 Permission Manager - TotemGuard\" \/>\n<meta property=\"og:description\" content=\"Interfaz f\u00e1cil de usar para que los administradores de M365 obtengan una vista completa de los permisos y de si los elementos se comparten con otros, ayud\u00e1ndoles a proteger mejor la informaci\u00f3n confidencial.\" \/>\n<meta property=\"og:url\" content=\"https:\/\/totemguard.com\/permission-manager\/\" \/>\n<meta property=\"og:site_name\" content=\"TotemGuard - Permission Manager\" \/>\n<meta property=\"article:modified_time\" content=\"2026-02-26T19:21:46+00:00\" \/>\n<meta property=\"og:image\" content=\"https:\/\/www.totemguard.com\/img\/NetSupport-DNA\/Totemguard-banner.png\" \/>\n<meta name=\"twitter:card\" content=\"summary_large_image\" \/>\n<meta name=\"twitter:label1\" content=\"Tiempo de lectura\" \/>\n\t<meta name=\"twitter:data1\" content=\"8 minutos\" \/>\n<script type=\"application\/ld+json\" class=\"yoast-schema-graph\">{\"@context\":\"https:\/\/schema.org\",\"@graph\":[{\"@type\":\"WebPage\",\"@id\":\"https:\/\/totemguard.com\/permission-manager\/\",\"url\":\"https:\/\/totemguard.com\/permission-manager\/\",\"name\":\"365 Permission Manager - TotemGuard\",\"isPartOf\":{\"@id\":\"https:\/\/totemguard.com\/permission-manager\/#website\"},\"primaryImageOfPage\":{\"@id\":\"https:\/\/totemguard.com\/permission-manager\/#primaryimage\"},\"image\":{\"@id\":\"https:\/\/totemguard.com\/permission-manager\/#primaryimage\"},\"thumbnailUrl\":\"https:\/\/www.totemguard.com\/img\/NetSupport-DNA\/Totemguard-banner.png\",\"datePublished\":\"2023-09-04T12:47:33+00:00\",\"dateModified\":\"2026-02-26T19:21:46+00:00\",\"description\":\"Interfaz f\u00e1cil de usar para que los administradores de M365 obtengan una vista completa de los permisos y de si los elementos se comparten con otros, ayud\u00e1ndoles a proteger mejor la informaci\u00f3n confidencial.\",\"breadcrumb\":{\"@id\":\"https:\/\/totemguard.com\/permission-manager\/#breadcrumb\"},\"inLanguage\":\"es\",\"potentialAction\":[{\"@type\":\"ReadAction\",\"target\":[\"https:\/\/totemguard.com\/permission-manager\/\"]}]},{\"@type\":\"ImageObject\",\"inLanguage\":\"es\",\"@id\":\"https:\/\/totemguard.com\/permission-manager\/#primaryimage\",\"url\":\"https:\/\/www.totemguard.com\/img\/NetSupport-DNA\/Totemguard-banner.png\",\"contentUrl\":\"https:\/\/www.totemguard.com\/img\/NetSupport-DNA\/Totemguard-banner.png\"},{\"@type\":\"BreadcrumbList\",\"@id\":\"https:\/\/totemguard.com\/permission-manager\/#breadcrumb\",\"itemListElement\":[{\"@type\":\"ListItem\",\"position\":1,\"name\":\"Home\",\"item\":\"https:\/\/totemguard.com\/permission-manager\/\"},{\"@type\":\"ListItem\",\"position\":2,\"name\":\"365 Permission Manager\"}]},{\"@type\":\"WebSite\",\"@id\":\"https:\/\/totemguard.com\/permission-manager\/#website\",\"url\":\"https:\/\/totemguard.com\/permission-manager\/\",\"name\":\"TotemGuard - Permission Manager\",\"description\":\"\",\"potentialAction\":[{\"@type\":\"SearchAction\",\"target\":{\"@type\":\"EntryPoint\",\"urlTemplate\":\"https:\/\/totemguard.com\/permission-manager\/?s={search_term_string}\"},\"query-input\":{\"@type\":\"PropertyValueSpecification\",\"valueRequired\":true,\"valueName\":\"search_term_string\"}}],\"inLanguage\":\"es\"}]}<\/script>\n<!-- \/ Yoast SEO plugin. -->","yoast_head_json":{"title":"365 Permission Manager - TotemGuard","description":"Interfaz f\u00e1cil de usar para que los administradores de M365 obtengan una vista completa de los permisos y de si los elementos se comparten con otros, ayud\u00e1ndoles a proteger mejor la informaci\u00f3n confidencial.","robots":{"index":"index","follow":"follow","max-snippet":"max-snippet:-1","max-image-preview":"max-image-preview:large","max-video-preview":"max-video-preview:-1"},"canonical":"https:\/\/totemguard.com\/permission-manager\/","og_locale":"es_ES","og_type":"article","og_title":"365 Permission Manager - TotemGuard","og_description":"Interfaz f\u00e1cil de usar para que los administradores de M365 obtengan una vista completa de los permisos y de si los elementos se comparten con otros, ayud\u00e1ndoles a proteger mejor la informaci\u00f3n confidencial.","og_url":"https:\/\/totemguard.com\/permission-manager\/","og_site_name":"TotemGuard - Permission Manager","article_modified_time":"2026-02-26T19:21:46+00:00","og_image":[{"url":"https:\/\/www.totemguard.com\/img\/NetSupport-DNA\/Totemguard-banner.png","type":"","width":"","height":""}],"twitter_card":"summary_large_image","twitter_misc":{"Tiempo de lectura":"8 minutos"},"schema":{"@context":"https:\/\/schema.org","@graph":[{"@type":"WebPage","@id":"https:\/\/totemguard.com\/permission-manager\/","url":"https:\/\/totemguard.com\/permission-manager\/","name":"365 Permission Manager - TotemGuard","isPartOf":{"@id":"https:\/\/totemguard.com\/permission-manager\/#website"},"primaryImageOfPage":{"@id":"https:\/\/totemguard.com\/permission-manager\/#primaryimage"},"image":{"@id":"https:\/\/totemguard.com\/permission-manager\/#primaryimage"},"thumbnailUrl":"https:\/\/www.totemguard.com\/img\/NetSupport-DNA\/Totemguard-banner.png","datePublished":"2023-09-04T12:47:33+00:00","dateModified":"2026-02-26T19:21:46+00:00","description":"Interfaz f\u00e1cil de usar para que los administradores de M365 obtengan una vista completa de los permisos y de si los elementos se comparten con otros, ayud\u00e1ndoles a proteger mejor la informaci\u00f3n confidencial.","breadcrumb":{"@id":"https:\/\/totemguard.com\/permission-manager\/#breadcrumb"},"inLanguage":"es","potentialAction":[{"@type":"ReadAction","target":["https:\/\/totemguard.com\/permission-manager\/"]}]},{"@type":"ImageObject","inLanguage":"es","@id":"https:\/\/totemguard.com\/permission-manager\/#primaryimage","url":"https:\/\/www.totemguard.com\/img\/NetSupport-DNA\/Totemguard-banner.png","contentUrl":"https:\/\/www.totemguard.com\/img\/NetSupport-DNA\/Totemguard-banner.png"},{"@type":"BreadcrumbList","@id":"https:\/\/totemguard.com\/permission-manager\/#breadcrumb","itemListElement":[{"@type":"ListItem","position":1,"name":"Home","item":"https:\/\/totemguard.com\/permission-manager\/"},{"@type":"ListItem","position":2,"name":"365 Permission Manager"}]},{"@type":"WebSite","@id":"https:\/\/totemguard.com\/permission-manager\/#website","url":"https:\/\/totemguard.com\/permission-manager\/","name":"TotemGuard - Permission Manager","description":"","potentialAction":[{"@type":"SearchAction","target":{"@type":"EntryPoint","urlTemplate":"https:\/\/totemguard.com\/permission-manager\/?s={search_term_string}"},"query-input":{"@type":"PropertyValueSpecification","valueRequired":true,"valueName":"search_term_string"}}],"inLanguage":"es"}]}},"_links":{"self":[{"href":"https:\/\/totemguard.com\/permission-manager\/wp-json\/wp\/v2\/pages\/64","targetHints":{"allow":["GET"]}}],"collection":[{"href":"https:\/\/totemguard.com\/permission-manager\/wp-json\/wp\/v2\/pages"}],"about":[{"href":"https:\/\/totemguard.com\/permission-manager\/wp-json\/wp\/v2\/types\/page"}],"author":[{"embeddable":true,"href":"https:\/\/totemguard.com\/permission-manager\/wp-json\/wp\/v2\/users\/1"}],"replies":[{"embeddable":true,"href":"https:\/\/totemguard.com\/permission-manager\/wp-json\/wp\/v2\/comments?post=64"}],"version-history":[{"count":16,"href":"https:\/\/totemguard.com\/permission-manager\/wp-json\/wp\/v2\/pages\/64\/revisions"}],"predecessor-version":[{"id":164,"href":"https:\/\/totemguard.com\/permission-manager\/wp-json\/wp\/v2\/pages\/64\/revisions\/164"}],"wp:attachment":[{"href":"https:\/\/totemguard.com\/permission-manager\/wp-json\/wp\/v2\/media?parent=64"}],"curies":[{"name":"wp","href":"https:\/\/api.w.org\/{rel}","templated":true}]}}