{"id":991,"date":"2020-09-14T07:57:05","date_gmt":"2020-09-14T07:57:05","guid":{"rendered":"https:\/\/totemguard.com\/netsupport-school\/?page_id=991"},"modified":"2026-01-13T11:48:27","modified_gmt":"2026-01-13T11:48:27","slug":"productos-control-gestion-aula-tic-productos-complementarios","status":"publish","type":"page","link":"https:\/\/totemguard.com\/netsupport-school\/productos-control-gestion-aula-tic-productos-complementarios\/","title":{"rendered":"NetSupport School &#8211; Otros Productos"},"content":{"rendered":"<p><img loading=\"lazy\" decoding=\"async\" class=\"op3-element__image op3-element-image__image\" src=\"https:\/\/totemguard.com\/netsupport-school\/wp-content\/uploads\/2014\/10\/totem-guard_grande-2.png\" alt=\"Banner general\" title=\"Banner general\" width=\"1000\" height=\"175\" data-op3-attachment-id=\"\" \/><img loading=\"lazy\" decoding=\"async\" class=\"op3-element__image op3-element-image__image\" src=\"https:\/\/www.totemguard.com\/img\/NetSupport-School\/NetSupport-School.png\" alt=\"\" title=\"\" width=\"202\" height=\"47\" data-op3-attachment-id=\"\" \/><\/p>\n<h3>Productos Complementarios a netsupport school<\/h3>\n<p><a aria-label=\"Image Link\" class=\"op3-element__link op3-element-image__link op3-link op3-element__tcp--non-a\" href=\"https:\/\/totemguard.com\/netsupport-school\/wp-content\/uploads\/2014\/10\/nsn.png\" target=\"_self\"  data-op-action=\"link\" data-op-select-funnel-step=\"\" data-op3-smooth-scroll=\"\"><img loading=\"lazy\" decoding=\"async\" class=\"op3-element__image op3-element-image__image\" src=\"https:\/\/totemguard.com\/netsupport-school\/wp-content\/uploads\/2014\/10\/nsn.png\" alt=\"Logo Notify\" title=\"nsn\" width=\"500\" height=\"95\" data-op3-attachment-id=\"\" \/><\/a><\/p>\n<h2>Avisos para equipos de escritorio<\/h2>\n<p>NetSupport Notify te permite la entrega inmediata de avisos y alertas a equipos Windows, Mac y Linux tanto en redes Lan como Wan.<\/p>\n<p>Notificar cortes programados de InternetProyectar avisos en pantallas p\u00fablicas de centros de salud, salas de espera u hospitalesQue trabajadores de cara al p\u00fablico puedan mandar alertas urgentes a un superior o a Seguridad en caso de necesidad.<\/p>\n<p>NetSupport Notify te da la certeza de que el usuario recibe tu mensaje, incluso con acuses de recibo.<\/p>\n<p>A diferencia de las soluciones de mensajer\u00eda \u00fanicamente pensadas para redes internas, NetSupport Notify te viene con un gateway para que puedas enviar mensajes a redes remotas sin necesidad de realizar cambios en tus configuraciones de red.<\/p>\n<p><a href=\"https:\/\/totemguard.com\/netsupport-notify\/mensajes-ordenadores-red\/\" target=\"_blank\">Conoce NetSupport Notify. Desc\u00e1rgate una demo gratuita<\/a><\/p>\n<p><img loading=\"lazy\" decoding=\"async\" class=\"op3-element__image op3-element-image__image\" src=\"https:\/\/totemguard.com\/netsupport-servicedesk\/wp-content\/uploads\/2014\/10\/dna.png\" alt=\"\" title=\"\" width=\"512\" height=\"256\" data-op3-attachment-id=\"\" \/><\/p>\n<h2>Gesti\u00f3n de activos y protecci\u00f3n del alumnado<\/h2>\n<p>Si realizar un inventario del software y del hardware instalado en la red se convierte en un proceso manual que puede llevarte horas, automatiza todas estas tareas con NetSupport DNA<\/p>\n<p>NetSupport DNA es un gestor de activos TI&nbsp; que permite a los centros educativos no solo llevar un inventario de su parque inform\u00e1tico, sino que tambi\u00e9n ofrece una serie de funcionalidades para la seguridad y protecci\u00f3n del alumnado.<\/p>\n<p><a href=\"https:\/\/totemguard.com\/netsupport-dna\/antiacoso-esafety-monitorizacion-alumnos\/\">Conoce NetSupport DNA. Desc\u00e1rgate una demo gratuita<\/a><\/p>\n<p>Contacta con nosotros:<\/p>\n<p>Ronda General Mitre 126, Planta 6<br \/>\n08021 Barcelona<\/p>\n<p>Tel. 93 200 00 88<\/p>\n<p>comercial@totemguard.com<\/p>\n<p>Nuestros productos<\/p>\n<p><img loading=\"lazy\" decoding=\"async\" class=\"op3-element__image op3-element-image__image\" src=\"https:\/\/totemguard.com\/img\/totemfootericons\/dnaico.png\" alt=\"DNA Icon\" title=\"\" width=\"512\" height=\"256\" data-op3-attachment-id=\"\" \/><\/p>\n<p><a href=\"https:\/\/totemguard.com\/netsupport-dna\/inventario-hardware-software-licencias\/\">NetSupport DNA<\/a><\/p>\n<p><img loading=\"lazy\" decoding=\"async\" class=\"op3-element__image op3-element-image__image\" src=\"https:\/\/totemguard.com\/img\/totemfootericons\/nsmico.png\" alt=\"NSM Ico\" title=\"\" width=\"26\" height=\"26\" data-op3-attachment-id=\"\" \/><\/p>\n<p><a href=\"https:\/\/totemguard.com\/netsupport-manager\/control-remoto-windows-linux-mac\/\">NetSupport Manager<\/a><\/p>\n<p><img loading=\"lazy\" decoding=\"async\" class=\"op3-element__image op3-element-image__image\" src=\"https:\/\/totemguard.com\/img\/totemfootericons\/nssico.png\" alt=\"NSS Ico\" title=\"\" width=\"26\" height=\"26\" data-op3-attachment-id=\"\" \/><\/p>\n<p><a href=\"https:\/\/totemguard.com\/netsupport-school\/control-gestion-aula-tic\/\">NetSupport School<\/a><\/p>\n<p><img loading=\"lazy\" decoding=\"async\" class=\"op3-element__image op3-element-image__image\" src=\"https:\/\/totemguard.com\/img\/totemfootericons\/nsnico.png\" alt=\"NSN Ico\" title=\"\" width=\"26\" height=\"26\" data-op3-attachment-id=\"\" \/><\/p>\n<p><a href=\"https:\/\/totemguard.com\/netsupport-notify\/mensajes-ordenadores-red\/\">NetSupport Notify<\/a><\/p>\n<\/p>\n<p><img loading=\"lazy\" decoding=\"async\" class=\"op3-element__image op3-element-image__image\" src=\"https:\/\/totemguard.com\/img\/totemfootericons\/247connectico.png\" alt=\"247 Ico\" title=\"\" width=\"26\" height=\"26\" data-op3-attachment-id=\"\" \/><\/p>\n<p><a href=\"https:\/\/totemguard.com\/247-connect\/control-remoto-seguro-en-la-nube\/\">NetSupport 247 Connect<\/a><\/p>\n<p><img loading=\"lazy\" decoding=\"async\" class=\"op3-element__image op3-element-image__image\" src=\"https:\/\/totemguard.com\/img\/totemfootericons\/logo-icon-color-compass.png\" alt=\"OA Compass ico\" title=\"\" width=\"26\" height=\"26\" data-op3-attachment-id=\"\" \/><\/p>\n<p><a href=\"https:\/\/totemguard.com\/openathens-compass\/gestion-centralizada-recursos-electronicos\/\">OpenAthens Compass<\/a><\/p>\n<p><img loading=\"lazy\" decoding=\"async\" class=\"op3-element__image op3-element-image__image\" src=\"https:\/\/totemguard.com\/img\/totemfootericons\/Altaro-logo-1.png\" alt=\"VM Backup Ico\" title=\"\" width=\"26\" height=\"26\" data-op3-attachment-id=\"\" \/><\/p>\n<p><a href=\"https:\/\/totemguard.com\/altaro\/\">Altaro VM Backup<\/a><\/p>\n<p><img loading=\"lazy\" decoding=\"async\" class=\"op3-element__image op3-element-image__image\" src=\"https:\/\/totemguard.com\/img\/totemfootericons\/o-icon-svg-1.png\" alt=\"365 Backup Ico\" title=\"\" width=\"26\" height=\"25\" data-op3-attachment-id=\"\" \/><\/p>\n<p><a href=\"https:\/\/totemguard.com\/altaro\/backup-office-365\/\">365 Total Backup<\/a><\/p>\n<\/p>\n<p><img loading=\"lazy\" decoding=\"async\" class=\"op3-element__image op3-element-image__image\" src=\"https:\/\/totemguard.com\/img\/totemfootericons\/hornetfavicon.png\" alt=\"hornet security ico\" title=\"\" width=\"26\" height=\"26\" data-op3-attachment-id=\"\" \/><\/p>\n<p><a href=\"https:\/\/totemguard.com\/365-total-protection\/\">Total Protection<\/a><\/p>\n<p><img loading=\"lazy\" decoding=\"async\" class=\"op3-element__image op3-element-image__image\" src=\"https:\/\/totemguard.com\/img\/totemfootericons\/hornetfavicon.png\" alt=\"hornet security ico\" title=\"\" width=\"26\" height=\"26\" data-op3-attachment-id=\"\" \/><\/p>\n<p><a href=\"https:\/\/totemguard.com\/security-awareness-training\/\">Security Awareness Service<\/a><\/p>\n<p>  \u00a9  TotemGuard Digital Security &#8211; Ronda General Mitre, 126, Planta 6, 08021 Barcelona &#8211; Tel. 932 00 00 88 &#8211;<br \/>\n  <a href=\"https:\/\/www.totemguard.com\/terminos-y-condiciones\"><br \/>\n    Pol\u00edtica de privacidad, Cookies y Aviso Legal<br \/>\n  <\/a><\/p>\n","protected":false},"excerpt":{"rendered":"<p>Productos Complementarios a netsupport school Avisos para equipos de escritorio NetSupport Notify te permite la entrega inmediata de avisos y alertas a equipos Windows, Mac y Linux tanto en redes Lan como Wan. Notificar cortes programados de InternetProyectar avisos en pantallas p\u00fablicas de centros de salud, salas de espera u hospitalesQue trabajadores de cara al &hellip; <\/p>\n<p class=\"link-more\"><a href=\"https:\/\/totemguard.com\/netsupport-school\/productos-control-gestion-aula-tic-productos-complementarios\/\" class=\"more-link\">Seguir leyendo<span class=\"screen-reader-text\"> \u00abNetSupport School &#8211; Otros Productos\u00bb<\/span><\/a><\/p>\n","protected":false},"author":1,"featured_media":0,"parent":0,"menu_order":0,"comment_status":"closed","ping_status":"closed","template":"op_builder_blank","meta":{"footnotes":"","_links_to":"","_links_to_target":""},"class_list":["post-991","page","type-page","status-publish","hentry","entry"],"yoast_head":"<!-- This site is optimized with the Yoast SEO plugin v27.3 - https:\/\/yoast.com\/product\/yoast-seo-wordpress\/ -->\n<title>NetSupport School - Otros Productos - TotemGuard<\/title>\n<meta name=\"description\" content=\"NetSupport School puede complementarse con otros programas para ofrecer m\u00e1s seguridad a en las aulas.\" \/>\n<meta name=\"robots\" content=\"index, follow, max-snippet:-1, max-image-preview:large, max-video-preview:-1\" \/>\n<link rel=\"canonical\" href=\"https:\/\/totemguard.com\/netsupport-school\/productos-control-gestion-aula-tic-productos-complementarios\/\" \/>\n<meta property=\"og:locale\" content=\"es_ES\" \/>\n<meta property=\"og:type\" content=\"article\" \/>\n<meta property=\"og:title\" content=\"NetSupport School - Otros Productos - TotemGuard\" \/>\n<meta property=\"og:description\" content=\"NetSupport School puede complementarse con otros programas para ofrecer m\u00e1s seguridad a en las aulas.\" \/>\n<meta property=\"og:url\" content=\"https:\/\/totemguard.com\/netsupport-school\/productos-control-gestion-aula-tic-productos-complementarios\/\" \/>\n<meta property=\"og:site_name\" content=\"TotemGuard\" \/>\n<meta property=\"article:modified_time\" content=\"2026-01-13T11:48:27+00:00\" \/>\n<meta property=\"og:image\" content=\"https:\/\/totemguard.com\/netsupport-school\/wp-content\/uploads\/2014\/10\/totem-guard_grande-2.png\" \/>\n<meta name=\"twitter:card\" content=\"summary_large_image\" \/>\n<meta name=\"twitter:label1\" content=\"Tiempo de lectura\" \/>\n\t<meta name=\"twitter:data1\" content=\"5 minutos\" \/>\n<script type=\"application\/ld+json\" class=\"yoast-schema-graph\">{\"@context\":\"https:\\\/\\\/schema.org\",\"@graph\":[{\"@type\":\"WebPage\",\"@id\":\"https:\\\/\\\/totemguard.com\\\/netsupport-school\\\/productos-control-gestion-aula-tic-productos-complementarios\\\/\",\"url\":\"https:\\\/\\\/totemguard.com\\\/netsupport-school\\\/productos-control-gestion-aula-tic-productos-complementarios\\\/\",\"name\":\"NetSupport School - Otros Productos - TotemGuard\",\"isPartOf\":{\"@id\":\"https:\\\/\\\/totemguard.com\\\/netsupport-school\\\/#website\"},\"primaryImageOfPage\":{\"@id\":\"https:\\\/\\\/totemguard.com\\\/netsupport-school\\\/productos-control-gestion-aula-tic-productos-complementarios\\\/#primaryimage\"},\"image\":{\"@id\":\"https:\\\/\\\/totemguard.com\\\/netsupport-school\\\/productos-control-gestion-aula-tic-productos-complementarios\\\/#primaryimage\"},\"thumbnailUrl\":\"https:\\\/\\\/totemguard.com\\\/netsupport-school\\\/wp-content\\\/uploads\\\/2014\\\/10\\\/totem-guard_grande-2.png\",\"datePublished\":\"2020-09-14T07:57:05+00:00\",\"dateModified\":\"2026-01-13T11:48:27+00:00\",\"description\":\"NetSupport School puede complementarse con otros programas para ofrecer m\u00e1s seguridad a en las aulas.\",\"breadcrumb\":{\"@id\":\"https:\\\/\\\/totemguard.com\\\/netsupport-school\\\/productos-control-gestion-aula-tic-productos-complementarios\\\/#breadcrumb\"},\"inLanguage\":\"es\",\"potentialAction\":[{\"@type\":\"ReadAction\",\"target\":[\"https:\\\/\\\/totemguard.com\\\/netsupport-school\\\/productos-control-gestion-aula-tic-productos-complementarios\\\/\"]}]},{\"@type\":\"ImageObject\",\"inLanguage\":\"es\",\"@id\":\"https:\\\/\\\/totemguard.com\\\/netsupport-school\\\/productos-control-gestion-aula-tic-productos-complementarios\\\/#primaryimage\",\"url\":\"https:\\\/\\\/totemguard.com\\\/netsupport-school\\\/wp-content\\\/uploads\\\/2014\\\/10\\\/totem-guard_grande-2.png\",\"contentUrl\":\"https:\\\/\\\/totemguard.com\\\/netsupport-school\\\/wp-content\\\/uploads\\\/2014\\\/10\\\/totem-guard_grande-2.png\"},{\"@type\":\"BreadcrumbList\",\"@id\":\"https:\\\/\\\/totemguard.com\\\/netsupport-school\\\/productos-control-gestion-aula-tic-productos-complementarios\\\/#breadcrumb\",\"itemListElement\":[{\"@type\":\"ListItem\",\"position\":1,\"name\":\"Portada\",\"item\":\"https:\\\/\\\/totemguard.com\\\/netsupport-school\\\/control-gestion-aula-tic\\\/\"},{\"@type\":\"ListItem\",\"position\":2,\"name\":\"NetSupport School &#8211; Otros Productos\"}]},{\"@type\":\"WebSite\",\"@id\":\"https:\\\/\\\/totemguard.com\\\/netsupport-school\\\/#website\",\"url\":\"https:\\\/\\\/totemguard.com\\\/netsupport-school\\\/\",\"name\":\"TotemGuard\",\"description\":\"Control Gestion Aula Tic\",\"potentialAction\":[{\"@type\":\"SearchAction\",\"target\":{\"@type\":\"EntryPoint\",\"urlTemplate\":\"https:\\\/\\\/totemguard.com\\\/netsupport-school\\\/?s={search_term_string}\"},\"query-input\":{\"@type\":\"PropertyValueSpecification\",\"valueRequired\":true,\"valueName\":\"search_term_string\"}}],\"inLanguage\":\"es\"}]}<\/script>\n<!-- \/ Yoast SEO plugin. -->","yoast_head_json":{"title":"NetSupport School - Otros Productos - TotemGuard","description":"NetSupport School puede complementarse con otros programas para ofrecer m\u00e1s seguridad a en las aulas.","robots":{"index":"index","follow":"follow","max-snippet":"max-snippet:-1","max-image-preview":"max-image-preview:large","max-video-preview":"max-video-preview:-1"},"canonical":"https:\/\/totemguard.com\/netsupport-school\/productos-control-gestion-aula-tic-productos-complementarios\/","og_locale":"es_ES","og_type":"article","og_title":"NetSupport School - Otros Productos - TotemGuard","og_description":"NetSupport School puede complementarse con otros programas para ofrecer m\u00e1s seguridad a en las aulas.","og_url":"https:\/\/totemguard.com\/netsupport-school\/productos-control-gestion-aula-tic-productos-complementarios\/","og_site_name":"TotemGuard","article_modified_time":"2026-01-13T11:48:27+00:00","og_image":[{"url":"https:\/\/totemguard.com\/netsupport-school\/wp-content\/uploads\/2014\/10\/totem-guard_grande-2.png","type":"","width":"","height":""}],"twitter_card":"summary_large_image","twitter_misc":{"Tiempo de lectura":"5 minutos"},"schema":{"@context":"https:\/\/schema.org","@graph":[{"@type":"WebPage","@id":"https:\/\/totemguard.com\/netsupport-school\/productos-control-gestion-aula-tic-productos-complementarios\/","url":"https:\/\/totemguard.com\/netsupport-school\/productos-control-gestion-aula-tic-productos-complementarios\/","name":"NetSupport School - Otros Productos - TotemGuard","isPartOf":{"@id":"https:\/\/totemguard.com\/netsupport-school\/#website"},"primaryImageOfPage":{"@id":"https:\/\/totemguard.com\/netsupport-school\/productos-control-gestion-aula-tic-productos-complementarios\/#primaryimage"},"image":{"@id":"https:\/\/totemguard.com\/netsupport-school\/productos-control-gestion-aula-tic-productos-complementarios\/#primaryimage"},"thumbnailUrl":"https:\/\/totemguard.com\/netsupport-school\/wp-content\/uploads\/2014\/10\/totem-guard_grande-2.png","datePublished":"2020-09-14T07:57:05+00:00","dateModified":"2026-01-13T11:48:27+00:00","description":"NetSupport School puede complementarse con otros programas para ofrecer m\u00e1s seguridad a en las aulas.","breadcrumb":{"@id":"https:\/\/totemguard.com\/netsupport-school\/productos-control-gestion-aula-tic-productos-complementarios\/#breadcrumb"},"inLanguage":"es","potentialAction":[{"@type":"ReadAction","target":["https:\/\/totemguard.com\/netsupport-school\/productos-control-gestion-aula-tic-productos-complementarios\/"]}]},{"@type":"ImageObject","inLanguage":"es","@id":"https:\/\/totemguard.com\/netsupport-school\/productos-control-gestion-aula-tic-productos-complementarios\/#primaryimage","url":"https:\/\/totemguard.com\/netsupport-school\/wp-content\/uploads\/2014\/10\/totem-guard_grande-2.png","contentUrl":"https:\/\/totemguard.com\/netsupport-school\/wp-content\/uploads\/2014\/10\/totem-guard_grande-2.png"},{"@type":"BreadcrumbList","@id":"https:\/\/totemguard.com\/netsupport-school\/productos-control-gestion-aula-tic-productos-complementarios\/#breadcrumb","itemListElement":[{"@type":"ListItem","position":1,"name":"Portada","item":"https:\/\/totemguard.com\/netsupport-school\/control-gestion-aula-tic\/"},{"@type":"ListItem","position":2,"name":"NetSupport School &#8211; Otros Productos"}]},{"@type":"WebSite","@id":"https:\/\/totemguard.com\/netsupport-school\/#website","url":"https:\/\/totemguard.com\/netsupport-school\/","name":"TotemGuard","description":"Control Gestion Aula Tic","potentialAction":[{"@type":"SearchAction","target":{"@type":"EntryPoint","urlTemplate":"https:\/\/totemguard.com\/netsupport-school\/?s={search_term_string}"},"query-input":{"@type":"PropertyValueSpecification","valueRequired":true,"valueName":"search_term_string"}}],"inLanguage":"es"}]}},"_links":{"self":[{"href":"https:\/\/totemguard.com\/netsupport-school\/wp-json\/wp\/v2\/pages\/991","targetHints":{"allow":["GET"]}}],"collection":[{"href":"https:\/\/totemguard.com\/netsupport-school\/wp-json\/wp\/v2\/pages"}],"about":[{"href":"https:\/\/totemguard.com\/netsupport-school\/wp-json\/wp\/v2\/types\/page"}],"author":[{"embeddable":true,"href":"https:\/\/totemguard.com\/netsupport-school\/wp-json\/wp\/v2\/users\/1"}],"replies":[{"embeddable":true,"href":"https:\/\/totemguard.com\/netsupport-school\/wp-json\/wp\/v2\/comments?post=991"}],"version-history":[{"count":52,"href":"https:\/\/totemguard.com\/netsupport-school\/wp-json\/wp\/v2\/pages\/991\/revisions"}],"predecessor-version":[{"id":2308,"href":"https:\/\/totemguard.com\/netsupport-school\/wp-json\/wp\/v2\/pages\/991\/revisions\/2308"}],"wp:attachment":[{"href":"https:\/\/totemguard.com\/netsupport-school\/wp-json\/wp\/v2\/media?parent=991"}],"curies":[{"name":"wp","href":"https:\/\/api.w.org\/{rel}","templated":true}]}}