{"id":976,"date":"2020-09-14T07:57:05","date_gmt":"2020-09-14T07:57:05","guid":{"rendered":"https:\/\/totemguard.com\/netsupport-school\/?page_id=976"},"modified":"2026-01-13T11:49:07","modified_gmt":"2026-01-13T11:49:07","slug":"control-gestion-aula-tic-documentacion-videos-recursos","status":"publish","type":"page","link":"https:\/\/totemguard.com\/netsupport-school\/control-gestion-aula-tic-documentacion-videos-recursos\/","title":{"rendered":"NetSupport School &#8211; Recursos"},"content":{"rendered":"<p><img loading=\"lazy\" decoding=\"async\" class=\"op3-element__image op3-element-image__image\" src=\"https:\/\/totemguard.com\/netsupport-school\/wp-content\/uploads\/2014\/10\/totem-guard_grande-2.png\" alt=\"Banner general\" title=\"Banner general\" width=\"1000\" height=\"175\" data-op3-attachment-id=\"\" \/><img loading=\"lazy\" decoding=\"async\" class=\"op3-element__image op3-element-image__image\" src=\"https:\/\/www.totemguard.com\/img\/NetSupport-School\/NetSupport-School.png\" alt=\"\" title=\"\" width=\"202\" height=\"47\" data-op3-attachment-id=\"\" \/><\/p>\n<h2>Eval\u00faa NetSupport School en tu aula sin ning\u00fan compromiso<\/h2>\n<h3>Mira esta presentaci\u00f3n de las funciones principales de NetSupport School<\/h3>\n<h3>Descarga gratuitamente una versi\u00f3n de evaluaci\u00f3n de 30 d\u00edas<\/h3>\n<p>He le\u00eddo y acepto la&nbsp;<a href=\"https:\/\/totemguard.com\/politica-de-privacidad\/\" target=\"_blank\" style=\"background-color: rgb(255, 255, 255); font-family: &quot;IBM Plex Sans&quot;, sans-serif;\">pol\u00edtica de privacidad<\/a><a aria-label=\"Button link\" href=\"#\" class=\"op3-element__tcp--non-a op3-link op3-background-ancestor\" target=\"_self\"  data-op-action=\"link\" data-op-select-funnel-step=\"\" data-op3-smooth-scroll=\"0\" data-op-effect-style=\"\" data-op-effect-style-hover=\"\" data-op-courseaction=\"\">Prueba 30 d\u00edas Gratiso ll\u00e1manos en el 932000088 para m\u00e1s informaci\u00f3n<\/a><\/p>\n<h2>Video tutoriales<\/h2>\n<p><img loading=\"lazy\" decoding=\"async\" class=\"op3-element__image op3-element-image__image\" src=\"https:\/\/totemguard.com\/netsupport-manager\/wp-content\/themes\/optimizePressTheme\/lib\/assets\/images\/feature_block\/icons\/50.png\" alt=\"\" title=\"\" width=\"64\" height=\"64\" data-op3-attachment-id=\"\" \/><\/p>\n<p>Mira <a href=\"https:\/\/www.youtube.com\/watch?v=Ywjjkyb9fB8&amp;list=PLQXloWKxVF_KOSmEC1cEvsx1beQPLx6O_\" target=\"_blank\">AQU\u00cd<\/a> videotutoriales de NetSupport School para descubrir a fondo todas sus funcionalidades y facilidad de uso.<\/p>\n<h2>Documentaci\u00f3n<\/h2>\n<p><img loading=\"lazy\" decoding=\"async\" class=\"op3-element__image op3-element-image__image\" src=\"https:\/\/totemguard.com\/netsupport-servicedesk\/wp-content\/themes\/optimizePressTheme\/lib\/assets\/images\/file_download\/icons\/style1-Pdf-64x64.png\" alt=\"\" title=\"\" width=\"64\" height=\"64\" data-op3-attachment-id=\"\" \/><\/p>\n<p><a href=\"http:\/\/www.netsupportsoftware.com\/resources\/brochurespdfs\/nss_bro_es_web.pdf\" target=\"_blank\">Folleto de funcionalidades<\/a><\/p>\n<p><img loading=\"lazy\" decoding=\"async\" class=\"op3-element__image op3-element-image__image\" src=\"https:\/\/totemguard.com\/netsupport-servicedesk\/wp-content\/themes\/optimizePressTheme\/lib\/assets\/images\/file_download\/icons\/style1-Pdf-64x64.png\" alt=\"\" title=\"\" width=\"64\" height=\"64\" data-op3-attachment-id=\"\" \/><\/p>\n<p><a href=\"http:\/\/www.netsupportsoftware.com\/resources\/manualpdfs\/nss_manual_es.pdf\" target=\"_blank\">Manual de instalaci\u00f3n<\/a><\/p>\n<p><img loading=\"lazy\" decoding=\"async\" class=\"op3-element__image op3-element-image__image\" src=\"https:\/\/totemguard.com\/netsupport-servicedesk\/wp-content\/themes\/optimizePressTheme\/lib\/assets\/images\/file_download\/icons\/style1-Pdf-64x64.png\" alt=\"\" title=\"\" width=\"64\" height=\"64\" data-op3-attachment-id=\"\" \/><\/p>\n<p><a href=\"https:\/\/totemguard.com\/netsupport-school\/wp-content\/uploads\/2020\/02\/Instalacion_NetSupport_School14.pdf\" target=\"_blank\">Gu\u00eda de inicio r\u00e1pido<\/a><\/p>\n<h2>Whitepapers<\/h2>\n<p><img loading=\"lazy\" decoding=\"async\" class=\"op3-element__image op3-element-image__image\" src=\"https:\/\/totemguard.com\/netsupport-servicedesk\/wp-content\/themes\/optimizePressTheme\/lib\/assets\/images\/file_download\/icons\/style1-Pdf-64x64.png\" alt=\"\" title=\"\" width=\"64\" height=\"64\" data-op3-attachment-id=\"\" \/><\/p>\n<p><a href=\"http:\/\/totemguard.com\/docs\/nss0905_whitepaper.pdf\" target=\"_blank\">C\u00f3mo motivar y controlar a la clase en un aula TIC<\/a><\/p>\n<p><img loading=\"lazy\" decoding=\"async\" class=\"op3-element__image op3-element-image__image\" src=\"https:\/\/totemguard.com\/netsupport-servicedesk\/wp-content\/themes\/optimizePressTheme\/lib\/assets\/images\/file_download\/icons\/style1-Pdf-64x64.png\" alt=\"\" title=\"\" width=\"64\" height=\"64\" data-op3-attachment-id=\"\" \/><\/p>\n<p><a href=\"http:\/\/totemguard.com\/docs\/nss_printers.pdf\" target=\"_blank\">Gesti\u00f3n eficiente de impresoras en el aula: Calcula tus costes de forma sencilla<\/a><\/p>\n<p><img loading=\"lazy\" decoding=\"async\" class=\"op3-element__image op3-element-image__image\" src=\"https:\/\/totemguard.com\/netsupport-servicedesk\/wp-content\/themes\/optimizePressTheme\/lib\/assets\/images\/file_download\/icons\/style1-Pdf-64x64.png\" alt=\"\" title=\"\" width=\"64\" height=\"64\" data-op3-attachment-id=\"\" \/><\/p>\n<p><a href=\"http:\/\/totemguard.com\/docs\/control_internet.pdf\" target=\"_blank\">Averigua como potenciar el uso de Internet en el aula sin riesgos ni limitaciones<\/a><\/p>\n<p><img loading=\"lazy\" decoding=\"async\" class=\"op3-element__image op3-element-image__image\" src=\"https:\/\/totemguard.com\/netsupport-servicedesk\/wp-content\/themes\/optimizePressTheme\/lib\/assets\/images\/file_download\/icons\/style1-Pdf-64x64.png\" alt=\"\" title=\"\" width=\"64\" height=\"64\" data-op3-attachment-id=\"\" \/><\/p>\n<p><a href=\"http:\/\/totemguard.com\/docs\/Entrevista_Colegio_Internacional_Valladolid.pdf\" target=\"_blank\">Aula virtualizada con netbooks y NetSupport School<\/a><\/p>\n<p><img loading=\"lazy\" decoding=\"async\" class=\"op3-element__image op3-element-image__image\" src=\"https:\/\/totemguard.com\/netsupport-servicedesk\/wp-content\/themes\/optimizePressTheme\/lib\/assets\/images\/file_download\/icons\/style1-Pdf-64x64.png\" alt=\"\" title=\"\" width=\"64\" height=\"64\" data-op3-attachment-id=\"\" \/><\/p>\n<p><a href=\"http:\/\/www.totemguard.com\/docs\/Las-12-maneras-NSS-te-ayuda-como-docente.pdf\" target=\"_blank\">Las 12 maneras NSS te ayuda como docente<\/a><\/p>\n<h2>Casos de \u00e9xito<\/h2>\n<p><img loading=\"lazy\" decoding=\"async\" class=\"op3-element__image op3-element-image__image\" src=\"https:\/\/totemguard.com\/netsupport-servicedesk\/wp-content\/themes\/optimizePressTheme\/lib\/assets\/images\/file_download\/icons\/style1-Pdf-64x64.png\" alt=\"\" title=\"\" width=\"64\" height=\"64\" data-op3-attachment-id=\"\" \/><\/p>\n<p><a href=\"http:\/\/totemguard.com\/docs\/Colegio_Shalom.pdf\" target=\"_blank\">Colegio Shalom<\/a><\/p>\n<p><img loading=\"lazy\" decoding=\"async\" class=\"op3-element__image op3-element-image__image\" src=\"https:\/\/totemguard.com\/netsupport-servicedesk\/wp-content\/themes\/optimizePressTheme\/lib\/assets\/images\/file_download\/icons\/style1-Pdf-64x64.png\" alt=\"\" title=\"\" width=\"64\" height=\"64\" data-op3-attachment-id=\"\" \/><\/p>\n<p><a href=\"http:\/\/totemguard.com\/docs\/Zurich_Schule.pdf\" target=\"_blank\">Colegio Zurich Schule<\/a><\/p>\n<p><img loading=\"lazy\" decoding=\"async\" class=\"op3-element__image op3-element-image__image\" src=\"https:\/\/totemguard.com\/netsupport-servicedesk\/wp-content\/themes\/optimizePressTheme\/lib\/assets\/images\/file_download\/icons\/style1-Pdf-64x64.png\" alt=\"\" title=\"\" width=\"64\" height=\"64\" data-op3-attachment-id=\"\" \/><\/p>\n<p><a href=\"http:\/\/totemguard.com\/docs\/Valladolid.pdf\" target=\"_blank\">Colegio Internacional de Valladolid<\/a><\/p>\n<p><img loading=\"lazy\" decoding=\"async\" class=\"op3-element__image op3-element-image__image\" src=\"https:\/\/totemguard.com\/netsupport-servicedesk\/wp-content\/themes\/optimizePressTheme\/lib\/assets\/images\/file_download\/icons\/style1-Pdf-64x64.png\" alt=\"\" title=\"\" width=\"64\" height=\"64\" data-op3-attachment-id=\"\" \/><\/p>\n<p><a href=\"http:\/\/totemguard.com\/docs\/La_Salle_Ujo.pdf\" target=\"_blank\">Colegio La Salle Ujo<\/a><\/p>\n<p><img loading=\"lazy\" decoding=\"async\" class=\"op3-element__image op3-element-image__image\" src=\"https:\/\/totemguard.com\/netsupport-servicedesk\/wp-content\/themes\/optimizePressTheme\/lib\/assets\/images\/file_download\/icons\/style1-Pdf-64x64.png\" alt=\"\" title=\"\" width=\"64\" height=\"64\" data-op3-attachment-id=\"\" \/><\/p>\n<p><a href=\"http:\/\/totemguard.com\/docs\/Universitat_Maresme.pdf\" target=\"_blank\">Escuela Universitaria del Maresme\u00f3viles<\/a><\/p>\n<p><img loading=\"lazy\" decoding=\"async\" class=\"op3-element__image op3-element-image__image\" src=\"https:\/\/totemguard.com\/netsupport-servicedesk\/wp-content\/themes\/optimizePressTheme\/lib\/assets\/images\/file_download\/icons\/style1-Pdf-64x64.png\" alt=\"\" title=\"\" width=\"64\" height=\"64\" data-op3-attachment-id=\"\" \/><\/p>\n<p><a href=\"http:\/\/totemguard.com\/docs\/University_South.pdf\" target=\"_blank\">Sewanee, University of the Souths<\/a><\/p>\n<p><img loading=\"lazy\" decoding=\"async\" class=\"op3-element__image op3-element-image__image\" src=\"https:\/\/totemguard.com\/netsupport-servicedesk\/wp-content\/themes\/optimizePressTheme\/lib\/assets\/images\/file_download\/icons\/style1-Pdf-64x64.png\" alt=\"\" title=\"\" width=\"64\" height=\"64\" data-op3-attachment-id=\"\" \/><\/p>\n<p><a href=\"http:\/\/totemguard.com\/docs\/Wisconsin.pdf\" target=\"_blank\">Universidad de Winsconsin<\/a><\/p>\n<h2>Entornos&nbsp; Virtualizados<\/h2>\n<p><img loading=\"lazy\" decoding=\"async\" class=\"op3-element__image op3-element-image__image\" src=\"https:\/\/totemguard.com\/netsupport-servicedesk\/wp-content\/themes\/optimizePressTheme\/lib\/assets\/images\/file_download\/icons\/style1-Pdf-64x64.png\" alt=\"\" title=\"\" width=\"64\" height=\"64\" data-op3-attachment-id=\"\" \/><\/p>\n<p><a href=\"http:\/\/totemguard.com\/docs\/Installing_NetSupportSchool_WindowsMultiPointaServer2011.pdf\" target=\"_blank\">Microsoft Windows Multipoint Server (WMS)<\/a><\/p>\n<p><img loading=\"lazy\" decoding=\"async\" class=\"op3-element__image op3-element-image__image\" src=\"https:\/\/totemguard.com\/netsupport-servicedesk\/wp-content\/themes\/optimizePressTheme\/lib\/assets\/images\/file_download\/icons\/style1-Pdf-64x64.png\" alt=\"\" title=\"\" width=\"64\" height=\"64\" data-op3-attachment-id=\"\" \/><\/p>\n<p><a href=\"http:\/\/totemguard.com\/docs\/Instalacion_Ncomputing.pdf\" target=\"_blank\">NComputing<\/a><\/p>\n<h2>NetSupport School tambi\u00e9n se integra de forma sencilla con:<\/h2>\n<p><img loading=\"lazy\" decoding=\"async\" class=\"op3-element__image op3-element-image__image\" src=\"https:\/\/www.totemguard.com\/img\/NetSupport-School\/alianzas.jpg\" alt=\"Entornos virtualizados\" title=\"Entornos virtualizados\" width=\"512\" height=\"256\" data-op3-attachment-id=\"\" \/><\/p>\n<p>Contacta con nosotros:<\/p>\n<p>Ronda General Mitre 126, Planta 6<br \/>\n08021 Barcelona<\/p>\n<p>Tel. 93 200 00 88<\/p>\n<p>comercial@totemguard.com<\/p>\n<p>Nuestros productos<\/p>\n<p><img loading=\"lazy\" decoding=\"async\" class=\"op3-element__image op3-element-image__image\" src=\"https:\/\/totemguard.com\/img\/totemfootericons\/dnaico.png\" alt=\"DNA Icon\" title=\"\" width=\"512\" height=\"256\" data-op3-attachment-id=\"\" \/><\/p>\n<p><a href=\"https:\/\/totemguard.com\/netsupport-dna\/inventario-hardware-software-licencias\/\">NetSupport DNA<\/a><\/p>\n<p><img loading=\"lazy\" decoding=\"async\" class=\"op3-element__image op3-element-image__image\" src=\"https:\/\/totemguard.com\/img\/totemfootericons\/nsmico.png\" alt=\"NSM Ico\" title=\"\" width=\"26\" height=\"26\" data-op3-attachment-id=\"\" \/><\/p>\n<p><a href=\"https:\/\/totemguard.com\/netsupport-manager\/control-remoto-windows-linux-mac\/\">NetSupport Manager<\/a><\/p>\n<p><img loading=\"lazy\" decoding=\"async\" class=\"op3-element__image op3-element-image__image\" src=\"https:\/\/totemguard.com\/img\/totemfootericons\/nssico.png\" alt=\"NSS Ico\" title=\"\" width=\"26\" height=\"26\" data-op3-attachment-id=\"\" \/><\/p>\n<p><a href=\"https:\/\/totemguard.com\/netsupport-school\/control-gestion-aula-tic\/\">NetSupport School<\/a><\/p>\n<p><img loading=\"lazy\" decoding=\"async\" class=\"op3-element__image op3-element-image__image\" src=\"https:\/\/totemguard.com\/img\/totemfootericons\/nsnico.png\" alt=\"NSN Ico\" title=\"\" width=\"26\" height=\"26\" data-op3-attachment-id=\"\" \/><\/p>\n<p><a href=\"https:\/\/totemguard.com\/netsupport-notify\/mensajes-ordenadores-red\/\">NetSupport Notify<\/a><\/p>\n<\/p>\n<p><img loading=\"lazy\" decoding=\"async\" class=\"op3-element__image op3-element-image__image\" src=\"https:\/\/totemguard.com\/img\/totemfootericons\/247connectico.png\" alt=\"247 Ico\" title=\"\" width=\"26\" height=\"26\" data-op3-attachment-id=\"\" \/><\/p>\n<p><a href=\"https:\/\/totemguard.com\/247-connect\/control-remoto-seguro-en-la-nube\/\">NetSupport 247 Connect<\/a><\/p>\n<p><img loading=\"lazy\" decoding=\"async\" class=\"op3-element__image op3-element-image__image\" src=\"https:\/\/totemguard.com\/img\/totemfootericons\/logo-icon-color-compass.png\" alt=\"OA Compass ico\" title=\"\" width=\"26\" height=\"26\" data-op3-attachment-id=\"\" \/><\/p>\n<p><a href=\"https:\/\/totemguard.com\/openathens-compass\/gestion-centralizada-recursos-electronicos\/\">OpenAthens Compass<\/a><\/p>\n<p><img loading=\"lazy\" decoding=\"async\" class=\"op3-element__image op3-element-image__image\" src=\"https:\/\/totemguard.com\/img\/totemfootericons\/Altaro-logo-1.png\" alt=\"VM Backup Ico\" title=\"\" width=\"26\" height=\"26\" data-op3-attachment-id=\"\" \/><\/p>\n<p><a href=\"https:\/\/totemguard.com\/altaro\/\">Altaro VM Backup<\/a><\/p>\n<p><img loading=\"lazy\" decoding=\"async\" class=\"op3-element__image op3-element-image__image\" src=\"https:\/\/totemguard.com\/img\/totemfootericons\/o-icon-svg-1.png\" alt=\"365 Backup Ico\" title=\"\" width=\"26\" height=\"25\" data-op3-attachment-id=\"\" \/><\/p>\n<p><a href=\"https:\/\/totemguard.com\/altaro\/backup-office-365\/\">365 Total Backup<\/a><\/p>\n<\/p>\n<p><img loading=\"lazy\" decoding=\"async\" class=\"op3-element__image op3-element-image__image\" src=\"https:\/\/totemguard.com\/img\/totemfootericons\/hornetfavicon.png\" alt=\"hornet security ico\" title=\"\" width=\"26\" height=\"26\" data-op3-attachment-id=\"\" \/><\/p>\n<p><a href=\"https:\/\/totemguard.com\/365-total-protection\/\">Total Protection<\/a><\/p>\n<p><img loading=\"lazy\" decoding=\"async\" class=\"op3-element__image op3-element-image__image\" src=\"https:\/\/totemguard.com\/img\/totemfootericons\/hornetfavicon.png\" alt=\"hornet security ico\" title=\"\" width=\"26\" height=\"26\" data-op3-attachment-id=\"\" \/><\/p>\n<p><a href=\"https:\/\/totemguard.com\/security-awareness-training\/\">Security Awareness Service<\/a><\/p>\n<p>  \u00a9  TotemGuard Digital Security &#8211; Ronda General Mitre, 126, Planta 6, 08021 Barcelona &#8211; Tel. 932 00 00 88 &#8211;<br \/>\n  <a href=\"https:\/\/www.totemguard.com\/terminos-y-condiciones\"><br \/>\n    Pol\u00edtica de privacidad, Cookies y Aviso Legal<br \/>\n  <\/a><\/p>\n","protected":false},"excerpt":{"rendered":"<p>Eval\u00faa NetSupport School en tu aula sin ning\u00fan compromiso Mira esta presentaci\u00f3n de las funciones principales de NetSupport School Descarga gratuitamente una versi\u00f3n de evaluaci\u00f3n de 30 d\u00edas He le\u00eddo y acepto la&nbsp;pol\u00edtica de privacidadPrueba 30 d\u00edas Gratiso ll\u00e1manos en el 932000088 para m\u00e1s informaci\u00f3n Video tutoriales Mira AQU\u00cd videotutoriales de NetSupport School para descubrir &hellip; <\/p>\n<p class=\"link-more\"><a href=\"https:\/\/totemguard.com\/netsupport-school\/control-gestion-aula-tic-documentacion-videos-recursos\/\" class=\"more-link\">Seguir leyendo<span class=\"screen-reader-text\"> \u00abNetSupport School &#8211; Recursos\u00bb<\/span><\/a><\/p>\n","protected":false},"author":1,"featured_media":0,"parent":0,"menu_order":0,"comment_status":"closed","ping_status":"closed","template":"op_builder_blank","meta":{"footnotes":"","_links_to":"","_links_to_target":""},"class_list":["post-976","page","type-page","status-publish","hentry","entry"],"yoast_head":"<!-- This site is optimized with the Yoast SEO plugin v27.3 - https:\/\/yoast.com\/product\/yoast-seo-wordpress\/ -->\n<title>NetSupport School - Recursos - TotemGuard<\/title>\n<meta name=\"description\" content=\"Documentos, videos y manuales para saber todo lo necesario sobre NetSupport School y su funcionamiento\" \/>\n<meta name=\"robots\" content=\"index, follow, max-snippet:-1, max-image-preview:large, max-video-preview:-1\" \/>\n<link rel=\"canonical\" href=\"https:\/\/totemguard.com\/netsupport-school\/control-gestion-aula-tic-documentacion-videos-recursos\/\" \/>\n<meta property=\"og:locale\" content=\"es_ES\" \/>\n<meta property=\"og:type\" content=\"article\" \/>\n<meta property=\"og:title\" content=\"NetSupport School - Recursos - TotemGuard\" \/>\n<meta property=\"og:description\" content=\"Documentos, videos y manuales para saber todo lo necesario sobre NetSupport School y su funcionamiento\" \/>\n<meta property=\"og:url\" content=\"https:\/\/totemguard.com\/netsupport-school\/control-gestion-aula-tic-documentacion-videos-recursos\/\" \/>\n<meta property=\"og:site_name\" content=\"TotemGuard\" \/>\n<meta property=\"article:modified_time\" content=\"2026-01-13T11:49:07+00:00\" \/>\n<meta property=\"og:image\" content=\"https:\/\/totemguard.com\/netsupport-school\/wp-content\/uploads\/2014\/10\/totem-guard_grande-2.png\" \/>\n<meta name=\"twitter:card\" content=\"summary_large_image\" \/>\n<meta name=\"twitter:label1\" content=\"Tiempo de lectura\" \/>\n\t<meta name=\"twitter:data1\" content=\"8 minutos\" \/>\n<script type=\"application\/ld+json\" class=\"yoast-schema-graph\">{\"@context\":\"https:\\\/\\\/schema.org\",\"@graph\":[{\"@type\":\"WebPage\",\"@id\":\"https:\\\/\\\/totemguard.com\\\/netsupport-school\\\/control-gestion-aula-tic-documentacion-videos-recursos\\\/\",\"url\":\"https:\\\/\\\/totemguard.com\\\/netsupport-school\\\/control-gestion-aula-tic-documentacion-videos-recursos\\\/\",\"name\":\"NetSupport School - Recursos - TotemGuard\",\"isPartOf\":{\"@id\":\"https:\\\/\\\/totemguard.com\\\/netsupport-school\\\/#website\"},\"primaryImageOfPage\":{\"@id\":\"https:\\\/\\\/totemguard.com\\\/netsupport-school\\\/control-gestion-aula-tic-documentacion-videos-recursos\\\/#primaryimage\"},\"image\":{\"@id\":\"https:\\\/\\\/totemguard.com\\\/netsupport-school\\\/control-gestion-aula-tic-documentacion-videos-recursos\\\/#primaryimage\"},\"thumbnailUrl\":\"https:\\\/\\\/totemguard.com\\\/netsupport-school\\\/wp-content\\\/uploads\\\/2014\\\/10\\\/totem-guard_grande-2.png\",\"datePublished\":\"2020-09-14T07:57:05+00:00\",\"dateModified\":\"2026-01-13T11:49:07+00:00\",\"description\":\"Documentos, videos y manuales para saber todo lo necesario sobre NetSupport School y su funcionamiento\",\"breadcrumb\":{\"@id\":\"https:\\\/\\\/totemguard.com\\\/netsupport-school\\\/control-gestion-aula-tic-documentacion-videos-recursos\\\/#breadcrumb\"},\"inLanguage\":\"es\",\"potentialAction\":[{\"@type\":\"ReadAction\",\"target\":[\"https:\\\/\\\/totemguard.com\\\/netsupport-school\\\/control-gestion-aula-tic-documentacion-videos-recursos\\\/\"]}]},{\"@type\":\"ImageObject\",\"inLanguage\":\"es\",\"@id\":\"https:\\\/\\\/totemguard.com\\\/netsupport-school\\\/control-gestion-aula-tic-documentacion-videos-recursos\\\/#primaryimage\",\"url\":\"https:\\\/\\\/totemguard.com\\\/netsupport-school\\\/wp-content\\\/uploads\\\/2014\\\/10\\\/totem-guard_grande-2.png\",\"contentUrl\":\"https:\\\/\\\/totemguard.com\\\/netsupport-school\\\/wp-content\\\/uploads\\\/2014\\\/10\\\/totem-guard_grande-2.png\"},{\"@type\":\"BreadcrumbList\",\"@id\":\"https:\\\/\\\/totemguard.com\\\/netsupport-school\\\/control-gestion-aula-tic-documentacion-videos-recursos\\\/#breadcrumb\",\"itemListElement\":[{\"@type\":\"ListItem\",\"position\":1,\"name\":\"Portada\",\"item\":\"https:\\\/\\\/totemguard.com\\\/netsupport-school\\\/control-gestion-aula-tic\\\/\"},{\"@type\":\"ListItem\",\"position\":2,\"name\":\"NetSupport School &#8211; Recursos\"}]},{\"@type\":\"WebSite\",\"@id\":\"https:\\\/\\\/totemguard.com\\\/netsupport-school\\\/#website\",\"url\":\"https:\\\/\\\/totemguard.com\\\/netsupport-school\\\/\",\"name\":\"TotemGuard\",\"description\":\"Control Gestion Aula Tic\",\"potentialAction\":[{\"@type\":\"SearchAction\",\"target\":{\"@type\":\"EntryPoint\",\"urlTemplate\":\"https:\\\/\\\/totemguard.com\\\/netsupport-school\\\/?s={search_term_string}\"},\"query-input\":{\"@type\":\"PropertyValueSpecification\",\"valueRequired\":true,\"valueName\":\"search_term_string\"}}],\"inLanguage\":\"es\"}]}<\/script>\n<!-- \/ Yoast SEO plugin. -->","yoast_head_json":{"title":"NetSupport School - Recursos - TotemGuard","description":"Documentos, videos y manuales para saber todo lo necesario sobre NetSupport School y su funcionamiento","robots":{"index":"index","follow":"follow","max-snippet":"max-snippet:-1","max-image-preview":"max-image-preview:large","max-video-preview":"max-video-preview:-1"},"canonical":"https:\/\/totemguard.com\/netsupport-school\/control-gestion-aula-tic-documentacion-videos-recursos\/","og_locale":"es_ES","og_type":"article","og_title":"NetSupport School - Recursos - TotemGuard","og_description":"Documentos, videos y manuales para saber todo lo necesario sobre NetSupport School y su funcionamiento","og_url":"https:\/\/totemguard.com\/netsupport-school\/control-gestion-aula-tic-documentacion-videos-recursos\/","og_site_name":"TotemGuard","article_modified_time":"2026-01-13T11:49:07+00:00","og_image":[{"url":"https:\/\/totemguard.com\/netsupport-school\/wp-content\/uploads\/2014\/10\/totem-guard_grande-2.png","type":"","width":"","height":""}],"twitter_card":"summary_large_image","twitter_misc":{"Tiempo de lectura":"8 minutos"},"schema":{"@context":"https:\/\/schema.org","@graph":[{"@type":"WebPage","@id":"https:\/\/totemguard.com\/netsupport-school\/control-gestion-aula-tic-documentacion-videos-recursos\/","url":"https:\/\/totemguard.com\/netsupport-school\/control-gestion-aula-tic-documentacion-videos-recursos\/","name":"NetSupport School - Recursos - TotemGuard","isPartOf":{"@id":"https:\/\/totemguard.com\/netsupport-school\/#website"},"primaryImageOfPage":{"@id":"https:\/\/totemguard.com\/netsupport-school\/control-gestion-aula-tic-documentacion-videos-recursos\/#primaryimage"},"image":{"@id":"https:\/\/totemguard.com\/netsupport-school\/control-gestion-aula-tic-documentacion-videos-recursos\/#primaryimage"},"thumbnailUrl":"https:\/\/totemguard.com\/netsupport-school\/wp-content\/uploads\/2014\/10\/totem-guard_grande-2.png","datePublished":"2020-09-14T07:57:05+00:00","dateModified":"2026-01-13T11:49:07+00:00","description":"Documentos, videos y manuales para saber todo lo necesario sobre NetSupport School y su funcionamiento","breadcrumb":{"@id":"https:\/\/totemguard.com\/netsupport-school\/control-gestion-aula-tic-documentacion-videos-recursos\/#breadcrumb"},"inLanguage":"es","potentialAction":[{"@type":"ReadAction","target":["https:\/\/totemguard.com\/netsupport-school\/control-gestion-aula-tic-documentacion-videos-recursos\/"]}]},{"@type":"ImageObject","inLanguage":"es","@id":"https:\/\/totemguard.com\/netsupport-school\/control-gestion-aula-tic-documentacion-videos-recursos\/#primaryimage","url":"https:\/\/totemguard.com\/netsupport-school\/wp-content\/uploads\/2014\/10\/totem-guard_grande-2.png","contentUrl":"https:\/\/totemguard.com\/netsupport-school\/wp-content\/uploads\/2014\/10\/totem-guard_grande-2.png"},{"@type":"BreadcrumbList","@id":"https:\/\/totemguard.com\/netsupport-school\/control-gestion-aula-tic-documentacion-videos-recursos\/#breadcrumb","itemListElement":[{"@type":"ListItem","position":1,"name":"Portada","item":"https:\/\/totemguard.com\/netsupport-school\/control-gestion-aula-tic\/"},{"@type":"ListItem","position":2,"name":"NetSupport School &#8211; Recursos"}]},{"@type":"WebSite","@id":"https:\/\/totemguard.com\/netsupport-school\/#website","url":"https:\/\/totemguard.com\/netsupport-school\/","name":"TotemGuard","description":"Control Gestion Aula Tic","potentialAction":[{"@type":"SearchAction","target":{"@type":"EntryPoint","urlTemplate":"https:\/\/totemguard.com\/netsupport-school\/?s={search_term_string}"},"query-input":{"@type":"PropertyValueSpecification","valueRequired":true,"valueName":"search_term_string"}}],"inLanguage":"es"}]}},"_links":{"self":[{"href":"https:\/\/totemguard.com\/netsupport-school\/wp-json\/wp\/v2\/pages\/976","targetHints":{"allow":["GET"]}}],"collection":[{"href":"https:\/\/totemguard.com\/netsupport-school\/wp-json\/wp\/v2\/pages"}],"about":[{"href":"https:\/\/totemguard.com\/netsupport-school\/wp-json\/wp\/v2\/types\/page"}],"author":[{"embeddable":true,"href":"https:\/\/totemguard.com\/netsupport-school\/wp-json\/wp\/v2\/users\/1"}],"replies":[{"embeddable":true,"href":"https:\/\/totemguard.com\/netsupport-school\/wp-json\/wp\/v2\/comments?post=976"}],"version-history":[{"count":74,"href":"https:\/\/totemguard.com\/netsupport-school\/wp-json\/wp\/v2\/pages\/976\/revisions"}],"predecessor-version":[{"id":2310,"href":"https:\/\/totemguard.com\/netsupport-school\/wp-json\/wp\/v2\/pages\/976\/revisions\/2310"}],"wp:attachment":[{"href":"https:\/\/totemguard.com\/netsupport-school\/wp-json\/wp\/v2\/media?parent=976"}],"curies":[{"name":"wp","href":"https:\/\/api.w.org\/{rel}","templated":true}]}}