{"id":970,"date":"2020-09-14T07:57:05","date_gmt":"2020-09-14T07:57:05","guid":{"rendered":"https:\/\/totemguard.com\/netsupport-school\/?page_id=970"},"modified":"2026-01-13T11:48:04","modified_gmt":"2026-01-13T11:48:04","slug":"control-gestion-aula-tic-licenciamiento","status":"publish","type":"page","link":"https:\/\/totemguard.com\/netsupport-school\/control-gestion-aula-tic-licenciamiento\/","title":{"rendered":"NetSupport School &#8211; Licenciamiento"},"content":{"rendered":"<p><img loading=\"lazy\" decoding=\"async\" class=\"op3-element__image op3-element-image__image\" src=\"https:\/\/totemguard.com\/netsupport-school\/wp-content\/uploads\/2014\/10\/totem-guard_grande-2.png\" alt=\"Banner general\" title=\"Banner general\" width=\"1000\" height=\"175\" data-op3-attachment-id=\"\" \/><img loading=\"lazy\" decoding=\"async\" class=\"op3-element__image op3-element-image__image\" src=\"https:\/\/www.totemguard.com\/img\/NetSupport-School\/NetSupport-School.png\" alt=\"\" title=\"\" width=\"202\" height=\"47\" data-op3-attachment-id=\"\" \/><\/p>\n<h2>NetSupport te permite gestionar una clase con multiplataformas<\/h2>\n<p><a aria-label=\"Image Link\" class=\"op3-element__link op3-element-image__link op3-link op3-element__tcp--non-a\" href=\"https:\/\/totemguard.com\/netsupport-school\/wp-content\/uploads\/2022\/01\/Nss_sistemas_operativos.jpg\" target=\"_self\"  data-op-action=\"link\" data-op-select-funnel-step=\"\" data-op3-smooth-scroll=\"0\"><img loading=\"lazy\" decoding=\"async\" class=\"op3-element__image op3-element-image__image\" src=\"https:\/\/totemguard.com\/netsupport-school\/wp-content\/uploads\/2022\/01\/Nss_sistemas_operativos.jpg\" alt=\"\" title=\"Nss_sistemas_operativos\" width=\"526\" height=\"148\" data-op3-attachment-id=\"1377\" \/><\/a><\/p>\n<h2>Licenciamiento <\/h2>\n<p>Si debes controlar equipos Windows o MacOS, necesitar\u00e1s comprar una licencia de NetSupport School para cada equipo.&nbsp; <\/p>\n<p>Para controlar tabletas Android o iOS (iPad), existe la licencia espec\u00edfica de NetSupport School para dispositivos m\u00f3viles.<\/p>\n<p>Para controlar a tus alumnos desde tu tableta Android o iOS NetSupport pone a tu disposici\u00f3n el NetSupport Tutor Assistant. Esta app gratuita te permite ver en tu tableta lo que sucede en tu PC de profesor.<\/p>\n<p><a aria-label=\"Image Link\" class=\"op3-element__link op3-element-image__link op3-link op3-element__tcp--non-a\" href=\"https:\/\/totemguard.com\/netsupport-school\/wp-content\/uploads\/2022\/01\/photo-1519389950473-47ba0277781c.jpeg\" target=\"_self\"  data-op-action=\"link\" data-op-select-funnel-step=\"\" data-op3-smooth-scroll=\"\"><img loading=\"lazy\" decoding=\"async\" class=\"op3-element__image op3-element-image__image\" src=\"https:\/\/totemguard.com\/netsupport-school\/wp-content\/uploads\/2022\/01\/photo-1519389950473-47ba0277781c.jpeg\" alt=\"\" title=\"photo-1519389950473-47ba0277781c\" width=\"1080\" height=\"720\" data-op3-attachment-id=\"1521\" \/><\/a><a aria-label=\"Button link\" class=\"op3-element__tcp--non-a op3-link op3-background-ancestor\" target=\"_self\"  data-op-action=\"popoverlay\" data-op-popoverlay-trigger=\"iZKglseJ\" data-op-select-funnel-step=\"\" data-op-animation-trigger=\"scroll\" data-op-animation-style=\"scale-up\" data-op-animation-loop=\"0\" data-op-timer-minutes=\"0\" data-op-timer-seconds=\"0\" data-op3-smooth-scroll=\"0\" data-op-effect-style=\"\" data-op-effect-style-hover=\"\" data-op-courseaction=\"\" href=\"#\">Solicita un presupuestoo ll\u00e1manos al 932000088 para m\u00e1s informaci\u00f3n<\/a><\/p>\n<h2>Nuestro excelente soporte t\u00e9cnico marca la diferencia&nbsp; <\/h2>\n<p><a aria-label=\"Image Link\" class=\"op3-element__link op3-element-image__link op3-link op3-element__tcp--non-a\" href=\"https:\/\/totemguard.com\/netsupport-school\/wp-content\/uploads\/2022\/01\/photo-1525182008055-f88b95ff7980.jpeg\" target=\"_self\"  data-op-action=\"link\" data-op-select-funnel-step=\"\" data-op3-smooth-scroll=\"\"><img loading=\"lazy\" decoding=\"async\" class=\"op3-element__image op3-element-image__image\" src=\"https:\/\/totemguard.com\/netsupport-school\/wp-content\/uploads\/2022\/01\/photo-1525182008055-f88b95ff7980.jpeg\" alt=\"\" title=\"photo-1525182008055-f88b95ff7980\" width=\"1080\" height=\"720\" data-op3-attachment-id=\"1506\" \/><\/a>Tu \u00e9xito en el aula es nuestra preocupaci\u00f3n principal. Desde el momento en que adquieres esta herramienta, tienes asistencia dedicada por un experto de TotemGuard, soporte t\u00e9cnico telef\u00f3nico ilimitado en espa\u00f1ol, catal\u00e1n e ingl\u00e9s.Acceso a nuevas versiones, mejoras y actualizaciones sin coste alguno.Recibir\u00e1s mensualmente consejos y trucos m\u00faltiples para aprovechar las nuevas tecnolog\u00edas en el aula TIC<\/p>\n<p>Vuestra asistencia es excelente. Siempre nos hab\u00e9is atendido muy r\u00e1pido.Daniel tiene mucha paciencia y siempre tiene soluciones a las preguntas que le hacemos y si no las tiene, las busca<\/p>\n<p><a aria-label=\"Image Link\" class=\"op3-element__link op3-element-image__link op3-link op3-element__tcp--non-a\" href=\"https:\/\/totemguard.com\/netsupport-school\/wp-content\/uploads\/2022\/01\/Ibv-logo.png\" target=\"_self\"  data-op-action=\"link\" data-op-select-funnel-step=\"\" data-op3-smooth-scroll=\"0\"><img loading=\"lazy\" decoding=\"async\" class=\"op3-element__image op3-element-image__image\" src=\"https:\/\/totemguard.com\/netsupport-school\/wp-content\/uploads\/2022\/01\/Ibv-logo.png\" alt=\"\" title=\"Ibv logo\" width=\"469\" height=\"107\" data-op3-attachment-id=\"1525\" \/><\/a><\/p>\n<p>Paco Castell Albeza<\/p>\n<p>Instituto de Biomec\u00e1nica (IBV)<\/p>\n<p>Vuestro servicio es excelente y dais un apoyo total en todos los casos.<\/p>\n<p><a aria-label=\"Image Link\" class=\"op3-element__link op3-element-image__link op3-link op3-element__tcp--non-a\" href=\"https:\/\/totemguard.com\/netsupport-school\/wp-content\/uploads\/2022\/01\/Compolaser-1.png\" target=\"_self\"  data-op-action=\"link\" data-op-select-funnel-step=\"\" data-op3-smooth-scroll=\"0\"><img loading=\"lazy\" decoding=\"async\" class=\"op3-element__image op3-element-image__image\" src=\"https:\/\/totemguard.com\/netsupport-school\/wp-content\/uploads\/2022\/01\/Compolaser-1.png\" alt=\"\" title=\"Compolaser\" width=\"469\" height=\"107\" data-op3-attachment-id=\"1537\" \/><\/a><\/p>\n<p>Paloma Rollan<\/p>\n<p>Compolaser<\/p>\n<p>Mi valoraci\u00f3n del soporte t\u00e9cnico es de 10. Tanto en el trato personal como en el profesional.<\/p>\n<p><a aria-label=\"Image Link\" class=\"op3-element__link op3-element-image__link op3-link op3-element__tcp--non-a\" href=\"https:\/\/totemguard.com\/netsupport-school\/wp-content\/uploads\/2022\/01\/Logo_Colegio_Penacorada_Arenales_Red_Educativa-1536x220-1.png\" target=\"_self\"  data-op-action=\"link\" data-op-select-funnel-step=\"\" data-op3-smooth-scroll=\"0\"><img loading=\"lazy\" decoding=\"async\" class=\"op3-element__image op3-element-image__image\" src=\"https:\/\/totemguard.com\/netsupport-school\/wp-content\/uploads\/2022\/01\/Logo_Colegio_Penacorada_Arenales_Red_Educativa-1536x220-1.png\" alt=\"\" title=\"Logo_Colegio_Penacorada_Arenales_Red_Educativa-1536x220\" width=\"469\" height=\"107\" data-op3-attachment-id=\"1536\" \/><\/a><\/p>\n<p>Jos\u00e9 Ram\u00f3n Mart\u00ednez<\/p>\n<p>Colegio Pe\u00f1acorada<\/p>\n<h2>Descubre c\u00f3mo NetSupport School puede transformar tu clase<\/h2>\n<p><a aria-label=\"Button link\" class=\"op3-element__tcp--non-a op3-link op3-background-ancestor\" target=\"_self\"  data-op-action=\"popoverlay\" data-op-popoverlay-trigger=\"CcynBBrb\" data-op-select-funnel-step=\"\" data-op-animation-trigger=\"scroll\" data-op-animation-style=\"scale-up\" data-op-animation-loop=\"0\" data-op-timer-minutes=\"0\" data-op-timer-seconds=\"0\" data-op3-smooth-scroll=\"\" data-op-effect-style=\"\" data-op-effect-style-hover=\"\" data-op-courseaction=\"\" href=\"#\">Pru\u00e9bala durante 30 d\u00edas Gratiso ll\u00e1manos al 932000088 <\/a><\/p>\n<p>Puedes enviarnos un correo electr\u00f3nico con tus preguntas a <a href=\"mailto:comercial@totemguard.com\" target=\"_blank\">comercial@totemguard.com<\/a><\/p>\n<h2>Consulta nuestras <a href=\"https:\/\/totemguard.com\/netsupport-school\/control-gestion-aula-tic-preguntas-frecuentes\/\" target=\"_blank\">Preguntas Frecuentes (FAQs)<\/a> para resolver dudas.<\/h2>\n<p>Contacta con nosotros:<\/p>\n<p>Ronda General Mitre 126, Planta 6<br \/>\n08021 Barcelona<\/p>\n<p>Tel. 93 200 00 88<\/p>\n<p>comercial@totemguard.com<\/p>\n<p>Nuestros productos<\/p>\n<p><img loading=\"lazy\" decoding=\"async\" class=\"op3-element__image op3-element-image__image\" src=\"https:\/\/totemguard.com\/img\/totemfootericons\/dnaico.png\" alt=\"DNA Icon\" title=\"\" width=\"512\" height=\"256\" data-op3-attachment-id=\"\" \/><\/p>\n<p><a href=\"https:\/\/totemguard.com\/netsupport-dna\/inventario-hardware-software-licencias\/\">NetSupport DNA<\/a><\/p>\n<p><img loading=\"lazy\" decoding=\"async\" class=\"op3-element__image op3-element-image__image\" src=\"https:\/\/totemguard.com\/img\/totemfootericons\/nsmico.png\" alt=\"NSM Ico\" title=\"\" width=\"26\" height=\"26\" data-op3-attachment-id=\"\" \/><\/p>\n<p><a href=\"https:\/\/totemguard.com\/netsupport-manager\/control-remoto-windows-linux-mac\/\">NetSupport Manager<\/a><\/p>\n<p><img loading=\"lazy\" decoding=\"async\" class=\"op3-element__image op3-element-image__image\" src=\"https:\/\/totemguard.com\/img\/totemfootericons\/nssico.png\" alt=\"NSS Ico\" title=\"\" width=\"26\" height=\"26\" data-op3-attachment-id=\"\" \/><\/p>\n<p><a href=\"https:\/\/totemguard.com\/netsupport-school\/control-gestion-aula-tic\/\">NetSupport School<\/a><\/p>\n<p><img loading=\"lazy\" decoding=\"async\" class=\"op3-element__image op3-element-image__image\" src=\"https:\/\/totemguard.com\/img\/totemfootericons\/nsnico.png\" alt=\"NSN Ico\" title=\"\" width=\"26\" height=\"26\" data-op3-attachment-id=\"\" \/><\/p>\n<p><a href=\"https:\/\/totemguard.com\/netsupport-notify\/mensajes-ordenadores-red\/\">NetSupport Notify<\/a><\/p>\n<\/p>\n<p><img loading=\"lazy\" decoding=\"async\" class=\"op3-element__image op3-element-image__image\" src=\"https:\/\/totemguard.com\/img\/totemfootericons\/247connectico.png\" alt=\"247 Ico\" title=\"\" width=\"26\" height=\"26\" data-op3-attachment-id=\"\" \/><\/p>\n<p><a href=\"https:\/\/totemguard.com\/247-connect\/control-remoto-seguro-en-la-nube\/\">NetSupport 247 Connect<\/a><\/p>\n<p><img loading=\"lazy\" decoding=\"async\" class=\"op3-element__image op3-element-image__image\" src=\"https:\/\/totemguard.com\/img\/totemfootericons\/logo-icon-color-compass.png\" alt=\"OA Compass ico\" title=\"\" width=\"26\" height=\"26\" data-op3-attachment-id=\"\" \/><\/p>\n<p><a href=\"https:\/\/totemguard.com\/openathens-compass\/gestion-centralizada-recursos-electronicos\/\">OpenAthens Compass<\/a><\/p>\n<p><img loading=\"lazy\" decoding=\"async\" class=\"op3-element__image op3-element-image__image\" src=\"https:\/\/totemguard.com\/img\/totemfootericons\/Altaro-logo-1.png\" alt=\"VM Backup Ico\" title=\"\" width=\"26\" height=\"26\" data-op3-attachment-id=\"\" \/><\/p>\n<p><a href=\"https:\/\/totemguard.com\/altaro\/\">Altaro VM Backup<\/a><\/p>\n<p><img loading=\"lazy\" decoding=\"async\" class=\"op3-element__image op3-element-image__image\" src=\"https:\/\/totemguard.com\/img\/totemfootericons\/o-icon-svg-1.png\" alt=\"365 Backup Ico\" title=\"\" width=\"26\" height=\"25\" data-op3-attachment-id=\"\" \/><\/p>\n<p><a href=\"https:\/\/totemguard.com\/altaro\/backup-office-365\/\">365 Total Backup<\/a><\/p>\n<\/p>\n<p><img loading=\"lazy\" decoding=\"async\" class=\"op3-element__image op3-element-image__image\" src=\"https:\/\/totemguard.com\/img\/totemfootericons\/hornetfavicon.png\" alt=\"hornet security ico\" title=\"\" width=\"26\" height=\"26\" data-op3-attachment-id=\"\" \/><\/p>\n<p><a href=\"https:\/\/totemguard.com\/365-total-protection\/\">Total Protection<\/a><\/p>\n<p><img loading=\"lazy\" decoding=\"async\" class=\"op3-element__image op3-element-image__image\" src=\"https:\/\/totemguard.com\/img\/totemfootericons\/hornetfavicon.png\" alt=\"hornet security ico\" title=\"\" width=\"26\" height=\"26\" data-op3-attachment-id=\"\" \/><\/p>\n<p><a href=\"https:\/\/totemguard.com\/security-awareness-training\/\">Security Awareness Service<\/a><\/p>\n<p>  \u00a9  TotemGuard Digital Security &#8211; Ronda General Mitre, 126, Planta 6, 08021 Barcelona &#8211; Tel. 932 00 00 88 &#8211;<br \/>\n  <a href=\"https:\/\/www.totemguard.com\/terminos-y-condiciones\"><br \/>\n    Pol\u00edtica de privacidad, Cookies y Aviso Legal<br \/>\n  <\/a><\/p>\n","protected":false},"excerpt":{"rendered":"<p>NetSupport te permite gestionar una clase con multiplataformas Licenciamiento Si debes controlar equipos Windows o MacOS, necesitar\u00e1s comprar una licencia de NetSupport School para cada equipo.&nbsp; Para controlar tabletas Android o iOS (iPad), existe la licencia espec\u00edfica de NetSupport School para dispositivos m\u00f3viles. Para controlar a tus alumnos desde tu tableta Android o iOS NetSupport &hellip; <\/p>\n<p class=\"link-more\"><a href=\"https:\/\/totemguard.com\/netsupport-school\/control-gestion-aula-tic-licenciamiento\/\" class=\"more-link\">Seguir leyendo<span class=\"screen-reader-text\"> \u00abNetSupport School &#8211; Licenciamiento\u00bb<\/span><\/a><\/p>\n","protected":false},"author":1,"featured_media":0,"parent":0,"menu_order":0,"comment_status":"closed","ping_status":"closed","template":"op_builder_blank","meta":{"footnotes":"","_links_to":"","_links_to_target":""},"class_list":["post-970","page","type-page","status-publish","hentry","entry"],"yoast_head":"<!-- This site is optimized with the Yoast SEO plugin v27.3 - https:\/\/yoast.com\/product\/yoast-seo-wordpress\/ -->\n<title>NetSupport School - Licenciamiento - TotemGuard<\/title>\n<meta name=\"description\" content=\"La licencia de NetSupport School depende del total de equipos, ya sea de estudiantes como de profesores.\" \/>\n<meta name=\"robots\" content=\"index, follow, max-snippet:-1, max-image-preview:large, max-video-preview:-1\" \/>\n<link rel=\"canonical\" href=\"https:\/\/totemguard.com\/netsupport-school\/control-gestion-aula-tic-licenciamiento\/\" \/>\n<meta property=\"og:locale\" content=\"es_ES\" \/>\n<meta property=\"og:type\" content=\"article\" \/>\n<meta property=\"og:title\" content=\"NetSupport School - Licenciamiento - TotemGuard\" \/>\n<meta property=\"og:description\" content=\"La licencia de NetSupport School depende del total de equipos, ya sea de estudiantes como de profesores.\" \/>\n<meta property=\"og:url\" content=\"https:\/\/totemguard.com\/netsupport-school\/control-gestion-aula-tic-licenciamiento\/\" \/>\n<meta property=\"og:site_name\" content=\"TotemGuard\" \/>\n<meta property=\"article:modified_time\" content=\"2026-01-13T11:48:04+00:00\" \/>\n<meta property=\"og:image\" content=\"https:\/\/totemguard.com\/netsupport-school\/wp-content\/uploads\/2014\/10\/totem-guard_grande-2.png\" \/>\n<meta name=\"twitter:card\" content=\"summary_large_image\" \/>\n<meta name=\"twitter:label1\" content=\"Tiempo de lectura\" \/>\n\t<meta name=\"twitter:data1\" content=\"6 minutos\" \/>\n<script type=\"application\/ld+json\" class=\"yoast-schema-graph\">{\"@context\":\"https:\\\/\\\/schema.org\",\"@graph\":[{\"@type\":\"WebPage\",\"@id\":\"https:\\\/\\\/totemguard.com\\\/netsupport-school\\\/control-gestion-aula-tic-licenciamiento\\\/\",\"url\":\"https:\\\/\\\/totemguard.com\\\/netsupport-school\\\/control-gestion-aula-tic-licenciamiento\\\/\",\"name\":\"NetSupport School - Licenciamiento - TotemGuard\",\"isPartOf\":{\"@id\":\"https:\\\/\\\/totemguard.com\\\/netsupport-school\\\/#website\"},\"primaryImageOfPage\":{\"@id\":\"https:\\\/\\\/totemguard.com\\\/netsupport-school\\\/control-gestion-aula-tic-licenciamiento\\\/#primaryimage\"},\"image\":{\"@id\":\"https:\\\/\\\/totemguard.com\\\/netsupport-school\\\/control-gestion-aula-tic-licenciamiento\\\/#primaryimage\"},\"thumbnailUrl\":\"https:\\\/\\\/totemguard.com\\\/netsupport-school\\\/wp-content\\\/uploads\\\/2014\\\/10\\\/totem-guard_grande-2.png\",\"datePublished\":\"2020-09-14T07:57:05+00:00\",\"dateModified\":\"2026-01-13T11:48:04+00:00\",\"description\":\"La licencia de NetSupport School depende del total de equipos, ya sea de estudiantes como de profesores.\",\"breadcrumb\":{\"@id\":\"https:\\\/\\\/totemguard.com\\\/netsupport-school\\\/control-gestion-aula-tic-licenciamiento\\\/#breadcrumb\"},\"inLanguage\":\"es\",\"potentialAction\":[{\"@type\":\"ReadAction\",\"target\":[\"https:\\\/\\\/totemguard.com\\\/netsupport-school\\\/control-gestion-aula-tic-licenciamiento\\\/\"]}]},{\"@type\":\"ImageObject\",\"inLanguage\":\"es\",\"@id\":\"https:\\\/\\\/totemguard.com\\\/netsupport-school\\\/control-gestion-aula-tic-licenciamiento\\\/#primaryimage\",\"url\":\"https:\\\/\\\/totemguard.com\\\/netsupport-school\\\/wp-content\\\/uploads\\\/2014\\\/10\\\/totem-guard_grande-2.png\",\"contentUrl\":\"https:\\\/\\\/totemguard.com\\\/netsupport-school\\\/wp-content\\\/uploads\\\/2014\\\/10\\\/totem-guard_grande-2.png\"},{\"@type\":\"BreadcrumbList\",\"@id\":\"https:\\\/\\\/totemguard.com\\\/netsupport-school\\\/control-gestion-aula-tic-licenciamiento\\\/#breadcrumb\",\"itemListElement\":[{\"@type\":\"ListItem\",\"position\":1,\"name\":\"Portada\",\"item\":\"https:\\\/\\\/totemguard.com\\\/netsupport-school\\\/control-gestion-aula-tic\\\/\"},{\"@type\":\"ListItem\",\"position\":2,\"name\":\"NetSupport School &#8211; Licenciamiento\"}]},{\"@type\":\"WebSite\",\"@id\":\"https:\\\/\\\/totemguard.com\\\/netsupport-school\\\/#website\",\"url\":\"https:\\\/\\\/totemguard.com\\\/netsupport-school\\\/\",\"name\":\"TotemGuard\",\"description\":\"Control Gestion Aula Tic\",\"potentialAction\":[{\"@type\":\"SearchAction\",\"target\":{\"@type\":\"EntryPoint\",\"urlTemplate\":\"https:\\\/\\\/totemguard.com\\\/netsupport-school\\\/?s={search_term_string}\"},\"query-input\":{\"@type\":\"PropertyValueSpecification\",\"valueRequired\":true,\"valueName\":\"search_term_string\"}}],\"inLanguage\":\"es\"}]}<\/script>\n<!-- \/ Yoast SEO plugin. -->","yoast_head_json":{"title":"NetSupport School - Licenciamiento - TotemGuard","description":"La licencia de NetSupport School depende del total de equipos, ya sea de estudiantes como de profesores.","robots":{"index":"index","follow":"follow","max-snippet":"max-snippet:-1","max-image-preview":"max-image-preview:large","max-video-preview":"max-video-preview:-1"},"canonical":"https:\/\/totemguard.com\/netsupport-school\/control-gestion-aula-tic-licenciamiento\/","og_locale":"es_ES","og_type":"article","og_title":"NetSupport School - Licenciamiento - TotemGuard","og_description":"La licencia de NetSupport School depende del total de equipos, ya sea de estudiantes como de profesores.","og_url":"https:\/\/totemguard.com\/netsupport-school\/control-gestion-aula-tic-licenciamiento\/","og_site_name":"TotemGuard","article_modified_time":"2026-01-13T11:48:04+00:00","og_image":[{"url":"https:\/\/totemguard.com\/netsupport-school\/wp-content\/uploads\/2014\/10\/totem-guard_grande-2.png","type":"","width":"","height":""}],"twitter_card":"summary_large_image","twitter_misc":{"Tiempo de lectura":"6 minutos"},"schema":{"@context":"https:\/\/schema.org","@graph":[{"@type":"WebPage","@id":"https:\/\/totemguard.com\/netsupport-school\/control-gestion-aula-tic-licenciamiento\/","url":"https:\/\/totemguard.com\/netsupport-school\/control-gestion-aula-tic-licenciamiento\/","name":"NetSupport School - Licenciamiento - TotemGuard","isPartOf":{"@id":"https:\/\/totemguard.com\/netsupport-school\/#website"},"primaryImageOfPage":{"@id":"https:\/\/totemguard.com\/netsupport-school\/control-gestion-aula-tic-licenciamiento\/#primaryimage"},"image":{"@id":"https:\/\/totemguard.com\/netsupport-school\/control-gestion-aula-tic-licenciamiento\/#primaryimage"},"thumbnailUrl":"https:\/\/totemguard.com\/netsupport-school\/wp-content\/uploads\/2014\/10\/totem-guard_grande-2.png","datePublished":"2020-09-14T07:57:05+00:00","dateModified":"2026-01-13T11:48:04+00:00","description":"La licencia de NetSupport School depende del total de equipos, ya sea de estudiantes como de profesores.","breadcrumb":{"@id":"https:\/\/totemguard.com\/netsupport-school\/control-gestion-aula-tic-licenciamiento\/#breadcrumb"},"inLanguage":"es","potentialAction":[{"@type":"ReadAction","target":["https:\/\/totemguard.com\/netsupport-school\/control-gestion-aula-tic-licenciamiento\/"]}]},{"@type":"ImageObject","inLanguage":"es","@id":"https:\/\/totemguard.com\/netsupport-school\/control-gestion-aula-tic-licenciamiento\/#primaryimage","url":"https:\/\/totemguard.com\/netsupport-school\/wp-content\/uploads\/2014\/10\/totem-guard_grande-2.png","contentUrl":"https:\/\/totemguard.com\/netsupport-school\/wp-content\/uploads\/2014\/10\/totem-guard_grande-2.png"},{"@type":"BreadcrumbList","@id":"https:\/\/totemguard.com\/netsupport-school\/control-gestion-aula-tic-licenciamiento\/#breadcrumb","itemListElement":[{"@type":"ListItem","position":1,"name":"Portada","item":"https:\/\/totemguard.com\/netsupport-school\/control-gestion-aula-tic\/"},{"@type":"ListItem","position":2,"name":"NetSupport School &#8211; Licenciamiento"}]},{"@type":"WebSite","@id":"https:\/\/totemguard.com\/netsupport-school\/#website","url":"https:\/\/totemguard.com\/netsupport-school\/","name":"TotemGuard","description":"Control Gestion Aula Tic","potentialAction":[{"@type":"SearchAction","target":{"@type":"EntryPoint","urlTemplate":"https:\/\/totemguard.com\/netsupport-school\/?s={search_term_string}"},"query-input":{"@type":"PropertyValueSpecification","valueRequired":true,"valueName":"search_term_string"}}],"inLanguage":"es"}]}},"_links":{"self":[{"href":"https:\/\/totemguard.com\/netsupport-school\/wp-json\/wp\/v2\/pages\/970","targetHints":{"allow":["GET"]}}],"collection":[{"href":"https:\/\/totemguard.com\/netsupport-school\/wp-json\/wp\/v2\/pages"}],"about":[{"href":"https:\/\/totemguard.com\/netsupport-school\/wp-json\/wp\/v2\/types\/page"}],"author":[{"embeddable":true,"href":"https:\/\/totemguard.com\/netsupport-school\/wp-json\/wp\/v2\/users\/1"}],"replies":[{"embeddable":true,"href":"https:\/\/totemguard.com\/netsupport-school\/wp-json\/wp\/v2\/comments?post=970"}],"version-history":[{"count":90,"href":"https:\/\/totemguard.com\/netsupport-school\/wp-json\/wp\/v2\/pages\/970\/revisions"}],"predecessor-version":[{"id":2307,"href":"https:\/\/totemguard.com\/netsupport-school\/wp-json\/wp\/v2\/pages\/970\/revisions\/2307"}],"wp:attachment":[{"href":"https:\/\/totemguard.com\/netsupport-school\/wp-json\/wp\/v2\/media?parent=970"}],"curies":[{"name":"wp","href":"https:\/\/api.w.org\/{rel}","templated":true}]}}