{"id":960,"date":"2020-09-14T07:57:05","date_gmt":"2020-09-14T07:57:05","guid":{"rendered":"https:\/\/totemguard.com\/netsupport-school\/?page_id=960"},"modified":"2026-01-13T11:46:54","modified_gmt":"2026-01-13T11:46:54","slug":"control-gestion-aula-tic-con-mac","status":"publish","type":"page","link":"https:\/\/totemguard.com\/netsupport-school\/control-gestion-aula-tic-con-mac\/","title":{"rendered":"NetSupport School &#8211; Funcionalidades Mac"},"content":{"rendered":"<p><img loading=\"lazy\" decoding=\"async\" class=\"op3-element__image op3-element-image__image\" src=\"https:\/\/totemguard.com\/netsupport-school\/wp-content\/uploads\/2014\/10\/totem-guard_grande-2.png\" alt=\"Banner general\" title=\"Banner general\" width=\"1000\" height=\"175\" data-op3-attachment-id=\"\" \/><img loading=\"lazy\" decoding=\"async\" class=\"op3-element__image op3-element-image__image\" src=\"https:\/\/www.totemguard.com\/img\/NetSupport-School\/NetSupport-School.png\" alt=\"\" title=\"\" width=\"202\" height=\"47\" data-op3-attachment-id=\"\" \/><a aria-label=\"Image Link\" class=\"op3-element__link op3-element-image__link op3-link op3-element__tcp--non-a\" href=\"https:\/\/totemguard.com\/netsupport-school\/wp-content\/uploads\/2022\/01\/photo-1453928582365-b6ad33cbcf64.jpeg\" target=\"_self\"  data-op-action=\"link\" data-op-select-funnel-step=\"\" data-op3-smooth-scroll=\"0\"><img loading=\"lazy\" decoding=\"async\" class=\"op3-element__image op3-element-image__image\" src=\"https:\/\/totemguard.com\/netsupport-school\/wp-content\/uploads\/2022\/01\/photo-1453928582365-b6ad33cbcf64.jpeg\" alt=\"\" title=\"photo-1453928582365-b6ad33cbcf64\" width=\"1080\" height=\"718\" data-op3-attachment-id=\"1572\" \/><\/a><\/p>\n<h2>NetSupport School para MAC<\/h2>\n<p>Con NetSupport School en un entorno Mac, tienes una gran cantidad de herramientas a su disposici\u00f3n para brindar un aprendizaje que involucre a tus alumnos y garantice su seguridad online y el buen funcionamiento de las lecciones.<\/p>\n<p>Puedes conectarte desde un dispositivo Mac mediante una combinaci\u00f3n completa de diferentes plataformas, incluida Mac, Chromebooks, Windows, iOS y Android. <\/p>\n<p>Puedes conectarte a un estudiante de Mac desde cualquier dispositivo o plataforma.<\/p>\n<h2>Funcionalidades para MacOS<\/h2>\n<h2>Gesti\u00f3n<\/h2>\n<p>Pasa lista r\u00e1pidamente con la funci\u00f3n Registro de Estudiante. Solicita informaci\u00f3n est\u00e1ndar y personalizada de cada alumno al comienzo de la clase.Bloquea o borra las pantallas de los alumnos para retener su atenci\u00f3n.Bloquea los teclados y los ratones de uno o m\u00e1s alumnos mientras est\u00e1s impartiendo claseEntrega y recoge autom\u00e1ticamente archivos con los detalles del estudiante adjuntosTransfiere archivos desde y hasta un PC seleccionado en una \u00fanica acci\u00f3n con s\u00f3lo arrastrar y soltarLleva a cabo una desconexi\u00f3n remota de todos los equipos.Con\u00e9ctate directamente con los alumnos: asignando los equipos a un aula determinada, o en funci\u00f3n de la convenci\u00f3n de nomenclatura utilizada para sus equipos<a aria-label=\"Image Link\" class=\"op3-element__link op3-element-image__link op3-link op3-element__tcp--non-a\" href=\"https:\/\/www.netsupportschool.com\/nss-pdfs\/nss-for-mac-os.pdf\" target=\"_blank\"  data-op-action=\"link\" data-op-select-funnel-step=\"\" data-op3-smooth-scroll=\"\"><img loading=\"lazy\" decoding=\"async\" class=\"op3-element__image op3-element-image__image\" src=\"https:\/\/totemguard.com\/netsupport-school\/wp-content\/uploads\/2019\/09\/128-nss-2.jpg\" alt=\"\" title=\"\" width=\"137\" height=\"128\" data-op3-attachment-id=\"\" \/><\/a><\/p>\n<h2>NetSupport School for MacOS<\/h2>\n<p><a aria-label=\"Image Link\" class=\"op3-element__link op3-element-image__link op3-link op3-element__tcp--non-a\" href=\"https:\/\/totemguard.com\/netsupport-school\/wp-content\/uploads\/2022\/01\/Mac-transferencia-archivo.jpg\" target=\"_self\"  data-op-action=\"link\" data-op-select-funnel-step=\"\" data-op3-smooth-scroll=\"0\"><img loading=\"lazy\" decoding=\"async\" class=\"op3-element__image op3-element-image__image\" src=\"https:\/\/totemguard.com\/netsupport-school\/wp-content\/uploads\/2022\/01\/Mac-transferencia-archivo.jpg\" alt=\"\" title=\"Mac-transferencia-archivo\" width=\"1245\" height=\"711\" data-op3-attachment-id=\"1580\" \/><\/a><a aria-label=\"Image Link\" class=\"op3-element__link op3-element-image__link op3-link op3-element__tcp--non-a\" href=\"https:\/\/totemguard.com\/netsupport-school\/wp-content\/uploads\/2022\/01\/Ver-ventana-mac.jpg\" target=\"_self\"  data-op-action=\"link\" data-op-select-funnel-step=\"\" data-op3-smooth-scroll=\"0\"><img loading=\"lazy\" decoding=\"async\" class=\"op3-element__image op3-element-image__image\" src=\"https:\/\/totemguard.com\/netsupport-school\/wp-content\/uploads\/2022\/01\/Ver-ventana-mac.jpg\" alt=\"\" title=\"Ver-ventana-mac\" width=\"1190\" height=\"683\" data-op3-attachment-id=\"1579\" \/><\/a><a aria-label=\"Image Link\" class=\"op3-element__link op3-element-image__link op3-link op3-element__tcp--non-a\" href=\"https:\/\/totemguard.com\/netsupport-school\/wp-content\/uploads\/2022\/01\/Mac-registro-estudiante.jpg\" target=\"_self\"  data-op-action=\"link\" data-op-select-funnel-step=\"\" data-op3-smooth-scroll=\"0\"><img loading=\"lazy\" decoding=\"async\" class=\"op3-element__image op3-element-image__image\" src=\"https:\/\/totemguard.com\/netsupport-school\/wp-content\/uploads\/2022\/01\/Mac-registro-estudiante.jpg\" alt=\"\" title=\"Mac-registro-estudiante\" width=\"1245\" height=\"711\" data-op3-attachment-id=\"1583\" \/><\/a><\/p>\n<h2>Instrucci\u00f3n y demostraci\u00f3n<\/h2>\n<p>Muestra el escritorio del Tutor a todos los estudiantes o a los seleccionados para ayudar a enfatizar los puntos clave de aprendizaje.Chatea con el alumno seleccionado.Env\u00eda un mensaje o instrucci\u00f3n que llame la atenci\u00f3n de todos los estudiantes seleccionados. El mensaje se mostrar\u00e1 en pop-up en las pantallas de los alumnos y permanecer\u00e1 hasta que el usuario lo cierre o hasta que venza el l\u00edmite de tiempo especificado.Controla remotamente la pantalla del alumno para instruir o remediar la actividad. Adem\u00e1s, al usar el modo &#8216;compartir&#8217; y &#8216;ver&#8217;, el tutor y \/ o el alumno pueden introducir las teclas y los movimientos del mouse.La funci\u00f3n &#8216;Captura de pantalla&#8217; permite al profesor tomar una instant\u00e1nea de lo que se est\u00e1 viendo actualmente en la pantalla del alumno, guardar la imagen en un archivo para examinarla m\u00e1s adelante, as\u00ed como los detalles del equipo y al alumno.<\/p>\n<h2>Eval\u00faa<\/h2>\n<p>Env\u00eda<br \/>\n una encuesta instant\u00e1nea o solicita comentarios de todos los<br \/>\nestudiantes seleccionados para captar si los estudiantes han entendido<br \/>\nel contenido cubierto durante la lecci\u00f3n.El<br \/>\n profesor puede enviar una pregunta junto con una selecci\u00f3n de<br \/>\nrespuestas predefinidas, y cuando los alumnos responden, los resultados<br \/>\nse muestran en tiempo real en porcentajes y como un gr\u00e1fico de barras.<br \/>\nLas encuestas se pueden guardar y reutilizar nuevamente.<a aria-label=\"Image Link\" class=\"op3-element__link op3-element-image__link op3-link op3-element__tcp--non-a\" href=\"https:\/\/totemguard.com\/netsupport-school\/wp-content\/uploads\/2022\/01\/Mac-modo-encuesta.jpg\" target=\"_self\"  data-op-action=\"link\" data-op-select-funnel-step=\"\" data-op3-smooth-scroll=\"0\"><img loading=\"lazy\" decoding=\"async\" class=\"op3-element__image op3-element-image__image\" src=\"https:\/\/totemguard.com\/netsupport-school\/wp-content\/uploads\/2022\/01\/Mac-modo-encuesta.jpg\" alt=\"\" title=\"Mac-modo-encuesta\" width=\"1245\" height=\"711\" data-op3-attachment-id=\"1577\" \/><\/a><\/p>\n<h2>Beneficios t\u00e9cnicos<\/h2>\n<p>Localiza los equipos sea cual sea el n\u00famero de subredes TCP\/IP.La opci\u00f3n &#8216;Navegaci\u00f3n acelerada&#8217; est\u00e1 disponible durante la b\u00fasqueda de un gran n\u00famero de equipos.Optimiza el rendimiento de la red aumentando o disminuyendo la velocidad de actualizaci\u00f3n de la miniatura.<\/p>\n<h4>Requisitos del Sistema<\/h4>\n<p>Mac: Procesador: solo Intel | Sistema operativo: Mac OS X 10.10 hasta 11. Soporte 64bit .&nbsp;Soporte 64bit. Se requiere contrase\u00f1a de Administrador para completar esta instalaci\u00f3n.<\/p>\n<h4>Instalaci\u00f3n y configuraci\u00f3n<\/h4>\n<p>El agente de MacOS se puede instalar de forma remota en los clientes de MacOS, lo que significa que no hay instalaciones manuales. <a href=\"https:\/\/www.netsupportschool.com\/es\/wp-content\/uploads\/2019\/06\/NetSupport-School-for-Mac-Deploy-and-Remote-Installation.pdf\" target=\"_blank\">Lee nuestra gu\u00eda de instalaci\u00f3n .<\/a><\/p>\n<h3>GESTIONA TU AULA DESDE TU MAC<\/h3>\n<p><a aria-label=\"Image Link\" class=\"op3-element__link op3-element-image__link op3-link op3-element__tcp--non-a\" href=\"https:\/\/totemguard.com\/netsupport-school\/wp-content\/uploads\/2022\/01\/Apple-logo.png\" target=\"_self\"  data-op-action=\"link\" data-op-select-funnel-step=\"\" data-op3-smooth-scroll=\"0\"><img loading=\"lazy\" decoding=\"async\" class=\"op3-element__image op3-element-image__image\" src=\"https:\/\/totemguard.com\/netsupport-school\/wp-content\/uploads\/2022\/01\/Apple-logo.png\" alt=\"\" title=\"Apple logo\" width=\"240\" height=\"240\" data-op3-attachment-id=\"1564\" \/><\/a><\/p>\n<h3>Descarga gratuitamente una versi\u00f3n de evaluaci\u00f3n de 30 d\u00edas<\/h3>\n<p><a aria-label=\"Image Link\" class=\"op3-element__link op3-element-image__link op3-link op3-element__tcp--non-a\" href=\"https:\/\/totemguard.com\/netsupport-school\/wp-content\/uploads\/2019\/09\/macOS-ora.png\" target=\"_self\"  data-op-action=\"link\" data-op-select-funnel-step=\"\" data-op3-smooth-scroll=\"0\"><img loading=\"lazy\" decoding=\"async\" class=\"op3-element__image op3-element-image__image\" src=\"https:\/\/totemguard.com\/netsupport-school\/wp-content\/uploads\/2019\/09\/macOS-ora.png\" alt=\"\" title=\"macOS-ora\" width=\"600\" height=\"600\" data-op3-attachment-id=\"717\" \/><\/a>He le\u00eddo y acepto la&nbsp;<a href=\"https:\/\/totemguard.com\/politica-de-privacidad\/\" target=\"_blank\" style=\"background-color: rgb(255, 255, 255); font-family: &quot;IBM Plex Sans&quot;, sans-serif;\">pol\u00edtica de privacidad<\/a><a aria-label=\"Button link\" href=\"#\" class=\"op3-element__tcp--non-a op3-link op3-background-ancestor\" target=\"_self\"  data-op-action=\"link\" data-op-select-funnel-step=\"\" data-op3-smooth-scroll=\"0\" data-op-effect-style=\"\" data-op-effect-style-hover=\"\" data-op-courseaction=\"\">Prueba 30 d\u00edas Gratiso ll\u00e1manos en el 932000088 para m\u00e1s informaci\u00f3n<\/a><\/p>\n<p>Contacta con nosotros:<\/p>\n<p>Ronda General Mitre 126, Planta 6<br \/>\n08021 Barcelona<\/p>\n<p>Tel. 93 200 00 88<\/p>\n<p>comercial@totemguard.com<\/p>\n<p>Nuestros productos<\/p>\n<p><img loading=\"lazy\" decoding=\"async\" class=\"op3-element__image op3-element-image__image\" src=\"https:\/\/totemguard.com\/img\/totemfootericons\/dnaico.png\" alt=\"DNA Icon\" title=\"\" width=\"512\" height=\"256\" data-op3-attachment-id=\"\" \/><\/p>\n<p><a href=\"https:\/\/totemguard.com\/netsupport-dna\/inventario-hardware-software-licencias\/\">NetSupport DNA<\/a><\/p>\n<p><img loading=\"lazy\" decoding=\"async\" class=\"op3-element__image op3-element-image__image\" src=\"https:\/\/totemguard.com\/img\/totemfootericons\/nsmico.png\" alt=\"NSM Ico\" title=\"\" width=\"26\" height=\"26\" data-op3-attachment-id=\"\" \/><\/p>\n<p><a href=\"https:\/\/totemguard.com\/netsupport-manager\/control-remoto-windows-linux-mac\/\">NetSupport Manager<\/a><\/p>\n<p><img loading=\"lazy\" decoding=\"async\" class=\"op3-element__image op3-element-image__image\" src=\"https:\/\/totemguard.com\/img\/totemfootericons\/nssico.png\" alt=\"NSS Ico\" title=\"\" width=\"26\" height=\"26\" data-op3-attachment-id=\"\" \/><\/p>\n<p><a href=\"https:\/\/totemguard.com\/netsupport-school\/control-gestion-aula-tic\/\">NetSupport School<\/a><\/p>\n<p><img loading=\"lazy\" decoding=\"async\" class=\"op3-element__image op3-element-image__image\" src=\"https:\/\/totemguard.com\/img\/totemfootericons\/nsnico.png\" alt=\"NSN Ico\" title=\"\" width=\"26\" height=\"26\" data-op3-attachment-id=\"\" \/><\/p>\n<p><a href=\"https:\/\/totemguard.com\/netsupport-notify\/mensajes-ordenadores-red\/\">NetSupport Notify<\/a><\/p>\n<\/p>\n<p><img loading=\"lazy\" decoding=\"async\" class=\"op3-element__image op3-element-image__image\" src=\"https:\/\/totemguard.com\/img\/totemfootericons\/247connectico.png\" alt=\"247 Ico\" title=\"\" width=\"26\" height=\"26\" data-op3-attachment-id=\"\" \/><\/p>\n<p><a href=\"https:\/\/totemguard.com\/247-connect\/control-remoto-seguro-en-la-nube\/\">NetSupport 247 Connect<\/a><\/p>\n<p><img loading=\"lazy\" decoding=\"async\" class=\"op3-element__image op3-element-image__image\" src=\"https:\/\/totemguard.com\/img\/totemfootericons\/logo-icon-color-compass.png\" alt=\"OA Compass ico\" title=\"\" width=\"26\" height=\"26\" data-op3-attachment-id=\"\" \/><\/p>\n<p><a href=\"https:\/\/totemguard.com\/openathens-compass\/gestion-centralizada-recursos-electronicos\/\">OpenAthens Compass<\/a><\/p>\n<p><img loading=\"lazy\" decoding=\"async\" class=\"op3-element__image op3-element-image__image\" src=\"https:\/\/totemguard.com\/img\/totemfootericons\/Altaro-logo-1.png\" alt=\"VM Backup Ico\" title=\"\" width=\"26\" height=\"26\" data-op3-attachment-id=\"\" \/><\/p>\n<p><a href=\"https:\/\/totemguard.com\/altaro\/\">Altaro VM Backup<\/a><\/p>\n<p><img loading=\"lazy\" decoding=\"async\" class=\"op3-element__image op3-element-image__image\" src=\"https:\/\/totemguard.com\/img\/totemfootericons\/o-icon-svg-1.png\" alt=\"365 Backup Ico\" title=\"\" width=\"26\" height=\"25\" data-op3-attachment-id=\"\" \/><\/p>\n<p><a href=\"https:\/\/totemguard.com\/altaro\/backup-office-365\/\">365 Total Backup<\/a><\/p>\n<\/p>\n<p><img loading=\"lazy\" decoding=\"async\" class=\"op3-element__image op3-element-image__image\" src=\"https:\/\/totemguard.com\/img\/totemfootericons\/hornetfavicon.png\" alt=\"hornet security ico\" title=\"\" width=\"26\" height=\"26\" data-op3-attachment-id=\"\" \/><\/p>\n<p><a href=\"https:\/\/totemguard.com\/365-total-protection\/\">Total Protection<\/a><\/p>\n<p><img loading=\"lazy\" decoding=\"async\" class=\"op3-element__image op3-element-image__image\" src=\"https:\/\/totemguard.com\/img\/totemfootericons\/hornetfavicon.png\" alt=\"hornet security ico\" title=\"\" width=\"26\" height=\"26\" data-op3-attachment-id=\"\" \/><\/p>\n<p><a href=\"https:\/\/totemguard.com\/security-awareness-training\/\">Security Awareness Service<\/a><\/p>\n<p>  \u00a9  TotemGuard Digital Security &#8211; Ronda General Mitre, 126, Planta 6, 08021 Barcelona &#8211; Tel. 932 00 00 88 &#8211;<br \/>\n  <a href=\"https:\/\/www.totemguard.com\/terminos-y-condiciones\"><br \/>\n    Pol\u00edtica de privacidad, Cookies y Aviso Legal<br \/>\n  <\/a><\/p>\n","protected":false},"excerpt":{"rendered":"<p>NetSupport School para MAC Con NetSupport School en un entorno Mac, tienes una gran cantidad de herramientas a su disposici\u00f3n para brindar un aprendizaje que involucre a tus alumnos y garantice su seguridad online y el buen funcionamiento de las lecciones. Puedes conectarte desde un dispositivo Mac mediante una combinaci\u00f3n completa de diferentes plataformas, incluida &hellip; <\/p>\n<p class=\"link-more\"><a href=\"https:\/\/totemguard.com\/netsupport-school\/control-gestion-aula-tic-con-mac\/\" class=\"more-link\">Seguir leyendo<span class=\"screen-reader-text\"> \u00abNetSupport School &#8211; Funcionalidades Mac\u00bb<\/span><\/a><\/p>\n","protected":false},"author":1,"featured_media":0,"parent":0,"menu_order":0,"comment_status":"closed","ping_status":"closed","template":"op_builder_blank","meta":{"footnotes":"","_links_to":"","_links_to_target":""},"class_list":["post-960","page","type-page","status-publish","hentry","entry"],"yoast_head":"<!-- This site is optimized with the Yoast SEO plugin v27.3 - https:\/\/yoast.com\/product\/yoast-seo-wordpress\/ -->\n<title>NetSupport School - Funcionalidades Mac - TotemGuard<\/title>\n<meta name=\"description\" content=\"NetSupport School ofrece una gesti\u00f3n de aulas basadas en Mac, podr\u00e1s ver las pantallas de los alumnos, realizar un control remoto e incluso bloquear sus dispositivos\" \/>\n<meta name=\"robots\" content=\"index, follow, max-snippet:-1, max-image-preview:large, max-video-preview:-1\" \/>\n<link rel=\"canonical\" href=\"https:\/\/totemguard.com\/netsupport-school\/control-gestion-aula-tic-con-mac\/\" \/>\n<meta property=\"og:locale\" content=\"es_ES\" \/>\n<meta property=\"og:type\" content=\"article\" \/>\n<meta property=\"og:title\" content=\"NetSupport School - Funcionalidades Mac - TotemGuard\" \/>\n<meta property=\"og:description\" content=\"NetSupport School ofrece una gesti\u00f3n de aulas basadas en Mac, podr\u00e1s ver las pantallas de los alumnos, realizar un control remoto e incluso bloquear sus dispositivos\" \/>\n<meta property=\"og:url\" content=\"https:\/\/totemguard.com\/netsupport-school\/control-gestion-aula-tic-con-mac\/\" \/>\n<meta property=\"og:site_name\" content=\"TotemGuard\" \/>\n<meta property=\"article:modified_time\" content=\"2026-01-13T11:46:54+00:00\" \/>\n<meta property=\"og:image\" content=\"https:\/\/totemguard.com\/netsupport-school\/wp-content\/uploads\/2014\/10\/totem-guard_grande-2.png\" \/>\n<meta name=\"twitter:card\" content=\"summary_large_image\" \/>\n<meta name=\"twitter:label1\" content=\"Tiempo de lectura\" \/>\n\t<meta name=\"twitter:data1\" content=\"7 minutos\" \/>\n<script type=\"application\/ld+json\" class=\"yoast-schema-graph\">{\"@context\":\"https:\\\/\\\/schema.org\",\"@graph\":[{\"@type\":\"WebPage\",\"@id\":\"https:\\\/\\\/totemguard.com\\\/netsupport-school\\\/control-gestion-aula-tic-con-mac\\\/\",\"url\":\"https:\\\/\\\/totemguard.com\\\/netsupport-school\\\/control-gestion-aula-tic-con-mac\\\/\",\"name\":\"NetSupport School - Funcionalidades Mac - TotemGuard\",\"isPartOf\":{\"@id\":\"https:\\\/\\\/totemguard.com\\\/netsupport-school\\\/#website\"},\"primaryImageOfPage\":{\"@id\":\"https:\\\/\\\/totemguard.com\\\/netsupport-school\\\/control-gestion-aula-tic-con-mac\\\/#primaryimage\"},\"image\":{\"@id\":\"https:\\\/\\\/totemguard.com\\\/netsupport-school\\\/control-gestion-aula-tic-con-mac\\\/#primaryimage\"},\"thumbnailUrl\":\"https:\\\/\\\/totemguard.com\\\/netsupport-school\\\/wp-content\\\/uploads\\\/2014\\\/10\\\/totem-guard_grande-2.png\",\"datePublished\":\"2020-09-14T07:57:05+00:00\",\"dateModified\":\"2026-01-13T11:46:54+00:00\",\"description\":\"NetSupport School ofrece una gesti\u00f3n de aulas basadas en Mac, podr\u00e1s ver las pantallas de los alumnos, realizar un control remoto e incluso bloquear sus dispositivos\",\"breadcrumb\":{\"@id\":\"https:\\\/\\\/totemguard.com\\\/netsupport-school\\\/control-gestion-aula-tic-con-mac\\\/#breadcrumb\"},\"inLanguage\":\"es\",\"potentialAction\":[{\"@type\":\"ReadAction\",\"target\":[\"https:\\\/\\\/totemguard.com\\\/netsupport-school\\\/control-gestion-aula-tic-con-mac\\\/\"]}]},{\"@type\":\"ImageObject\",\"inLanguage\":\"es\",\"@id\":\"https:\\\/\\\/totemguard.com\\\/netsupport-school\\\/control-gestion-aula-tic-con-mac\\\/#primaryimage\",\"url\":\"https:\\\/\\\/totemguard.com\\\/netsupport-school\\\/wp-content\\\/uploads\\\/2014\\\/10\\\/totem-guard_grande-2.png\",\"contentUrl\":\"https:\\\/\\\/totemguard.com\\\/netsupport-school\\\/wp-content\\\/uploads\\\/2014\\\/10\\\/totem-guard_grande-2.png\"},{\"@type\":\"BreadcrumbList\",\"@id\":\"https:\\\/\\\/totemguard.com\\\/netsupport-school\\\/control-gestion-aula-tic-con-mac\\\/#breadcrumb\",\"itemListElement\":[{\"@type\":\"ListItem\",\"position\":1,\"name\":\"Portada\",\"item\":\"https:\\\/\\\/totemguard.com\\\/netsupport-school\\\/control-gestion-aula-tic\\\/\"},{\"@type\":\"ListItem\",\"position\":2,\"name\":\"NetSupport School &#8211; Funcionalidades Mac\"}]},{\"@type\":\"WebSite\",\"@id\":\"https:\\\/\\\/totemguard.com\\\/netsupport-school\\\/#website\",\"url\":\"https:\\\/\\\/totemguard.com\\\/netsupport-school\\\/\",\"name\":\"TotemGuard\",\"description\":\"Control Gestion Aula Tic\",\"potentialAction\":[{\"@type\":\"SearchAction\",\"target\":{\"@type\":\"EntryPoint\",\"urlTemplate\":\"https:\\\/\\\/totemguard.com\\\/netsupport-school\\\/?s={search_term_string}\"},\"query-input\":{\"@type\":\"PropertyValueSpecification\",\"valueRequired\":true,\"valueName\":\"search_term_string\"}}],\"inLanguage\":\"es\"}]}<\/script>\n<!-- \/ Yoast SEO plugin. -->","yoast_head_json":{"title":"NetSupport School - Funcionalidades Mac - TotemGuard","description":"NetSupport School ofrece una gesti\u00f3n de aulas basadas en Mac, podr\u00e1s ver las pantallas de los alumnos, realizar un control remoto e incluso bloquear sus dispositivos","robots":{"index":"index","follow":"follow","max-snippet":"max-snippet:-1","max-image-preview":"max-image-preview:large","max-video-preview":"max-video-preview:-1"},"canonical":"https:\/\/totemguard.com\/netsupport-school\/control-gestion-aula-tic-con-mac\/","og_locale":"es_ES","og_type":"article","og_title":"NetSupport School - Funcionalidades Mac - TotemGuard","og_description":"NetSupport School ofrece una gesti\u00f3n de aulas basadas en Mac, podr\u00e1s ver las pantallas de los alumnos, realizar un control remoto e incluso bloquear sus dispositivos","og_url":"https:\/\/totemguard.com\/netsupport-school\/control-gestion-aula-tic-con-mac\/","og_site_name":"TotemGuard","article_modified_time":"2026-01-13T11:46:54+00:00","og_image":[{"url":"https:\/\/totemguard.com\/netsupport-school\/wp-content\/uploads\/2014\/10\/totem-guard_grande-2.png","type":"","width":"","height":""}],"twitter_card":"summary_large_image","twitter_misc":{"Tiempo de lectura":"7 minutos"},"schema":{"@context":"https:\/\/schema.org","@graph":[{"@type":"WebPage","@id":"https:\/\/totemguard.com\/netsupport-school\/control-gestion-aula-tic-con-mac\/","url":"https:\/\/totemguard.com\/netsupport-school\/control-gestion-aula-tic-con-mac\/","name":"NetSupport School - Funcionalidades Mac - TotemGuard","isPartOf":{"@id":"https:\/\/totemguard.com\/netsupport-school\/#website"},"primaryImageOfPage":{"@id":"https:\/\/totemguard.com\/netsupport-school\/control-gestion-aula-tic-con-mac\/#primaryimage"},"image":{"@id":"https:\/\/totemguard.com\/netsupport-school\/control-gestion-aula-tic-con-mac\/#primaryimage"},"thumbnailUrl":"https:\/\/totemguard.com\/netsupport-school\/wp-content\/uploads\/2014\/10\/totem-guard_grande-2.png","datePublished":"2020-09-14T07:57:05+00:00","dateModified":"2026-01-13T11:46:54+00:00","description":"NetSupport School ofrece una gesti\u00f3n de aulas basadas en Mac, podr\u00e1s ver las pantallas de los alumnos, realizar un control remoto e incluso bloquear sus dispositivos","breadcrumb":{"@id":"https:\/\/totemguard.com\/netsupport-school\/control-gestion-aula-tic-con-mac\/#breadcrumb"},"inLanguage":"es","potentialAction":[{"@type":"ReadAction","target":["https:\/\/totemguard.com\/netsupport-school\/control-gestion-aula-tic-con-mac\/"]}]},{"@type":"ImageObject","inLanguage":"es","@id":"https:\/\/totemguard.com\/netsupport-school\/control-gestion-aula-tic-con-mac\/#primaryimage","url":"https:\/\/totemguard.com\/netsupport-school\/wp-content\/uploads\/2014\/10\/totem-guard_grande-2.png","contentUrl":"https:\/\/totemguard.com\/netsupport-school\/wp-content\/uploads\/2014\/10\/totem-guard_grande-2.png"},{"@type":"BreadcrumbList","@id":"https:\/\/totemguard.com\/netsupport-school\/control-gestion-aula-tic-con-mac\/#breadcrumb","itemListElement":[{"@type":"ListItem","position":1,"name":"Portada","item":"https:\/\/totemguard.com\/netsupport-school\/control-gestion-aula-tic\/"},{"@type":"ListItem","position":2,"name":"NetSupport School &#8211; Funcionalidades Mac"}]},{"@type":"WebSite","@id":"https:\/\/totemguard.com\/netsupport-school\/#website","url":"https:\/\/totemguard.com\/netsupport-school\/","name":"TotemGuard","description":"Control Gestion Aula Tic","potentialAction":[{"@type":"SearchAction","target":{"@type":"EntryPoint","urlTemplate":"https:\/\/totemguard.com\/netsupport-school\/?s={search_term_string}"},"query-input":{"@type":"PropertyValueSpecification","valueRequired":true,"valueName":"search_term_string"}}],"inLanguage":"es"}]}},"_links":{"self":[{"href":"https:\/\/totemguard.com\/netsupport-school\/wp-json\/wp\/v2\/pages\/960","targetHints":{"allow":["GET"]}}],"collection":[{"href":"https:\/\/totemguard.com\/netsupport-school\/wp-json\/wp\/v2\/pages"}],"about":[{"href":"https:\/\/totemguard.com\/netsupport-school\/wp-json\/wp\/v2\/types\/page"}],"author":[{"embeddable":true,"href":"https:\/\/totemguard.com\/netsupport-school\/wp-json\/wp\/v2\/users\/1"}],"replies":[{"embeddable":true,"href":"https:\/\/totemguard.com\/netsupport-school\/wp-json\/wp\/v2\/comments?post=960"}],"version-history":[{"count":79,"href":"https:\/\/totemguard.com\/netsupport-school\/wp-json\/wp\/v2\/pages\/960\/revisions"}],"predecessor-version":[{"id":2305,"href":"https:\/\/totemguard.com\/netsupport-school\/wp-json\/wp\/v2\/pages\/960\/revisions\/2305"}],"wp:attachment":[{"href":"https:\/\/totemguard.com\/netsupport-school\/wp-json\/wp\/v2\/media?parent=960"}],"curies":[{"name":"wp","href":"https:\/\/api.w.org\/{rel}","templated":true}]}}