{"id":1086,"date":"2020-09-14T07:57:05","date_gmt":"2020-09-14T07:57:05","guid":{"rendered":"https:\/\/totemguard.com\/netsupport-school\/?page_id=1086"},"modified":"2026-01-13T11:45:23","modified_gmt":"2026-01-13T11:45:23","slug":"practicas-aprendizaje-netbooks","status":"publish","type":"page","link":"https:\/\/totemguard.com\/netsupport-school\/practicas-aprendizaje-netbooks\/","title":{"rendered":"Mejores Practicas con NetSupport School"},"content":{"rendered":"<p><img loading=\"lazy\" decoding=\"async\" class=\"op3-element__image op3-element-image__image\" src=\"https:\/\/totemguard.com\/netsupport-school\/wp-content\/uploads\/2014\/10\/totem-guard_grande-2.png\" alt=\"Banner general\" title=\"Banner general\" width=\"1000\" height=\"175\" data-op3-attachment-id=\"\" \/><img loading=\"lazy\" decoding=\"async\" class=\"op3-element__image op3-element-image__image\" src=\"https:\/\/www.totemguard.com\/img\/NetSupport-School\/NetSupport-School.png\" alt=\"\" title=\"\" width=\"202\" height=\"47\" data-op3-attachment-id=\"\" \/><\/p>\n<h2>\u00datiles pr\u00e1cticas en el aprendizaje con Netbooks<\/h2>\n<p>Ahora que cada estudiante va a disponer de un port\u00e1til personal en la clase, el profesor tiene disponible m\u00e1s medios instructivos. Veamos pr\u00e1cticas muy \u00fatiles que pueden aplicarse durante la explicaci\u00f3n de una lecci\u00f3n para aprovechar el potencial de esta tecnolog\u00eda:<\/p>\n<h3>1. Cada semana se asigna a un estudiante diferente para que inicie la clase con una breve explicaci\u00f3n (de 2 a 3 minutos) sobre un tema que sea interesante o relevante para \u00e9l<\/h3>\n<p>El estudiante comparte la presentaci\u00f3n con la clase a trav\u00e9s de los netbooks, enviando previamente el archivo. No s\u00f3lo este estudiante ha internalizado y personalizado un concepto, sino que ahora el resto de la clase tiene acceso a esta presentaci\u00f3n y conocimiento.<\/p>\n<h3>2. El profesor puede hacer que todos los estudiantes visiten una p\u00e1gina web espec\u00edfica de forma simult\u00e1nea durante la clase<\/h3>\n<p>Internet est\u00e1 repleto de sitios web muy interesantes e interactivos que r\u00e1pidamente puede ilustrar o demostrar conceptos clave. Por ejemplo, tras una explicaci\u00f3n sobre la pintura de Goya, un estudiante encuentra el portal www.artehistoria.com que proporciona informaci\u00f3n detallada de su vida y obra a trav\u00e9s de un video. El estudiante pasa este enlace al profesor, qui\u00e9n despu\u00e9s lo pasa a sus otros compa\u00f1eros. En tres minutos, el profesor recibe un comentario de otro estudiante qui\u00e9n propone visitar el Museo del Prado para ver los cuadros en vivo. Est\u00e1 claro que la obra de Goya ha empezado a ser m\u00e1s interesante para los estudiantes.<\/p>\n<p>La interacci\u00f3n que hemos descrito no podr\u00eda suceder sin el uso de netbooks por parte de los estudiantes y el profesor. Es realmente alentador ver c\u00f3mo los estudiantes, inspirados por la clase, utilizan el netbook en cuanto tienen un momento para seguir investigando m\u00e1s all\u00e1 del temario. Sin un netbook con acceso r\u00e1pido, el primer estudiante podr\u00eda haber olvidado su inter\u00e9s despu\u00e9s de clase y no haber encontrado artehistoria.com. Este ejemplo muestra los beneficios indirectos que surgen al poder seguir aprendiendo al final de la clase.<\/p>\n<h3>3. Pueden usarse portales web para introducir t\u00f3picos, generar debates y solidificar conceptos<\/h3>\n<p>El profesor puede dirigir a los estudiantes a un portal web para ilustrar o introducir un concepto relacionado con el contenido de la clase. Estas visitas normalmente generan un debate interesante que capta el inter\u00e9s de los estudiantes. De forma similar, tras explicar un concepto abstracto, la clase puede ir a una p\u00e1gina web, que ilustra el concepto en acci\u00f3n.<\/p>\n<p>Otra ventaja es que con frecuencia salen preguntas y temas en clase, que el profesor no hab\u00eda preparado o est\u00e1n fuera del curr\u00edculum, pero que pueden investigarse r\u00e1pidamente en la web. Disponer de un buscador de informaci\u00f3n r\u00e1pida en clase es una herramienta muy \u00fatil.<\/p>\n<p>Imagina que la clase trata de animales mam\u00edferos. El profesor podr\u00eda designar a un estudiante para que encuentre cu\u00e1les son los cinco mam\u00edferos m\u00e1s grandes, y designar a otros para que encuentre el n\u00famero de especies que existen dentro de esta categor\u00eda. En cinco minutos, el profesor y la clase tendr\u00e1n la respuesta. Esta actividad r\u00e1pida y f\u00e1cil incrementa la motivaci\u00f3n del estudiante, mantiene su inter\u00e9s haci\u00e9ndole participar y contribuye en \u00faltima instancia al aprendizaje.<\/p>\n<h3>4. Los estudiantes pueden ir a la biblioteca sin salir de clase<\/h3>\n<p>Las bibliotecas en la mayor\u00eda de escuelas y universidades permiten acceso a numerosas publicaciones, bases de datos e \u00edndices a trav\u00e9s de sus intranets. Muchos de estas publicaciones incluyen enlaces a textos completos que pueden imprimirse o accederse desde la misma clase.<\/p>\n<p>Este acceso proporciona una herramienta muy \u00fatil para investigar durante la clase. Un profesor puede ense\u00f1ar y supervisar a los estudiantes cuando llevan a cabo b\u00fasquedas acad\u00e9micas e investigaci\u00f3n erudita. Antes esta tarea requer\u00eda llevar a toda la clase a la biblioteca o el profesor mostraba como se realiza una b\u00fasqueda desde su ordenador. Los estudiantes aprenden m\u00e1s haciendo y los netbooks les permite \u201chacer\u201d mientras el profesor supervisa.<\/p>\n<h3>5. Introduce juegos y simulaciones<\/h3>\n<p>Si hay una actividad que a la generaci\u00f3n de hoy le encanta, es divertirse con juegos o simulaciones en el ordenador. Se ha demostrado cient\u00edficamente que los juegos de simulaci\u00f3n incrementan la motivaci\u00f3n del estudiante y proporcionan un mejor contexto para entender conceptos, lo que a su vez incrementa el aprendizaje del estudiante. Como esta motivaci\u00f3n existe inherentemente, la clave es aprovechar este inter\u00e9s y introducirlo dentro de la clase.<\/p>\n<p>Por ejemplo, un profesor puede proponer la organizaci\u00f3n de tienda que vende limonada. El profesor puede hacer que los alumnos dise\u00f1en la empresa, pongan los precios, hagan las compras y estimen las ventas y as\u00ed lleven a cabo simulaciones en el ordenador para averiguar la viabilidad del negocio. Los estudiantes pueden realizar el experimento y despu\u00e9s analizar los resultados usando los programas del ordenador.<\/p>\n<h3>6. Aprovecha los medios digitales de comunicaci\u00f3n<\/h3>\n<p>Nada capta mejor la atenci\u00f3n del estudiante que un fragmento de una pel\u00edcula popular, un programa de televisi\u00f3n o un anuncio divertido. Boster et at encontraron que cuando los video clips se integraban en una lecci\u00f3n, los estudiantes consegu\u00edan mejores resultados.<\/p>\n<p>Usar medios de comunicaci\u00f3n digitales con los netbooks tiene ventajas al potenciar al m\u00e1ximo sus efectos en la motivaci\u00f3n y el aprendizaje de los alumnos. Con los medios digitales, el profesor puede compartir con los estudiantes a trav\u00e9s del correo electr\u00f3nico u otras t\u00e9cnicas, clips de video que se han usado en clase a la hora de ilustrar un tema. Vemos que los estudiantes a su vez comparten estos videos con sus amigos y familia, explic\u00e1ndoles los puntos m\u00e1s importantes. Si consigues que un estudiante est\u00e9 entusiasmado y hable de un tema de clase en casa o fuera del colegio, has conseguido b\u00e1sicamente que disfrute aprendiendo.<\/p>\n<p>Muchos libros de texto incluyen tambi\u00e9n ahora CD-ROMs. Los profesores pueden usar esta valiosa herramienta de aprendizaje durante demostraciones y ejercicios, del mismo modo que se puede hacer accediendo a portales educativos. Estos ejercicios normalmente son muy divertidos e interesantes y muchos comentarios de estudiantes indican que les motiva a aprender.<\/p>\n<p>Antes de disponer de netbooks, los profesores pod\u00edan poner estos ejercicios como deberes o sugerir que miraran una demostraci\u00f3n en particular. Con el CD-ROM el profesor no tiene que preguntarse si el alumno ha realizado el ejercicio asignado sino que ahora cada estudiante puede usar su CD para realizar el ejercicio en clase mientras el profesor monitoriza el progreso de cada uno. Este tipo de ejercicios tienden a poner en pr\u00e1ctica conceptos estudiados y los fijan en sus mentes. Ahora tienen una ayuda visual, auditiva y t\u00e1ctil de lo que ha sido explicado en clase.<\/p>\n<h2>Si en vez de tener alumnos m\u00e1s atentos, lecciones m\u00e1s interactivas y una aprendizaje m\u00e1s individualizado, te encuentras que en el aula TIC<\/h2>\n<h2>Descarga gratuitamente una versi\u00f3n de evaluaci\u00f3n<\/h2>\n<p>Tus alumnos se distraen f\u00e1cilmente con aplicaciones de juegos o navegando por InternetTus alumnos se pasan la clase chateando entre ellosSe instalan programas o m\u00fasica desde sus USBsImprimen documentos de forma indiscriminadaTe desplazas continuamente para atender a sus dudas<\/p>\n<p>Haz una prueba gratuita con el software NetSupport School durante 30 d\u00edas.Te sentir\u00e1s mucho m\u00e1s c\u00f3modo dando clase y tus lecciones te cundir\u00e1n el doble.<\/p>\n<p><a aria-label=\"Image Link\" class=\"op3-element__link op3-element-image__link op3-link op3-element__tcp--non-a\" href=\"https:\/\/totemguard.com\/netsupport-school\/wp-content\/uploads\/2014\/10\/NSS_bar4.png\" target=\"_self\"  data-op-action=\"link\" data-op-select-funnel-step=\"\" data-op3-smooth-scroll=\"\"><img loading=\"lazy\" decoding=\"async\" class=\"op3-element__image op3-element-image__image\" src=\"https:\/\/totemguard.com\/netsupport-school\/wp-content\/uploads\/2014\/10\/NSS_bar4.png\" alt=\"logo school\" title=\"NSS_bar\" width=\"202\" height=\"47\" data-op3-attachment-id=\"\" \/><\/a><a aria-label=\"Button link\" class=\"op3-element__tcp--non-a op3-link op3-background-ancestor\" target=\"_self\"  data-op-action=\"popoverlay\" data-op-popoverlay-trigger=\"CcynBBrb\" data-op-select-funnel-step=\"\" data-op3-smooth-scroll=\"\" data-op-effect-style=\"\" data-op-effect-style-hover=\"\" data-op-courseaction=\"\" href=\"#\">Prueba 30 d\u00edas Gratis<\/a><\/p>\n<p>Contacta con nosotros:<\/p>\n<p>Ronda General Mitre 126, Planta 6<br \/>\n08021 Barcelona<\/p>\n<p>Tel. 93 200 00 88<\/p>\n<p>comercial@totemguard.com<\/p>\n<p>Nuestros productos<\/p>\n<p><img loading=\"lazy\" decoding=\"async\" class=\"op3-element__image op3-element-image__image\" src=\"https:\/\/totemguard.com\/img\/totemfootericons\/dnaico.png\" alt=\"DNA Icon\" title=\"\" width=\"512\" height=\"256\" data-op3-attachment-id=\"\" \/><\/p>\n<p><a href=\"https:\/\/totemguard.com\/netsupport-dna\/inventario-hardware-software-licencias\/\">NetSupport DNA<\/a><\/p>\n<p><img loading=\"lazy\" decoding=\"async\" class=\"op3-element__image op3-element-image__image\" src=\"https:\/\/totemguard.com\/img\/totemfootericons\/nsmico.png\" alt=\"NSM Ico\" title=\"\" width=\"26\" height=\"26\" data-op3-attachment-id=\"\" \/><\/p>\n<p><a href=\"https:\/\/totemguard.com\/netsupport-manager\/control-remoto-windows-linux-mac\/\">NetSupport Manager<\/a><\/p>\n<p><img loading=\"lazy\" decoding=\"async\" class=\"op3-element__image op3-element-image__image\" src=\"https:\/\/totemguard.com\/img\/totemfootericons\/nssico.png\" alt=\"NSS Ico\" title=\"\" width=\"26\" height=\"26\" data-op3-attachment-id=\"\" \/><\/p>\n<p><a href=\"https:\/\/totemguard.com\/netsupport-school\/control-gestion-aula-tic\/\">NetSupport School<\/a><\/p>\n<p><img loading=\"lazy\" decoding=\"async\" class=\"op3-element__image op3-element-image__image\" src=\"https:\/\/totemguard.com\/img\/totemfootericons\/nsnico.png\" alt=\"NSN Ico\" title=\"\" width=\"26\" height=\"26\" data-op3-attachment-id=\"\" \/><\/p>\n<p><a href=\"https:\/\/totemguard.com\/netsupport-notify\/mensajes-ordenadores-red\/\">NetSupport Notify<\/a><\/p>\n<\/p>\n<p><img loading=\"lazy\" decoding=\"async\" class=\"op3-element__image op3-element-image__image\" src=\"https:\/\/totemguard.com\/img\/totemfootericons\/247connectico.png\" alt=\"247 Ico\" title=\"\" width=\"26\" height=\"26\" data-op3-attachment-id=\"\" \/><\/p>\n<p><a href=\"https:\/\/totemguard.com\/247-connect\/control-remoto-seguro-en-la-nube\/\">NetSupport 247 Connect<\/a><\/p>\n<p><img loading=\"lazy\" decoding=\"async\" class=\"op3-element__image op3-element-image__image\" src=\"https:\/\/totemguard.com\/img\/totemfootericons\/logo-icon-color-compass.png\" alt=\"OA Compass ico\" title=\"\" width=\"26\" height=\"26\" data-op3-attachment-id=\"\" \/><\/p>\n<p><a href=\"https:\/\/totemguard.com\/openathens-compass\/gestion-centralizada-recursos-electronicos\/\">OpenAthens Compass<\/a><\/p>\n<p><img loading=\"lazy\" decoding=\"async\" class=\"op3-element__image op3-element-image__image\" src=\"https:\/\/totemguard.com\/img\/totemfootericons\/Altaro-logo-1.png\" alt=\"VM Backup Ico\" title=\"\" width=\"26\" height=\"26\" data-op3-attachment-id=\"\" \/><\/p>\n<p><a href=\"https:\/\/totemguard.com\/altaro\/\">Altaro VM Backup<\/a><\/p>\n<p><img loading=\"lazy\" decoding=\"async\" class=\"op3-element__image op3-element-image__image\" src=\"https:\/\/totemguard.com\/img\/totemfootericons\/o-icon-svg-1.png\" alt=\"365 Backup Ico\" title=\"\" width=\"26\" height=\"25\" data-op3-attachment-id=\"\" \/><\/p>\n<p><a href=\"https:\/\/totemguard.com\/altaro\/backup-office-365\/\">365 Total Backup<\/a><\/p>\n<\/p>\n<p><img loading=\"lazy\" decoding=\"async\" class=\"op3-element__image op3-element-image__image\" src=\"https:\/\/totemguard.com\/img\/totemfootericons\/hornetfavicon.png\" alt=\"hornet security ico\" title=\"\" width=\"26\" height=\"26\" data-op3-attachment-id=\"\" \/><\/p>\n<p><a href=\"https:\/\/totemguard.com\/365-total-protection\/\">Total Protection<\/a><\/p>\n<p><img loading=\"lazy\" decoding=\"async\" class=\"op3-element__image op3-element-image__image\" src=\"https:\/\/totemguard.com\/img\/totemfootericons\/hornetfavicon.png\" alt=\"hornet security ico\" title=\"\" width=\"26\" height=\"26\" data-op3-attachment-id=\"\" \/><\/p>\n<p><a href=\"https:\/\/totemguard.com\/security-awareness-training\/\">Security Awareness Service<\/a><\/p>\n<p>  \u00a9  TotemGuard Digital Security &#8211; Ronda General Mitre, 126, Planta 6, 08021 Barcelona &#8211; Tel. 932 00 00 88 &#8211;<br \/>\n  <a href=\"https:\/\/www.totemguard.com\/terminos-y-condiciones\"><br \/>\n    Pol\u00edtica de privacidad, Cookies y Aviso Legal<br \/>\n  <\/a><\/p>\n","protected":false},"excerpt":{"rendered":"<p>\u00datiles pr\u00e1cticas en el aprendizaje con Netbooks Ahora que cada estudiante va a disponer de un port\u00e1til personal en la clase, el profesor tiene disponible m\u00e1s medios instructivos. Veamos pr\u00e1cticas muy \u00fatiles que pueden aplicarse durante la explicaci\u00f3n de una lecci\u00f3n para aprovechar el potencial de esta tecnolog\u00eda: 1. Cada semana se asigna a un &hellip; <\/p>\n<p class=\"link-more\"><a href=\"https:\/\/totemguard.com\/netsupport-school\/practicas-aprendizaje-netbooks\/\" class=\"more-link\">Seguir leyendo<span class=\"screen-reader-text\"> \u00abMejores Practicas con NetSupport School\u00bb<\/span><\/a><\/p>\n","protected":false},"author":1,"featured_media":0,"parent":0,"menu_order":0,"comment_status":"closed","ping_status":"closed","template":"op_builder_blank","meta":{"footnotes":"","_links_to":"","_links_to_target":""},"class_list":["post-1086","page","type-page","status-publish","hentry","entry"],"yoast_head":"<!-- This site is optimized with the Yoast SEO plugin v27.3 - https:\/\/yoast.com\/product\/yoast-seo-wordpress\/ -->\n<title>Mejores Practicas con NetSupport School - TotemGuard<\/title>\n<meta name=\"description\" content=\"NetSupport School facilita la gesti\u00f3n de las aulas cuando los alumnos disponen de PCs o tablets ya que permite controlar los dispositivos y adem\u00e1s poder interactuar con ellos.\" \/>\n<meta name=\"robots\" content=\"index, follow, max-snippet:-1, max-image-preview:large, max-video-preview:-1\" \/>\n<link rel=\"canonical\" href=\"https:\/\/totemguard.com\/netsupport-school\/practicas-aprendizaje-netbooks\/\" \/>\n<meta property=\"og:locale\" content=\"es_ES\" \/>\n<meta property=\"og:type\" content=\"article\" \/>\n<meta property=\"og:title\" content=\"Mejores Practicas con NetSupport School - TotemGuard\" \/>\n<meta property=\"og:description\" content=\"NetSupport School facilita la gesti\u00f3n de las aulas cuando los alumnos disponen de PCs o tablets ya que permite controlar los dispositivos y adem\u00e1s poder interactuar con ellos.\" \/>\n<meta property=\"og:url\" content=\"https:\/\/totemguard.com\/netsupport-school\/practicas-aprendizaje-netbooks\/\" \/>\n<meta property=\"og:site_name\" content=\"TotemGuard\" \/>\n<meta property=\"article:modified_time\" content=\"2026-01-13T11:45:23+00:00\" \/>\n<meta property=\"og:image\" content=\"https:\/\/totemguard.com\/netsupport-school\/wp-content\/uploads\/2014\/10\/totem-guard_grande-2.png\" \/>\n<meta name=\"twitter:card\" content=\"summary_large_image\" \/>\n<meta name=\"twitter:label1\" content=\"Tiempo de lectura\" \/>\n\t<meta name=\"twitter:data1\" content=\"7 minutos\" \/>\n<script type=\"application\/ld+json\" class=\"yoast-schema-graph\">{\"@context\":\"https:\\\/\\\/schema.org\",\"@graph\":[{\"@type\":\"WebPage\",\"@id\":\"https:\\\/\\\/totemguard.com\\\/netsupport-school\\\/practicas-aprendizaje-netbooks\\\/\",\"url\":\"https:\\\/\\\/totemguard.com\\\/netsupport-school\\\/practicas-aprendizaje-netbooks\\\/\",\"name\":\"Mejores Practicas con NetSupport School - TotemGuard\",\"isPartOf\":{\"@id\":\"https:\\\/\\\/totemguard.com\\\/netsupport-school\\\/#website\"},\"primaryImageOfPage\":{\"@id\":\"https:\\\/\\\/totemguard.com\\\/netsupport-school\\\/practicas-aprendizaje-netbooks\\\/#primaryimage\"},\"image\":{\"@id\":\"https:\\\/\\\/totemguard.com\\\/netsupport-school\\\/practicas-aprendizaje-netbooks\\\/#primaryimage\"},\"thumbnailUrl\":\"https:\\\/\\\/totemguard.com\\\/netsupport-school\\\/wp-content\\\/uploads\\\/2014\\\/10\\\/totem-guard_grande-2.png\",\"datePublished\":\"2020-09-14T07:57:05+00:00\",\"dateModified\":\"2026-01-13T11:45:23+00:00\",\"description\":\"NetSupport School facilita la gesti\u00f3n de las aulas cuando los alumnos disponen de PCs o tablets ya que permite controlar los dispositivos y adem\u00e1s poder interactuar con ellos.\",\"breadcrumb\":{\"@id\":\"https:\\\/\\\/totemguard.com\\\/netsupport-school\\\/practicas-aprendizaje-netbooks\\\/#breadcrumb\"},\"inLanguage\":\"es\",\"potentialAction\":[{\"@type\":\"ReadAction\",\"target\":[\"https:\\\/\\\/totemguard.com\\\/netsupport-school\\\/practicas-aprendizaje-netbooks\\\/\"]}]},{\"@type\":\"ImageObject\",\"inLanguage\":\"es\",\"@id\":\"https:\\\/\\\/totemguard.com\\\/netsupport-school\\\/practicas-aprendizaje-netbooks\\\/#primaryimage\",\"url\":\"https:\\\/\\\/totemguard.com\\\/netsupport-school\\\/wp-content\\\/uploads\\\/2014\\\/10\\\/totem-guard_grande-2.png\",\"contentUrl\":\"https:\\\/\\\/totemguard.com\\\/netsupport-school\\\/wp-content\\\/uploads\\\/2014\\\/10\\\/totem-guard_grande-2.png\"},{\"@type\":\"BreadcrumbList\",\"@id\":\"https:\\\/\\\/totemguard.com\\\/netsupport-school\\\/practicas-aprendizaje-netbooks\\\/#breadcrumb\",\"itemListElement\":[{\"@type\":\"ListItem\",\"position\":1,\"name\":\"Portada\",\"item\":\"https:\\\/\\\/totemguard.com\\\/netsupport-school\\\/control-gestion-aula-tic\\\/\"},{\"@type\":\"ListItem\",\"position\":2,\"name\":\"Mejores Practicas con NetSupport School\"}]},{\"@type\":\"WebSite\",\"@id\":\"https:\\\/\\\/totemguard.com\\\/netsupport-school\\\/#website\",\"url\":\"https:\\\/\\\/totemguard.com\\\/netsupport-school\\\/\",\"name\":\"TotemGuard\",\"description\":\"Control Gestion Aula Tic\",\"potentialAction\":[{\"@type\":\"SearchAction\",\"target\":{\"@type\":\"EntryPoint\",\"urlTemplate\":\"https:\\\/\\\/totemguard.com\\\/netsupport-school\\\/?s={search_term_string}\"},\"query-input\":{\"@type\":\"PropertyValueSpecification\",\"valueRequired\":true,\"valueName\":\"search_term_string\"}}],\"inLanguage\":\"es\"}]}<\/script>\n<!-- \/ Yoast SEO plugin. -->","yoast_head_json":{"title":"Mejores Practicas con NetSupport School - TotemGuard","description":"NetSupport School facilita la gesti\u00f3n de las aulas cuando los alumnos disponen de PCs o tablets ya que permite controlar los dispositivos y adem\u00e1s poder interactuar con ellos.","robots":{"index":"index","follow":"follow","max-snippet":"max-snippet:-1","max-image-preview":"max-image-preview:large","max-video-preview":"max-video-preview:-1"},"canonical":"https:\/\/totemguard.com\/netsupport-school\/practicas-aprendizaje-netbooks\/","og_locale":"es_ES","og_type":"article","og_title":"Mejores Practicas con NetSupport School - TotemGuard","og_description":"NetSupport School facilita la gesti\u00f3n de las aulas cuando los alumnos disponen de PCs o tablets ya que permite controlar los dispositivos y adem\u00e1s poder interactuar con ellos.","og_url":"https:\/\/totemguard.com\/netsupport-school\/practicas-aprendizaje-netbooks\/","og_site_name":"TotemGuard","article_modified_time":"2026-01-13T11:45:23+00:00","og_image":[{"url":"https:\/\/totemguard.com\/netsupport-school\/wp-content\/uploads\/2014\/10\/totem-guard_grande-2.png","type":"","width":"","height":""}],"twitter_card":"summary_large_image","twitter_misc":{"Tiempo de lectura":"7 minutos"},"schema":{"@context":"https:\/\/schema.org","@graph":[{"@type":"WebPage","@id":"https:\/\/totemguard.com\/netsupport-school\/practicas-aprendizaje-netbooks\/","url":"https:\/\/totemguard.com\/netsupport-school\/practicas-aprendizaje-netbooks\/","name":"Mejores Practicas con NetSupport School - TotemGuard","isPartOf":{"@id":"https:\/\/totemguard.com\/netsupport-school\/#website"},"primaryImageOfPage":{"@id":"https:\/\/totemguard.com\/netsupport-school\/practicas-aprendizaje-netbooks\/#primaryimage"},"image":{"@id":"https:\/\/totemguard.com\/netsupport-school\/practicas-aprendizaje-netbooks\/#primaryimage"},"thumbnailUrl":"https:\/\/totemguard.com\/netsupport-school\/wp-content\/uploads\/2014\/10\/totem-guard_grande-2.png","datePublished":"2020-09-14T07:57:05+00:00","dateModified":"2026-01-13T11:45:23+00:00","description":"NetSupport School facilita la gesti\u00f3n de las aulas cuando los alumnos disponen de PCs o tablets ya que permite controlar los dispositivos y adem\u00e1s poder interactuar con ellos.","breadcrumb":{"@id":"https:\/\/totemguard.com\/netsupport-school\/practicas-aprendizaje-netbooks\/#breadcrumb"},"inLanguage":"es","potentialAction":[{"@type":"ReadAction","target":["https:\/\/totemguard.com\/netsupport-school\/practicas-aprendizaje-netbooks\/"]}]},{"@type":"ImageObject","inLanguage":"es","@id":"https:\/\/totemguard.com\/netsupport-school\/practicas-aprendizaje-netbooks\/#primaryimage","url":"https:\/\/totemguard.com\/netsupport-school\/wp-content\/uploads\/2014\/10\/totem-guard_grande-2.png","contentUrl":"https:\/\/totemguard.com\/netsupport-school\/wp-content\/uploads\/2014\/10\/totem-guard_grande-2.png"},{"@type":"BreadcrumbList","@id":"https:\/\/totemguard.com\/netsupport-school\/practicas-aprendizaje-netbooks\/#breadcrumb","itemListElement":[{"@type":"ListItem","position":1,"name":"Portada","item":"https:\/\/totemguard.com\/netsupport-school\/control-gestion-aula-tic\/"},{"@type":"ListItem","position":2,"name":"Mejores Practicas con NetSupport School"}]},{"@type":"WebSite","@id":"https:\/\/totemguard.com\/netsupport-school\/#website","url":"https:\/\/totemguard.com\/netsupport-school\/","name":"TotemGuard","description":"Control Gestion Aula Tic","potentialAction":[{"@type":"SearchAction","target":{"@type":"EntryPoint","urlTemplate":"https:\/\/totemguard.com\/netsupport-school\/?s={search_term_string}"},"query-input":{"@type":"PropertyValueSpecification","valueRequired":true,"valueName":"search_term_string"}}],"inLanguage":"es"}]}},"_links":{"self":[{"href":"https:\/\/totemguard.com\/netsupport-school\/wp-json\/wp\/v2\/pages\/1086","targetHints":{"allow":["GET"]}}],"collection":[{"href":"https:\/\/totemguard.com\/netsupport-school\/wp-json\/wp\/v2\/pages"}],"about":[{"href":"https:\/\/totemguard.com\/netsupport-school\/wp-json\/wp\/v2\/types\/page"}],"author":[{"embeddable":true,"href":"https:\/\/totemguard.com\/netsupport-school\/wp-json\/wp\/v2\/users\/1"}],"replies":[{"embeddable":true,"href":"https:\/\/totemguard.com\/netsupport-school\/wp-json\/wp\/v2\/comments?post=1086"}],"version-history":[{"count":42,"href":"https:\/\/totemguard.com\/netsupport-school\/wp-json\/wp\/v2\/pages\/1086\/revisions"}],"predecessor-version":[{"id":2300,"href":"https:\/\/totemguard.com\/netsupport-school\/wp-json\/wp\/v2\/pages\/1086\/revisions\/2300"}],"wp:attachment":[{"href":"https:\/\/totemguard.com\/netsupport-school\/wp-json\/wp\/v2\/media?parent=1086"}],"curies":[{"name":"wp","href":"https:\/\/api.w.org\/{rel}","templated":true}]}}