{"id":546,"date":"2020-06-29T17:04:17","date_gmt":"2020-06-29T17:04:17","guid":{"rendered":"https:\/\/www.totemguard.com\/netsupport-notify\/?page_id=546"},"modified":"2026-01-13T12:54:57","modified_gmt":"2026-01-13T12:54:57","slug":"mensajes-ordenadores-red-documentacion-videos-recursos","status":"publish","type":"page","link":"https:\/\/totemguard.com\/netsupport-notify\/mensajes-ordenadores-red-documentacion-videos-recursos\/","title":{"rendered":"NetSupport Notify Recursos"},"content":{"rendered":"<p><img loading=\"lazy\" decoding=\"async\" class=\"op3-element__image op3-element-image__image\" src=\"https:\/\/www.totemguard.com\/img\/netsupportNotify\/totemguard-banner.png\" alt=\"\" title=\"\" width=\"512\" height=\"256\" data-op3-attachment-id=\"\" \/><img loading=\"lazy\" decoding=\"async\" class=\"op3-element__image op3-element-image__image\" src=\"https:\/\/www.totemguard.com\/img\/netsupportNotify\/NSN-mini.png\" alt=\"\" title=\"\" width=\"512\" height=\"256\" data-op3-attachment-id=\"\" \/><\/p>\n<h2>Documentaci\u00f3n<\/h2>\n<p>Nuestros completos documentos te ayudar\u00e1n en las pruebas t\u00e9cnicas de NetSupport Notify y adem\u00e1s a conocer sus potentes funcionalidades m\u00e1s a fondo.<\/p>\n<h2>No hay restricciones en el n\u00famero de ordenadores que pueden enviar alertas a los usuarios.<\/h2>\n<p>Los precios son para licencias de software permanentes, incluido el software del servidor de notificaci\u00f3n y mensajer\u00eda ilimitada.<\/p>\n<p><img loading=\"lazy\" decoding=\"async\" class=\"op3-element__image op3-element-image__image\" src=\"https:\/\/www.totemguard.com\/netsupport-notify\/wp-content\/themes\/optimizePressTheme\/lib\/assets\/images\/file_download\/icons\/style1-Pdf-64x64.png\" alt=\"\" title=\"\" width=\"64\" height=\"64\" data-op3-attachment-id=\"\" \/><\/p>\n<p><a href=\"http:\/\/www.netsupportsoftware.com\/resources\/manualpdfs\/nsn_manual_es.pdf\" target=\"_blank\">Manual<\/a><\/p>\n<p><img loading=\"lazy\" decoding=\"async\" class=\"op3-element__image op3-element-image__image\" src=\"https:\/\/www.totemguard.com\/netsupport-notify\/wp-content\/themes\/optimizePressTheme\/lib\/assets\/images\/file_download\/icons\/style1-Pdf-64x64.png\" alt=\"\" title=\"\" width=\"64\" height=\"64\" data-op3-attachment-id=\"\" \/><\/p>\n<p><a href=\"http:\/\/www.netsupportsoftware.com\/resources\/brochurespdfs\/nsn_es_bro.pdf\" target=\"_blank\">Funcionalidades<\/a><\/p>\n<p>Contacta con nosotros:<\/p>\n<p>Ronda General Mitre 126, Planta 6<br \/>\n08021 Barcelona<\/p>\n<p>Tel. 93 200 00 88<\/p>\n<p>comercial@totemguard.com<\/p>\n<p>Nuestros productos<\/p>\n<p><img loading=\"lazy\" decoding=\"async\" class=\"op3-element__image op3-element-image__image\" src=\"https:\/\/totemguard.com\/img\/totemfootericons\/dnaico.png\" alt=\"DNA Icon\" title=\"\" width=\"512\" height=\"256\" data-op3-attachment-id=\"\" \/><\/p>\n<p><a href=\"https:\/\/totemguard.com\/netsupport-dna\/inventario-hardware-software-licencias\/\">NetSupport DNA<\/a><\/p>\n<p><img loading=\"lazy\" decoding=\"async\" class=\"op3-element__image op3-element-image__image\" src=\"https:\/\/totemguard.com\/img\/totemfootericons\/nsmico.png\" alt=\"NSM Ico\" title=\"\" width=\"26\" height=\"26\" data-op3-attachment-id=\"\" \/><\/p>\n<p><a href=\"https:\/\/totemguard.com\/netsupport-manager\/control-remoto-windows-linux-mac\/\">NetSupport Manager<\/a><\/p>\n<p><img loading=\"lazy\" decoding=\"async\" class=\"op3-element__image op3-element-image__image\" src=\"https:\/\/totemguard.com\/img\/totemfootericons\/nssico.png\" alt=\"NSS Ico\" title=\"\" width=\"26\" height=\"26\" data-op3-attachment-id=\"\" \/><\/p>\n<p><a href=\"https:\/\/totemguard.com\/netsupport-school\/control-gestion-aula-tic\/\">NetSupport School<\/a><\/p>\n<p><img loading=\"lazy\" decoding=\"async\" class=\"op3-element__image op3-element-image__image\" src=\"https:\/\/totemguard.com\/img\/totemfootericons\/nsnico.png\" alt=\"NSN Ico\" title=\"\" width=\"26\" height=\"26\" data-op3-attachment-id=\"\" \/><\/p>\n<p><a href=\"https:\/\/totemguard.com\/netsupport-notify\/mensajes-ordenadores-red\/\">NetSupport Notify<\/a><\/p>\n<\/p>\n<p><img loading=\"lazy\" decoding=\"async\" class=\"op3-element__image op3-element-image__image\" src=\"https:\/\/totemguard.com\/img\/totemfootericons\/247connectico.png\" alt=\"247 Ico\" title=\"\" width=\"26\" height=\"26\" data-op3-attachment-id=\"\" \/><\/p>\n<p><a href=\"https:\/\/totemguard.com\/247-connect\/control-remoto-seguro-en-la-nube\/\">NetSupport 247 Connect<\/a><\/p>\n<p><img loading=\"lazy\" decoding=\"async\" class=\"op3-element__image op3-element-image__image\" src=\"https:\/\/totemguard.com\/img\/totemfootericons\/logo-icon-color-compass.png\" alt=\"OA Compass ico\" title=\"\" width=\"26\" height=\"26\" data-op3-attachment-id=\"\" \/><\/p>\n<p><a href=\"https:\/\/totemguard.com\/openathens-compass\/gestion-centralizada-recursos-electronicos\/\">OpenAthens Compass<\/a><\/p>\n<p><img loading=\"lazy\" decoding=\"async\" class=\"op3-element__image op3-element-image__image\" src=\"https:\/\/totemguard.com\/img\/totemfootericons\/Altaro-logo-1.png\" alt=\"VM Backup Ico\" title=\"\" width=\"26\" height=\"26\" data-op3-attachment-id=\"\" \/><\/p>\n<p><a href=\"https:\/\/totemguard.com\/altaro\/\">Altaro VM Backup<\/a><\/p>\n<p><img loading=\"lazy\" decoding=\"async\" class=\"op3-element__image op3-element-image__image\" src=\"https:\/\/totemguard.com\/img\/totemfootericons\/o-icon-svg-1.png\" alt=\"365 Backup Ico\" title=\"\" width=\"26\" height=\"25\" data-op3-attachment-id=\"\" \/><\/p>\n<p><a href=\"https:\/\/totemguard.com\/altaro\/backup-office-365\/\">365 Total Backup<\/a><\/p>\n<\/p>\n<p><img loading=\"lazy\" decoding=\"async\" class=\"op3-element__image op3-element-image__image\" src=\"https:\/\/totemguard.com\/img\/totemfootericons\/hornetfavicon.png\" alt=\"hornet security ico\" title=\"\" width=\"26\" height=\"26\" data-op3-attachment-id=\"\" \/><\/p>\n<p><a href=\"https:\/\/totemguard.com\/365-total-protection\/\">Total Protection<\/a><\/p>\n<p><img loading=\"lazy\" decoding=\"async\" class=\"op3-element__image op3-element-image__image\" src=\"https:\/\/totemguard.com\/img\/totemfootericons\/hornetfavicon.png\" alt=\"hornet security ico\" title=\"\" width=\"26\" height=\"26\" data-op3-attachment-id=\"\" \/><\/p>\n<p><a href=\"https:\/\/totemguard.com\/security-awareness-training\/\">Security Awareness Service<\/a><\/p>\n<p>  \u00a9  TotemGuard Digital Security &#8211; Ronda General Mitre, 126, Planta 6, 08021 Barcelona &#8211; Tel. 932 00 00 88 &#8211;<br \/>\n  <a href=\"https:\/\/www.totemguard.com\/terminos-y-condiciones\"><br \/>\n    Pol\u00edtica de privacidad, Cookies y Aviso Legal<br \/>\n  <\/a><\/p>\n","protected":false},"excerpt":{"rendered":"<p>Documentaci\u00f3n Nuestros completos documentos te ayudar\u00e1n en las pruebas t\u00e9cnicas de NetSupport Notify y adem\u00e1s a conocer sus potentes funcionalidades m\u00e1s a fondo. No hay restricciones en el n\u00famero de ordenadores que pueden enviar alertas a los usuarios. Los precios son para licencias de software permanentes, incluido el software del servidor de notificaci\u00f3n y mensajer\u00eda &hellip; <\/p>\n<p class=\"link-more\"><a href=\"https:\/\/totemguard.com\/netsupport-notify\/mensajes-ordenadores-red-documentacion-videos-recursos\/\" class=\"more-link\">Seguir leyendo<span class=\"screen-reader-text\"> \u00abNetSupport Notify Recursos\u00bb<\/span><\/a><\/p>\n","protected":false},"author":1,"featured_media":0,"parent":0,"menu_order":0,"comment_status":"closed","ping_status":"closed","template":"op_builder_blank","meta":{"footnotes":"","_links_to":"","_links_to_target":""},"class_list":["post-546","page","type-page","status-publish","hentry","entry"],"yoast_head":"<!-- This site is optimized with the Yoast SEO plugin v27.3 - https:\/\/yoast.com\/product\/yoast-seo-wordpress\/ -->\n<title>NetSupport Notify Recursos - TotemGuard<\/title>\n<meta name=\"description\" content=\"Documentaci\u00f3n NetSupport Notify. En esta p\u00e1gina encontraras manuales y documentaci\u00f3n sobre NetSupport Notify.\" \/>\n<meta name=\"robots\" content=\"index, follow, max-snippet:-1, max-image-preview:large, max-video-preview:-1\" \/>\n<link rel=\"canonical\" href=\"https:\/\/totemguard.com\/netsupport-notify\/mensajes-ordenadores-red-documentacion-videos-recursos\/\" \/>\n<meta property=\"og:locale\" content=\"es_ES\" \/>\n<meta property=\"og:type\" content=\"article\" \/>\n<meta property=\"og:title\" content=\"NetSupport Notify Recursos - TotemGuard\" \/>\n<meta property=\"og:description\" content=\"Documentaci\u00f3n NetSupport Notify. En esta p\u00e1gina encontraras manuales y documentaci\u00f3n sobre NetSupport Notify.\" \/>\n<meta property=\"og:url\" content=\"https:\/\/totemguard.com\/netsupport-notify\/mensajes-ordenadores-red-documentacion-videos-recursos\/\" \/>\n<meta property=\"og:site_name\" content=\"TotemGuard\" \/>\n<meta property=\"article:modified_time\" content=\"2026-01-13T12:54:57+00:00\" \/>\n<meta property=\"og:image\" content=\"https:\/\/www.totemguard.com\/img\/netsupportNotify\/totemguard-banner.png\" \/>\n<meta name=\"twitter:card\" content=\"summary_large_image\" \/>\n<meta name=\"twitter:label1\" content=\"Tiempo de lectura\" \/>\n\t<meta name=\"twitter:data1\" content=\"1 minuto\" \/>\n<script type=\"application\/ld+json\" class=\"yoast-schema-graph\">{\"@context\":\"https:\\\/\\\/schema.org\",\"@graph\":[{\"@type\":\"WebPage\",\"@id\":\"https:\\\/\\\/totemguard.com\\\/netsupport-notify\\\/mensajes-ordenadores-red-documentacion-videos-recursos\\\/\",\"url\":\"https:\\\/\\\/totemguard.com\\\/netsupport-notify\\\/mensajes-ordenadores-red-documentacion-videos-recursos\\\/\",\"name\":\"NetSupport Notify Recursos - TotemGuard\",\"isPartOf\":{\"@id\":\"https:\\\/\\\/totemguard.com\\\/netsupport-notify\\\/#website\"},\"primaryImageOfPage\":{\"@id\":\"https:\\\/\\\/totemguard.com\\\/netsupport-notify\\\/mensajes-ordenadores-red-documentacion-videos-recursos\\\/#primaryimage\"},\"image\":{\"@id\":\"https:\\\/\\\/totemguard.com\\\/netsupport-notify\\\/mensajes-ordenadores-red-documentacion-videos-recursos\\\/#primaryimage\"},\"thumbnailUrl\":\"https:\\\/\\\/www.totemguard.com\\\/img\\\/netsupportNotify\\\/totemguard-banner.png\",\"datePublished\":\"2020-06-29T17:04:17+00:00\",\"dateModified\":\"2026-01-13T12:54:57+00:00\",\"description\":\"Documentaci\u00f3n NetSupport Notify. En esta p\u00e1gina encontraras manuales y documentaci\u00f3n sobre NetSupport Notify.\",\"breadcrumb\":{\"@id\":\"https:\\\/\\\/totemguard.com\\\/netsupport-notify\\\/mensajes-ordenadores-red-documentacion-videos-recursos\\\/#breadcrumb\"},\"inLanguage\":\"es\",\"potentialAction\":[{\"@type\":\"ReadAction\",\"target\":[\"https:\\\/\\\/totemguard.com\\\/netsupport-notify\\\/mensajes-ordenadores-red-documentacion-videos-recursos\\\/\"]}]},{\"@type\":\"ImageObject\",\"inLanguage\":\"es\",\"@id\":\"https:\\\/\\\/totemguard.com\\\/netsupport-notify\\\/mensajes-ordenadores-red-documentacion-videos-recursos\\\/#primaryimage\",\"url\":\"https:\\\/\\\/www.totemguard.com\\\/img\\\/netsupportNotify\\\/totemguard-banner.png\",\"contentUrl\":\"https:\\\/\\\/www.totemguard.com\\\/img\\\/netsupportNotify\\\/totemguard-banner.png\"},{\"@type\":\"BreadcrumbList\",\"@id\":\"https:\\\/\\\/totemguard.com\\\/netsupport-notify\\\/mensajes-ordenadores-red-documentacion-videos-recursos\\\/#breadcrumb\",\"itemListElement\":[{\"@type\":\"ListItem\",\"position\":1,\"name\":\"Home\",\"item\":\"https:\\\/\\\/www.totemguard.com\\\/netsupport-notify\\\/mensajes-ordenadores-red\\\/\"},{\"@type\":\"ListItem\",\"position\":2,\"name\":\"NetSupport Notify Recursos\"}]},{\"@type\":\"WebSite\",\"@id\":\"https:\\\/\\\/totemguard.com\\\/netsupport-notify\\\/#website\",\"url\":\"https:\\\/\\\/totemguard.com\\\/netsupport-notify\\\/\",\"name\":\"TotemGuard\",\"description\":\"Software de env\u00edo de alertas a trav\u00e9s de la red\",\"potentialAction\":[{\"@type\":\"SearchAction\",\"target\":{\"@type\":\"EntryPoint\",\"urlTemplate\":\"https:\\\/\\\/totemguard.com\\\/netsupport-notify\\\/?s={search_term_string}\"},\"query-input\":{\"@type\":\"PropertyValueSpecification\",\"valueRequired\":true,\"valueName\":\"search_term_string\"}}],\"inLanguage\":\"es\"}]}<\/script>\n<!-- \/ Yoast SEO plugin. -->","yoast_head_json":{"title":"NetSupport Notify Recursos - TotemGuard","description":"Documentaci\u00f3n NetSupport Notify. En esta p\u00e1gina encontraras manuales y documentaci\u00f3n sobre NetSupport Notify.","robots":{"index":"index","follow":"follow","max-snippet":"max-snippet:-1","max-image-preview":"max-image-preview:large","max-video-preview":"max-video-preview:-1"},"canonical":"https:\/\/totemguard.com\/netsupport-notify\/mensajes-ordenadores-red-documentacion-videos-recursos\/","og_locale":"es_ES","og_type":"article","og_title":"NetSupport Notify Recursos - TotemGuard","og_description":"Documentaci\u00f3n NetSupport Notify. En esta p\u00e1gina encontraras manuales y documentaci\u00f3n sobre NetSupport Notify.","og_url":"https:\/\/totemguard.com\/netsupport-notify\/mensajes-ordenadores-red-documentacion-videos-recursos\/","og_site_name":"TotemGuard","article_modified_time":"2026-01-13T12:54:57+00:00","og_image":[{"url":"https:\/\/www.totemguard.com\/img\/netsupportNotify\/totemguard-banner.png","type":"","width":"","height":""}],"twitter_card":"summary_large_image","twitter_misc":{"Tiempo de lectura":"1 minuto"},"schema":{"@context":"https:\/\/schema.org","@graph":[{"@type":"WebPage","@id":"https:\/\/totemguard.com\/netsupport-notify\/mensajes-ordenadores-red-documentacion-videos-recursos\/","url":"https:\/\/totemguard.com\/netsupport-notify\/mensajes-ordenadores-red-documentacion-videos-recursos\/","name":"NetSupport Notify Recursos - TotemGuard","isPartOf":{"@id":"https:\/\/totemguard.com\/netsupport-notify\/#website"},"primaryImageOfPage":{"@id":"https:\/\/totemguard.com\/netsupport-notify\/mensajes-ordenadores-red-documentacion-videos-recursos\/#primaryimage"},"image":{"@id":"https:\/\/totemguard.com\/netsupport-notify\/mensajes-ordenadores-red-documentacion-videos-recursos\/#primaryimage"},"thumbnailUrl":"https:\/\/www.totemguard.com\/img\/netsupportNotify\/totemguard-banner.png","datePublished":"2020-06-29T17:04:17+00:00","dateModified":"2026-01-13T12:54:57+00:00","description":"Documentaci\u00f3n NetSupport Notify. En esta p\u00e1gina encontraras manuales y documentaci\u00f3n sobre NetSupport Notify.","breadcrumb":{"@id":"https:\/\/totemguard.com\/netsupport-notify\/mensajes-ordenadores-red-documentacion-videos-recursos\/#breadcrumb"},"inLanguage":"es","potentialAction":[{"@type":"ReadAction","target":["https:\/\/totemguard.com\/netsupport-notify\/mensajes-ordenadores-red-documentacion-videos-recursos\/"]}]},{"@type":"ImageObject","inLanguage":"es","@id":"https:\/\/totemguard.com\/netsupport-notify\/mensajes-ordenadores-red-documentacion-videos-recursos\/#primaryimage","url":"https:\/\/www.totemguard.com\/img\/netsupportNotify\/totemguard-banner.png","contentUrl":"https:\/\/www.totemguard.com\/img\/netsupportNotify\/totemguard-banner.png"},{"@type":"BreadcrumbList","@id":"https:\/\/totemguard.com\/netsupport-notify\/mensajes-ordenadores-red-documentacion-videos-recursos\/#breadcrumb","itemListElement":[{"@type":"ListItem","position":1,"name":"Home","item":"https:\/\/www.totemguard.com\/netsupport-notify\/mensajes-ordenadores-red\/"},{"@type":"ListItem","position":2,"name":"NetSupport Notify Recursos"}]},{"@type":"WebSite","@id":"https:\/\/totemguard.com\/netsupport-notify\/#website","url":"https:\/\/totemguard.com\/netsupport-notify\/","name":"TotemGuard","description":"Software de env\u00edo de alertas a trav\u00e9s de la red","potentialAction":[{"@type":"SearchAction","target":{"@type":"EntryPoint","urlTemplate":"https:\/\/totemguard.com\/netsupport-notify\/?s={search_term_string}"},"query-input":{"@type":"PropertyValueSpecification","valueRequired":true,"valueName":"search_term_string"}}],"inLanguage":"es"}]}},"_links":{"self":[{"href":"https:\/\/totemguard.com\/netsupport-notify\/wp-json\/wp\/v2\/pages\/546","targetHints":{"allow":["GET"]}}],"collection":[{"href":"https:\/\/totemguard.com\/netsupport-notify\/wp-json\/wp\/v2\/pages"}],"about":[{"href":"https:\/\/totemguard.com\/netsupport-notify\/wp-json\/wp\/v2\/types\/page"}],"author":[{"embeddable":true,"href":"https:\/\/totemguard.com\/netsupport-notify\/wp-json\/wp\/v2\/users\/1"}],"replies":[{"embeddable":true,"href":"https:\/\/totemguard.com\/netsupport-notify\/wp-json\/wp\/v2\/comments?post=546"}],"version-history":[{"count":45,"href":"https:\/\/totemguard.com\/netsupport-notify\/wp-json\/wp\/v2\/pages\/546\/revisions"}],"predecessor-version":[{"id":1070,"href":"https:\/\/totemguard.com\/netsupport-notify\/wp-json\/wp\/v2\/pages\/546\/revisions\/1070"}],"wp:attachment":[{"href":"https:\/\/totemguard.com\/netsupport-notify\/wp-json\/wp\/v2\/media?parent=546"}],"curies":[{"name":"wp","href":"https:\/\/api.w.org\/{rel}","templated":true}]}}