{"id":538,"date":"2020-06-29T17:04:17","date_gmt":"2020-06-29T17:04:17","guid":{"rendered":"https:\/\/www.totemguard.com\/netsupport-notify\/?page_id=538"},"modified":"2026-01-13T12:54:39","modified_gmt":"2026-01-13T12:54:39","slug":"mensajes-ordenadores-red-productos-complementarios","status":"publish","type":"page","link":"https:\/\/totemguard.com\/netsupport-notify\/mensajes-ordenadores-red-productos-complementarios\/","title":{"rendered":"NetSupport Notify Otros Productos"},"content":{"rendered":"<p><img loading=\"lazy\" decoding=\"async\" class=\"op3-element__image op3-element-image__image\" src=\"https:\/\/www.totemguard.com\/img\/netsupportNotify\/totemguard-banner.png\" alt=\"\" title=\"\" width=\"512\" height=\"256\" data-op3-attachment-id=\"\" \/><img loading=\"lazy\" decoding=\"async\" class=\"op3-element__image op3-element-image__image\" src=\"https:\/\/www.totemguard.com\/img\/netsupportNotify\/NSN-mini.png\" alt=\"\" title=\"\" width=\"512\" height=\"256\" data-op3-attachment-id=\"\" \/><\/p>\n<h2>Productos Complementarios<\/h2>\n<p><img loading=\"lazy\" decoding=\"async\" class=\"op3-element__image op3-element-image__image\" src=\"https:\/\/www.totemguard.com\/img\/netsupportNotify\/nsm.png\" alt=\"\" title=\"\" width=\"512\" height=\"256\" data-op3-attachment-id=\"\" \/><\/p>\n<h2>Control Remoto<\/h2>\n<p>Si deseas reducir dr\u00e1sticamente tus costes helpdesk, simplificar las tareas de gesti\u00f3n y ofrecer la posibilidad de trabajar remotamente con movilidad y seguridad, no dejes de probar este software.<\/p>\n<p>NetSupport Manager es la herramienta de control remoto m\u00e1s completa del mercado. Est\u00e1 pensada para quienes necesitan controlar al m\u00e1ximo su seguridad, cumplir con niveles altos de protecci\u00f3n de datos y LOPD sin que sus datos pasen por redes de terceros.<\/p>\n<p>Con NetSupport Manager t\u00fa controlas todas tus comunicaciones. En definitiva, te permitir\u00e1 una mejora de productividad, satisfacci\u00f3n del cliente y flexibilidad organizativa.<\/p>\n<p>Con m\u00e1s de 8.500.000 sistemas gestionados y m\u00e1s de 21 a\u00f1os de desarrollo, NetSupport Manager es sin duda el l\u00edder de su mercado.<\/p>\n<p><a href=\"https:\/\/totemguard.com\/netsupport-manager\/control-remoto-windows-linux-mac\/\" target=\"_blank\">Conoce NetSupport Manager m\u00e1s a fondo y desc\u00e1rgate la demo<\/a><\/p>\n<p><img loading=\"lazy\" decoding=\"async\" class=\"op3-element__image op3-element-image__image\" src=\"https:\/\/www.totemguard.com\/img\/netsupportNotify\/dna.png\" alt=\"\" title=\"\" width=\"500\" height=\"101\" data-op3-attachment-id=\"\" \/><img loading=\"lazy\" decoding=\"async\" class=\"op3-element__image op3-element-image__image\" src=\"https:\/\/www.totemguard.com\/img\/netsupportNotify\/NSS.png\" alt=\"\" title=\"\" width=\"500\" height=\"91\" data-op3-attachment-id=\"\" \/><\/p>\n<h2>Gesti\u00f3n de Activos<\/h2>\n<p>Si realizar un inventario del software y del hardware instalado en la red se convierte en un proceso manual que puede llevarte horas, automatiza todas estas tareas con NetSupport DNA<\/p>\n<p>NetSupport DNA es un gestor de activos TI dirigido a redes medianas y grandes pero con la ventaja competitiva de tener una r\u00e1pida instalaci\u00f3n y sin necesitad de invertir horas de formaci\u00f3n y consultor\u00eda por su facilidad de uso.<\/p>\n<p>NetSupport DNA permite recuperar miles de euros escondidos en la red y rescatar presupuesto perdido gracias a sus precisos informes. Asimismo ofrece control de usuarios para prevenir problemas en la red y eliminar riesgos de pirater\u00eda.<\/p>\n<p><a href=\"https:\/\/totemguard.com\/netsupport-dna\/inventario-hardware-software-licencias\/\" target=\"_blank\">Conoce NetSupport DNA m\u00e1s a fondo y desc\u00e1rgate la demo<\/a><\/p>\n<h2>Gesti\u00f3n de Aulas<\/h2>\n<h5>Gesti\u00f3n de aulas Windows, Android o iOS<\/h5>\n<h5>NetSupport School es la herramienta l\u00edder para la gesti\u00f3n del aula en entornos Windows, Android e iOS. Te ofrece:<\/h5>\n<h5>\u2013&gt; Gesti\u00f3n completa de la clase<\/h5>\n<h5>\u2013&gt; Visualizaci\u00f3n y control de pantallas de los estudiantes<\/h5>\n<h5>\u2013&gt; Monitorizaci\u00f3n de Internet, aplicaciones, chats y teclado<\/h5>\n<h5>\u2013&gt; Mejor uso de la pizarra digital (PDI)<\/h5>\n<h5>\u2013&gt; Gesti\u00f3n de impresoras, USBs y CD\/DVDs<\/h5>\n<h5>\u2013&gt; Supervisi\u00f3n del audio para aula de idiomas y m\u00fasica<\/h5>\n<h5>\u2013&gt; Encuestas de estudiantes y ex\u00e1menes<\/h5>\n<h5>\u2013&gt; Consola t\u00e9cnica para el administrador t\u00e9cnico del centro<\/h5>\n<h5>NetSupport School y Assist funcionan conjuntamente en entornos de aula multiplataforma o de doble arranque: el profesor podr\u00e1 ver, controlar e interactuar con todos los alumnos independientemente de qu\u00e9 sistema operativo est\u00e9n usando.<\/h5>\n<p><a href=\"https:\/\/totemguard.com\/netsupport-school\/control-gestion-aula-tic\/\" target=\"_blank\">Conoce NetSupport School m\u00e1s a fondo y desc\u00e1rgate la demo<\/a><\/p>\n<p>Contacta con nosotros:<\/p>\n<p>Ronda General Mitre 126, Planta 6<br \/>\n08021 Barcelona<\/p>\n<p>Tel. 93 200 00 88<\/p>\n<p>comercial@totemguard.com<\/p>\n<p>Nuestros productos<\/p>\n<p><img loading=\"lazy\" decoding=\"async\" class=\"op3-element__image op3-element-image__image\" src=\"https:\/\/totemguard.com\/img\/totemfootericons\/dnaico.png\" alt=\"DNA Icon\" title=\"\" width=\"512\" height=\"256\" data-op3-attachment-id=\"\" \/><\/p>\n<p><a href=\"https:\/\/totemguard.com\/netsupport-dna\/inventario-hardware-software-licencias\/\">NetSupport DNA<\/a><\/p>\n<p><img loading=\"lazy\" decoding=\"async\" class=\"op3-element__image op3-element-image__image\" src=\"https:\/\/totemguard.com\/img\/totemfootericons\/nsmico.png\" alt=\"NSM Ico\" title=\"\" width=\"26\" height=\"26\" data-op3-attachment-id=\"\" \/><\/p>\n<p><a href=\"https:\/\/totemguard.com\/netsupport-manager\/control-remoto-windows-linux-mac\/\">NetSupport Manager<\/a><\/p>\n<p><img loading=\"lazy\" decoding=\"async\" class=\"op3-element__image op3-element-image__image\" src=\"https:\/\/totemguard.com\/img\/totemfootericons\/nssico.png\" alt=\"NSS Ico\" title=\"\" width=\"26\" height=\"26\" data-op3-attachment-id=\"\" \/><\/p>\n<p><a href=\"https:\/\/totemguard.com\/netsupport-school\/control-gestion-aula-tic\/\">NetSupport School<\/a><\/p>\n<p><img loading=\"lazy\" decoding=\"async\" class=\"op3-element__image op3-element-image__image\" src=\"https:\/\/totemguard.com\/img\/totemfootericons\/nsnico.png\" alt=\"NSN Ico\" title=\"\" width=\"26\" height=\"26\" data-op3-attachment-id=\"\" \/><\/p>\n<p><a href=\"https:\/\/totemguard.com\/netsupport-notify\/mensajes-ordenadores-red\/\">NetSupport Notify<\/a><\/p>\n<\/p>\n<p><img loading=\"lazy\" decoding=\"async\" class=\"op3-element__image op3-element-image__image\" src=\"https:\/\/totemguard.com\/img\/totemfootericons\/247connectico.png\" alt=\"247 Ico\" title=\"\" width=\"26\" height=\"26\" data-op3-attachment-id=\"\" \/><\/p>\n<p><a href=\"https:\/\/totemguard.com\/247-connect\/control-remoto-seguro-en-la-nube\/\">NetSupport 247 Connect<\/a><\/p>\n<p><img loading=\"lazy\" decoding=\"async\" class=\"op3-element__image op3-element-image__image\" src=\"https:\/\/totemguard.com\/img\/totemfootericons\/logo-icon-color-compass.png\" alt=\"OA Compass ico\" title=\"\" width=\"26\" height=\"26\" data-op3-attachment-id=\"\" \/><\/p>\n<p><a href=\"https:\/\/totemguard.com\/openathens-compass\/gestion-centralizada-recursos-electronicos\/\">OpenAthens Compass<\/a><\/p>\n<p><img loading=\"lazy\" decoding=\"async\" class=\"op3-element__image op3-element-image__image\" src=\"https:\/\/totemguard.com\/img\/totemfootericons\/Altaro-logo-1.png\" alt=\"VM Backup Ico\" title=\"\" width=\"26\" height=\"26\" data-op3-attachment-id=\"\" \/><\/p>\n<p><a href=\"https:\/\/totemguard.com\/altaro\/\">Altaro VM Backup<\/a><\/p>\n<p><img loading=\"lazy\" decoding=\"async\" class=\"op3-element__image op3-element-image__image\" src=\"https:\/\/totemguard.com\/img\/totemfootericons\/o-icon-svg-1.png\" alt=\"365 Backup Ico\" title=\"\" width=\"26\" height=\"25\" data-op3-attachment-id=\"\" \/><\/p>\n<p><a href=\"https:\/\/totemguard.com\/altaro\/backup-office-365\/\">365 Total Backup<\/a><\/p>\n<\/p>\n<p><img loading=\"lazy\" decoding=\"async\" class=\"op3-element__image op3-element-image__image\" src=\"https:\/\/totemguard.com\/img\/totemfootericons\/hornetfavicon.png\" alt=\"hornet security ico\" title=\"\" width=\"26\" height=\"26\" data-op3-attachment-id=\"\" \/><\/p>\n<p><a href=\"https:\/\/totemguard.com\/365-total-protection\/\">Total Protection<\/a><\/p>\n<p><img loading=\"lazy\" decoding=\"async\" class=\"op3-element__image op3-element-image__image\" src=\"https:\/\/totemguard.com\/img\/totemfootericons\/hornetfavicon.png\" alt=\"hornet security ico\" title=\"\" width=\"26\" height=\"26\" data-op3-attachment-id=\"\" \/><\/p>\n<p><a href=\"https:\/\/totemguard.com\/security-awareness-training\/\">Security Awareness Service<\/a><\/p>\n<p>  \u00a9  TotemGuard Digital Security &#8211; Ronda General Mitre, 126, Planta 6, 08021 Barcelona &#8211; Tel. 932 00 00 88 &#8211;<br \/>\n  <a href=\"https:\/\/www.totemguard.com\/terminos-y-condiciones\"><br \/>\n    Pol\u00edtica de privacidad, Cookies y Aviso Legal<br \/>\n  <\/a><\/p>\n","protected":false},"excerpt":{"rendered":"<p>Productos Complementarios Control Remoto Si deseas reducir dr\u00e1sticamente tus costes helpdesk, simplificar las tareas de gesti\u00f3n y ofrecer la posibilidad de trabajar remotamente con movilidad y seguridad, no dejes de probar este software. NetSupport Manager es la herramienta de control remoto m\u00e1s completa del mercado. Est\u00e1 pensada para quienes necesitan controlar al m\u00e1ximo su seguridad, &hellip; <\/p>\n<p class=\"link-more\"><a href=\"https:\/\/totemguard.com\/netsupport-notify\/mensajes-ordenadores-red-productos-complementarios\/\" class=\"more-link\">Seguir leyendo<span class=\"screen-reader-text\"> \u00abNetSupport Notify Otros Productos\u00bb<\/span><\/a><\/p>\n","protected":false},"author":1,"featured_media":0,"parent":0,"menu_order":0,"comment_status":"closed","ping_status":"closed","template":"op_builder_blank","meta":{"footnotes":"","_links_to":"","_links_to_target":""},"class_list":["post-538","page","type-page","status-publish","hentry","entry"],"yoast_head":"<!-- This site is optimized with the Yoast SEO plugin v27.3 - https:\/\/yoast.com\/product\/yoast-seo-wordpress\/ -->\n<title>NetSupport Notify Otros Productos - TotemGuard<\/title>\n<meta name=\"description\" content=\"Productos complementarios NetSupport. En esta p\u00e1gina podr\u00e1s ver otros productos de NetSupport para una gesti\u00f3n total de tu red o escuela.\" \/>\n<meta name=\"robots\" content=\"index, follow, max-snippet:-1, max-image-preview:large, max-video-preview:-1\" \/>\n<link rel=\"canonical\" href=\"https:\/\/totemguard.com\/netsupport-notify\/mensajes-ordenadores-red-productos-complementarios\/\" \/>\n<meta property=\"og:locale\" content=\"es_ES\" \/>\n<meta property=\"og:type\" content=\"article\" \/>\n<meta property=\"og:title\" content=\"NetSupport Notify Otros Productos - TotemGuard\" \/>\n<meta property=\"og:description\" content=\"Productos complementarios NetSupport. En esta p\u00e1gina podr\u00e1s ver otros productos de NetSupport para una gesti\u00f3n total de tu red o escuela.\" \/>\n<meta property=\"og:url\" content=\"https:\/\/totemguard.com\/netsupport-notify\/mensajes-ordenadores-red-productos-complementarios\/\" \/>\n<meta property=\"og:site_name\" content=\"TotemGuard\" \/>\n<meta property=\"article:modified_time\" content=\"2026-01-13T12:54:39+00:00\" \/>\n<meta property=\"og:image\" content=\"https:\/\/www.totemguard.com\/img\/netsupportNotify\/totemguard-banner.png\" \/>\n<meta name=\"twitter:card\" content=\"summary_large_image\" \/>\n<meta name=\"twitter:label1\" content=\"Tiempo de lectura\" \/>\n\t<meta name=\"twitter:data1\" content=\"2 minutos\" \/>\n<script type=\"application\/ld+json\" class=\"yoast-schema-graph\">{\"@context\":\"https:\\\/\\\/schema.org\",\"@graph\":[{\"@type\":\"WebPage\",\"@id\":\"https:\\\/\\\/totemguard.com\\\/netsupport-notify\\\/mensajes-ordenadores-red-productos-complementarios\\\/\",\"url\":\"https:\\\/\\\/totemguard.com\\\/netsupport-notify\\\/mensajes-ordenadores-red-productos-complementarios\\\/\",\"name\":\"NetSupport Notify Otros Productos - TotemGuard\",\"isPartOf\":{\"@id\":\"https:\\\/\\\/totemguard.com\\\/netsupport-notify\\\/#website\"},\"primaryImageOfPage\":{\"@id\":\"https:\\\/\\\/totemguard.com\\\/netsupport-notify\\\/mensajes-ordenadores-red-productos-complementarios\\\/#primaryimage\"},\"image\":{\"@id\":\"https:\\\/\\\/totemguard.com\\\/netsupport-notify\\\/mensajes-ordenadores-red-productos-complementarios\\\/#primaryimage\"},\"thumbnailUrl\":\"https:\\\/\\\/www.totemguard.com\\\/img\\\/netsupportNotify\\\/totemguard-banner.png\",\"datePublished\":\"2020-06-29T17:04:17+00:00\",\"dateModified\":\"2026-01-13T12:54:39+00:00\",\"description\":\"Productos complementarios NetSupport. En esta p\u00e1gina podr\u00e1s ver otros productos de NetSupport para una gesti\u00f3n total de tu red o escuela.\",\"breadcrumb\":{\"@id\":\"https:\\\/\\\/totemguard.com\\\/netsupport-notify\\\/mensajes-ordenadores-red-productos-complementarios\\\/#breadcrumb\"},\"inLanguage\":\"es\",\"potentialAction\":[{\"@type\":\"ReadAction\",\"target\":[\"https:\\\/\\\/totemguard.com\\\/netsupport-notify\\\/mensajes-ordenadores-red-productos-complementarios\\\/\"]}]},{\"@type\":\"ImageObject\",\"inLanguage\":\"es\",\"@id\":\"https:\\\/\\\/totemguard.com\\\/netsupport-notify\\\/mensajes-ordenadores-red-productos-complementarios\\\/#primaryimage\",\"url\":\"https:\\\/\\\/www.totemguard.com\\\/img\\\/netsupportNotify\\\/totemguard-banner.png\",\"contentUrl\":\"https:\\\/\\\/www.totemguard.com\\\/img\\\/netsupportNotify\\\/totemguard-banner.png\"},{\"@type\":\"BreadcrumbList\",\"@id\":\"https:\\\/\\\/totemguard.com\\\/netsupport-notify\\\/mensajes-ordenadores-red-productos-complementarios\\\/#breadcrumb\",\"itemListElement\":[{\"@type\":\"ListItem\",\"position\":1,\"name\":\"Home\",\"item\":\"https:\\\/\\\/www.totemguard.com\\\/netsupport-notify\\\/mensajes-ordenadores-red\\\/\"},{\"@type\":\"ListItem\",\"position\":2,\"name\":\"NetSupport Notify Otros Productos\"}]},{\"@type\":\"WebSite\",\"@id\":\"https:\\\/\\\/totemguard.com\\\/netsupport-notify\\\/#website\",\"url\":\"https:\\\/\\\/totemguard.com\\\/netsupport-notify\\\/\",\"name\":\"TotemGuard\",\"description\":\"Software de env\u00edo de alertas a trav\u00e9s de la red\",\"potentialAction\":[{\"@type\":\"SearchAction\",\"target\":{\"@type\":\"EntryPoint\",\"urlTemplate\":\"https:\\\/\\\/totemguard.com\\\/netsupport-notify\\\/?s={search_term_string}\"},\"query-input\":{\"@type\":\"PropertyValueSpecification\",\"valueRequired\":true,\"valueName\":\"search_term_string\"}}],\"inLanguage\":\"es\"}]}<\/script>\n<!-- \/ Yoast SEO plugin. -->","yoast_head_json":{"title":"NetSupport Notify Otros Productos - TotemGuard","description":"Productos complementarios NetSupport. En esta p\u00e1gina podr\u00e1s ver otros productos de NetSupport para una gesti\u00f3n total de tu red o escuela.","robots":{"index":"index","follow":"follow","max-snippet":"max-snippet:-1","max-image-preview":"max-image-preview:large","max-video-preview":"max-video-preview:-1"},"canonical":"https:\/\/totemguard.com\/netsupport-notify\/mensajes-ordenadores-red-productos-complementarios\/","og_locale":"es_ES","og_type":"article","og_title":"NetSupport Notify Otros Productos - TotemGuard","og_description":"Productos complementarios NetSupport. En esta p\u00e1gina podr\u00e1s ver otros productos de NetSupport para una gesti\u00f3n total de tu red o escuela.","og_url":"https:\/\/totemguard.com\/netsupport-notify\/mensajes-ordenadores-red-productos-complementarios\/","og_site_name":"TotemGuard","article_modified_time":"2026-01-13T12:54:39+00:00","og_image":[{"url":"https:\/\/www.totemguard.com\/img\/netsupportNotify\/totemguard-banner.png","type":"","width":"","height":""}],"twitter_card":"summary_large_image","twitter_misc":{"Tiempo de lectura":"2 minutos"},"schema":{"@context":"https:\/\/schema.org","@graph":[{"@type":"WebPage","@id":"https:\/\/totemguard.com\/netsupport-notify\/mensajes-ordenadores-red-productos-complementarios\/","url":"https:\/\/totemguard.com\/netsupport-notify\/mensajes-ordenadores-red-productos-complementarios\/","name":"NetSupport Notify Otros Productos - TotemGuard","isPartOf":{"@id":"https:\/\/totemguard.com\/netsupport-notify\/#website"},"primaryImageOfPage":{"@id":"https:\/\/totemguard.com\/netsupport-notify\/mensajes-ordenadores-red-productos-complementarios\/#primaryimage"},"image":{"@id":"https:\/\/totemguard.com\/netsupport-notify\/mensajes-ordenadores-red-productos-complementarios\/#primaryimage"},"thumbnailUrl":"https:\/\/www.totemguard.com\/img\/netsupportNotify\/totemguard-banner.png","datePublished":"2020-06-29T17:04:17+00:00","dateModified":"2026-01-13T12:54:39+00:00","description":"Productos complementarios NetSupport. En esta p\u00e1gina podr\u00e1s ver otros productos de NetSupport para una gesti\u00f3n total de tu red o escuela.","breadcrumb":{"@id":"https:\/\/totemguard.com\/netsupport-notify\/mensajes-ordenadores-red-productos-complementarios\/#breadcrumb"},"inLanguage":"es","potentialAction":[{"@type":"ReadAction","target":["https:\/\/totemguard.com\/netsupport-notify\/mensajes-ordenadores-red-productos-complementarios\/"]}]},{"@type":"ImageObject","inLanguage":"es","@id":"https:\/\/totemguard.com\/netsupport-notify\/mensajes-ordenadores-red-productos-complementarios\/#primaryimage","url":"https:\/\/www.totemguard.com\/img\/netsupportNotify\/totemguard-banner.png","contentUrl":"https:\/\/www.totemguard.com\/img\/netsupportNotify\/totemguard-banner.png"},{"@type":"BreadcrumbList","@id":"https:\/\/totemguard.com\/netsupport-notify\/mensajes-ordenadores-red-productos-complementarios\/#breadcrumb","itemListElement":[{"@type":"ListItem","position":1,"name":"Home","item":"https:\/\/www.totemguard.com\/netsupport-notify\/mensajes-ordenadores-red\/"},{"@type":"ListItem","position":2,"name":"NetSupport Notify Otros Productos"}]},{"@type":"WebSite","@id":"https:\/\/totemguard.com\/netsupport-notify\/#website","url":"https:\/\/totemguard.com\/netsupport-notify\/","name":"TotemGuard","description":"Software de env\u00edo de alertas a trav\u00e9s de la red","potentialAction":[{"@type":"SearchAction","target":{"@type":"EntryPoint","urlTemplate":"https:\/\/totemguard.com\/netsupport-notify\/?s={search_term_string}"},"query-input":{"@type":"PropertyValueSpecification","valueRequired":true,"valueName":"search_term_string"}}],"inLanguage":"es"}]}},"_links":{"self":[{"href":"https:\/\/totemguard.com\/netsupport-notify\/wp-json\/wp\/v2\/pages\/538","targetHints":{"allow":["GET"]}}],"collection":[{"href":"https:\/\/totemguard.com\/netsupport-notify\/wp-json\/wp\/v2\/pages"}],"about":[{"href":"https:\/\/totemguard.com\/netsupport-notify\/wp-json\/wp\/v2\/types\/page"}],"author":[{"embeddable":true,"href":"https:\/\/totemguard.com\/netsupport-notify\/wp-json\/wp\/v2\/users\/1"}],"replies":[{"embeddable":true,"href":"https:\/\/totemguard.com\/netsupport-notify\/wp-json\/wp\/v2\/comments?post=538"}],"version-history":[{"count":47,"href":"https:\/\/totemguard.com\/netsupport-notify\/wp-json\/wp\/v2\/pages\/538\/revisions"}],"predecessor-version":[{"id":1068,"href":"https:\/\/totemguard.com\/netsupport-notify\/wp-json\/wp\/v2\/pages\/538\/revisions\/1068"}],"wp:attachment":[{"href":"https:\/\/totemguard.com\/netsupport-notify\/wp-json\/wp\/v2\/media?parent=538"}],"curies":[{"name":"wp","href":"https:\/\/api.w.org\/{rel}","templated":true}]}}