{"id":503,"date":"2020-06-29T17:04:17","date_gmt":"2020-06-29T17:04:17","guid":{"rendered":"https:\/\/www.totemguard.com\/netsupport-notify\/?page_id=503"},"modified":"2026-02-26T15:09:22","modified_gmt":"2026-02-26T15:09:22","slug":"mensajes-ordenadores-red-funcionalidades","status":"publish","type":"page","link":"https:\/\/totemguard.com\/netsupport-notify\/mensajes-ordenadores-red-funcionalidades\/","title":{"rendered":"NetSupport Notify Funcionalidades"},"content":{"rendered":"<p><img loading=\"lazy\" decoding=\"async\" class=\"op3-element__image op3-element-image__image\" src=\"https:\/\/www.totemguard.com\/img\/netsupportNotify\/totemguard-banner.png\" alt=\"\" title=\"\" width=\"512\" height=\"256\" data-op3-attachment-id=\"\" \/><img loading=\"lazy\" decoding=\"async\" class=\"op3-element__image op3-element-image__image\" src=\"https:\/\/www.totemguard.com\/img\/netsupportNotify\/NSN-mini.png\" alt=\"\" title=\"\" width=\"512\" height=\"256\" data-op3-attachment-id=\"\" \/><\/p>\n<h2>NUEVO: INTERFAZ TOTALMENTE RENOVADA<\/h2>\n<p>Se ha refrescado la interfaz de usuario para hacer que su uso sea a\u00fan m\u00e1s r\u00e1pido y pr\u00e1ctico&nbsp;&nbsp;<\/p>\n<p><img loading=\"lazy\" decoding=\"async\" class=\"op3-element__image op3-element-image__image\" src=\"https:\/\/www.totemguard.com\/netsupport-notify\/wp-content\/uploads\/2020\/06\/NuevaInterfaz.png\" alt=\"\" title=\"\" width=\"512\" height=\"256\" data-op3-attachment-id=\"\" \/><\/p>\n<h2>NUEVO: ENVIAR A INTERVALOS IP<\/h2>\n<p>Adem\u00e1s de enviar notificaciones mediante Active Directory, tambi\u00e9n se pueden enviar a intervalos IP, algo que resulta muy \u00fatil para organizaciones con redes dispersas.&nbsp;&nbsp;<\/p>\n<p><img loading=\"lazy\" decoding=\"async\" class=\"op3-element__image op3-element-image__image\" src=\"https:\/\/www.totemguard.com\/netsupport-notify\/wp-content\/uploads\/2020\/06\/IntervalosIP.png\" alt=\"\" title=\"\" width=\"1456\" height=\"645\" data-op3-attachment-id=\"\" \/><\/p>\n<h2>NUEVO: HISTORIAL MEJORADO<\/h2>\n<p>Ahora las alertas de respuesta de emergencia aparecen de forma predeterminada en la lista de historial, y pueden anclarse en la parte superior para que resulte m\u00e1s f\u00e1cil encontrar las m\u00e1s importantes y volver a utilizarlas. Las alertas ancladas aparecer\u00e1n siempre al principio de la lista, independientemente de cualquier b\u00fasqueda por fecha.&nbsp;&nbsp;<\/p>\n<p><img loading=\"lazy\" decoding=\"async\" class=\"op3-element__image op3-element-image__image\" src=\"https:\/\/www.totemguard.com\/netsupport-notify\/wp-content\/uploads\/2020\/06\/HistorialNotificaciones.png\" alt=\"\" title=\"\" width=\"1453\" height=\"941\" data-op3-attachment-id=\"\" \/><\/p>\n<h2>NUEVO:&nbsp;MAS PERSONALIZACI\u00d3N<\/h2>\n<p>NetSupport Notify se puede personalizar a\u00fan m\u00e1s para adaptarse perfectamente a su organizaci\u00f3n y sus requisitos. Se puede cambiar la fuente y tama\u00f1o de texto en cada mensaje para reflejar su marca, y tambi\u00e9n puede crear sus propios iconos de niveles de seriedad (con su propio texto, fuente y colores) seg\u00fan el tipo de mensajes que desee enviar.<\/p>\n<p><img loading=\"lazy\" decoding=\"async\" class=\"op3-element__image op3-element-image__image\" src=\"https:\/\/www.totemguard.com\/netsupport-notify\/wp-content\/uploads\/2020\/06\/Personalizacion.png\" alt=\"\" title=\"\" width=\"1136\" height=\"776\" data-op3-attachment-id=\"\" \/><\/p>\n<h2>NUEVO:&nbsp;&nbsp;VER MENSAJE COMPLETOISTORIAL MEJORADO<\/h2>\n<p>Para que los destinatarios puedan leer y confirmar alertas a\u00fan m\u00e1s r\u00e1pidamente, ahora se puede hacer visible el mensaje completo cuando se env\u00eda una notificaci\u00f3n (en vez de tener que utilizar la barra de desplazamiento para poder ver todo el texto).<\/p>\n<p><img loading=\"lazy\" decoding=\"async\" class=\"op3-element__image op3-element-image__image\" src=\"https:\/\/www.totemguard.com\/netsupport-notify\/wp-content\/uploads\/2020\/06\/HistorialNotificaciones.png\" alt=\"\" title=\"\" width=\"1453\" height=\"941\" data-op3-attachment-id=\"\" \/><\/p>\n<h2>IDEAL PARA PANTALLAS GRANDES DE INFORMACI\u00d3N AL P\u00daBLICO<\/h2>\n<p>Est\u00e1 pensado para poder mandar avisos, alertas y notificaciones a pantallas de informaci\u00f3n al p\u00fablico y asegurarte que sean vistos. Por ejemplo, en centros comerciales, edificios p\u00fablicos, estaciones de tren o autob\u00fas&#8230;<\/p>\n<p><img loading=\"lazy\" decoding=\"async\" class=\"op3-element__image op3-element-image__image\" src=\"https:\/\/www.totemguard.com\/img\/netsupportNotify\/netsupport-notify-alert.png\" alt=\"\" title=\"\" width=\"452\" height=\"394\" data-op3-attachment-id=\"\" \/><\/p>\n<h2>YA PUEDES MANDAR AVISOS A UN SOLO DESTINATARIO<\/h2>\n<p>Con la nueva versi\u00f3n 5 de NetSupport Notify ya puedes elegir exactamente a qui\u00e9n enviar tu mensaje. si anteriormente s\u00f3lo pod\u00edas enviarlo a un departamento o a toda tu organizaci\u00f3n, ahora tambi\u00e9n puedes elegir a usuarios individuales.<\/p>\n<p><img loading=\"lazy\" decoding=\"async\" class=\"op3-element__image op3-element-image__image\" src=\"https:\/\/www.totemguard.com\/netsupport-notify\/wp-content\/uploads\/2020\/06\/Enviara1usuario.png\" alt=\"\" title=\"\" width=\"858\" height=\"373\" data-op3-attachment-id=\"\" \/><a aria-label=\"Button link\" class=\"op3-element__tcp--non-a op3-link op3-background-ancestor\" target=\"_self\"  data-op-action=\"popoverlay\" data-op-popoverlay-trigger=\"4f0sFyBW\" data-op-select-funnel-step=\"\" data-op3-smooth-scroll=\"\" data-op-effect-style=\"\" data-op-effect-style-hover=\"\" data-op-courseaction=\"\" href=\"#\">Prueba 30 d\u00edas gratis<\/a><\/p>\n<h2>CONSOLA IOS PARA EL ENV\u00cdO Y GESTI\u00d3N DE ALERTAS<\/h2>\n<p>NetSupport Notify se a\u00f1ade soporte para consolas iOS.<\/p>\n<p><img loading=\"lazy\" decoding=\"async\" class=\"op3-element__image op3-element-image__image\" src=\"https:\/\/www.totemguard.com\/img\/netsupportNotify\/nsn-consola-de-mensajes.png\" alt=\"\" title=\"\" width=\"600\" height=\"337\" data-op3-attachment-id=\"\" \/><\/p>\n<h2>ENV\u00cdA UN MENSAJE DE EMERGENCIA CON S\u00d3LO PRESIONAR DOS TECLAS<\/h2>\n<p>Ahora con NetSupport Notify puedes crear mensajes predefinidos para que tus usuarios los usen en situaciones cr\u00edticas que requieran de alguna actuaci\u00f3n r\u00e1pida. Ideal para situaciones peligrosas, evacuar por incendio o llamar a Seguridad. Se mandan autom\u00e1ticamente con s\u00f3lo apretar una combinaci\u00f3n de teclas predefinida.<\/p>\n<p><img loading=\"lazy\" decoding=\"async\" class=\"op3-element__image op3-element-image__image\" src=\"https:\/\/www.totemguard.com\/img\/netsupportNotify\/respuesta-Emergencia-Notify.png\" alt=\"\" title=\"\" width=\"1280\" height=\"953\" data-op3-attachment-id=\"\" \/><\/p>\n<h2>A\u00d1ADE ENLACES WEB O RECURSOS DE RED A TUS AVISOS<\/h2>\n<p>El nuevo NetSupport Notify v.5 te permite incluir v\u00ednculos a sitios web y recursos de red (rutas UNC) en el cuerpo del mensaje.<\/p>\n<p><img loading=\"lazy\" decoding=\"async\" class=\"op3-element__image op3-element-image__image\" src=\"https:\/\/www.totemguard.com\/img\/netsupportNotify\/nsn-alertas-test.png\" alt=\"\" title=\"\" width=\"486\" height=\"291\" data-op3-attachment-id=\"\" \/><\/p>\n<h2>DECIDE CU\u00c1NDO SE MANDA UN AVISO Y SU PRIORIDAD<\/h2>\n<p>NetSupport Notify te permite programar el env\u00edo de notificaciones de forma que se manden en el momento adecuado y con el nivel de prioridad adecuado. Incluso puedes asignar que el mensaje se mande cada semana, mes&#8230; o a intervalos o fechas fijas.<\/p>\n<p><img loading=\"lazy\" decoding=\"async\" class=\"op3-element__image op3-element-image__image\" src=\"https:\/\/www.totemguard.com\/img\/netsupportNotify\/nsn-alertas-desde-escritorio.jpg\" alt=\"\" title=\"\" width=\"600\" height=\"428\" data-op3-attachment-id=\"\" \/><a aria-label=\"Button link\" class=\"op3-element__tcp--non-a op3-link op3-background-ancestor\" target=\"_self\"  data-op-action=\"popoverlay\" data-op-popoverlay-trigger=\"4f0sFyBW\" data-op-select-funnel-step=\"\" data-op3-smooth-scroll=\"0\" data-op-effect-style=\"\" data-op-effect-style-hover=\"\" data-op-courseaction=\"\" href=\"#\">Prueba 30 d\u00edas gratis<\/a><\/p>\n<h2>PERSONALIZA TU MENSAJE CON TOTAL FLEXIBILIDAD<\/h2>\n<p>NetSupport Notify te da flexibilidad total en el env\u00edo de mensajes. podr\u00e1s decidir cu\u00e1ntos segundos quieres que sea visible el aviso, si quieres que el destinatario te confirme su recepci\u00f3n (con acuse de recibo), si quieres que se cierre autom\u00e1ticamente al cabo de X segundos, etc.<\/p>\n<p><img loading=\"lazy\" decoding=\"async\" class=\"op3-element__image op3-element-image__image\" src=\"https:\/\/totemguard.com\/netsupport-notify\/wp-content\/uploads\/2014\/11\/nsn-mensaje-emergencia.png\" alt=\"\" title=\"\" width=\"461\" height=\"545\" data-op3-attachment-id=\"\" \/><\/p>\n<p>Contacta con nosotros:<\/p>\n<p>Ronda General Mitre 126, Planta 6<br \/>\n08021 Barcelona<\/p>\n<p>Tel. 93 200 00 88<\/p>\n<p>comercial@totemguard.com<\/p>\n<p>Nuestros productos<\/p>\n<p><img loading=\"lazy\" decoding=\"async\" class=\"op3-element__image op3-element-image__image\" src=\"https:\/\/totemguard.com\/img\/totemfootericons\/dnaico.png\" alt=\"DNA Icon\" title=\"\" width=\"512\" height=\"256\" data-op3-attachment-id=\"\" \/><\/p>\n<p><a href=\"https:\/\/totemguard.com\/netsupport-dna\/inventario-hardware-software-licencias\/\">NetSupport DNA<\/a><\/p>\n<p><img loading=\"lazy\" decoding=\"async\" class=\"op3-element__image op3-element-image__image\" src=\"https:\/\/totemguard.com\/img\/totemfootericons\/nsmico.png\" alt=\"NSM Ico\" title=\"\" width=\"26\" height=\"26\" data-op3-attachment-id=\"\" \/><\/p>\n<p><a href=\"https:\/\/totemguard.com\/netsupport-manager\/control-remoto-windows-linux-mac\/\">NetSupport Manager<\/a><\/p>\n<p><img loading=\"lazy\" decoding=\"async\" class=\"op3-element__image op3-element-image__image\" src=\"https:\/\/totemguard.com\/img\/totemfootericons\/nssico.png\" alt=\"NSS Ico\" title=\"\" width=\"26\" height=\"26\" data-op3-attachment-id=\"\" \/><\/p>\n<p><a href=\"https:\/\/totemguard.com\/netsupport-school\/control-gestion-aula-tic\/\">NetSupport School<\/a><\/p>\n<p><img loading=\"lazy\" decoding=\"async\" class=\"op3-element__image op3-element-image__image\" src=\"https:\/\/totemguard.com\/img\/totemfootericons\/nsnico.png\" alt=\"NSN Ico\" title=\"\" width=\"26\" height=\"26\" data-op3-attachment-id=\"\" \/><\/p>\n<p><a href=\"https:\/\/totemguard.com\/netsupport-notify\/mensajes-ordenadores-red\/\">NetSupport Notify<\/a><\/p>\n<\/p>\n<p><img loading=\"lazy\" decoding=\"async\" class=\"op3-element__image op3-element-image__image\" src=\"https:\/\/totemguard.com\/img\/totemfootericons\/247connectico.png\" alt=\"247 Ico\" title=\"\" width=\"26\" height=\"26\" data-op3-attachment-id=\"\" \/><\/p>\n<p><a href=\"https:\/\/totemguard.com\/247-connect\/control-remoto-seguro-en-la-nube\/\">NetSupport 247 Connect<\/a><\/p>\n<p><img loading=\"lazy\" decoding=\"async\" class=\"op3-element__image op3-element-image__image\" src=\"https:\/\/totemguard.com\/img\/totemfootericons\/logo-icon-color-compass.png\" alt=\"OA Compass ico\" title=\"\" width=\"26\" height=\"26\" data-op3-attachment-id=\"\" \/><\/p>\n<p><a href=\"https:\/\/totemguard.com\/openathens-compass\/gestion-centralizada-recursos-electronicos\/\">OpenAthens Compass<\/a><\/p>\n<p><img loading=\"lazy\" decoding=\"async\" class=\"op3-element__image op3-element-image__image\" src=\"https:\/\/totemguard.com\/img\/totemfootericons\/Altaro-logo-1.png\" alt=\"VM Backup Ico\" title=\"\" width=\"26\" height=\"26\" data-op3-attachment-id=\"\" \/><\/p>\n<p><a href=\"https:\/\/totemguard.com\/altaro\/\">Altaro VM Backup<\/a><\/p>\n<p><img loading=\"lazy\" decoding=\"async\" class=\"op3-element__image op3-element-image__image\" src=\"https:\/\/totemguard.com\/img\/totemfootericons\/o-icon-svg-1.png\" alt=\"365 Backup Ico\" title=\"\" width=\"26\" height=\"25\" data-op3-attachment-id=\"\" \/><\/p>\n<p><a href=\"https:\/\/totemguard.com\/altaro\/backup-office-365\/\">365 Total Backup<\/a><\/p>\n<\/p>\n<p><img loading=\"lazy\" decoding=\"async\" class=\"op3-element__image op3-element-image__image\" src=\"https:\/\/totemguard.com\/img\/totemfootericons\/hornetfavicon.png\" alt=\"hornet security ico\" title=\"\" width=\"26\" height=\"26\" data-op3-attachment-id=\"\" \/><\/p>\n<p><a href=\"https:\/\/totemguard.com\/365-total-protection\/\">Total Protection<\/a><\/p>\n<p><img loading=\"lazy\" decoding=\"async\" class=\"op3-element__image op3-element-image__image\" src=\"https:\/\/totemguard.com\/img\/totemfootericons\/hornetfavicon.png\" alt=\"hornet security ico\" title=\"\" width=\"26\" height=\"26\" data-op3-attachment-id=\"\" \/><\/p>\n<p><a href=\"https:\/\/totemguard.com\/security-awareness-training\/\">Security Awareness Service<\/a><\/p>\n<p>  \u00a9  TotemGuard Digital Security &#8211; Ronda General Mitre, 126, Planta 6, 08021 Barcelona &#8211; Tel. 932 00 00 88 &#8211;<br \/>\n  <a href=\"https:\/\/www.totemguard.com\/terminos-y-condiciones\"><br \/>\n    Pol\u00edtica de privacidad, Cookies y Aviso Legal<br \/>\n  <\/a><\/p>\n","protected":false},"excerpt":{"rendered":"<p>NUEVO: INTERFAZ TOTALMENTE RENOVADA Se ha refrescado la interfaz de usuario para hacer que su uso sea a\u00fan m\u00e1s r\u00e1pido y pr\u00e1ctico&nbsp;&nbsp; NUEVO: ENVIAR A INTERVALOS IP Adem\u00e1s de enviar notificaciones mediante Active Directory, tambi\u00e9n se pueden enviar a intervalos IP, algo que resulta muy \u00fatil para organizaciones con redes dispersas.&nbsp;&nbsp; NUEVO: HISTORIAL MEJORADO Ahora &hellip; <\/p>\n<p class=\"link-more\"><a href=\"https:\/\/totemguard.com\/netsupport-notify\/mensajes-ordenadores-red-funcionalidades\/\" class=\"more-link\">Seguir leyendo<span class=\"screen-reader-text\"> \u00abNetSupport Notify Funcionalidades\u00bb<\/span><\/a><\/p>\n","protected":false},"author":1,"featured_media":0,"parent":0,"menu_order":0,"comment_status":"closed","ping_status":"closed","template":"op_builder_blank","meta":{"footnotes":"","_links_to":"","_links_to_target":""},"class_list":["post-503","page","type-page","status-publish","hentry","entry"],"yoast_head":"<!-- This site is optimized with the Yoast SEO plugin v27.3 - https:\/\/yoast.com\/product\/yoast-seo-wordpress\/ -->\n<title>NetSupport Notify Funcionalidades - TotemGuard<\/title>\n<meta name=\"description\" content=\"Funcionalidades NetSupport Notify\" \/>\n<meta name=\"robots\" content=\"index, follow, max-snippet:-1, max-image-preview:large, max-video-preview:-1\" \/>\n<link rel=\"canonical\" href=\"https:\/\/totemguard.com\/netsupport-notify\/mensajes-ordenadores-red-funcionalidades\/\" \/>\n<meta property=\"og:locale\" content=\"es_ES\" \/>\n<meta property=\"og:type\" content=\"article\" \/>\n<meta property=\"og:title\" content=\"NetSupport Notify Funcionalidades - TotemGuard\" \/>\n<meta property=\"og:description\" content=\"Funcionalidades NetSupport Notify\" \/>\n<meta property=\"og:url\" content=\"https:\/\/totemguard.com\/netsupport-notify\/mensajes-ordenadores-red-funcionalidades\/\" \/>\n<meta property=\"og:site_name\" content=\"TotemGuard\" \/>\n<meta property=\"article:modified_time\" content=\"2026-02-26T15:09:22+00:00\" \/>\n<meta property=\"og:image\" content=\"https:\/\/www.totemguard.com\/img\/netsupportNotify\/totemguard-banner.png\" \/>\n<meta name=\"twitter:card\" content=\"summary_large_image\" \/>\n<meta name=\"twitter:label1\" content=\"Tiempo de lectura\" \/>\n\t<meta name=\"twitter:data1\" content=\"3 minutos\" \/>\n<script type=\"application\/ld+json\" class=\"yoast-schema-graph\">{\"@context\":\"https:\\\/\\\/schema.org\",\"@graph\":[{\"@type\":\"WebPage\",\"@id\":\"https:\\\/\\\/totemguard.com\\\/netsupport-notify\\\/mensajes-ordenadores-red-funcionalidades\\\/\",\"url\":\"https:\\\/\\\/totemguard.com\\\/netsupport-notify\\\/mensajes-ordenadores-red-funcionalidades\\\/\",\"name\":\"NetSupport Notify Funcionalidades - TotemGuard\",\"isPartOf\":{\"@id\":\"https:\\\/\\\/totemguard.com\\\/netsupport-notify\\\/#website\"},\"primaryImageOfPage\":{\"@id\":\"https:\\\/\\\/totemguard.com\\\/netsupport-notify\\\/mensajes-ordenadores-red-funcionalidades\\\/#primaryimage\"},\"image\":{\"@id\":\"https:\\\/\\\/totemguard.com\\\/netsupport-notify\\\/mensajes-ordenadores-red-funcionalidades\\\/#primaryimage\"},\"thumbnailUrl\":\"https:\\\/\\\/www.totemguard.com\\\/img\\\/netsupportNotify\\\/totemguard-banner.png\",\"datePublished\":\"2020-06-29T17:04:17+00:00\",\"dateModified\":\"2026-02-26T15:09:22+00:00\",\"description\":\"Funcionalidades NetSupport Notify\",\"breadcrumb\":{\"@id\":\"https:\\\/\\\/totemguard.com\\\/netsupport-notify\\\/mensajes-ordenadores-red-funcionalidades\\\/#breadcrumb\"},\"inLanguage\":\"es\",\"potentialAction\":[{\"@type\":\"ReadAction\",\"target\":[\"https:\\\/\\\/totemguard.com\\\/netsupport-notify\\\/mensajes-ordenadores-red-funcionalidades\\\/\"]}]},{\"@type\":\"ImageObject\",\"inLanguage\":\"es\",\"@id\":\"https:\\\/\\\/totemguard.com\\\/netsupport-notify\\\/mensajes-ordenadores-red-funcionalidades\\\/#primaryimage\",\"url\":\"https:\\\/\\\/www.totemguard.com\\\/img\\\/netsupportNotify\\\/totemguard-banner.png\",\"contentUrl\":\"https:\\\/\\\/www.totemguard.com\\\/img\\\/netsupportNotify\\\/totemguard-banner.png\"},{\"@type\":\"BreadcrumbList\",\"@id\":\"https:\\\/\\\/totemguard.com\\\/netsupport-notify\\\/mensajes-ordenadores-red-funcionalidades\\\/#breadcrumb\",\"itemListElement\":[{\"@type\":\"ListItem\",\"position\":1,\"name\":\"Home\",\"item\":\"https:\\\/\\\/www.totemguard.com\\\/netsupport-notify\\\/mensajes-ordenadores-red\\\/\"},{\"@type\":\"ListItem\",\"position\":2,\"name\":\"NetSupport Notify Funcionalidades\"}]},{\"@type\":\"WebSite\",\"@id\":\"https:\\\/\\\/totemguard.com\\\/netsupport-notify\\\/#website\",\"url\":\"https:\\\/\\\/totemguard.com\\\/netsupport-notify\\\/\",\"name\":\"TotemGuard\",\"description\":\"Software de env\u00edo de alertas a trav\u00e9s de la red\",\"potentialAction\":[{\"@type\":\"SearchAction\",\"target\":{\"@type\":\"EntryPoint\",\"urlTemplate\":\"https:\\\/\\\/totemguard.com\\\/netsupport-notify\\\/?s={search_term_string}\"},\"query-input\":{\"@type\":\"PropertyValueSpecification\",\"valueRequired\":true,\"valueName\":\"search_term_string\"}}],\"inLanguage\":\"es\"}]}<\/script>\n<!-- \/ Yoast SEO plugin. -->","yoast_head_json":{"title":"NetSupport Notify Funcionalidades - TotemGuard","description":"Funcionalidades NetSupport Notify","robots":{"index":"index","follow":"follow","max-snippet":"max-snippet:-1","max-image-preview":"max-image-preview:large","max-video-preview":"max-video-preview:-1"},"canonical":"https:\/\/totemguard.com\/netsupport-notify\/mensajes-ordenadores-red-funcionalidades\/","og_locale":"es_ES","og_type":"article","og_title":"NetSupport Notify Funcionalidades - TotemGuard","og_description":"Funcionalidades NetSupport Notify","og_url":"https:\/\/totemguard.com\/netsupport-notify\/mensajes-ordenadores-red-funcionalidades\/","og_site_name":"TotemGuard","article_modified_time":"2026-02-26T15:09:22+00:00","og_image":[{"url":"https:\/\/www.totemguard.com\/img\/netsupportNotify\/totemguard-banner.png","type":"","width":"","height":""}],"twitter_card":"summary_large_image","twitter_misc":{"Tiempo de lectura":"3 minutos"},"schema":{"@context":"https:\/\/schema.org","@graph":[{"@type":"WebPage","@id":"https:\/\/totemguard.com\/netsupport-notify\/mensajes-ordenadores-red-funcionalidades\/","url":"https:\/\/totemguard.com\/netsupport-notify\/mensajes-ordenadores-red-funcionalidades\/","name":"NetSupport Notify Funcionalidades - TotemGuard","isPartOf":{"@id":"https:\/\/totemguard.com\/netsupport-notify\/#website"},"primaryImageOfPage":{"@id":"https:\/\/totemguard.com\/netsupport-notify\/mensajes-ordenadores-red-funcionalidades\/#primaryimage"},"image":{"@id":"https:\/\/totemguard.com\/netsupport-notify\/mensajes-ordenadores-red-funcionalidades\/#primaryimage"},"thumbnailUrl":"https:\/\/www.totemguard.com\/img\/netsupportNotify\/totemguard-banner.png","datePublished":"2020-06-29T17:04:17+00:00","dateModified":"2026-02-26T15:09:22+00:00","description":"Funcionalidades NetSupport Notify","breadcrumb":{"@id":"https:\/\/totemguard.com\/netsupport-notify\/mensajes-ordenadores-red-funcionalidades\/#breadcrumb"},"inLanguage":"es","potentialAction":[{"@type":"ReadAction","target":["https:\/\/totemguard.com\/netsupport-notify\/mensajes-ordenadores-red-funcionalidades\/"]}]},{"@type":"ImageObject","inLanguage":"es","@id":"https:\/\/totemguard.com\/netsupport-notify\/mensajes-ordenadores-red-funcionalidades\/#primaryimage","url":"https:\/\/www.totemguard.com\/img\/netsupportNotify\/totemguard-banner.png","contentUrl":"https:\/\/www.totemguard.com\/img\/netsupportNotify\/totemguard-banner.png"},{"@type":"BreadcrumbList","@id":"https:\/\/totemguard.com\/netsupport-notify\/mensajes-ordenadores-red-funcionalidades\/#breadcrumb","itemListElement":[{"@type":"ListItem","position":1,"name":"Home","item":"https:\/\/www.totemguard.com\/netsupport-notify\/mensajes-ordenadores-red\/"},{"@type":"ListItem","position":2,"name":"NetSupport Notify Funcionalidades"}]},{"@type":"WebSite","@id":"https:\/\/totemguard.com\/netsupport-notify\/#website","url":"https:\/\/totemguard.com\/netsupport-notify\/","name":"TotemGuard","description":"Software de env\u00edo de alertas a trav\u00e9s de la red","potentialAction":[{"@type":"SearchAction","target":{"@type":"EntryPoint","urlTemplate":"https:\/\/totemguard.com\/netsupport-notify\/?s={search_term_string}"},"query-input":{"@type":"PropertyValueSpecification","valueRequired":true,"valueName":"search_term_string"}}],"inLanguage":"es"}]}},"_links":{"self":[{"href":"https:\/\/totemguard.com\/netsupport-notify\/wp-json\/wp\/v2\/pages\/503","targetHints":{"allow":["GET"]}}],"collection":[{"href":"https:\/\/totemguard.com\/netsupport-notify\/wp-json\/wp\/v2\/pages"}],"about":[{"href":"https:\/\/totemguard.com\/netsupport-notify\/wp-json\/wp\/v2\/types\/page"}],"author":[{"embeddable":true,"href":"https:\/\/totemguard.com\/netsupport-notify\/wp-json\/wp\/v2\/users\/1"}],"replies":[{"embeddable":true,"href":"https:\/\/totemguard.com\/netsupport-notify\/wp-json\/wp\/v2\/comments?post=503"}],"version-history":[{"count":72,"href":"https:\/\/totemguard.com\/netsupport-notify\/wp-json\/wp\/v2\/pages\/503\/revisions"}],"predecessor-version":[{"id":1090,"href":"https:\/\/totemguard.com\/netsupport-notify\/wp-json\/wp\/v2\/pages\/503\/revisions\/1090"}],"wp:attachment":[{"href":"https:\/\/totemguard.com\/netsupport-notify\/wp-json\/wp\/v2\/media?parent=503"}],"curies":[{"name":"wp","href":"https:\/\/api.w.org\/{rel}","templated":true}]}}