{"id":466,"date":"2020-06-29T17:04:17","date_gmt":"2020-06-29T17:04:17","guid":{"rendered":"https:\/\/www.totemguard.com\/netsupport-notify\/?page_id=466"},"modified":"2026-02-26T15:04:35","modified_gmt":"2026-02-26T15:04:35","slug":"mensajes-ordenadores-red","status":"publish","type":"page","link":"https:\/\/totemguard.com\/netsupport-notify\/mensajes-ordenadores-red\/","title":{"rendered":"NetSupport Notify"},"content":{"rendered":"<p><img loading=\"lazy\" decoding=\"async\" class=\"op3-element__image op3-element-image__image\" src=\"https:\/\/www.totemguard.com\/img\/netsupportNotify\/totemguard-banner.png\" alt=\"\" title=\"\" width=\"512\" height=\"256\" data-op3-attachment-id=\"\" \/><img loading=\"lazy\" decoding=\"async\" class=\"op3-element__image op3-element-image__image\" src=\"https:\/\/www.totemguard.com\/img\/netsupportNotify\/NSN-mini.png\" alt=\"\" title=\"\" width=\"512\" height=\"256\" data-op3-attachment-id=\"\" \/><\/p>\n<h2>Env\u00eda avisos urgentes con el 100% de certeza de que tus destinatarios los reciben<\/h2>\n<p>Se acab\u00f3 perder el tiempo con llamadas inoportunas y mails que no se leen. Si tienes que enviar alertas de aver\u00edas, notificaciones de servicio o mensajes urgentes de seguridad, con NetSupport Notify es sencillo. NetSupport Notify es un sistema de bajo coste para que tus mensajes a todos los usuarios de forma instant\u00e1nea. Comprueba que lo han recibido, despreoc\u00fapate y conc\u00e9ntrate en tu trabajo.<\/p>\n<p>NUEVO:&nbsp;Interfaz de usuario renovadaNUEVO:&nbsp;Env\u00edo de notificaciones por intervalos IPNUEVO: M\u00e1s opciones de personalizaci\u00f3nEl usuario no puede ignorar el mensaje: le aparece en primer plano en su pantalla y suena una alerta sonora personalizableEnv\u00eda alertas de seguridad con una tecla de emergencia. Ideal para la protecci\u00f3n de trabajadores de cara al p\u00fablicoPublica avisos en pantallas de acceso p\u00fablico. Pensado para salas de espera, consultorios, centros comerciales, transporte p\u00fablico o sitios muy concurridosTienes la seguridad que tus usuarios reciben y leen tus avisos. No como hacen ahora cuando les env\u00edas mailsElige a qui\u00e9n enviarlo. Incluso si est\u00e1n en redes remotas<\/p>\n<h2>Descarga gratuitamente una versi\u00f3n de evaluaci\u00f3n<\/h2>\n<p><img loading=\"lazy\" decoding=\"async\" class=\"op3-element__image op3-element-image__image\" src=\"https:\/\/www.totemguard.com\/img\/netsupportNotify\/nsn-product.png\" alt=\"\" title=\"\" width=\"512\" height=\"256\" data-op3-attachment-id=\"\" \/>Comunica alertas y avisos importantes al momentoElimina distracciones y asegura una comunicaci\u00f3n directaAvisa sobre fallos de sistema y seguridad de forma inmediata Reduce llamadas y correos al helpdeskAvisa sobre fallos de sistema y seguridad de forma inmediataHe le\u00eddo y acepto la <a href=\"https:\/\/totemguard.com\/politica-de-privacidad\/\" target=\"_blank\">pol\u00edtica de privacidad<\/a><a aria-label=\"Button link\" href=\"#\" class=\"op3-element__tcp--non-a op3-link op3-background-ancestor\" target=\"_self\"  data-op-action=\"link\" data-op-select-funnel-step=\"\" data-op3-smooth-scroll=\"0\" data-op-effect-style=\"\" data-op-effect-style-hover=\"\" data-op-courseaction=\"\">Pru\u00e9balo 30 d\u00edas gratis<\/a><\/p>\n<h2>\u00bfEn qu\u00e9 situaciones te ayuda NetSupport Notify?<\/h2>\n<p>Alerta de situaciones peligrosas para que Seguridad act\u00faen de inmediatoLanza avisos de inter\u00e9s general en edificios p\u00fablicos o muy concurridosAvisar de un antivirus o malware para prevenir infecciones de la red inform\u00e0ticaTienes la seguridad que tus usuarios reciben y leen tus avisos. No como hacen ahora cuando les env\u00edas mailsSolicitar que se apaguen los ordenadoresAvisar de cu\u00e1ndo se llevar\u00e1 a cabo una tarea de mantenimientoNotificar en segundos sobre un fallo del sistemaAlertar sobre una evacuaci\u00f3n de emergencia o un simulacro de incendiosInformar a un gerente de una llamada urgente cuando se encuentra en otro departamento<\/p>\n<h2>F\u00edjate en todas sus prestaciones<\/h2>\n<p><img loading=\"lazy\" decoding=\"async\" class=\"op3-element__image op3-element-image__image\" src=\"https:\/\/www.totemguard.com\/img\/netsupportNotify\/laptop2-certificate.png\" alt=\"\" title=\"\" width=\"512\" height=\"256\" data-op3-attachment-id=\"\" \/><img loading=\"lazy\" decoding=\"async\" class=\"op3-element__image op3-element-image__image\" src=\"https:\/\/www.totemguard.com\/img\/netsupportNotify\/bill-mail-error.png\" alt=\"\" title=\"\" width=\"48\" height=\"48\" data-op3-attachment-id=\"\" \/><img loading=\"lazy\" decoding=\"async\" class=\"op3-element__image op3-element-image__image\" src=\"https:\/\/www.totemguard.com\/img\/netsupportNotify\/task-edit.png\" alt=\"\" title=\"\" width=\"48\" height=\"48\" data-op3-attachment-id=\"\" \/><\/p>\n<p>Flexibilidad de plataformas<\/p>\n<p>La mensajer\u00eda instant\u00e1nea no se puede ignorar<\/p>\n<p>Personalice los avisos<\/p>\n<p><img loading=\"lazy\" decoding=\"async\" class=\"op3-element__image op3-element-image__image\" src=\"https:\/\/www.totemguard.com\/img\/netsupportNotify\/eye-update.png\" alt=\"\" title=\"\" width=\"48\" height=\"48\" data-op3-attachment-id=\"\" \/><img loading=\"lazy\" decoding=\"async\" class=\"op3-element__image op3-element-image__image\" src=\"https:\/\/www.totemguard.com\/img\/netsupportNotify\/alarm-add.png\" alt=\"\" title=\"\" width=\"48\" height=\"48\" data-op3-attachment-id=\"\" \/><img loading=\"lazy\" decoding=\"async\" class=\"op3-element__image op3-element-image__image\" src=\"https:\/\/www.totemguard.com\/img\/netsupportNotify\/clock-error.png\" alt=\"\" title=\"\" width=\"48\" height=\"48\" data-op3-attachment-id=\"\" \/><\/p>\n<p>Elaboraci\u00f3n de informes y seguimiento<\/p>\n<p>Planificaci\u00f3n anticipada de avisos<\/p>\n<p>Cuando el tiempo es algo esencial<\/p>\n<h2>Accede a tus equipos remotos con total seguridad<\/h2>\n<p><a aria-label=\"Button link\" class=\"op3-element__tcp--non-a op3-link op3-background-ancestor\" target=\"_blank\" rel=\"nofollow\" data-op-action=\"popoverlay\" data-op-popoverlay-trigger=\"eqQvuIfA\" data-op-select-funnel-step=\"\" data-op-animation-trigger=\"scroll\" data-op-animation-style=\"scale-up\" data-op-animation-loop=\"0\" data-op-timer-minutes=\"0\" data-op-timer-seconds=\"0\" data-op3-smooth-scroll=\"0\" data-op-effect-style=\"\" data-op-effect-style-hover=\"\" data-op-courseaction=\"\" href=\"#\">Pru\u00e9balo 30 d\u00edas gratiso ll\u00e1manos al 932000088 para m\u00e1s informaci\u00f3n<\/a><\/p>\n<p>\u00bfQuieres m\u00e1s informaci\u00f3n o tienes dudas sobre NetSupport Manager?&nbsp;<\/p>\n<p><a aria-label=\"Image Link\" class=\"op3-element__link op3-element-image__link op3-link op3-element__tcp--non-a\" href=\"https:\/\/totemguard.com\/netsupport-dna\/wp-content\/uploads\/2017\/05\/Oscar.jpg\" target=\"_self\"  data-op-action=\"link\" data-op-select-funnel-step=\"\" data-op3-smooth-scroll=\"0\"><img loading=\"lazy\" decoding=\"async\" class=\"op3-element__image op3-element-image__image\" src=\"https:\/\/totemguard.com\/netsupport-dna\/wp-content\/uploads\/2017\/05\/Oscar.jpg\" alt=\"Oscar\" title=\"Oscar\" width=\"93\" height=\"140\" data-op3-attachment-id=\"586\" \/><\/a><\/p>\n<p>Soy \u00d2scar. Te ayudar\u00e9 en lo que necesites. Llevo m\u00e1s de 15 a\u00f1os ayudando y formando a t\u00e9cnicos de sistemas para la gesti\u00f3n eficiente de su red. <\/p>\n<p>Puedes contactarme en el 932000088 o por email en&nbsp;<a href=\"mailto:comercial@totemguard.com\">comercial@totemguard.com<\/a><\/p>\n<h2>Empresas que ya conf\u00edan en NetSupport Notify<\/h2>\n<p><img loading=\"lazy\" decoding=\"async\" class=\"op3-element__image op3-element-image__image\" src=\"https:\/\/www.totemguard.com\/img\/netsupportNotify\/Banesto.jpg\" alt=\"\" title=\"\" width=\"512\" height=\"256\" data-op3-attachment-id=\"\" \/><\/p>\n<p>Banesto&nbsp;<\/p>\n<p><img loading=\"lazy\" decoding=\"async\" class=\"op3-element__image op3-element-image__image\" src=\"https:\/\/www.totemguard.com\/img\/netsupportNotify\/Institut-catala-de-la-Salud.png\" alt=\"\" title=\"\" width=\"179\" height=\"68\" data-op3-attachment-id=\"\" \/><\/p>\n<p>Institut Catal\u00e0 de la Salut&nbsp;<\/p>\n<p><img loading=\"lazy\" decoding=\"async\" class=\"op3-element__image op3-element-image__image\" src=\"https:\/\/www.totemguard.com\/img\/netsupportNotify\/Logo-eden.jpeg\" alt=\"\" title=\"\" width=\"381\" height=\"270\" data-op3-attachment-id=\"\" \/><\/p>\n<p>Eden Springs&nbsp;<\/p>\n<p><img loading=\"lazy\" decoding=\"async\" class=\"op3-element__image op3-element-image__image\" src=\"https:\/\/www.totemguard.com\/img\/netsupportNotify\/Consejeria-de-sanidad-Valenciana.png\" alt=\"\" title=\"\" width=\"305\" height=\"205\" data-op3-attachment-id=\"\" \/><\/p>\n<p>Consejer\u00eda de Sanidad de la Generalitat Valenciana<\/p>\n<p><img loading=\"lazy\" decoding=\"async\" class=\"op3-element__image op3-element-image__image\" src=\"https:\/\/www.totemguard.com\/img\/netsupportNotify\/Generalitat-de-Catalunya.png\" alt=\"\" title=\"\" width=\"225\" height=\"100\" data-op3-attachment-id=\"\" \/><\/p>\n<p>Generalitat de Catalunya Departament de Governaci\u00f3 i Relacions Institucionals<\/p>\n<h2>Uso de NetSupport Notify para entorno Educativo<\/h2>\n<h2>NetSupport Notify no es \u00fanicamente para uso corporativo<\/h2>\n<p>Como administrador de la red de un centro o universidad, NetSupport Notify te facilita enormemente la comunicaci\u00f3n inmediata y directa con las aulas, los docentes, los estudiantes, la biblioteca y todos los departamentos acad\u00e9micos.<\/p>\n<p>Cuando surja un fallo de sistema como el correo electr\u00f3nico o el servidor de ficheros, podr\u00e1s enviar un mensaje claro y conciso a todos los ordenadores conectados a la red del centro educativo o a un grupo de usuarios espec\u00edfico.<\/p>\n<p>Cada mensaje puede tener un nivel de prioridad y una solicitud de confirmaci\u00f3n. El mensaje enviado se activa autom\u00e1ticamente en los ordenadores de destino, y pueden incluir un texto, un enlace y una alerta sonora con tu mensaje personalizado.tamento<\/p>\n<p><img loading=\"lazy\" decoding=\"async\" class=\"op3-element__image op3-element-image__image\" src=\"https:\/\/www.totemguard.com\/img\/netsupportNotify\/ICT-classroom.jpg\" alt=\"\" title=\"\" width=\"512\" height=\"256\" data-op3-attachment-id=\"\" \/><\/p>\n<h2>En cuesti\u00f3n de segudos puedes<\/h2>\n<p>Ver todos los mensajes enviados con la confirmaci\u00f3n del usuario de su reciboFiltrar los mensajes de inter\u00e9sRevisar una lista completa de destinatarios&nbsp;&nbsp;Exportar un resumen para realizar un an\u00e1lisis posterior&nbsp;&nbsp;Personalizar las alertas con el logotipo y los colores del centroAvisar de cu\u00e1ndo se llevar\u00e1 a cabo una tarea de mantenimientoGarantizar un aviso inmediato al personal y los estudiantesAutomatizar alertas cotidianas para enviarlas en una fecha y hora determinadas&nbsp;&nbsp;Planificar y definir mensajes de forma peri\u00f3dica. Estas alertas son id\u00f3neas para eventos realizados en todo el centro, por ejemplo simulacros de incendios o paradas del sistema inform\u00e1tico por mantenimiento<\/p>\n<p>Como profesor NetSupport Notify tambi\u00e9n es muy \u00fatil. Desde el aula pueden enviar una notificaci\u00f3n aula de forma inmediata al departamento de inform\u00e1tica para solicitar soporte t\u00e9cnico. Este es un m\u00e9todo mucho m\u00e1s r\u00e1pido y eficaz que enviar a un estudiante a avisar al inform\u00e1tico.<\/p>\n<p>NetSupport Notify no depende de servicios externos, no tiene ning\u00fan coste de env\u00edo recurrente y, lo que quiz\u00e1s sea m\u00e1s importante, no requiere una gesti\u00f3n constante de los contactos.<\/p>\n<p><img loading=\"lazy\" decoding=\"async\" class=\"op3-element__image op3-element-image__image\" src=\"https:\/\/www.totemguard.com\/img\/netsupportNotify\/alerts.jpg\" alt=\"\" title=\"\" width=\"512\" height=\"256\" data-op3-attachment-id=\"\" \/><\/p>\n<h2>Lo que opina la prensa de nosotros<\/h2>\n<p><img loading=\"lazy\" decoding=\"async\" class=\"op3-element__image op3-element-image__image\" src=\"https:\/\/www.totemguard.com\/img\/netsupportNotify\/landing-nss-tech.gif\" alt=\"\" title=\"\" width=\"512\" height=\"256\" data-op3-attachment-id=\"\" \/><\/p>\n<p>NSN es una buena herramienta para incrementar la seguridad de nuestros colegios y mejorar la comunicaci\u00f3n entre la administraci\u00f3n, el departamento t\u00e9cnico y el personal educativo.NSN es una buena herramienta para incrementar la seguridad de nuestros colegios y mejorar la comunicaci\u00f3n entre la administraci\u00f3n, el departamento t\u00e9cnico y el personal educativo.<\/p>\n<p>Tech&amp;Learning<\/p>\n<p><img loading=\"lazy\" decoding=\"async\" class=\"op3-element__image op3-element-image__image\" src=\"https:\/\/www.totemguard.com\/img\/netsupportNotify\/landing-nss-fe.gif\" alt=\"\" title=\"\" width=\"130\" height=\"74\" data-op3-attachment-id=\"\" \/><\/p>\n<p>Crear un mensaje es increiblemente f\u00e1cil gracias a su intuitiva interfaz al igual que decidir a qui\u00e9n se envia el mensaje, si a un solo departamento grupo o persona. Si se usa el Directorio Activo, puede sincronizarse con el software para todav\u00eda hacerlo m\u00e1s f\u00e1cil.<\/p>\n<p>Revista FE (Further Education Today)<\/p>\n<p>Contacta con nosotros:<\/p>\n<p>Ronda General Mitre 126, Planta 6<br \/>\n08021 Barcelona<\/p>\n<p>Tel. 93 200 00 88<\/p>\n<p>comercial@totemguard.com<\/p>\n<p>Nuestros productos<\/p>\n<p><img loading=\"lazy\" decoding=\"async\" class=\"op3-element__image op3-element-image__image\" src=\"https:\/\/totemguard.com\/img\/totemfootericons\/dnaico.png\" alt=\"DNA Icon\" title=\"\" width=\"512\" height=\"256\" data-op3-attachment-id=\"\" \/><\/p>\n<p><a href=\"https:\/\/totemguard.com\/netsupport-dna\/inventario-hardware-software-licencias\/\">NetSupport DNA<\/a><\/p>\n<p><img loading=\"lazy\" decoding=\"async\" class=\"op3-element__image op3-element-image__image\" src=\"https:\/\/totemguard.com\/img\/totemfootericons\/nsmico.png\" alt=\"NSM Ico\" title=\"\" width=\"26\" height=\"26\" data-op3-attachment-id=\"\" \/><\/p>\n<p><a href=\"https:\/\/totemguard.com\/netsupport-manager\/control-remoto-windows-linux-mac\/\">NetSupport Manager<\/a><\/p>\n<p><img loading=\"lazy\" decoding=\"async\" class=\"op3-element__image op3-element-image__image\" src=\"https:\/\/totemguard.com\/img\/totemfootericons\/nssico.png\" alt=\"NSS Ico\" title=\"\" width=\"26\" height=\"26\" data-op3-attachment-id=\"\" \/><\/p>\n<p><a href=\"https:\/\/totemguard.com\/netsupport-school\/control-gestion-aula-tic\/\">NetSupport School<\/a><\/p>\n<p><img loading=\"lazy\" decoding=\"async\" class=\"op3-element__image op3-element-image__image\" src=\"https:\/\/totemguard.com\/img\/totemfootericons\/nsnico.png\" alt=\"NSN Ico\" title=\"\" width=\"26\" height=\"26\" data-op3-attachment-id=\"\" \/><\/p>\n<p><a href=\"https:\/\/totemguard.com\/netsupport-notify\/mensajes-ordenadores-red\/\">NetSupport Notify<\/a><\/p>\n<\/p>\n<p><img loading=\"lazy\" decoding=\"async\" class=\"op3-element__image op3-element-image__image\" src=\"https:\/\/totemguard.com\/img\/totemfootericons\/247connectico.png\" alt=\"247 Ico\" title=\"\" width=\"26\" height=\"26\" data-op3-attachment-id=\"\" \/><\/p>\n<p><a href=\"https:\/\/totemguard.com\/247-connect\/control-remoto-seguro-en-la-nube\/\">NetSupport 247 Connect<\/a><\/p>\n<p><img loading=\"lazy\" decoding=\"async\" class=\"op3-element__image op3-element-image__image\" src=\"https:\/\/totemguard.com\/img\/totemfootericons\/logo-icon-color-compass.png\" alt=\"OA Compass ico\" title=\"\" width=\"26\" height=\"26\" data-op3-attachment-id=\"\" \/><\/p>\n<p><a href=\"https:\/\/totemguard.com\/openathens-compass\/gestion-centralizada-recursos-electronicos\/\">OpenAthens Compass<\/a><\/p>\n<p><img loading=\"lazy\" decoding=\"async\" class=\"op3-element__image op3-element-image__image\" src=\"https:\/\/totemguard.com\/img\/totemfootericons\/Altaro-logo-1.png\" alt=\"VM Backup Ico\" title=\"\" width=\"26\" height=\"26\" data-op3-attachment-id=\"\" \/><\/p>\n<p><a href=\"https:\/\/totemguard.com\/altaro\/\">Altaro VM Backup<\/a><\/p>\n<p><img loading=\"lazy\" decoding=\"async\" class=\"op3-element__image op3-element-image__image\" src=\"https:\/\/totemguard.com\/img\/totemfootericons\/o-icon-svg-1.png\" alt=\"365 Backup Ico\" title=\"\" width=\"26\" height=\"25\" data-op3-attachment-id=\"\" \/><\/p>\n<p><a href=\"https:\/\/totemguard.com\/altaro\/backup-office-365\/\">365 Total Backup<\/a><\/p>\n<\/p>\n<p><img loading=\"lazy\" decoding=\"async\" class=\"op3-element__image op3-element-image__image\" src=\"https:\/\/totemguard.com\/img\/totemfootericons\/hornetfavicon.png\" alt=\"hornet security ico\" title=\"\" width=\"26\" height=\"26\" data-op3-attachment-id=\"\" \/><\/p>\n<p><a href=\"https:\/\/totemguard.com\/365-total-protection\/\">Total Protection<\/a><\/p>\n<p><img loading=\"lazy\" decoding=\"async\" class=\"op3-element__image op3-element-image__image\" src=\"https:\/\/totemguard.com\/img\/totemfootericons\/hornetfavicon.png\" alt=\"hornet security ico\" title=\"\" width=\"26\" height=\"26\" data-op3-attachment-id=\"\" \/><\/p>\n<p><a href=\"https:\/\/totemguard.com\/security-awareness-training\/\">Security Awareness Service<\/a><\/p>\n<p>  \u00a9  TotemGuard Digital Security &#8211; Ronda General Mitre, 126, Planta 6, 08021 Barcelona &#8211; Tel. 932 00 00 88 &#8211;<br \/>\n  <a href=\"https:\/\/www.totemguard.com\/terminos-y-condiciones\"><br \/>\n    Pol\u00edtica de privacidad, Cookies y Aviso Legal<br \/>\n  <\/a><\/p>\n","protected":false},"excerpt":{"rendered":"<p>Env\u00eda avisos urgentes con el 100% de certeza de que tus destinatarios los reciben Se acab\u00f3 perder el tiempo con llamadas inoportunas y mails que no se leen. Si tienes que enviar alertas de aver\u00edas, notificaciones de servicio o mensajes urgentes de seguridad, con NetSupport Notify es sencillo. NetSupport Notify es un sistema de bajo &hellip; <\/p>\n<p class=\"link-more\"><a href=\"https:\/\/totemguard.com\/netsupport-notify\/mensajes-ordenadores-red\/\" class=\"more-link\">Seguir leyendo<span class=\"screen-reader-text\"> \u00abNetSupport Notify\u00bb<\/span><\/a><\/p>\n","protected":false},"author":1,"featured_media":0,"parent":0,"menu_order":0,"comment_status":"closed","ping_status":"closed","template":"op_builder_blank","meta":{"footnotes":"","_links_to":"","_links_to_target":""},"class_list":["post-466","page","type-page","status-publish","hentry","entry"],"yoast_head":"<!-- This site is optimized with the Yoast SEO plugin v27.3 - https:\/\/yoast.com\/product\/yoast-seo-wordpress\/ -->\n<title>NetSupport Notify - TotemGuard<\/title>\n<meta name=\"description\" content=\"Env\u00eda avisos urgentes con el 100% de certeza de que tus destinatarios los reciben usando NetSupport Notify\" \/>\n<meta name=\"robots\" content=\"index, follow, max-snippet:-1, max-image-preview:large, max-video-preview:-1\" \/>\n<link rel=\"canonical\" href=\"https:\/\/totemguard.com\/netsupport-notify\/mensajes-ordenadores-red\/\" \/>\n<meta property=\"og:locale\" content=\"es_ES\" \/>\n<meta property=\"og:type\" content=\"article\" \/>\n<meta property=\"og:title\" content=\"NetSupport Notify - TotemGuard\" \/>\n<meta property=\"og:description\" content=\"Env\u00eda avisos urgentes con el 100% de certeza de que tus destinatarios los reciben usando NetSupport Notify\" \/>\n<meta property=\"og:url\" content=\"https:\/\/totemguard.com\/netsupport-notify\/mensajes-ordenadores-red\/\" \/>\n<meta property=\"og:site_name\" content=\"TotemGuard\" \/>\n<meta property=\"article:modified_time\" content=\"2026-02-26T15:04:35+00:00\" \/>\n<meta property=\"og:image\" content=\"https:\/\/www.totemguard.com\/img\/netsupportNotify\/totemguard-banner.png\" \/>\n<meta name=\"twitter:card\" content=\"summary_large_image\" \/>\n<meta name=\"twitter:label1\" content=\"Tiempo de lectura\" \/>\n\t<meta name=\"twitter:data1\" content=\"5 minutos\" \/>\n<script type=\"application\/ld+json\" class=\"yoast-schema-graph\">{\"@context\":\"https:\\\/\\\/schema.org\",\"@graph\":[{\"@type\":\"WebPage\",\"@id\":\"https:\\\/\\\/totemguard.com\\\/netsupport-notify\\\/mensajes-ordenadores-red\\\/\",\"url\":\"https:\\\/\\\/totemguard.com\\\/netsupport-notify\\\/mensajes-ordenadores-red\\\/\",\"name\":\"NetSupport Notify - TotemGuard\",\"isPartOf\":{\"@id\":\"https:\\\/\\\/totemguard.com\\\/netsupport-notify\\\/#website\"},\"primaryImageOfPage\":{\"@id\":\"https:\\\/\\\/totemguard.com\\\/netsupport-notify\\\/mensajes-ordenadores-red\\\/#primaryimage\"},\"image\":{\"@id\":\"https:\\\/\\\/totemguard.com\\\/netsupport-notify\\\/mensajes-ordenadores-red\\\/#primaryimage\"},\"thumbnailUrl\":\"https:\\\/\\\/www.totemguard.com\\\/img\\\/netsupportNotify\\\/totemguard-banner.png\",\"datePublished\":\"2020-06-29T17:04:17+00:00\",\"dateModified\":\"2026-02-26T15:04:35+00:00\",\"description\":\"Env\u00eda avisos urgentes con el 100% de certeza de que tus destinatarios los reciben usando NetSupport Notify\",\"breadcrumb\":{\"@id\":\"https:\\\/\\\/totemguard.com\\\/netsupport-notify\\\/mensajes-ordenadores-red\\\/#breadcrumb\"},\"inLanguage\":\"es\",\"potentialAction\":[{\"@type\":\"ReadAction\",\"target\":[\"https:\\\/\\\/totemguard.com\\\/netsupport-notify\\\/mensajes-ordenadores-red\\\/\"]}]},{\"@type\":\"ImageObject\",\"inLanguage\":\"es\",\"@id\":\"https:\\\/\\\/totemguard.com\\\/netsupport-notify\\\/mensajes-ordenadores-red\\\/#primaryimage\",\"url\":\"https:\\\/\\\/www.totemguard.com\\\/img\\\/netsupportNotify\\\/totemguard-banner.png\",\"contentUrl\":\"https:\\\/\\\/www.totemguard.com\\\/img\\\/netsupportNotify\\\/totemguard-banner.png\"},{\"@type\":\"BreadcrumbList\",\"@id\":\"https:\\\/\\\/totemguard.com\\\/netsupport-notify\\\/mensajes-ordenadores-red\\\/#breadcrumb\",\"itemListElement\":[{\"@type\":\"ListItem\",\"position\":1,\"name\":\"Home\",\"item\":\"https:\\\/\\\/www.totemguard.com\\\/netsupport-notify\\\/mensajes-ordenadores-red\\\/\"},{\"@type\":\"ListItem\",\"position\":2,\"name\":\"NetSupport Notify\"}]},{\"@type\":\"WebSite\",\"@id\":\"https:\\\/\\\/totemguard.com\\\/netsupport-notify\\\/#website\",\"url\":\"https:\\\/\\\/totemguard.com\\\/netsupport-notify\\\/\",\"name\":\"TotemGuard\",\"description\":\"Software de env\u00edo de alertas a trav\u00e9s de la red\",\"potentialAction\":[{\"@type\":\"SearchAction\",\"target\":{\"@type\":\"EntryPoint\",\"urlTemplate\":\"https:\\\/\\\/totemguard.com\\\/netsupport-notify\\\/?s={search_term_string}\"},\"query-input\":{\"@type\":\"PropertyValueSpecification\",\"valueRequired\":true,\"valueName\":\"search_term_string\"}}],\"inLanguage\":\"es\"}]}<\/script>\n<!-- \/ Yoast SEO plugin. -->","yoast_head_json":{"title":"NetSupport Notify - TotemGuard","description":"Env\u00eda avisos urgentes con el 100% de certeza de que tus destinatarios los reciben usando NetSupport Notify","robots":{"index":"index","follow":"follow","max-snippet":"max-snippet:-1","max-image-preview":"max-image-preview:large","max-video-preview":"max-video-preview:-1"},"canonical":"https:\/\/totemguard.com\/netsupport-notify\/mensajes-ordenadores-red\/","og_locale":"es_ES","og_type":"article","og_title":"NetSupport Notify - TotemGuard","og_description":"Env\u00eda avisos urgentes con el 100% de certeza de que tus destinatarios los reciben usando NetSupport Notify","og_url":"https:\/\/totemguard.com\/netsupport-notify\/mensajes-ordenadores-red\/","og_site_name":"TotemGuard","article_modified_time":"2026-02-26T15:04:35+00:00","og_image":[{"url":"https:\/\/www.totemguard.com\/img\/netsupportNotify\/totemguard-banner.png","type":"","width":"","height":""}],"twitter_card":"summary_large_image","twitter_misc":{"Tiempo de lectura":"5 minutos"},"schema":{"@context":"https:\/\/schema.org","@graph":[{"@type":"WebPage","@id":"https:\/\/totemguard.com\/netsupport-notify\/mensajes-ordenadores-red\/","url":"https:\/\/totemguard.com\/netsupport-notify\/mensajes-ordenadores-red\/","name":"NetSupport Notify - TotemGuard","isPartOf":{"@id":"https:\/\/totemguard.com\/netsupport-notify\/#website"},"primaryImageOfPage":{"@id":"https:\/\/totemguard.com\/netsupport-notify\/mensajes-ordenadores-red\/#primaryimage"},"image":{"@id":"https:\/\/totemguard.com\/netsupport-notify\/mensajes-ordenadores-red\/#primaryimage"},"thumbnailUrl":"https:\/\/www.totemguard.com\/img\/netsupportNotify\/totemguard-banner.png","datePublished":"2020-06-29T17:04:17+00:00","dateModified":"2026-02-26T15:04:35+00:00","description":"Env\u00eda avisos urgentes con el 100% de certeza de que tus destinatarios los reciben usando NetSupport Notify","breadcrumb":{"@id":"https:\/\/totemguard.com\/netsupport-notify\/mensajes-ordenadores-red\/#breadcrumb"},"inLanguage":"es","potentialAction":[{"@type":"ReadAction","target":["https:\/\/totemguard.com\/netsupport-notify\/mensajes-ordenadores-red\/"]}]},{"@type":"ImageObject","inLanguage":"es","@id":"https:\/\/totemguard.com\/netsupport-notify\/mensajes-ordenadores-red\/#primaryimage","url":"https:\/\/www.totemguard.com\/img\/netsupportNotify\/totemguard-banner.png","contentUrl":"https:\/\/www.totemguard.com\/img\/netsupportNotify\/totemguard-banner.png"},{"@type":"BreadcrumbList","@id":"https:\/\/totemguard.com\/netsupport-notify\/mensajes-ordenadores-red\/#breadcrumb","itemListElement":[{"@type":"ListItem","position":1,"name":"Home","item":"https:\/\/www.totemguard.com\/netsupport-notify\/mensajes-ordenadores-red\/"},{"@type":"ListItem","position":2,"name":"NetSupport Notify"}]},{"@type":"WebSite","@id":"https:\/\/totemguard.com\/netsupport-notify\/#website","url":"https:\/\/totemguard.com\/netsupport-notify\/","name":"TotemGuard","description":"Software de env\u00edo de alertas a trav\u00e9s de la red","potentialAction":[{"@type":"SearchAction","target":{"@type":"EntryPoint","urlTemplate":"https:\/\/totemguard.com\/netsupport-notify\/?s={search_term_string}"},"query-input":{"@type":"PropertyValueSpecification","valueRequired":true,"valueName":"search_term_string"}}],"inLanguage":"es"}]}},"_links":{"self":[{"href":"https:\/\/totemguard.com\/netsupport-notify\/wp-json\/wp\/v2\/pages\/466","targetHints":{"allow":["GET"]}}],"collection":[{"href":"https:\/\/totemguard.com\/netsupport-notify\/wp-json\/wp\/v2\/pages"}],"about":[{"href":"https:\/\/totemguard.com\/netsupport-notify\/wp-json\/wp\/v2\/types\/page"}],"author":[{"embeddable":true,"href":"https:\/\/totemguard.com\/netsupport-notify\/wp-json\/wp\/v2\/users\/1"}],"replies":[{"embeddable":true,"href":"https:\/\/totemguard.com\/netsupport-notify\/wp-json\/wp\/v2\/comments?post=466"}],"version-history":[{"count":126,"href":"https:\/\/totemguard.com\/netsupport-notify\/wp-json\/wp\/v2\/pages\/466\/revisions"}],"predecessor-version":[{"id":1086,"href":"https:\/\/totemguard.com\/netsupport-notify\/wp-json\/wp\/v2\/pages\/466\/revisions\/1086"}],"wp:attachment":[{"href":"https:\/\/totemguard.com\/netsupport-notify\/wp-json\/wp\/v2\/media?parent=466"}],"curies":[{"name":"wp","href":"https:\/\/api.w.org\/{rel}","templated":true}]}}