{"id":769,"date":"2020-09-09T11:05:20","date_gmt":"2020-09-09T11:05:20","guid":{"rendered":"https:\/\/totemguard.com\/netsupport-manager\/?page_id=769"},"modified":"2026-01-13T11:42:21","modified_gmt":"2026-01-13T11:42:21","slug":"mas-informacion-sobre-las-cookies","status":"publish","type":"page","link":"https:\/\/totemguard.com\/netsupport-manager\/mas-informacion-sobre-las-cookies\/","title":{"rendered":"NetSupport Manager Mas informaci\u00f3n sobre las cookies"},"content":{"rendered":"<p><img loading=\"lazy\" decoding=\"async\" class=\"op3-element__image op3-element-image__image\" src=\"https:\/\/totemguard.com\/netsupport-manager\/wp-content\/uploads\/2014\/10\/totem-guard_grande-21.png\" alt=\"\" title=\"totem+guard_grande-2\" width=\"1000\" height=\"175\" data-op3-attachment-id=\"\" \/><img loading=\"lazy\" decoding=\"async\" class=\"op3-element__image op3-element-image__image\" src=\"https:\/\/www.totemguard.com\/img\/NetSupport-Manager\/NetSupport-Manager.png\" alt=\"\" title=\"\" width=\"512\" height=\"256\" data-op3-attachment-id=\"\" \/><\/p>\n<h2>\u00bfQu\u00e9 es una cookie?<\/h2>\n<p>Una&nbsp;cookie&nbsp;es un fichero de texto&nbsp;inofensivoque se almacena en su navegador cuando visita casi cualquier p\u00e1gina web. La utilidad de la&nbsp;cookie&nbsp;es que la web sea capaz de recordar su visita cuando vuelva a navegar por esa p\u00e1gina. Aunque mucha gente no lo sabe las&nbsp;cookies&nbsp;se llevan utilizando desde hace 20 a\u00f1os, cuando aparecieron los primeros navegadores para la World Wide Web.<\/p>\n<h2>\u00bfQu\u00e9 NO ES una cookie?<\/h2>\n<p>No es un virus, ni un troyano, ni un gusano, ni spam, ni spyware, ni abre ventanas pop-up.<\/p>\n<h2>\u00bfQu\u00e9 informaci\u00f3n almacena una&nbsp;cookie?<\/h2>\n<p>Las&nbsp;cookies&nbsp;no suelen almacenar informaci\u00f3n sensible sobre usted, como tarjetas de cr\u00e9dito o datos bancarios, fotograf\u00edas, su DNI o informaci\u00f3n personal, etc. Los datos que guardan son de car\u00e1cter t\u00e9cnico, preferencias personales, personalizaci\u00f3n de contenidos, etc.<\/p>\n<p>El servidor web no le asocia a usted como persona si no a su navegador web. De hecho, si usted navega habitualmente con Internet Explorer y prueba a navegar por la misma web con Firefox o Chrome ver\u00e1 que la web no se da cuenta que es usted la misma persona porque en realidad est\u00e1 asociando al navegador, no a la persona.<\/p>\n<h2>\u00bfQu\u00e9 tipo de&nbsp;cookies&nbsp;existen?<\/h2>\n<p>Cookies&nbsp;t\u00e9cnicas: Son las m\u00e1s elementales y permiten, entre otras cosas, saber cu\u00e1ndo est\u00e1 navegando un humano o una aplicaci\u00f3n automatizada, cu\u00e1ndo navega un usuario an\u00f3nimo y uno registrado, tareas b\u00e1sicas para el funcionamiento de cualquier web din\u00e1mica.Cookies&nbsp;de an\u00e1lisis: Recogen informaci\u00f3n sobre el tipo de navegaci\u00f3n que est\u00e1 realizando, las secciones que m\u00e1s utiliza, productos consultados, franja horaria de uso, idioma, etc.Cookies&nbsp;publicitarias: Muestran publicidad en funci\u00f3n de su navegaci\u00f3n, su pa\u00eds de procedencia, idioma, etc.<\/p>\n<h2>\u00bfQu\u00e9 son lascookiespropias y las de terceros?<\/h2>\n<p>Las&nbsp;cookies propias&nbsp;son las generadas por la p\u00e1gina que est\u00e1 visitando y las&nbsp;de terceros&nbsp;son las generadas por servicios o proveedores externos como Facebook, Twitter, Google, etc.<\/p>\n<h2>\u00bfQu\u00e9 ocurre si desactivo las&nbsp;cookies?<\/h2>\n<p>Para que entienda el alcance que puede tener desactivar las&nbsp;cookies&nbsp;le mostramos unos ejemplos:<\/p>\n<p>No podr\u00e1 compartir contenidos de esa web en Facebook, Twitter o cualquier otra red social.El sitio web no podr\u00e1 adaptar los contenidos a sus preferencias personales, como suele ocurrir en las tiendas online.No podr\u00e1 acceder al \u00e1rea personal de esa web, como por ejemplo&nbsp;Mi cuenta, o&nbsp;Mi perfilo&nbsp;Mis pedidos.Tiendas online: Le ser\u00e1 imposible realizar compras online, tendr\u00e1n que ser telef\u00f3nicas o visitando la tienda f\u00edsica si es que dispone de ella.No ser\u00e1 posible personalizar sus preferencias geogr\u00e1ficas como franja horaria, divisa o idioma.El sitio web no podr\u00e1 realizar anal\u00edticas web sobre visitantes y tr\u00e1fico en la web, lo que dificultar\u00e1 que la web sea competitiva.No podr\u00e1 escribir en el blog, no podr\u00e1 subir fotos, publicar comentarios, valorar o puntuar contenidos. La web tampoco podr\u00e1 saber si usted es un humano o una aplicaci\u00f3n automatizada que publica&nbsp;spam.No se podr\u00e1 mostrar publicidad sectorizada, lo que reducir\u00e1 los ingresos publicitarios de la web.Todas las redes sociales usan&nbsp;cookies, si las desactiva no podr\u00e1 utilizar ninguna red social.<\/p>\n<h2>\u00bfSe pueden eliminar las&nbsp;cookies?<\/h2>\n<p>S\u00ed. No s\u00f3lo eliminar, tambi\u00e9n bloquear, de forma general o particular para un dominio espec\u00edfico.<\/p>\n<p>Para eliminar las&nbsp;cookies&nbsp;de un sitio web debe ir a la configuraci\u00f3n de su navegador y all\u00ed podr\u00e1 buscar las asociadas al dominio en cuesti\u00f3n y proceder a su eliminaci\u00f3n.<\/p>\n<p><a name=\"navegadores\"><\/a><\/p>\n<h2>Configuraci\u00f3n de&nbsp;cookies&nbsp;para los navegadores m\u00e1s polulares<\/h2>\n<p>A continuaci\u00f3n le indicamos c\u00f3mo acceder a una&nbsp;cookie&nbsp;determinada del navegador&nbsp;Chrome. Nota: estos pasos pueden variar en funci\u00f3n de la versi\u00f3n del navegador:<\/p>\n<p>Vaya a Configuraci\u00f3n o Preferencias mediante el men\u00fa Archivo o bien pinchando el icono de personalizaci\u00f3n que aparece arriba a la derecha.Ver\u00e1 diferentes secciones, pinche la opci\u00f3n&nbsp;Mostrar opciones avanzadas.Vaya a&nbsp;Privacidad,Configuraci\u00f3n de contenido.Seleccione&nbsp;Todas las&nbsp;cookies&nbsp;y los datos de sitios.Aparecer\u00e1 un listado con todas las&nbsp;cookies&nbsp;ordenadas por dominio. Para que le sea m\u00e1s f\u00e1cil encontrar las&nbsp;cookies&nbsp;de un determinado dominio introduzca parcial o totalmente la direcci\u00f3n en el campo&nbsp;Buscar cookies.Tras realizar este filtro aparecer\u00e1n en pantalla una o varias l\u00edneas con las&nbsp;cookies&nbsp;de la web solicitada. Ahora s\u00f3lo tiene que seleccionarla y pulsar laXpara proceder a su eliminaci\u00f3n.<\/p>\n<p>Para acceder a la configuraci\u00f3n de&nbsp;cookies&nbsp;del navegador&nbsp;Internet Explorer&nbsp;siga estos pasos (pueden variar en funci\u00f3n de la versi\u00f3n del navegador):<\/p>\n<p>Vaya a&nbsp;Herramientas,Opciones de InternetHaga click en&nbsp;Privacidad.Mueva el deslizador hasta ajustar el nivel de privacidad que desee.<\/p>\n<p>Para acceder a la configuraci\u00f3n de&nbsp;cookies&nbsp;del navegador&nbsp;Firefox&nbsp;siga estos pasos (pueden variar en funci\u00f3n de la versi\u00f3n del navegador):<\/p>\n<p>Vaya a&nbsp;Opciones&nbsp;o&nbsp;Preferencias&nbsp;seg\u00fan su sistema operativo.Haga click en&nbsp;Privacidad.En&nbsp;Historia lelija&nbsp;Usar una configuraci\u00f3n personalizada para el historial.Ahora ver\u00e1 la opci\u00f3n&nbsp;Aceptar cookies, puede activarla o desactivarla seg\u00fan sus preferencias.<\/p>\n<p>Para acceder a la configuraci\u00f3n de&nbsp;cookies&nbsp;del navegador&nbsp;Safari para OSX&nbsp;siga estos pasos (pueden variar en funci\u00f3n de la versi\u00f3n del navegador):<\/p>\n<p>Vaya a&nbsp;Preferencias, luego&nbsp;Privacidad.En este lugar ver\u00e1 la opci\u00f3n&nbsp;Bloquear cookies&nbsp;para que ajuste el tipo de bloqueo que desea realizar.<\/p>\n<p>Para acceder a la configuraci\u00f3n de&nbsp;cookies&nbsp;del navegador&nbsp;Safari para iOS&nbsp;siga estos pasos (pueden variar en funci\u00f3n de la versi\u00f3n del navegador):<\/p>\n<p>Vaya a&nbsp;Ajustes, luego&nbsp;Safari.Vaya a&nbsp;Privacidad y Seguridad, ver\u00e1 la opci\u00f3n&nbsp;Bloquear cookies&nbsp;para que ajuste el tipo de bloqueo que desea realizar.<\/p>\n<p>Para acceder a la configuraci\u00f3n de&nbsp;cookies&nbsp;del navegador para dispositivos&nbsp;Android&nbsp;siga estos pasos (pueden variar en funci\u00f3n de la versi\u00f3n del navegador):<\/p>\n<p>Ejecute el navegador y pulse la tecla&nbsp;Men\u00fa, luego&nbsp;Ajustes.Vaya a&nbsp;Seguridad y Privacidad, ver\u00e1 la opci\u00f3n&nbsp;Aceptar cookies&nbsp;para que active o desactive la casilla.<\/p>\n<p>Para acceder a la configuraci\u00f3n de&nbsp;cookies&nbsp;del navegador para dispositivos&nbsp;Windows Phone&nbsp;siga estos pasos (pueden variar en funci\u00f3n de la versi\u00f3n del navegador):<\/p>\n<p>Abra&nbsp;Internet Explorer, luego&nbsp;M\u00e1s, luego&nbsp;Configuraci\u00f3nAhora puede activar o desactivar la casilla&nbsp;Permitir cookies.<\/p>\n<p>Asesor de Cookies es un<a href=\"http:\/\/wordpress.org\/plugins\/asesor-cookies-para-la-ley-en-espana\/\" target=\"_blank\" style=\"color: rgb(46, 130, 188); text-decoration-line: none; background-color: transparent; font-style: inherit; font-weight: inherit; font-size: inherit; font-family: &quot;PT Sans&quot;, sans-serif;\">plugin para WordPress<\/a>creado por Carlos Doral (<a href=\"http:\/\/webartesanal.com\/\" target=\"_blank\" style=\"color: rgb(46, 130, 188); text-decoration-line: none; background-color: transparent; font-style: inherit; font-weight: inherit; font-size: inherit; font-family: &quot;PT Sans&quot;, sans-serif;\">webartesanal.com<\/a>)<\/p>\n<p>Contacta con nosotros:<\/p>\n<p>Ronda General Mitre 126, Planta 6<br \/>\n08021 Barcelona<\/p>\n<p>Tel. 93 200 00 88<\/p>\n<p>comercial@totemguard.com<\/p>\n<p>Nuestros productos<\/p>\n<p><img loading=\"lazy\" decoding=\"async\" class=\"op3-element__image op3-element-image__image\" src=\"https:\/\/totemguard.com\/img\/totemfootericons\/dnaico.png\" alt=\"DNA Icon\" title=\"\" width=\"512\" height=\"256\" data-op3-attachment-id=\"\" \/><\/p>\n<p><a href=\"https:\/\/totemguard.com\/netsupport-dna\/inventario-hardware-software-licencias\/\">NetSupport DNA<\/a><\/p>\n<p><img loading=\"lazy\" decoding=\"async\" class=\"op3-element__image op3-element-image__image\" src=\"https:\/\/totemguard.com\/img\/totemfootericons\/nsmico.png\" alt=\"NSM Ico\" title=\"\" width=\"26\" height=\"26\" data-op3-attachment-id=\"\" \/><\/p>\n<p><a href=\"https:\/\/totemguard.com\/netsupport-manager\/control-remoto-windows-linux-mac\/\">NetSupport Manager<\/a><\/p>\n<p><img loading=\"lazy\" decoding=\"async\" class=\"op3-element__image op3-element-image__image\" src=\"https:\/\/totemguard.com\/img\/totemfootericons\/nssico.png\" alt=\"NSS Ico\" title=\"\" width=\"26\" height=\"26\" data-op3-attachment-id=\"\" \/><\/p>\n<p><a href=\"https:\/\/totemguard.com\/netsupport-school\/control-gestion-aula-tic\/\">NetSupport School<\/a><\/p>\n<p><img loading=\"lazy\" decoding=\"async\" class=\"op3-element__image op3-element-image__image\" src=\"https:\/\/totemguard.com\/img\/totemfootericons\/nsnico.png\" alt=\"NSN Ico\" title=\"\" width=\"26\" height=\"26\" data-op3-attachment-id=\"\" \/><\/p>\n<p><a href=\"https:\/\/totemguard.com\/netsupport-notify\/mensajes-ordenadores-red\/\">NetSupport Notify<\/a><\/p>\n<\/p>\n<p><img loading=\"lazy\" decoding=\"async\" class=\"op3-element__image op3-element-image__image\" src=\"https:\/\/totemguard.com\/img\/totemfootericons\/247connectico.png\" alt=\"247 Ico\" title=\"\" width=\"26\" height=\"26\" data-op3-attachment-id=\"\" \/><\/p>\n<p><a href=\"https:\/\/totemguard.com\/247-connect\/control-remoto-seguro-en-la-nube\/\">NetSupport&nbsp;247 Connect<\/a><\/p>\n<p><img loading=\"lazy\" decoding=\"async\" class=\"op3-element__image op3-element-image__image\" src=\"https:\/\/totemguard.com\/img\/totemfootericons\/logo-icon-color-compass.png\" alt=\"OA Compass ico\" title=\"\" width=\"26\" height=\"26\" data-op3-attachment-id=\"\" \/><\/p>\n<p><a href=\"https:\/\/totemguard.com\/openathens-compass\/gestion-centralizada-recursos-electronicos\/\">OpenAthens Compass<\/a><\/p>\n<p><img loading=\"lazy\" decoding=\"async\" class=\"op3-element__image op3-element-image__image\" src=\"https:\/\/totemguard.com\/img\/totemfootericons\/Altaro-logo-1.png\" alt=\"VM Backup Ico\" title=\"\" width=\"26\" height=\"26\" data-op3-attachment-id=\"\" \/><\/p>\n<p><a href=\"https:\/\/totemguard.com\/altaro\/\">Altaro VM Backup<\/a><\/p>\n<p><img loading=\"lazy\" decoding=\"async\" class=\"op3-element__image op3-element-image__image\" src=\"https:\/\/totemguard.com\/img\/totemfootericons\/o-icon-svg-1.png\" alt=\"365 Backup Ico\" title=\"\" width=\"26\" height=\"25\" data-op3-attachment-id=\"\" \/><\/p>\n<p><a href=\"https:\/\/totemguard.com\/altaro\/backup-office-365\/\">365 Total Backup<\/a><\/p>\n<\/p>\n<p><img loading=\"lazy\" decoding=\"async\" class=\"op3-element__image op3-element-image__image\" src=\"https:\/\/totemguard.com\/img\/totemfootericons\/hornetfavicon.png\" alt=\"hornet security ico\" title=\"\" width=\"26\" height=\"26\" data-op3-attachment-id=\"\" \/><\/p>\n<p><a href=\"https:\/\/totemguard.com\/365-total-protection\/\">Total Protection<\/a><\/p>\n<p><img loading=\"lazy\" decoding=\"async\" class=\"op3-element__image op3-element-image__image\" src=\"https:\/\/totemguard.com\/img\/totemfootericons\/hornetfavicon.png\" alt=\"hornet security ico\" title=\"\" width=\"26\" height=\"26\" data-op3-attachment-id=\"\" \/><\/p>\n<p><a href=\"https:\/\/totemguard.com\/security-awareness-training\/\">Security Awareness Service<\/a><\/p>\n<p>  \u00a9  TotemGuard Digital Security &#8211; Ronda General Mitre, 126, Planta 6, 08021 Barcelona &#8211; Tel. 932 00 00 88 &#8211;<br \/>\n  <a href=\"https:\/\/www.totemguard.com\/terminos-y-condiciones\"><br \/>\n    Pol\u00edtica de privacidad, Cookies y Aviso Legal<br \/>\n  <\/a><\/p>\n","protected":false},"excerpt":{"rendered":"<p>\u00bfQu\u00e9 es una cookie? Una&nbsp;cookie&nbsp;es un fichero de texto&nbsp;inofensivoque se almacena en su navegador cuando visita casi cualquier p\u00e1gina web. La utilidad de la&nbsp;cookie&nbsp;es que la web sea capaz de recordar su visita cuando vuelva a navegar por esa p\u00e1gina. Aunque mucha gente no lo sabe las&nbsp;cookies&nbsp;se llevan utilizando desde hace 20 a\u00f1os, cuando aparecieron &hellip; <\/p>\n<p class=\"link-more\"><a href=\"https:\/\/totemguard.com\/netsupport-manager\/mas-informacion-sobre-las-cookies\/\" class=\"more-link\">Seguir leyendo<span class=\"screen-reader-text\"> \u00abNetSupport Manager Mas informaci\u00f3n sobre las cookies\u00bb<\/span><\/a><\/p>\n","protected":false},"author":1,"featured_media":0,"parent":0,"menu_order":0,"comment_status":"closed","ping_status":"closed","template":"op_builder_blank","meta":{"footnotes":"","_links_to":"","_links_to_target":""},"class_list":["post-769","page","type-page","status-publish","hentry","entry"],"yoast_head":"<!-- This site is optimized with the Yoast SEO plugin v27.0 - https:\/\/yoast.com\/product\/yoast-seo-wordpress\/ -->\n<title>NetSupport Manager Mas informaci\u00f3n sobre las cookies - Totemguard<\/title>\n<meta name=\"robots\" content=\"noindex, follow\" \/>\n<meta property=\"og:locale\" content=\"es_ES\" \/>\n<meta property=\"og:type\" content=\"article\" \/>\n<meta property=\"og:title\" content=\"NetSupport Manager Mas informaci\u00f3n sobre las cookies - Totemguard\" \/>\n<meta property=\"og:description\" content=\"\u00bfQu\u00e9 es una cookie? Una&nbsp;cookie&nbsp;es un fichero de texto&nbsp;inofensivoque se almacena en su navegador cuando visita casi cualquier p\u00e1gina web. La utilidad de la&nbsp;cookie&nbsp;es que la web sea capaz de recordar su visita cuando vuelva a navegar por esa p\u00e1gina. Aunque mucha gente no lo sabe las&nbsp;cookies&nbsp;se llevan utilizando desde hace 20 a\u00f1os, cuando aparecieron &hellip; Seguir leyendo \u00abNetSupport Manager Mas informaci\u00f3n sobre las cookies\u00bb\" \/>\n<meta property=\"og:url\" content=\"https:\/\/totemguard.com\/netsupport-manager\/mas-informacion-sobre-las-cookies\/\" \/>\n<meta property=\"og:site_name\" content=\"Totemguard\" \/>\n<meta property=\"article:modified_time\" content=\"2026-01-13T11:42:21+00:00\" \/>\n<meta property=\"og:image\" content=\"https:\/\/totemguard.com\/netsupport-manager\/wp-content\/uploads\/2014\/10\/totem-guard_grande-21.png\" \/>\n<meta name=\"twitter:card\" content=\"summary_large_image\" \/>\n<meta name=\"twitter:label1\" content=\"Tiempo de lectura\" \/>\n\t<meta name=\"twitter:data1\" content=\"8 minutos\" \/>\n<script type=\"application\/ld+json\" class=\"yoast-schema-graph\">{\"@context\":\"https:\/\/schema.org\",\"@graph\":[{\"@type\":\"WebPage\",\"@id\":\"https:\/\/totemguard.com\/netsupport-manager\/mas-informacion-sobre-las-cookies\/\",\"url\":\"https:\/\/totemguard.com\/netsupport-manager\/mas-informacion-sobre-las-cookies\/\",\"name\":\"NetSupport Manager Mas informaci\u00f3n sobre las cookies - Totemguard\",\"isPartOf\":{\"@id\":\"https:\/\/totemguard.com\/netsupport-manager\/#website\"},\"primaryImageOfPage\":{\"@id\":\"https:\/\/totemguard.com\/netsupport-manager\/mas-informacion-sobre-las-cookies\/#primaryimage\"},\"image\":{\"@id\":\"https:\/\/totemguard.com\/netsupport-manager\/mas-informacion-sobre-las-cookies\/#primaryimage\"},\"thumbnailUrl\":\"https:\/\/totemguard.com\/netsupport-manager\/wp-content\/uploads\/2014\/10\/totem-guard_grande-21.png\",\"datePublished\":\"2020-09-09T11:05:20+00:00\",\"dateModified\":\"2026-01-13T11:42:21+00:00\",\"breadcrumb\":{\"@id\":\"https:\/\/totemguard.com\/netsupport-manager\/mas-informacion-sobre-las-cookies\/#breadcrumb\"},\"inLanguage\":\"es\",\"potentialAction\":[{\"@type\":\"ReadAction\",\"target\":[\"https:\/\/totemguard.com\/netsupport-manager\/mas-informacion-sobre-las-cookies\/\"]}]},{\"@type\":\"ImageObject\",\"inLanguage\":\"es\",\"@id\":\"https:\/\/totemguard.com\/netsupport-manager\/mas-informacion-sobre-las-cookies\/#primaryimage\",\"url\":\"https:\/\/totemguard.com\/netsupport-manager\/wp-content\/uploads\/2014\/10\/totem-guard_grande-21.png\",\"contentUrl\":\"https:\/\/totemguard.com\/netsupport-manager\/wp-content\/uploads\/2014\/10\/totem-guard_grande-21.png\"},{\"@type\":\"BreadcrumbList\",\"@id\":\"https:\/\/totemguard.com\/netsupport-manager\/mas-informacion-sobre-las-cookies\/#breadcrumb\",\"itemListElement\":[{\"@type\":\"ListItem\",\"position\":1,\"name\":\"Portada\",\"item\":\"https:\/\/totemguard.com\/netsupport-manager\/control-remoto-windows-linux-mac\/\"},{\"@type\":\"ListItem\",\"position\":2,\"name\":\"NetSupport Manager Mas informaci\u00f3n sobre las cookies\"}]},{\"@type\":\"WebSite\",\"@id\":\"https:\/\/totemguard.com\/netsupport-manager\/#website\",\"url\":\"https:\/\/totemguard.com\/netsupport-manager\/\",\"name\":\"Totemguard\",\"description\":\"Control Remoto Windows Linux Mac\",\"potentialAction\":[{\"@type\":\"SearchAction\",\"target\":{\"@type\":\"EntryPoint\",\"urlTemplate\":\"https:\/\/totemguard.com\/netsupport-manager\/?s={search_term_string}\"},\"query-input\":{\"@type\":\"PropertyValueSpecification\",\"valueRequired\":true,\"valueName\":\"search_term_string\"}}],\"inLanguage\":\"es\"}]}<\/script>\n<!-- \/ Yoast SEO plugin. -->","yoast_head_json":{"title":"NetSupport Manager Mas informaci\u00f3n sobre las cookies - Totemguard","robots":{"index":"noindex","follow":"follow"},"og_locale":"es_ES","og_type":"article","og_title":"NetSupport Manager Mas informaci\u00f3n sobre las cookies - Totemguard","og_description":"\u00bfQu\u00e9 es una cookie? Una&nbsp;cookie&nbsp;es un fichero de texto&nbsp;inofensivoque se almacena en su navegador cuando visita casi cualquier p\u00e1gina web. La utilidad de la&nbsp;cookie&nbsp;es que la web sea capaz de recordar su visita cuando vuelva a navegar por esa p\u00e1gina. Aunque mucha gente no lo sabe las&nbsp;cookies&nbsp;se llevan utilizando desde hace 20 a\u00f1os, cuando aparecieron &hellip; Seguir leyendo \u00abNetSupport Manager Mas informaci\u00f3n sobre las cookies\u00bb","og_url":"https:\/\/totemguard.com\/netsupport-manager\/mas-informacion-sobre-las-cookies\/","og_site_name":"Totemguard","article_modified_time":"2026-01-13T11:42:21+00:00","og_image":[{"url":"https:\/\/totemguard.com\/netsupport-manager\/wp-content\/uploads\/2014\/10\/totem-guard_grande-21.png","type":"","width":"","height":""}],"twitter_card":"summary_large_image","twitter_misc":{"Tiempo de lectura":"8 minutos"},"schema":{"@context":"https:\/\/schema.org","@graph":[{"@type":"WebPage","@id":"https:\/\/totemguard.com\/netsupport-manager\/mas-informacion-sobre-las-cookies\/","url":"https:\/\/totemguard.com\/netsupport-manager\/mas-informacion-sobre-las-cookies\/","name":"NetSupport Manager Mas informaci\u00f3n sobre las cookies - Totemguard","isPartOf":{"@id":"https:\/\/totemguard.com\/netsupport-manager\/#website"},"primaryImageOfPage":{"@id":"https:\/\/totemguard.com\/netsupport-manager\/mas-informacion-sobre-las-cookies\/#primaryimage"},"image":{"@id":"https:\/\/totemguard.com\/netsupport-manager\/mas-informacion-sobre-las-cookies\/#primaryimage"},"thumbnailUrl":"https:\/\/totemguard.com\/netsupport-manager\/wp-content\/uploads\/2014\/10\/totem-guard_grande-21.png","datePublished":"2020-09-09T11:05:20+00:00","dateModified":"2026-01-13T11:42:21+00:00","breadcrumb":{"@id":"https:\/\/totemguard.com\/netsupport-manager\/mas-informacion-sobre-las-cookies\/#breadcrumb"},"inLanguage":"es","potentialAction":[{"@type":"ReadAction","target":["https:\/\/totemguard.com\/netsupport-manager\/mas-informacion-sobre-las-cookies\/"]}]},{"@type":"ImageObject","inLanguage":"es","@id":"https:\/\/totemguard.com\/netsupport-manager\/mas-informacion-sobre-las-cookies\/#primaryimage","url":"https:\/\/totemguard.com\/netsupport-manager\/wp-content\/uploads\/2014\/10\/totem-guard_grande-21.png","contentUrl":"https:\/\/totemguard.com\/netsupport-manager\/wp-content\/uploads\/2014\/10\/totem-guard_grande-21.png"},{"@type":"BreadcrumbList","@id":"https:\/\/totemguard.com\/netsupport-manager\/mas-informacion-sobre-las-cookies\/#breadcrumb","itemListElement":[{"@type":"ListItem","position":1,"name":"Portada","item":"https:\/\/totemguard.com\/netsupport-manager\/control-remoto-windows-linux-mac\/"},{"@type":"ListItem","position":2,"name":"NetSupport Manager Mas informaci\u00f3n sobre las cookies"}]},{"@type":"WebSite","@id":"https:\/\/totemguard.com\/netsupport-manager\/#website","url":"https:\/\/totemguard.com\/netsupport-manager\/","name":"Totemguard","description":"Control Remoto Windows Linux Mac","potentialAction":[{"@type":"SearchAction","target":{"@type":"EntryPoint","urlTemplate":"https:\/\/totemguard.com\/netsupport-manager\/?s={search_term_string}"},"query-input":{"@type":"PropertyValueSpecification","valueRequired":true,"valueName":"search_term_string"}}],"inLanguage":"es"}]}},"_links":{"self":[{"href":"https:\/\/totemguard.com\/netsupport-manager\/wp-json\/wp\/v2\/pages\/769","targetHints":{"allow":["GET"]}}],"collection":[{"href":"https:\/\/totemguard.com\/netsupport-manager\/wp-json\/wp\/v2\/pages"}],"about":[{"href":"https:\/\/totemguard.com\/netsupport-manager\/wp-json\/wp\/v2\/types\/page"}],"author":[{"embeddable":true,"href":"https:\/\/totemguard.com\/netsupport-manager\/wp-json\/wp\/v2\/users\/1"}],"replies":[{"embeddable":true,"href":"https:\/\/totemguard.com\/netsupport-manager\/wp-json\/wp\/v2\/comments?post=769"}],"version-history":[{"count":29,"href":"https:\/\/totemguard.com\/netsupport-manager\/wp-json\/wp\/v2\/pages\/769\/revisions"}],"predecessor-version":[{"id":1878,"href":"https:\/\/totemguard.com\/netsupport-manager\/wp-json\/wp\/v2\/pages\/769\/revisions\/1878"}],"wp:attachment":[{"href":"https:\/\/totemguard.com\/netsupport-manager\/wp-json\/wp\/v2\/media?parent=769"}],"curies":[{"name":"wp","href":"https:\/\/api.w.org\/{rel}","templated":true}]}}