{"id":731,"date":"2020-09-09T11:05:20","date_gmt":"2020-09-09T11:05:20","guid":{"rendered":"https:\/\/totemguard.com\/netsupport-manager\/?page_id=731"},"modified":"2026-01-13T11:40:30","modified_gmt":"2026-01-13T11:40:30","slug":"control-remoto-documentacion-videos-recursos","status":"publish","type":"page","link":"https:\/\/totemguard.com\/netsupport-manager\/control-remoto-documentacion-videos-recursos\/","title":{"rendered":"NetSupport Manager &#8211; Recursos"},"content":{"rendered":"<p><img loading=\"lazy\" decoding=\"async\" class=\"op3-element__image op3-element-image__image\" src=\"https:\/\/totemguard.com\/netsupport-manager\/wp-content\/uploads\/2014\/10\/totem-guard_grande-21.png\" alt=\"\" title=\"totem+guard_grande-2\" width=\"1000\" height=\"175\" data-op3-attachment-id=\"\" \/><img loading=\"lazy\" decoding=\"async\" class=\"op3-element__image op3-element-image__image\" src=\"https:\/\/www.totemguard.com\/img\/NetSupport-Manager\/NetSupport-Manager.png\" alt=\"\" title=\"\" width=\"512\" height=\"256\" data-op3-attachment-id=\"\" \/><\/p>\n<h3>descubre el F\u00f3rmula 1 en Control Remoto<\/h3>\n<p><a aria-label=\"Image Link\" class=\"op3-element__link op3-element-image__link op3-link op3-element__tcp--non-a\" href=\"https:\/\/totemguard.com\/netsupport-manager\/wp-content\/uploads\/2022\/09\/HeaderNSM-min.png\" target=\"_self\"  data-op-action=\"link\" data-op-select-funnel-step=\"\" data-op3-smooth-scroll=\"0\"><img loading=\"lazy\" decoding=\"async\" class=\"op3-element__image op3-element-image__image\" src=\"https:\/\/totemguard.com\/netsupport-manager\/wp-content\/uploads\/2022\/09\/HeaderNSM-min.png\" alt=\"\" title=\"HeaderNSM-min\" width=\"2304\" height=\"692\" data-op3-attachment-id=\"1434\" \/><\/a>Experimenta su velocidad y nivel de seguridad Transfiere ficheros a varios usuarios a la vezControla remotamente dispositivos Android<\/p>\n<h2>\n<p>Instalaci\u00f3n y configuraci\u00f3n del Gateway<\/p>\n<\/h2>\n<h2><\/h2>\n<p>He le\u00eddo y acepto la&nbsp;<a href=\"https:\/\/totemguard.com\/politica-de-privacidad\/\" target=\"_blank\" style=\"background-color: rgb(255, 255, 255); font-family: &quot;IBM Plex Sans&quot;, sans-serif;\">pol\u00edtica de privacidad<\/a><a aria-label=\"Button link\" href=\"#\" class=\"op3-element__tcp--non-a op3-link op3-background-ancestor\" target=\"_self\"  data-op-action=\"link\" data-op-select-funnel-step=\"\" data-op3-smooth-scroll=\"0\" data-op-effect-style=\"\" data-op-effect-style-hover=\"\" data-op-courseaction=\"\">Prueba una demo 30 d\u00edas gratiso ll\u00e1manos al 932000088 para m\u00e1s informaci\u00f3n<\/a><\/p>\n<h2>Documentaci\u00f3n<\/h2>\n<p><img loading=\"lazy\" decoding=\"async\" class=\"op3-element__image op3-element-image__image\" src=\"https:\/\/totemguard.com\/netsupport-servicedesk\/wp-content\/themes\/optimizePressTheme\/lib\/assets\/images\/file_download\/icons\/style1-Pdf-64x64.png\" alt=\"\" title=\"\" width=\"64\" height=\"64\" data-op3-attachment-id=\"\" \/><\/p>\n<p><a href=\"https:\/\/totemguard.com\/netsupport-manager\/wp-content\/uploads\/2022\/09\/Actualizar-NetSupport-Manager-a-la-version-14.pdf\" target=\"_blank\">C\u00f3mo actualizar a la versi\u00f3n 14<\/a><\/p>\n<p><img loading=\"lazy\" decoding=\"async\" class=\"op3-element__image op3-element-image__image\" src=\"https:\/\/totemguard.com\/netsupport-servicedesk\/wp-content\/themes\/optimizePressTheme\/lib\/assets\/images\/file_download\/icons\/style1-Pdf-64x64.png\" alt=\"\" title=\"\" width=\"64\" height=\"64\" data-op3-attachment-id=\"\" \/><\/p>\n<p><a href=\"https:\/\/totemguard.com\/netsupport-manager\/wp-content\/uploads\/2022\/11\/NetSupportManagerConfiguracionesSeguridad.pdf\" target=\"_blank\">Configuraciones de Seguridad<\/a><\/p>\n<p><img loading=\"lazy\" decoding=\"async\" class=\"op3-element__image op3-element-image__image\" src=\"https:\/\/totemguard.com\/netsupport-servicedesk\/wp-content\/themes\/optimizePressTheme\/lib\/assets\/images\/file_download\/icons\/style1-Pdf-64x64.png\" alt=\"\" title=\"\" width=\"64\" height=\"64\" data-op3-attachment-id=\"\" \/><\/p>\n<p><a href=\"http:\/\/www.netsupportsoftware.com\/resources\/brochurespdfs\/nsm_bro_es_web.pdf\" target=\"_blank\">Folleto de funcionalidades<\/a><\/p>\n<p><img loading=\"lazy\" decoding=\"async\" class=\"op3-element__image op3-element-image__image\" src=\"https:\/\/totemguard.com\/netsupport-servicedesk\/wp-content\/themes\/optimizePressTheme\/lib\/assets\/images\/file_download\/icons\/style1-Pdf-64x64.png\" alt=\"\" title=\"\" width=\"64\" height=\"64\" data-op3-attachment-id=\"\" \/><\/p>\n<p><a href=\"http:\/\/www.netsupportsoftware.com\/resources\/manualpdfs\/nsm_manual_es.pdf\" target=\"_blank\">Manual de instalaci\u00f3n<\/a><\/p>\n<p><img loading=\"lazy\" decoding=\"async\" class=\"op3-element__image op3-element-image__image\" src=\"https:\/\/totemguard.com\/netsupport-servicedesk\/wp-content\/themes\/optimizePressTheme\/lib\/assets\/images\/file_download\/icons\/style1-Pdf-64x64.png\" alt=\"\" title=\"\" width=\"64\" height=\"64\" data-op3-attachment-id=\"\" \/><\/p>\n<p><a href=\"https:\/\/totemguard.com\/netsupport-manager\/wp-content\/uploads\/2024\/02\/Gateway_NSM.pdf\" target=\"_blank\">Acceso a equipos remotos<\/a><\/p>\n<p><img loading=\"lazy\" decoding=\"async\" class=\"op3-element__image op3-element-image__image\" src=\"https:\/\/totemguard.com\/netsupport-servicedesk\/wp-content\/themes\/optimizePressTheme\/lib\/assets\/images\/file_download\/icons\/style1-Pdf-64x64.png\" alt=\"\" title=\"\" width=\"64\" height=\"64\" data-op3-attachment-id=\"\" \/><\/p>\n<p><a href=\"https:\/\/totemguard.com\/netsupport-manager\/wp-content\/uploads\/2019\/11\/nsm_bro_es_mobile.pdf\" target=\"_blank\">Folleto NetSupport Manager dispositivos m\u00f3viles<\/a><\/p>\n<p><img loading=\"lazy\" decoding=\"async\" class=\"op3-element__image op3-element-image__image\" src=\"https:\/\/totemguard.com\/netsupport-servicedesk\/wp-content\/themes\/optimizePressTheme\/lib\/assets\/images\/file_download\/icons\/style1-Pdf-64x64.png\" alt=\"\" title=\"\" width=\"64\" height=\"64\" data-op3-attachment-id=\"\" \/><\/p>\n<p><a href=\"https:\/\/totemguard.com\/netsupport-manager\/wp-content\/uploads\/2019\/11\/nsm_bro_es_chrome.pdf\" target=\"_blank\">Folleto NetSupport Manager Chromebooks<\/a><\/p>\n<p><img loading=\"lazy\" decoding=\"async\" class=\"op3-element__image op3-element-image__image\" src=\"https:\/\/totemguard.com\/netsupport-servicedesk\/wp-content\/themes\/optimizePressTheme\/lib\/assets\/images\/file_download\/icons\/style1-Pdf-64x64.png\" alt=\"\" title=\"\" width=\"64\" height=\"64\" data-op3-attachment-id=\"\" \/><\/p>\n<p><a href=\"http:\/\/resources.netsupportsoftware.com\/resources\/getting-started\/NetSupport-Manager-Getting-Started-Guide-ES.pdf\" target=\"_blank\">Gu\u00eda de inicio r\u00e1pido<\/a><\/p>\n<h2>Video tutoriales<\/h2>\n<p><img loading=\"lazy\" decoding=\"async\" class=\"op3-element__image op3-element-image__image\" src=\"https:\/\/totemguard.com\/netsupport-manager\/wp-content\/themes\/optimizePressTheme\/lib\/assets\/images\/feature_block\/icons\/50.png\" alt=\"\" title=\"\" width=\"64\" height=\"64\" data-op3-attachment-id=\"\" \/><\/p>\n<p>Mira <a href=\"https:\/\/www.youtube.com\/watch?v=s4GOVOpAyow&amp;list=PLQXloWKxVF_Lm6JJlUEHk5KGHEHKDt7eQ\" target=\"_blank\">AQU\u00cd<\/a> videotutoriales de NetSupport Manager para descubrir a fondo todas sus funcionalidades y facilidad de uso.<\/p>\n<h2>Casos de \u00e9xito<\/h2>\n<p><img loading=\"lazy\" decoding=\"async\" class=\"op3-element__image op3-element-image__image\" src=\"https:\/\/totemguard.com\/netsupport-servicedesk\/wp-content\/themes\/optimizePressTheme\/lib\/assets\/images\/file_download\/icons\/style1-Pdf-64x64.png\" alt=\"\" title=\"\" width=\"64\" height=\"64\" data-op3-attachment-id=\"\" \/><\/p>\n<p><a href=\"http:\/\/totemguard.com\/docs\/DPWorldTarragona.pdf\" target=\"_blank\">DP World Tarragona (Gr\u00faas Portuarias)<\/a><\/p>\n<p><img loading=\"lazy\" decoding=\"async\" class=\"op3-element__image op3-element-image__image\" src=\"https:\/\/totemguard.com\/netsupport-servicedesk\/wp-content\/themes\/optimizePressTheme\/lib\/assets\/images\/file_download\/icons\/style1-Pdf-64x64.png\" alt=\"\" title=\"\" width=\"64\" height=\"64\" data-op3-attachment-id=\"\" \/><\/p>\n<p><a href=\"http:\/\/totemguard.com\/docs\/Autoridad_Portuaria_Huelva.pdf\" target=\"_blank\">Autoridad Portuaria de Huelva<\/a><\/p>\n<p><img loading=\"lazy\" decoding=\"async\" class=\"op3-element__image op3-element-image__image\" src=\"https:\/\/totemguard.com\/netsupport-servicedesk\/wp-content\/themes\/optimizePressTheme\/lib\/assets\/images\/file_download\/icons\/style1-Pdf-64x64.png\" alt=\"\" title=\"\" width=\"64\" height=\"64\" data-op3-attachment-id=\"\" \/><\/p>\n<p><a href=\"http:\/\/www.totemguarhttp:\/\/totemguard.com\/docs\/Fujitec.pdfd.com\/docs\/sd-faqs.pdf\" target=\"_blank\">Fujitec<\/a><\/p>\n<p>Contacta con nosotros:<\/p>\n<p>Ronda General Mitre 126, Planta 6<br \/>\n08021 Barcelona<\/p>\n<p>Tel. 93 200 00 88<\/p>\n<p>comercial@totemguard.com<\/p>\n<p>Nuestros productos<\/p>\n<p><img loading=\"lazy\" decoding=\"async\" class=\"op3-element__image op3-element-image__image\" src=\"https:\/\/totemguard.com\/img\/totemfootericons\/dnaico.png\" alt=\"DNA Icon\" title=\"\" width=\"512\" height=\"256\" data-op3-attachment-id=\"\" \/><\/p>\n<p><a href=\"https:\/\/totemguard.com\/netsupport-dna\/inventario-hardware-software-licencias\/\">NetSupport DNA<\/a><\/p>\n<p><img loading=\"lazy\" decoding=\"async\" class=\"op3-element__image op3-element-image__image\" src=\"https:\/\/totemguard.com\/img\/totemfootericons\/nsmico.png\" alt=\"NSM Ico\" title=\"\" width=\"26\" height=\"26\" data-op3-attachment-id=\"\" \/><\/p>\n<p><a href=\"https:\/\/totemguard.com\/netsupport-manager\/control-remoto-windows-linux-mac\/\">NetSupport Manager<\/a><\/p>\n<p><img loading=\"lazy\" decoding=\"async\" class=\"op3-element__image op3-element-image__image\" src=\"https:\/\/totemguard.com\/img\/totemfootericons\/nssico.png\" alt=\"NSS Ico\" title=\"\" width=\"26\" height=\"26\" data-op3-attachment-id=\"\" \/><\/p>\n<p><a href=\"https:\/\/totemguard.com\/netsupport-school\/control-gestion-aula-tic\/\">NetSupport School<\/a><\/p>\n<p><img loading=\"lazy\" decoding=\"async\" class=\"op3-element__image op3-element-image__image\" src=\"https:\/\/totemguard.com\/img\/totemfootericons\/nsnico.png\" alt=\"NSN Ico\" title=\"\" width=\"26\" height=\"26\" data-op3-attachment-id=\"\" \/><\/p>\n<p><a href=\"https:\/\/totemguard.com\/netsupport-notify\/mensajes-ordenadores-red\/\">NetSupport Notify<\/a><\/p>\n<\/p>\n<p><img loading=\"lazy\" decoding=\"async\" class=\"op3-element__image op3-element-image__image\" src=\"https:\/\/totemguard.com\/img\/totemfootericons\/247connectico.png\" alt=\"247 Ico\" title=\"\" width=\"26\" height=\"26\" data-op3-attachment-id=\"\" \/><\/p>\n<p><a href=\"https:\/\/totemguard.com\/247-connect\/control-remoto-seguro-en-la-nube\/\">NetSupport&nbsp;247 Connect<\/a><\/p>\n<p><img loading=\"lazy\" decoding=\"async\" class=\"op3-element__image op3-element-image__image\" src=\"https:\/\/totemguard.com\/img\/totemfootericons\/logo-icon-color-compass.png\" alt=\"OA Compass ico\" title=\"\" width=\"26\" height=\"26\" data-op3-attachment-id=\"\" \/><\/p>\n<p><a href=\"https:\/\/totemguard.com\/openathens-compass\/gestion-centralizada-recursos-electronicos\/\">OpenAthens Compass<\/a><\/p>\n<p><img loading=\"lazy\" decoding=\"async\" class=\"op3-element__image op3-element-image__image\" src=\"https:\/\/totemguard.com\/img\/totemfootericons\/Altaro-logo-1.png\" alt=\"VM Backup Ico\" title=\"\" width=\"26\" height=\"26\" data-op3-attachment-id=\"\" \/><\/p>\n<p><a href=\"https:\/\/totemguard.com\/altaro\/\">Altaro VM Backup<\/a><\/p>\n<p><img loading=\"lazy\" decoding=\"async\" class=\"op3-element__image op3-element-image__image\" src=\"https:\/\/totemguard.com\/img\/totemfootericons\/o-icon-svg-1.png\" alt=\"365 Backup Ico\" title=\"\" width=\"26\" height=\"25\" data-op3-attachment-id=\"\" \/><\/p>\n<p><a href=\"https:\/\/totemguard.com\/altaro\/backup-office-365\/\">365 Total Backup<\/a><\/p>\n<\/p>\n<p><img loading=\"lazy\" decoding=\"async\" class=\"op3-element__image op3-element-image__image\" src=\"https:\/\/totemguard.com\/img\/totemfootericons\/hornetfavicon.png\" alt=\"hornet security ico\" title=\"\" width=\"26\" height=\"26\" data-op3-attachment-id=\"\" \/><\/p>\n<p><a href=\"https:\/\/totemguard.com\/365-total-protection\/\">Total Protection<\/a><\/p>\n<p><img loading=\"lazy\" decoding=\"async\" class=\"op3-element__image op3-element-image__image\" src=\"https:\/\/totemguard.com\/img\/totemfootericons\/hornetfavicon.png\" alt=\"hornet security ico\" title=\"\" width=\"26\" height=\"26\" data-op3-attachment-id=\"\" \/><\/p>\n<p><a href=\"https:\/\/totemguard.com\/security-awareness-training\/\">Security Awareness Service<\/a><\/p>\n<p>  \u00a9  TotemGuard Digital Security &#8211; Ronda General Mitre, 126, Planta 6, 08021 Barcelona &#8211; Tel. 932 00 00 88 &#8211;<br \/>\n  <a href=\"https:\/\/www.totemguard.com\/terminos-y-condiciones\"><br \/>\n    Pol\u00edtica de privacidad, Cookies y Aviso Legal<br \/>\n  <\/a><\/p>\n","protected":false},"excerpt":{"rendered":"<p>descubre el F\u00f3rmula 1 en Control Remoto Experimenta su velocidad y nivel de seguridad Transfiere ficheros a varios usuarios a la vezControla remotamente dispositivos Android Instalaci\u00f3n y configuraci\u00f3n del Gateway He le\u00eddo y acepto la&nbsp;pol\u00edtica de privacidadPrueba una demo 30 d\u00edas gratiso ll\u00e1manos al 932000088 para m\u00e1s informaci\u00f3n Documentaci\u00f3n C\u00f3mo actualizar a la versi\u00f3n 14 &hellip; <\/p>\n<p class=\"link-more\"><a href=\"https:\/\/totemguard.com\/netsupport-manager\/control-remoto-documentacion-videos-recursos\/\" class=\"more-link\">Seguir leyendo<span class=\"screen-reader-text\"> \u00abNetSupport Manager &#8211; Recursos\u00bb<\/span><\/a><\/p>\n","protected":false},"author":1,"featured_media":0,"parent":0,"menu_order":0,"comment_status":"closed","ping_status":"closed","template":"op_builder_blank","meta":{"footnotes":"","_links_to":"","_links_to_target":""},"class_list":["post-731","page","type-page","status-publish","hentry","entry"],"yoast_head":"<!-- This site is optimized with the Yoast SEO plugin v27.3 - https:\/\/yoast.com\/product\/yoast-seo-wordpress\/ -->\n<title>NetSupport Manager - Recursos - Totemguard<\/title>\n<meta name=\"description\" content=\"Documentaci\u00f3n, manuales, v\u00eddeos y casos de \u00e9xito del producto NetSupport Manager.\" \/>\n<meta name=\"robots\" content=\"index, follow, max-snippet:-1, max-image-preview:large, max-video-preview:-1\" \/>\n<link rel=\"canonical\" href=\"https:\/\/totemguard.com\/netsupport-manager\/control-remoto-documentacion-videos-recursos\/\" \/>\n<meta property=\"og:locale\" content=\"es_ES\" \/>\n<meta property=\"og:type\" content=\"article\" \/>\n<meta property=\"og:title\" content=\"NetSupport Manager - Recursos - Totemguard\" \/>\n<meta property=\"og:description\" content=\"Documentaci\u00f3n, manuales, v\u00eddeos y casos de \u00e9xito del producto NetSupport Manager.\" \/>\n<meta property=\"og:url\" content=\"https:\/\/totemguard.com\/netsupport-manager\/control-remoto-documentacion-videos-recursos\/\" \/>\n<meta property=\"og:site_name\" content=\"Totemguard\" \/>\n<meta property=\"article:modified_time\" content=\"2026-01-13T11:40:30+00:00\" \/>\n<meta property=\"og:image\" content=\"https:\/\/totemguard.com\/netsupport-manager\/wp-content\/uploads\/2014\/10\/totem-guard_grande-21.png\" \/>\n<meta name=\"twitter:card\" content=\"summary_large_image\" \/>\n<meta name=\"twitter:label1\" content=\"Tiempo de lectura\" \/>\n\t<meta name=\"twitter:data1\" content=\"6 minutos\" \/>\n<script type=\"application\/ld+json\" class=\"yoast-schema-graph\">{\"@context\":\"https:\\\/\\\/schema.org\",\"@graph\":[{\"@type\":\"WebPage\",\"@id\":\"https:\\\/\\\/totemguard.com\\\/netsupport-manager\\\/control-remoto-documentacion-videos-recursos\\\/\",\"url\":\"https:\\\/\\\/totemguard.com\\\/netsupport-manager\\\/control-remoto-documentacion-videos-recursos\\\/\",\"name\":\"NetSupport Manager - Recursos - Totemguard\",\"isPartOf\":{\"@id\":\"https:\\\/\\\/totemguard.com\\\/netsupport-manager\\\/#website\"},\"primaryImageOfPage\":{\"@id\":\"https:\\\/\\\/totemguard.com\\\/netsupport-manager\\\/control-remoto-documentacion-videos-recursos\\\/#primaryimage\"},\"image\":{\"@id\":\"https:\\\/\\\/totemguard.com\\\/netsupport-manager\\\/control-remoto-documentacion-videos-recursos\\\/#primaryimage\"},\"thumbnailUrl\":\"https:\\\/\\\/totemguard.com\\\/netsupport-manager\\\/wp-content\\\/uploads\\\/2014\\\/10\\\/totem-guard_grande-21.png\",\"datePublished\":\"2020-09-09T11:05:20+00:00\",\"dateModified\":\"2026-01-13T11:40:30+00:00\",\"description\":\"Documentaci\u00f3n, manuales, v\u00eddeos y casos de \u00e9xito del producto NetSupport Manager.\",\"breadcrumb\":{\"@id\":\"https:\\\/\\\/totemguard.com\\\/netsupport-manager\\\/control-remoto-documentacion-videos-recursos\\\/#breadcrumb\"},\"inLanguage\":\"es\",\"potentialAction\":[{\"@type\":\"ReadAction\",\"target\":[\"https:\\\/\\\/totemguard.com\\\/netsupport-manager\\\/control-remoto-documentacion-videos-recursos\\\/\"]}]},{\"@type\":\"ImageObject\",\"inLanguage\":\"es\",\"@id\":\"https:\\\/\\\/totemguard.com\\\/netsupport-manager\\\/control-remoto-documentacion-videos-recursos\\\/#primaryimage\",\"url\":\"https:\\\/\\\/totemguard.com\\\/netsupport-manager\\\/wp-content\\\/uploads\\\/2014\\\/10\\\/totem-guard_grande-21.png\",\"contentUrl\":\"https:\\\/\\\/totemguard.com\\\/netsupport-manager\\\/wp-content\\\/uploads\\\/2014\\\/10\\\/totem-guard_grande-21.png\"},{\"@type\":\"BreadcrumbList\",\"@id\":\"https:\\\/\\\/totemguard.com\\\/netsupport-manager\\\/control-remoto-documentacion-videos-recursos\\\/#breadcrumb\",\"itemListElement\":[{\"@type\":\"ListItem\",\"position\":1,\"name\":\"Portada\",\"item\":\"https:\\\/\\\/totemguard.com\\\/netsupport-manager\\\/control-remoto-windows-linux-mac\\\/\"},{\"@type\":\"ListItem\",\"position\":2,\"name\":\"NetSupport Manager &#8211; Recursos\"}]},{\"@type\":\"WebSite\",\"@id\":\"https:\\\/\\\/totemguard.com\\\/netsupport-manager\\\/#website\",\"url\":\"https:\\\/\\\/totemguard.com\\\/netsupport-manager\\\/\",\"name\":\"Totemguard\",\"description\":\"Control Remoto Windows Linux Mac\",\"potentialAction\":[{\"@type\":\"SearchAction\",\"target\":{\"@type\":\"EntryPoint\",\"urlTemplate\":\"https:\\\/\\\/totemguard.com\\\/netsupport-manager\\\/?s={search_term_string}\"},\"query-input\":{\"@type\":\"PropertyValueSpecification\",\"valueRequired\":true,\"valueName\":\"search_term_string\"}}],\"inLanguage\":\"es\"}]}<\/script>\n<!-- \/ Yoast SEO plugin. -->","yoast_head_json":{"title":"NetSupport Manager - Recursos - Totemguard","description":"Documentaci\u00f3n, manuales, v\u00eddeos y casos de \u00e9xito del producto NetSupport Manager.","robots":{"index":"index","follow":"follow","max-snippet":"max-snippet:-1","max-image-preview":"max-image-preview:large","max-video-preview":"max-video-preview:-1"},"canonical":"https:\/\/totemguard.com\/netsupport-manager\/control-remoto-documentacion-videos-recursos\/","og_locale":"es_ES","og_type":"article","og_title":"NetSupport Manager - Recursos - Totemguard","og_description":"Documentaci\u00f3n, manuales, v\u00eddeos y casos de \u00e9xito del producto NetSupport Manager.","og_url":"https:\/\/totemguard.com\/netsupport-manager\/control-remoto-documentacion-videos-recursos\/","og_site_name":"Totemguard","article_modified_time":"2026-01-13T11:40:30+00:00","og_image":[{"url":"https:\/\/totemguard.com\/netsupport-manager\/wp-content\/uploads\/2014\/10\/totem-guard_grande-21.png","type":"","width":"","height":""}],"twitter_card":"summary_large_image","twitter_misc":{"Tiempo de lectura":"6 minutos"},"schema":{"@context":"https:\/\/schema.org","@graph":[{"@type":"WebPage","@id":"https:\/\/totemguard.com\/netsupport-manager\/control-remoto-documentacion-videos-recursos\/","url":"https:\/\/totemguard.com\/netsupport-manager\/control-remoto-documentacion-videos-recursos\/","name":"NetSupport Manager - Recursos - Totemguard","isPartOf":{"@id":"https:\/\/totemguard.com\/netsupport-manager\/#website"},"primaryImageOfPage":{"@id":"https:\/\/totemguard.com\/netsupport-manager\/control-remoto-documentacion-videos-recursos\/#primaryimage"},"image":{"@id":"https:\/\/totemguard.com\/netsupport-manager\/control-remoto-documentacion-videos-recursos\/#primaryimage"},"thumbnailUrl":"https:\/\/totemguard.com\/netsupport-manager\/wp-content\/uploads\/2014\/10\/totem-guard_grande-21.png","datePublished":"2020-09-09T11:05:20+00:00","dateModified":"2026-01-13T11:40:30+00:00","description":"Documentaci\u00f3n, manuales, v\u00eddeos y casos de \u00e9xito del producto NetSupport Manager.","breadcrumb":{"@id":"https:\/\/totemguard.com\/netsupport-manager\/control-remoto-documentacion-videos-recursos\/#breadcrumb"},"inLanguage":"es","potentialAction":[{"@type":"ReadAction","target":["https:\/\/totemguard.com\/netsupport-manager\/control-remoto-documentacion-videos-recursos\/"]}]},{"@type":"ImageObject","inLanguage":"es","@id":"https:\/\/totemguard.com\/netsupport-manager\/control-remoto-documentacion-videos-recursos\/#primaryimage","url":"https:\/\/totemguard.com\/netsupport-manager\/wp-content\/uploads\/2014\/10\/totem-guard_grande-21.png","contentUrl":"https:\/\/totemguard.com\/netsupport-manager\/wp-content\/uploads\/2014\/10\/totem-guard_grande-21.png"},{"@type":"BreadcrumbList","@id":"https:\/\/totemguard.com\/netsupport-manager\/control-remoto-documentacion-videos-recursos\/#breadcrumb","itemListElement":[{"@type":"ListItem","position":1,"name":"Portada","item":"https:\/\/totemguard.com\/netsupport-manager\/control-remoto-windows-linux-mac\/"},{"@type":"ListItem","position":2,"name":"NetSupport Manager &#8211; Recursos"}]},{"@type":"WebSite","@id":"https:\/\/totemguard.com\/netsupport-manager\/#website","url":"https:\/\/totemguard.com\/netsupport-manager\/","name":"Totemguard","description":"Control Remoto Windows Linux Mac","potentialAction":[{"@type":"SearchAction","target":{"@type":"EntryPoint","urlTemplate":"https:\/\/totemguard.com\/netsupport-manager\/?s={search_term_string}"},"query-input":{"@type":"PropertyValueSpecification","valueRequired":true,"valueName":"search_term_string"}}],"inLanguage":"es"}]}},"_links":{"self":[{"href":"https:\/\/totemguard.com\/netsupport-manager\/wp-json\/wp\/v2\/pages\/731","targetHints":{"allow":["GET"]}}],"collection":[{"href":"https:\/\/totemguard.com\/netsupport-manager\/wp-json\/wp\/v2\/pages"}],"about":[{"href":"https:\/\/totemguard.com\/netsupport-manager\/wp-json\/wp\/v2\/types\/page"}],"author":[{"embeddable":true,"href":"https:\/\/totemguard.com\/netsupport-manager\/wp-json\/wp\/v2\/users\/1"}],"replies":[{"embeddable":true,"href":"https:\/\/totemguard.com\/netsupport-manager\/wp-json\/wp\/v2\/comments?post=731"}],"version-history":[{"count":83,"href":"https:\/\/totemguard.com\/netsupport-manager\/wp-json\/wp\/v2\/pages\/731\/revisions"}],"predecessor-version":[{"id":1873,"href":"https:\/\/totemguard.com\/netsupport-manager\/wp-json\/wp\/v2\/pages\/731\/revisions\/1873"}],"wp:attachment":[{"href":"https:\/\/totemguard.com\/netsupport-manager\/wp-json\/wp\/v2\/media?parent=731"}],"curies":[{"name":"wp","href":"https:\/\/api.w.org\/{rel}","templated":true}]}}