{"id":725,"date":"2020-09-09T11:05:20","date_gmt":"2020-09-09T11:05:20","guid":{"rendered":"https:\/\/totemguard.com\/netsupport-manager\/?page_id=725"},"modified":"2026-01-13T11:40:10","modified_gmt":"2026-01-13T11:40:10","slug":"control-remoto-productos-complementarios","status":"publish","type":"page","link":"https:\/\/totemguard.com\/netsupport-manager\/control-remoto-productos-complementarios\/","title":{"rendered":"NetSupport Manager &#8211; Otros Productos"},"content":{"rendered":"<p><img loading=\"lazy\" decoding=\"async\" class=\"op3-element__image op3-element-image__image\" src=\"https:\/\/totemguard.com\/netsupport-manager\/wp-content\/uploads\/2014\/10\/totem-guard_grande-21.png\" alt=\"\" title=\"totem+guard_grande-2\" width=\"1000\" height=\"175\" data-op3-attachment-id=\"\" \/><img loading=\"lazy\" decoding=\"async\" class=\"op3-element__image op3-element-image__image\" src=\"https:\/\/www.totemguard.com\/img\/NetSupport-Manager\/NetSupport-Manager.png\" alt=\"\" title=\"\" width=\"512\" height=\"256\" data-op3-attachment-id=\"\" \/><\/p>\n<h3>Productos Complementarios<\/h3>\n<p><a aria-label=\"Image Link\" class=\"op3-element__link op3-element-image__link op3-link op3-element__tcp--non-a\" href=\"https:\/\/totemguard.com\/netsupport-manager\/wp-content\/uploads\/2014\/11\/NSS_bar.png\" target=\"_self\"  data-op-action=\"link\" data-op-select-funnel-step=\"\" data-op3-smooth-scroll=\"\"><img loading=\"lazy\" decoding=\"async\" class=\"op3-element__image op3-element-image__image\" src=\"https:\/\/totemguard.com\/netsupport-manager\/wp-content\/uploads\/2014\/11\/NSS_bar.png\" alt=\"\" title=\"NSS_bar\" width=\"202\" height=\"47\" data-op3-attachment-id=\"200\" \/><\/a><\/p>\n<h2>Gesti\u00f3n de aulas Windows, Android e iOS<\/h2>\n<p>NetSupport School es la herramienta l\u00edder para la gesti\u00f3n del aula en entornos Windows, Android e iOS. Te ofrece:<\/p>\n<p>\u2013&gt; Gesti\u00f3n completa de la clase<\/p>\n<p>\u2013&gt; Visualizaci\u00f3n y control de pantallas de los estudiantes<\/p>\n<p>\u2013&gt; Monitorizaci\u00f3n de Internet, aplicaciones, chats y teclado<\/p>\n<p>\u2013&gt; Mejor uso de la pizarra digital (PDI)<\/p>\n<p>\u2013&gt; Gesti\u00f3n de impresoras, USBs y CD\/DVDs<\/p>\n<p>\u2013&gt; Supervisi\u00f3n del audio para aula de idiomas y m\u00fasica<\/p>\n<p>\u2013&gt; Encuestas de estudiantes y ex\u00e1menes<\/p>\n<p>\u2013&gt; Consola t\u00e9cnica para el administrador t\u00e9cnico del centro<\/p>\n<p>NetSupport School y Assist funcionan conjuntamente en entornos de aula multiplataforma o de doble arranque: el profesor podr\u00e1 ver, controlar e interactuar con todos los alumnos independientemente de qu\u00e9 sistema operativo est\u00e9n usando.<\/p>\n<p><a href=\"https:\/\/totemguard.com\/netsupport-school\/control-gestion-aula-tic\/\" target=\"_blank\">Conoce NetSupport School m\u00e1s a fondo y desc\u00e1rgate la demo<\/a><\/p>\n<p><img loading=\"lazy\" decoding=\"async\" class=\"op3-element__image op3-element-image__image\" src=\"https:\/\/totemguard.com\/netsupport-servicedesk\/wp-content\/uploads\/2014\/10\/dna.png\" alt=\"\" title=\"\" width=\"512\" height=\"256\" data-op3-attachment-id=\"\" \/><\/p>\n<h2>Gesti\u00f3n autom\u00e1tica de Activos TI<\/h2>\n<p>Si realizar un inventario del software y del hardware instalado en la red se convierte en un proceso manual que puede llevarte horas, automatiza todas estas tareas con NetSupport DNA<\/p>\n<p>NetSupport DNA es un gestor de activos TI dirigido a redes medianas y grandes pero con la ventaja competitiva de tener una r\u00e1pida instalaci\u00f3n y sin necesitad de invertir horas de formaci\u00f3n y consultor\u00eda por su facilidad de uso.<\/p>\n<p>NetSupport DNA permite recuperar miles de euros escondidos en la red y rescatar presupuesto perdido gracias a sus precisos informes. Asimismo ofrece control de usuarios para prevenir problemas en la red y eliminar riesgos de pirater\u00eda.<\/p>\n<p><a href=\"https:\/\/totemguard.com\/netsupport-dna\/inventario-hardware-software-licencias\/\" target=\"_blank\">Conoce NetSupport DNA m\u00e1s a fondo y desc\u00e1rgate la demo<\/a><\/p>\n<p>Contacta con nosotros:<\/p>\n<p>Ronda General Mitre 126, Planta 6<br \/>\n08021 Barcelona<\/p>\n<p>Tel. 93 200 00 88<\/p>\n<p>comercial@totemguard.com<\/p>\n<p>Nuestros productos<\/p>\n<p><img loading=\"lazy\" decoding=\"async\" class=\"op3-element__image op3-element-image__image\" src=\"https:\/\/totemguard.com\/img\/totemfootericons\/dnaico.png\" alt=\"DNA Icon\" title=\"\" width=\"512\" height=\"256\" data-op3-attachment-id=\"\" \/><\/p>\n<p><a href=\"https:\/\/totemguard.com\/netsupport-dna\/inventario-hardware-software-licencias\/\">NetSupport DNA<\/a><\/p>\n<p><img loading=\"lazy\" decoding=\"async\" class=\"op3-element__image op3-element-image__image\" src=\"https:\/\/totemguard.com\/img\/totemfootericons\/nsmico.png\" alt=\"NSM Ico\" title=\"\" width=\"26\" height=\"26\" data-op3-attachment-id=\"\" \/><\/p>\n<p><a href=\"https:\/\/totemguard.com\/netsupport-manager\/control-remoto-windows-linux-mac\/\">NetSupport Manager<\/a><\/p>\n<p><img loading=\"lazy\" decoding=\"async\" class=\"op3-element__image op3-element-image__image\" src=\"https:\/\/totemguard.com\/img\/totemfootericons\/nssico.png\" alt=\"NSS Ico\" title=\"\" width=\"26\" height=\"26\" data-op3-attachment-id=\"\" \/><\/p>\n<p><a href=\"https:\/\/totemguard.com\/netsupport-school\/control-gestion-aula-tic\/\">NetSupport School<\/a><\/p>\n<p><img loading=\"lazy\" decoding=\"async\" class=\"op3-element__image op3-element-image__image\" src=\"https:\/\/totemguard.com\/img\/totemfootericons\/nsnico.png\" alt=\"NSN Ico\" title=\"\" width=\"26\" height=\"26\" data-op3-attachment-id=\"\" \/><\/p>\n<p><a href=\"https:\/\/totemguard.com\/netsupport-notify\/mensajes-ordenadores-red\/\">NetSupport Notify<\/a><\/p>\n<\/p>\n<p><img loading=\"lazy\" decoding=\"async\" class=\"op3-element__image op3-element-image__image\" src=\"https:\/\/totemguard.com\/img\/totemfootericons\/247connectico.png\" alt=\"247 Ico\" title=\"\" width=\"26\" height=\"26\" data-op3-attachment-id=\"\" \/><\/p>\n<p><a href=\"https:\/\/totemguard.com\/247-connect\/control-remoto-seguro-en-la-nube\/\">NetSupport&nbsp;247 Connect<\/a><\/p>\n<p><img loading=\"lazy\" decoding=\"async\" class=\"op3-element__image op3-element-image__image\" src=\"https:\/\/totemguard.com\/img\/totemfootericons\/logo-icon-color-compass.png\" alt=\"OA Compass ico\" title=\"\" width=\"26\" height=\"26\" data-op3-attachment-id=\"\" \/><\/p>\n<p><a href=\"https:\/\/totemguard.com\/openathens-compass\/gestion-centralizada-recursos-electronicos\/\">OpenAthens Compass<\/a><\/p>\n<p><img loading=\"lazy\" decoding=\"async\" class=\"op3-element__image op3-element-image__image\" src=\"https:\/\/totemguard.com\/img\/totemfootericons\/Altaro-logo-1.png\" alt=\"VM Backup Ico\" title=\"\" width=\"26\" height=\"26\" data-op3-attachment-id=\"\" \/><\/p>\n<p><a href=\"https:\/\/totemguard.com\/altaro\/\">Altaro VM Backup<\/a><\/p>\n<p><img loading=\"lazy\" decoding=\"async\" class=\"op3-element__image op3-element-image__image\" src=\"https:\/\/totemguard.com\/img\/totemfootericons\/o-icon-svg-1.png\" alt=\"365 Backup Ico\" title=\"\" width=\"26\" height=\"25\" data-op3-attachment-id=\"\" \/><\/p>\n<p><a href=\"https:\/\/totemguard.com\/altaro\/backup-office-365\/\">365 Total Backup<\/a><\/p>\n<\/p>\n<p><img loading=\"lazy\" decoding=\"async\" class=\"op3-element__image op3-element-image__image\" src=\"https:\/\/totemguard.com\/img\/totemfootericons\/hornetfavicon.png\" alt=\"hornet security ico\" title=\"\" width=\"26\" height=\"26\" data-op3-attachment-id=\"\" \/><\/p>\n<p><a href=\"https:\/\/totemguard.com\/365-total-protection\/\">Total Protection<\/a><\/p>\n<p><img loading=\"lazy\" decoding=\"async\" class=\"op3-element__image op3-element-image__image\" src=\"https:\/\/totemguard.com\/img\/totemfootericons\/hornetfavicon.png\" alt=\"hornet security ico\" title=\"\" width=\"26\" height=\"26\" data-op3-attachment-id=\"\" \/><\/p>\n<p><a href=\"https:\/\/totemguard.com\/security-awareness-training\/\">Security Awareness Service<\/a><\/p>\n<p>  \u00a9  TotemGuard Digital Security &#8211; Ronda General Mitre, 126, Planta 6, 08021 Barcelona &#8211; Tel. 932 00 00 88 &#8211;<br \/>\n  <a href=\"https:\/\/www.totemguard.com\/terminos-y-condiciones\"><br \/>\n    Pol\u00edtica de privacidad, Cookies y Aviso Legal<br \/>\n  <\/a><\/p>\n","protected":false},"excerpt":{"rendered":"<p>Productos Complementarios Gesti\u00f3n de aulas Windows, Android e iOS NetSupport School es la herramienta l\u00edder para la gesti\u00f3n del aula en entornos Windows, Android e iOS. Te ofrece: \u2013&gt; Gesti\u00f3n completa de la clase \u2013&gt; Visualizaci\u00f3n y control de pantallas de los estudiantes \u2013&gt; Monitorizaci\u00f3n de Internet, aplicaciones, chats y teclado \u2013&gt; Mejor uso de &hellip; <\/p>\n<p class=\"link-more\"><a href=\"https:\/\/totemguard.com\/netsupport-manager\/control-remoto-productos-complementarios\/\" class=\"more-link\">Seguir leyendo<span class=\"screen-reader-text\"> \u00abNetSupport Manager &#8211; Otros Productos\u00bb<\/span><\/a><\/p>\n","protected":false},"author":1,"featured_media":0,"parent":0,"menu_order":0,"comment_status":"closed","ping_status":"closed","template":"op_builder_blank","meta":{"footnotes":"","_links_to":"","_links_to_target":""},"class_list":["post-725","page","type-page","status-publish","hentry","entry"],"yoast_head":"<!-- This site is optimized with the Yoast SEO plugin v27.3 - https:\/\/yoast.com\/product\/yoast-seo-wordpress\/ -->\n<title>NetSupport Manager - Otros Productos - Totemguard<\/title>\n<meta name=\"description\" content=\"NetSupport Manager se puede complementar con otros programas para ofrecer un mejor soporte t\u00e9cnico.\" \/>\n<meta name=\"robots\" content=\"index, follow, max-snippet:-1, max-image-preview:large, max-video-preview:-1\" \/>\n<link rel=\"canonical\" href=\"https:\/\/totemguard.com\/netsupport-manager\/control-remoto-productos-complementarios\/\" \/>\n<meta property=\"og:locale\" content=\"es_ES\" \/>\n<meta property=\"og:type\" content=\"article\" \/>\n<meta property=\"og:title\" content=\"NetSupport Manager - Otros Productos - Totemguard\" \/>\n<meta property=\"og:description\" content=\"NetSupport Manager se puede complementar con otros programas para ofrecer un mejor soporte t\u00e9cnico.\" \/>\n<meta property=\"og:url\" content=\"https:\/\/totemguard.com\/netsupport-manager\/control-remoto-productos-complementarios\/\" \/>\n<meta property=\"og:site_name\" content=\"Totemguard\" \/>\n<meta property=\"article:modified_time\" content=\"2026-01-13T11:40:10+00:00\" \/>\n<meta property=\"og:image\" content=\"https:\/\/totemguard.com\/netsupport-manager\/wp-content\/uploads\/2014\/10\/totem-guard_grande-21.png\" \/>\n<meta name=\"twitter:card\" content=\"summary_large_image\" \/>\n<meta name=\"twitter:label1\" content=\"Tiempo de lectura\" \/>\n\t<meta name=\"twitter:data1\" content=\"5 minutos\" \/>\n<script type=\"application\/ld+json\" class=\"yoast-schema-graph\">{\"@context\":\"https:\\\/\\\/schema.org\",\"@graph\":[{\"@type\":\"WebPage\",\"@id\":\"https:\\\/\\\/totemguard.com\\\/netsupport-manager\\\/control-remoto-productos-complementarios\\\/\",\"url\":\"https:\\\/\\\/totemguard.com\\\/netsupport-manager\\\/control-remoto-productos-complementarios\\\/\",\"name\":\"NetSupport Manager - Otros Productos - Totemguard\",\"isPartOf\":{\"@id\":\"https:\\\/\\\/totemguard.com\\\/netsupport-manager\\\/#website\"},\"primaryImageOfPage\":{\"@id\":\"https:\\\/\\\/totemguard.com\\\/netsupport-manager\\\/control-remoto-productos-complementarios\\\/#primaryimage\"},\"image\":{\"@id\":\"https:\\\/\\\/totemguard.com\\\/netsupport-manager\\\/control-remoto-productos-complementarios\\\/#primaryimage\"},\"thumbnailUrl\":\"https:\\\/\\\/totemguard.com\\\/netsupport-manager\\\/wp-content\\\/uploads\\\/2014\\\/10\\\/totem-guard_grande-21.png\",\"datePublished\":\"2020-09-09T11:05:20+00:00\",\"dateModified\":\"2026-01-13T11:40:10+00:00\",\"description\":\"NetSupport Manager se puede complementar con otros programas para ofrecer un mejor soporte t\u00e9cnico.\",\"breadcrumb\":{\"@id\":\"https:\\\/\\\/totemguard.com\\\/netsupport-manager\\\/control-remoto-productos-complementarios\\\/#breadcrumb\"},\"inLanguage\":\"es\",\"potentialAction\":[{\"@type\":\"ReadAction\",\"target\":[\"https:\\\/\\\/totemguard.com\\\/netsupport-manager\\\/control-remoto-productos-complementarios\\\/\"]}]},{\"@type\":\"ImageObject\",\"inLanguage\":\"es\",\"@id\":\"https:\\\/\\\/totemguard.com\\\/netsupport-manager\\\/control-remoto-productos-complementarios\\\/#primaryimage\",\"url\":\"https:\\\/\\\/totemguard.com\\\/netsupport-manager\\\/wp-content\\\/uploads\\\/2014\\\/10\\\/totem-guard_grande-21.png\",\"contentUrl\":\"https:\\\/\\\/totemguard.com\\\/netsupport-manager\\\/wp-content\\\/uploads\\\/2014\\\/10\\\/totem-guard_grande-21.png\"},{\"@type\":\"BreadcrumbList\",\"@id\":\"https:\\\/\\\/totemguard.com\\\/netsupport-manager\\\/control-remoto-productos-complementarios\\\/#breadcrumb\",\"itemListElement\":[{\"@type\":\"ListItem\",\"position\":1,\"name\":\"Portada\",\"item\":\"https:\\\/\\\/totemguard.com\\\/netsupport-manager\\\/control-remoto-windows-linux-mac\\\/\"},{\"@type\":\"ListItem\",\"position\":2,\"name\":\"NetSupport Manager &#8211; Otros Productos\"}]},{\"@type\":\"WebSite\",\"@id\":\"https:\\\/\\\/totemguard.com\\\/netsupport-manager\\\/#website\",\"url\":\"https:\\\/\\\/totemguard.com\\\/netsupport-manager\\\/\",\"name\":\"Totemguard\",\"description\":\"Control Remoto Windows Linux Mac\",\"potentialAction\":[{\"@type\":\"SearchAction\",\"target\":{\"@type\":\"EntryPoint\",\"urlTemplate\":\"https:\\\/\\\/totemguard.com\\\/netsupport-manager\\\/?s={search_term_string}\"},\"query-input\":{\"@type\":\"PropertyValueSpecification\",\"valueRequired\":true,\"valueName\":\"search_term_string\"}}],\"inLanguage\":\"es\"}]}<\/script>\n<!-- \/ Yoast SEO plugin. -->","yoast_head_json":{"title":"NetSupport Manager - Otros Productos - Totemguard","description":"NetSupport Manager se puede complementar con otros programas para ofrecer un mejor soporte t\u00e9cnico.","robots":{"index":"index","follow":"follow","max-snippet":"max-snippet:-1","max-image-preview":"max-image-preview:large","max-video-preview":"max-video-preview:-1"},"canonical":"https:\/\/totemguard.com\/netsupport-manager\/control-remoto-productos-complementarios\/","og_locale":"es_ES","og_type":"article","og_title":"NetSupport Manager - Otros Productos - Totemguard","og_description":"NetSupport Manager se puede complementar con otros programas para ofrecer un mejor soporte t\u00e9cnico.","og_url":"https:\/\/totemguard.com\/netsupport-manager\/control-remoto-productos-complementarios\/","og_site_name":"Totemguard","article_modified_time":"2026-01-13T11:40:10+00:00","og_image":[{"url":"https:\/\/totemguard.com\/netsupport-manager\/wp-content\/uploads\/2014\/10\/totem-guard_grande-21.png","type":"","width":"","height":""}],"twitter_card":"summary_large_image","twitter_misc":{"Tiempo de lectura":"5 minutos"},"schema":{"@context":"https:\/\/schema.org","@graph":[{"@type":"WebPage","@id":"https:\/\/totemguard.com\/netsupport-manager\/control-remoto-productos-complementarios\/","url":"https:\/\/totemguard.com\/netsupport-manager\/control-remoto-productos-complementarios\/","name":"NetSupport Manager - Otros Productos - Totemguard","isPartOf":{"@id":"https:\/\/totemguard.com\/netsupport-manager\/#website"},"primaryImageOfPage":{"@id":"https:\/\/totemguard.com\/netsupport-manager\/control-remoto-productos-complementarios\/#primaryimage"},"image":{"@id":"https:\/\/totemguard.com\/netsupport-manager\/control-remoto-productos-complementarios\/#primaryimage"},"thumbnailUrl":"https:\/\/totemguard.com\/netsupport-manager\/wp-content\/uploads\/2014\/10\/totem-guard_grande-21.png","datePublished":"2020-09-09T11:05:20+00:00","dateModified":"2026-01-13T11:40:10+00:00","description":"NetSupport Manager se puede complementar con otros programas para ofrecer un mejor soporte t\u00e9cnico.","breadcrumb":{"@id":"https:\/\/totemguard.com\/netsupport-manager\/control-remoto-productos-complementarios\/#breadcrumb"},"inLanguage":"es","potentialAction":[{"@type":"ReadAction","target":["https:\/\/totemguard.com\/netsupport-manager\/control-remoto-productos-complementarios\/"]}]},{"@type":"ImageObject","inLanguage":"es","@id":"https:\/\/totemguard.com\/netsupport-manager\/control-remoto-productos-complementarios\/#primaryimage","url":"https:\/\/totemguard.com\/netsupport-manager\/wp-content\/uploads\/2014\/10\/totem-guard_grande-21.png","contentUrl":"https:\/\/totemguard.com\/netsupport-manager\/wp-content\/uploads\/2014\/10\/totem-guard_grande-21.png"},{"@type":"BreadcrumbList","@id":"https:\/\/totemguard.com\/netsupport-manager\/control-remoto-productos-complementarios\/#breadcrumb","itemListElement":[{"@type":"ListItem","position":1,"name":"Portada","item":"https:\/\/totemguard.com\/netsupport-manager\/control-remoto-windows-linux-mac\/"},{"@type":"ListItem","position":2,"name":"NetSupport Manager &#8211; Otros Productos"}]},{"@type":"WebSite","@id":"https:\/\/totemguard.com\/netsupport-manager\/#website","url":"https:\/\/totemguard.com\/netsupport-manager\/","name":"Totemguard","description":"Control Remoto Windows Linux Mac","potentialAction":[{"@type":"SearchAction","target":{"@type":"EntryPoint","urlTemplate":"https:\/\/totemguard.com\/netsupport-manager\/?s={search_term_string}"},"query-input":{"@type":"PropertyValueSpecification","valueRequired":true,"valueName":"search_term_string"}}],"inLanguage":"es"}]}},"_links":{"self":[{"href":"https:\/\/totemguard.com\/netsupport-manager\/wp-json\/wp\/v2\/pages\/725","targetHints":{"allow":["GET"]}}],"collection":[{"href":"https:\/\/totemguard.com\/netsupport-manager\/wp-json\/wp\/v2\/pages"}],"about":[{"href":"https:\/\/totemguard.com\/netsupport-manager\/wp-json\/wp\/v2\/types\/page"}],"author":[{"embeddable":true,"href":"https:\/\/totemguard.com\/netsupport-manager\/wp-json\/wp\/v2\/users\/1"}],"replies":[{"embeddable":true,"href":"https:\/\/totemguard.com\/netsupport-manager\/wp-json\/wp\/v2\/comments?post=725"}],"version-history":[{"count":52,"href":"https:\/\/totemguard.com\/netsupport-manager\/wp-json\/wp\/v2\/pages\/725\/revisions"}],"predecessor-version":[{"id":1872,"href":"https:\/\/totemguard.com\/netsupport-manager\/wp-json\/wp\/v2\/pages\/725\/revisions\/1872"}],"wp:attachment":[{"href":"https:\/\/totemguard.com\/netsupport-manager\/wp-json\/wp\/v2\/media?parent=725"}],"curies":[{"name":"wp","href":"https:\/\/api.w.org\/{rel}","templated":true}]}}