{"id":717,"date":"2020-09-09T11:05:20","date_gmt":"2020-09-09T11:05:20","guid":{"rendered":"https:\/\/totemguard.com\/netsupport-manager\/?page_id=717"},"modified":"2026-01-13T11:37:34","modified_gmt":"2026-01-13T11:37:34","slug":"control-remoto-seguridad","status":"publish","type":"page","link":"https:\/\/totemguard.com\/netsupport-manager\/control-remoto-seguridad\/","title":{"rendered":"NetSupport Manager &#8211; Funcionalidades Seguridad"},"content":{"rendered":"<p><img loading=\"lazy\" decoding=\"async\" class=\"op3-element__image op3-element-image__image\" src=\"https:\/\/totemguard.com\/netsupport-manager\/wp-content\/uploads\/2014\/10\/totem-guard_grande-21.png\" alt=\"\" title=\"totem+guard_grande-2\" width=\"1000\" height=\"175\" data-op3-attachment-id=\"\" \/><img loading=\"lazy\" decoding=\"async\" class=\"op3-element__image op3-element-image__image\" src=\"https:\/\/www.totemguard.com\/img\/NetSupport-Manager\/NetSupport-Manager.png\" alt=\"\" title=\"\" width=\"512\" height=\"256\" data-op3-attachment-id=\"\" \/><\/p>\n<h2>\u00bfTe encuentras en un sector con demandas exigentes de seguridad?<\/h2>\n<h2>La opci\u00f3n n\u00ba 1 elegida por instituciones financieras y militares en el mundo<\/h2>\n<h2>con m\u00e1s de 18 funcionalidades dedicadas a la seguridad de tus comunicaciones<\/h2>\n<p style=\"text-align: center;\">La clave de su \u00e9xito es el Gateway incluido para conexiones a trav\u00e9s de Internet. El Gateway ofrece un m\u00e9todo estable y seguro para que puedas localizar y comunicarte a trav\u00e9s de http con cualquier equipo que requiera soporte t\u00e9cnico. Igualmente te ayuda a cumplir con la LOPD o cualquier auditoria cr\u00edtica de tu sector.<\/p>\n<p style=\"text-align: center;\">Adem\u00e1s, se han a\u00f1adido certificados SSL\/TLS para proporcionar una seguridad de datos superior. Los clientes pueden introducir su propio certificado o permitir que la puerta de enlace (gateway) cree y utilice un certificado <a href=\"https:\/\/letsencrypt.org\/\" target=\"_blank\">Let&#8217;s Encrypt<\/a>.<\/p>\n<p><a aria-label=\"Image Link\" class=\"op3-element__link op3-element-image__link op3-link op3-element__tcp--non-a\" href=\"https:\/\/totemguard.com\/netsupport-manager\/wp-content\/uploads\/2022\/09\/Config-Gateway.png\" target=\"_self\"  data-op-action=\"link\" data-op-select-funnel-step=\"\" data-op3-smooth-scroll=\"\"><img loading=\"lazy\" decoding=\"async\" class=\"op3-element__image op3-element-image__image\" src=\"https:\/\/totemguard.com\/netsupport-manager\/wp-content\/uploads\/2022\/09\/Config-Gateway.png\" alt=\"Configuracion Gateway\" title=\"Configuracion Gateway\" width=\"1501\" height=\"851\" data-op3-attachment-id=\"1427\" \/><\/a><\/p>\n<h2>SOPORTE T\u00c9CNICO A APLICACIONES CR\u00cdTICAS<\/h2>\n<p>Elimina la dependencia de tu control remoto a una \u00fanica conexi\u00f3n a Internet o hardware, al incorporar alta disponibilidad a trav\u00e9s de un gateway redundante.<\/p>\n<p>Funciona con autentificaci\u00f3n a trav\u00e9s de Smartcards. Cualquier login que realices a una smartcard desde tu PC Control se redirige y se aplica al PC Cliente.<\/p>\n<h2>18 Funciones claves de seguridad <\/h2>\n<p>Configura el cliente para aceptar conexiones HTTP a traves del Gateway desde una IP en concretoProtecci\u00f3n por contrase\u00f1a para todos los sistemasConfirmaciones del usuario (el usuario debe estar presente y autorizar cada solicitud de conexi\u00f3n de entrada)Cifrado de datos &#8211; opciones configurables de 56 bit DES a 256 bit AESClaves de seguridad: la licencia autorizada de NetSupport ser\u00e1 \u00fanica para la organizaci\u00f3n e incompatible con otras copias del software)Graba y reproduce sesiones de control remoto para mantener un historial de todas las actividades durante una sesi\u00f3n<img loading=\"lazy\" decoding=\"async\" class=\"op3-element__image op3-element-image__image\" src=\"https:\/\/totemguard.com\/netsupport-manager\/wp-content\/uploads\/2020\/03\/ConfiguracionManagerHTTP.png\" alt=\"\" title=\"\" width=\"825\" height=\"546\" data-op3-attachment-id=\"\" \/><img loading=\"lazy\" decoding=\"async\" class=\"op3-element__image op3-element-image__image\" src=\"https:\/\/totemguard.com\/netsupport-manager\/wp-content\/uploads\/2017\/06\/ManagerMovil.png\" alt=\"\" title=\"\" width=\"2048\" height=\"1536\" data-op3-attachment-id=\"\" \/>Limita la conectividad por cuenta de usuario o direcci\u00f3n IP de origen. Permita s\u00f3lo que se hagan conexiones desde ubicaciones conocidasPantalla de cliente en blanco cuando se llevan a cabo operaciones confidencialesSalida autom\u00e1tica de la sesi\u00f3n con un sistema remoto al desconectar. Evita que por error se deje un sistema en sesi\u00f3n sin finalizarla.Tiempo de espera de inactividad definido por el usuario en conexiones abiertasSeguridad de devoluci\u00f3n de llamada para las conexiones por acceso telef\u00f3nicoDespliega y gestiona las configuraciones de seguridad centralmente desde una ubicaci\u00f3n \u00fanicaSoporte para smartcards: cualquier login realizado desde el PC Control se redirige y se aplica al PC ClienteAutentificaci\u00f3n con tarjeta inteligente: la validaci\u00f3n de usuarios para conexiones dispone de soporte para autentificaci\u00f3n mediante c\u00f3digo PIN de tarjeta inteligente, adem\u00e1s del soporte de inicio de sesi\u00f3n remota<a aria-label=\"Image Link\" class=\"op3-element__link op3-element-image__link op3-link op3-element__tcp--non-a\" href=\"https:\/\/totemguard.com\/netsupport-manager\/wp-content\/uploads\/2022\/09\/SmartCard.png\" target=\"_self\"  data-op-action=\"link\" data-op-select-funnel-step=\"\" data-op3-smooth-scroll=\"\"><img loading=\"lazy\" decoding=\"async\" class=\"op3-element__image op3-element-image__image\" src=\"https:\/\/totemguard.com\/netsupport-manager\/wp-content\/uploads\/2022\/09\/SmartCard.png\" alt=\"SmartCard\" title=\"SmartCard\" width=\"1501\" height=\"908\" data-op3-attachment-id=\"1429\" \/><\/a><\/p>\n<h2>Seguridad integrada<\/h2>\n<p>Se integra directamente con los perfiles del directorio activo para la validaci\u00f3n de usuariosSe integra los perfiles de usuario NT para validar a un usuario de entrada antes de aceptar la solicitud de conexi\u00f3nTe proporciona plantillas de directorio activo para conseguir una conformidad con todas las configuraciones de cliente predefinidasPermite que las funciones sean distintas seg\u00fan quien sea el usuario autentificado que establezca la conexi\u00f3nRegistros de eventos y registros hist\u00f3ricos completos incluyendo integraci\u00f3n con los registros de eventos del sistema operativo<\/p>\n<h2>Accede a tus equipos remotos con total seguridad<\/h2>\n<p><a aria-label=\"Button link\" class=\"op3-element__tcp--non-a op3-link op3-background-ancestor\" target=\"_blank\" rel=\"nofollow\" data-op-action=\"popoverlay\" data-op-popoverlay-trigger=\"PW4MpajV\" data-op-select-funnel-step=\"\" data-op3-smooth-scroll=\"0\" data-op-effect-style=\"\" data-op-effect-style-hover=\"\" data-op-courseaction=\"\" href=\"#\">Pru\u00e9balo 30 d\u00edas gratiso ll\u00e1manos al 932000088 para m\u00e1s informaci\u00f3n<\/a><\/p>\n<p>Contacta con nosotros:<\/p>\n<p>Ronda General Mitre 126, Planta 6<br \/>\n08021 Barcelona<\/p>\n<p>Tel. 93 200 00 88<\/p>\n<p>comercial@totemguard.com<\/p>\n<p>Nuestros productos<\/p>\n<p><img loading=\"lazy\" decoding=\"async\" class=\"op3-element__image op3-element-image__image\" src=\"https:\/\/totemguard.com\/img\/totemfootericons\/dnaico.png\" alt=\"DNA Icon\" title=\"\" width=\"512\" height=\"256\" data-op3-attachment-id=\"\" \/><\/p>\n<p><a href=\"https:\/\/totemguard.com\/netsupport-dna\/inventario-hardware-software-licencias\/\">NetSupport DNA<\/a><\/p>\n<p><img loading=\"lazy\" decoding=\"async\" class=\"op3-element__image op3-element-image__image\" src=\"https:\/\/totemguard.com\/img\/totemfootericons\/nsmico.png\" alt=\"NSM Ico\" title=\"\" width=\"26\" height=\"26\" data-op3-attachment-id=\"\" \/><\/p>\n<p><a href=\"https:\/\/totemguard.com\/netsupport-manager\/control-remoto-windows-linux-mac\/\">NetSupport Manager<\/a><\/p>\n<p><img loading=\"lazy\" decoding=\"async\" class=\"op3-element__image op3-element-image__image\" src=\"https:\/\/totemguard.com\/img\/totemfootericons\/nssico.png\" alt=\"NSS Ico\" title=\"\" width=\"26\" height=\"26\" data-op3-attachment-id=\"\" \/><\/p>\n<p><a href=\"https:\/\/totemguard.com\/netsupport-school\/control-gestion-aula-tic\/\">NetSupport School<\/a><\/p>\n<p><img loading=\"lazy\" decoding=\"async\" class=\"op3-element__image op3-element-image__image\" src=\"https:\/\/totemguard.com\/img\/totemfootericons\/nsnico.png\" alt=\"NSN Ico\" title=\"\" width=\"26\" height=\"26\" data-op3-attachment-id=\"\" \/><\/p>\n<p><a href=\"https:\/\/totemguard.com\/netsupport-notify\/mensajes-ordenadores-red\/\">NetSupport Notify<\/a><\/p>\n<\/p>\n<p><img loading=\"lazy\" decoding=\"async\" class=\"op3-element__image op3-element-image__image\" src=\"https:\/\/totemguard.com\/img\/totemfootericons\/247connectico.png\" alt=\"247 Ico\" title=\"\" width=\"26\" height=\"26\" data-op3-attachment-id=\"\" \/><\/p>\n<p><a href=\"https:\/\/totemguard.com\/247-connect\/control-remoto-seguro-en-la-nube\/\">NetSupport&nbsp;247 Connect<\/a><\/p>\n<p><img loading=\"lazy\" decoding=\"async\" class=\"op3-element__image op3-element-image__image\" src=\"https:\/\/totemguard.com\/img\/totemfootericons\/logo-icon-color-compass.png\" alt=\"OA Compass ico\" title=\"\" width=\"26\" height=\"26\" data-op3-attachment-id=\"\" \/><\/p>\n<p><a href=\"https:\/\/totemguard.com\/openathens-compass\/gestion-centralizada-recursos-electronicos\/\">OpenAthens Compass<\/a><\/p>\n<p><img loading=\"lazy\" decoding=\"async\" class=\"op3-element__image op3-element-image__image\" src=\"https:\/\/totemguard.com\/img\/totemfootericons\/Altaro-logo-1.png\" alt=\"VM Backup Ico\" title=\"\" width=\"26\" height=\"26\" data-op3-attachment-id=\"\" \/><\/p>\n<p><a href=\"https:\/\/totemguard.com\/altaro\/\">Altaro VM Backup<\/a><\/p>\n<p><img loading=\"lazy\" decoding=\"async\" class=\"op3-element__image op3-element-image__image\" src=\"https:\/\/totemguard.com\/img\/totemfootericons\/o-icon-svg-1.png\" alt=\"365 Backup Ico\" title=\"\" width=\"26\" height=\"25\" data-op3-attachment-id=\"\" \/><\/p>\n<p><a href=\"https:\/\/totemguard.com\/altaro\/backup-office-365\/\">365 Total Backup<\/a><\/p>\n<\/p>\n<p><img loading=\"lazy\" decoding=\"async\" class=\"op3-element__image op3-element-image__image\" src=\"https:\/\/totemguard.com\/img\/totemfootericons\/hornetfavicon.png\" alt=\"hornet security ico\" title=\"\" width=\"26\" height=\"26\" data-op3-attachment-id=\"\" \/><\/p>\n<p><a href=\"https:\/\/totemguard.com\/365-total-protection\/\">Total Protection<\/a><\/p>\n<p><img loading=\"lazy\" decoding=\"async\" class=\"op3-element__image op3-element-image__image\" src=\"https:\/\/totemguard.com\/img\/totemfootericons\/hornetfavicon.png\" alt=\"hornet security ico\" title=\"\" width=\"26\" height=\"26\" data-op3-attachment-id=\"\" \/><\/p>\n<p><a href=\"https:\/\/totemguard.com\/security-awareness-training\/\">Security Awareness Service<\/a><\/p>\n<p>  \u00a9  TotemGuard Digital Security &#8211; Ronda General Mitre, 126, Planta 6, 08021 Barcelona &#8211; Tel. 932 00 00 88 &#8211;<br \/>\n  <a href=\"https:\/\/www.totemguard.com\/terminos-y-condiciones\"><br \/>\n    Pol\u00edtica de privacidad, Cookies y Aviso Legal<br \/>\n  <\/a><\/p>\n","protected":false},"excerpt":{"rendered":"<p>\u00bfTe encuentras en un sector con demandas exigentes de seguridad? La opci\u00f3n n\u00ba 1 elegida por instituciones financieras y militares en el mundo con m\u00e1s de 18 funcionalidades dedicadas a la seguridad de tus comunicaciones La clave de su \u00e9xito es el Gateway incluido para conexiones a trav\u00e9s de Internet. El Gateway ofrece un m\u00e9todo &hellip; <\/p>\n<p class=\"link-more\"><a href=\"https:\/\/totemguard.com\/netsupport-manager\/control-remoto-seguridad\/\" class=\"more-link\">Seguir leyendo<span class=\"screen-reader-text\"> \u00abNetSupport Manager &#8211; Funcionalidades Seguridad\u00bb<\/span><\/a><\/p>\n","protected":false},"author":1,"featured_media":0,"parent":0,"menu_order":0,"comment_status":"closed","ping_status":"closed","template":"op_builder_blank","meta":{"footnotes":"","_links_to":"","_links_to_target":""},"class_list":["post-717","page","type-page","status-publish","hentry","entry"],"yoast_head":"<!-- This site is optimized with the Yoast SEO plugin v27.3 - https:\/\/yoast.com\/product\/yoast-seo-wordpress\/ -->\n<title>NetSupport Manager - Funcionalidades Seguridad - Totemguard<\/title>\n<meta name=\"description\" content=\"NetSupport Manager es un software de control remoto que no depende de servidores de terceros, por lo que las comunicaciones pasan solo por tu red y adem\u00e1s ofrece opciones de cifrado, de aceptaci\u00f3n de conexi\u00f3n, etc.\" \/>\n<meta name=\"robots\" content=\"index, follow, max-snippet:-1, max-image-preview:large, max-video-preview:-1\" \/>\n<link rel=\"canonical\" href=\"https:\/\/totemguard.com\/netsupport-manager\/control-remoto-seguridad\/\" \/>\n<meta property=\"og:locale\" content=\"es_ES\" \/>\n<meta property=\"og:type\" content=\"article\" \/>\n<meta property=\"og:title\" content=\"NetSupport Manager - Funcionalidades Seguridad - Totemguard\" \/>\n<meta property=\"og:description\" content=\"NetSupport Manager es un software de control remoto que no depende de servidores de terceros, por lo que las comunicaciones pasan solo por tu red y adem\u00e1s ofrece opciones de cifrado, de aceptaci\u00f3n de conexi\u00f3n, etc.\" \/>\n<meta property=\"og:url\" content=\"https:\/\/totemguard.com\/netsupport-manager\/control-remoto-seguridad\/\" \/>\n<meta property=\"og:site_name\" content=\"Totemguard\" \/>\n<meta property=\"article:modified_time\" content=\"2026-01-13T11:37:34+00:00\" \/>\n<meta property=\"og:image\" content=\"https:\/\/totemguard.com\/netsupport-manager\/wp-content\/uploads\/2014\/10\/totem-guard_grande-21.png\" \/>\n<meta name=\"twitter:card\" content=\"summary_large_image\" \/>\n<meta name=\"twitter:label1\" content=\"Tiempo de lectura\" \/>\n\t<meta name=\"twitter:data1\" content=\"6 minutos\" \/>\n<script type=\"application\/ld+json\" class=\"yoast-schema-graph\">{\"@context\":\"https:\\\/\\\/schema.org\",\"@graph\":[{\"@type\":\"WebPage\",\"@id\":\"https:\\\/\\\/totemguard.com\\\/netsupport-manager\\\/control-remoto-seguridad\\\/\",\"url\":\"https:\\\/\\\/totemguard.com\\\/netsupport-manager\\\/control-remoto-seguridad\\\/\",\"name\":\"NetSupport Manager - Funcionalidades Seguridad - Totemguard\",\"isPartOf\":{\"@id\":\"https:\\\/\\\/totemguard.com\\\/netsupport-manager\\\/#website\"},\"primaryImageOfPage\":{\"@id\":\"https:\\\/\\\/totemguard.com\\\/netsupport-manager\\\/control-remoto-seguridad\\\/#primaryimage\"},\"image\":{\"@id\":\"https:\\\/\\\/totemguard.com\\\/netsupport-manager\\\/control-remoto-seguridad\\\/#primaryimage\"},\"thumbnailUrl\":\"https:\\\/\\\/totemguard.com\\\/netsupport-manager\\\/wp-content\\\/uploads\\\/2014\\\/10\\\/totem-guard_grande-21.png\",\"datePublished\":\"2020-09-09T11:05:20+00:00\",\"dateModified\":\"2026-01-13T11:37:34+00:00\",\"description\":\"NetSupport Manager es un software de control remoto que no depende de servidores de terceros, por lo que las comunicaciones pasan solo por tu red y adem\u00e1s ofrece opciones de cifrado, de aceptaci\u00f3n de conexi\u00f3n, etc.\",\"breadcrumb\":{\"@id\":\"https:\\\/\\\/totemguard.com\\\/netsupport-manager\\\/control-remoto-seguridad\\\/#breadcrumb\"},\"inLanguage\":\"es\",\"potentialAction\":[{\"@type\":\"ReadAction\",\"target\":[\"https:\\\/\\\/totemguard.com\\\/netsupport-manager\\\/control-remoto-seguridad\\\/\"]}]},{\"@type\":\"ImageObject\",\"inLanguage\":\"es\",\"@id\":\"https:\\\/\\\/totemguard.com\\\/netsupport-manager\\\/control-remoto-seguridad\\\/#primaryimage\",\"url\":\"https:\\\/\\\/totemguard.com\\\/netsupport-manager\\\/wp-content\\\/uploads\\\/2014\\\/10\\\/totem-guard_grande-21.png\",\"contentUrl\":\"https:\\\/\\\/totemguard.com\\\/netsupport-manager\\\/wp-content\\\/uploads\\\/2014\\\/10\\\/totem-guard_grande-21.png\"},{\"@type\":\"BreadcrumbList\",\"@id\":\"https:\\\/\\\/totemguard.com\\\/netsupport-manager\\\/control-remoto-seguridad\\\/#breadcrumb\",\"itemListElement\":[{\"@type\":\"ListItem\",\"position\":1,\"name\":\"Portada\",\"item\":\"https:\\\/\\\/totemguard.com\\\/netsupport-manager\\\/control-remoto-windows-linux-mac\\\/\"},{\"@type\":\"ListItem\",\"position\":2,\"name\":\"NetSupport Manager &#8211; Funcionalidades Seguridad\"}]},{\"@type\":\"WebSite\",\"@id\":\"https:\\\/\\\/totemguard.com\\\/netsupport-manager\\\/#website\",\"url\":\"https:\\\/\\\/totemguard.com\\\/netsupport-manager\\\/\",\"name\":\"Totemguard\",\"description\":\"Control Remoto Windows Linux Mac\",\"potentialAction\":[{\"@type\":\"SearchAction\",\"target\":{\"@type\":\"EntryPoint\",\"urlTemplate\":\"https:\\\/\\\/totemguard.com\\\/netsupport-manager\\\/?s={search_term_string}\"},\"query-input\":{\"@type\":\"PropertyValueSpecification\",\"valueRequired\":true,\"valueName\":\"search_term_string\"}}],\"inLanguage\":\"es\"}]}<\/script>\n<!-- \/ Yoast SEO plugin. -->","yoast_head_json":{"title":"NetSupport Manager - Funcionalidades Seguridad - Totemguard","description":"NetSupport Manager es un software de control remoto que no depende de servidores de terceros, por lo que las comunicaciones pasan solo por tu red y adem\u00e1s ofrece opciones de cifrado, de aceptaci\u00f3n de conexi\u00f3n, etc.","robots":{"index":"index","follow":"follow","max-snippet":"max-snippet:-1","max-image-preview":"max-image-preview:large","max-video-preview":"max-video-preview:-1"},"canonical":"https:\/\/totemguard.com\/netsupport-manager\/control-remoto-seguridad\/","og_locale":"es_ES","og_type":"article","og_title":"NetSupport Manager - Funcionalidades Seguridad - Totemguard","og_description":"NetSupport Manager es un software de control remoto que no depende de servidores de terceros, por lo que las comunicaciones pasan solo por tu red y adem\u00e1s ofrece opciones de cifrado, de aceptaci\u00f3n de conexi\u00f3n, etc.","og_url":"https:\/\/totemguard.com\/netsupport-manager\/control-remoto-seguridad\/","og_site_name":"Totemguard","article_modified_time":"2026-01-13T11:37:34+00:00","og_image":[{"url":"https:\/\/totemguard.com\/netsupport-manager\/wp-content\/uploads\/2014\/10\/totem-guard_grande-21.png","type":"","width":"","height":""}],"twitter_card":"summary_large_image","twitter_misc":{"Tiempo de lectura":"6 minutos"},"schema":{"@context":"https:\/\/schema.org","@graph":[{"@type":"WebPage","@id":"https:\/\/totemguard.com\/netsupport-manager\/control-remoto-seguridad\/","url":"https:\/\/totemguard.com\/netsupport-manager\/control-remoto-seguridad\/","name":"NetSupport Manager - Funcionalidades Seguridad - Totemguard","isPartOf":{"@id":"https:\/\/totemguard.com\/netsupport-manager\/#website"},"primaryImageOfPage":{"@id":"https:\/\/totemguard.com\/netsupport-manager\/control-remoto-seguridad\/#primaryimage"},"image":{"@id":"https:\/\/totemguard.com\/netsupport-manager\/control-remoto-seguridad\/#primaryimage"},"thumbnailUrl":"https:\/\/totemguard.com\/netsupport-manager\/wp-content\/uploads\/2014\/10\/totem-guard_grande-21.png","datePublished":"2020-09-09T11:05:20+00:00","dateModified":"2026-01-13T11:37:34+00:00","description":"NetSupport Manager es un software de control remoto que no depende de servidores de terceros, por lo que las comunicaciones pasan solo por tu red y adem\u00e1s ofrece opciones de cifrado, de aceptaci\u00f3n de conexi\u00f3n, etc.","breadcrumb":{"@id":"https:\/\/totemguard.com\/netsupport-manager\/control-remoto-seguridad\/#breadcrumb"},"inLanguage":"es","potentialAction":[{"@type":"ReadAction","target":["https:\/\/totemguard.com\/netsupport-manager\/control-remoto-seguridad\/"]}]},{"@type":"ImageObject","inLanguage":"es","@id":"https:\/\/totemguard.com\/netsupport-manager\/control-remoto-seguridad\/#primaryimage","url":"https:\/\/totemguard.com\/netsupport-manager\/wp-content\/uploads\/2014\/10\/totem-guard_grande-21.png","contentUrl":"https:\/\/totemguard.com\/netsupport-manager\/wp-content\/uploads\/2014\/10\/totem-guard_grande-21.png"},{"@type":"BreadcrumbList","@id":"https:\/\/totemguard.com\/netsupport-manager\/control-remoto-seguridad\/#breadcrumb","itemListElement":[{"@type":"ListItem","position":1,"name":"Portada","item":"https:\/\/totemguard.com\/netsupport-manager\/control-remoto-windows-linux-mac\/"},{"@type":"ListItem","position":2,"name":"NetSupport Manager &#8211; Funcionalidades Seguridad"}]},{"@type":"WebSite","@id":"https:\/\/totemguard.com\/netsupport-manager\/#website","url":"https:\/\/totemguard.com\/netsupport-manager\/","name":"Totemguard","description":"Control Remoto Windows Linux Mac","potentialAction":[{"@type":"SearchAction","target":{"@type":"EntryPoint","urlTemplate":"https:\/\/totemguard.com\/netsupport-manager\/?s={search_term_string}"},"query-input":{"@type":"PropertyValueSpecification","valueRequired":true,"valueName":"search_term_string"}}],"inLanguage":"es"}]}},"_links":{"self":[{"href":"https:\/\/totemguard.com\/netsupport-manager\/wp-json\/wp\/v2\/pages\/717","targetHints":{"allow":["GET"]}}],"collection":[{"href":"https:\/\/totemguard.com\/netsupport-manager\/wp-json\/wp\/v2\/pages"}],"about":[{"href":"https:\/\/totemguard.com\/netsupport-manager\/wp-json\/wp\/v2\/types\/page"}],"author":[{"embeddable":true,"href":"https:\/\/totemguard.com\/netsupport-manager\/wp-json\/wp\/v2\/users\/1"}],"replies":[{"embeddable":true,"href":"https:\/\/totemguard.com\/netsupport-manager\/wp-json\/wp\/v2\/comments?post=717"}],"version-history":[{"count":82,"href":"https:\/\/totemguard.com\/netsupport-manager\/wp-json\/wp\/v2\/pages\/717\/revisions"}],"predecessor-version":[{"id":1870,"href":"https:\/\/totemguard.com\/netsupport-manager\/wp-json\/wp\/v2\/pages\/717\/revisions\/1870"}],"wp:attachment":[{"href":"https:\/\/totemguard.com\/netsupport-manager\/wp-json\/wp\/v2\/media?parent=717"}],"curies":[{"name":"wp","href":"https:\/\/api.w.org\/{rel}","templated":true}]}}