{"id":708,"date":"2020-09-09T11:05:20","date_gmt":"2020-09-09T11:05:20","guid":{"rendered":"https:\/\/totemguard.com\/netsupport-manager\/?page_id=708"},"modified":"2026-01-13T11:37:01","modified_gmt":"2026-01-13T11:37:01","slug":"control-dispositivos-moviles","status":"publish","type":"page","link":"https:\/\/totemguard.com\/netsupport-manager\/control-dispositivos-moviles\/","title":{"rendered":"NetSupport Manager &#8211; Dispositivos Moviles"},"content":{"rendered":"<p><img loading=\"lazy\" decoding=\"async\" class=\"op3-element__image op3-element-image__image\" src=\"https:\/\/totemguard.com\/netsupport-manager\/wp-content\/uploads\/2014\/10\/totem-guard_grande-21.png\" alt=\"\" title=\"totem+guard_grande-2\" width=\"1000\" height=\"175\" data-op3-attachment-id=\"\" \/><img loading=\"lazy\" decoding=\"async\" class=\"op3-element__image op3-element-image__image\" src=\"https:\/\/www.totemguard.com\/img\/NetSupport-Manager\/NetSupport-Manager.png\" alt=\"\" title=\"\" width=\"512\" height=\"256\" data-op3-attachment-id=\"\" \/><\/p>\n<h2>NetSupport Manager: control remoto m\u00f3vil desde tabletas iOS y Android<\/h2>\n<p>El Control de NetSupport Manager para iOS y Android proporciona control remoto m\u00f3vil para los usuarios que ya ten\u00edan control remoto de NetSupport Manager desde cualquier iPad, iPhone, iPod, tableta\/smartphone Android o Kindle Fire.<\/p>\n<p>El nuevo Control m\u00f3vil permite a los usuarios buscar y conectarse r\u00e1pidamente a equipos locales mediante direcci\u00f3n IP o nombre de PC, o buscar, ver y conectarse a equipos remotos mediante el componente gratuito de puerta de enlace a Internet de NetSupport Manager.<\/p>\n<p>El Control de NetSupport Manager ofrece control remoto completo, chat y mensajer\u00eda a cualquier PC remoto que tenga instalado y ejecute un cliente de NetSupport Manager existente (versi\u00f3n 11.04 o posterior).<\/p>\n<h2>Funcionalidades Control NetSupport Manager para dispositivos m\u00f3viles<\/h2>\n<p><img loading=\"lazy\" decoding=\"async\" class=\"op3-element__image op3-element-image__image\" src=\"https:\/\/totemguard.com\/netsupport-manager\/wp-content\/uploads\/2017\/06\/ManagerMovil.png\" alt=\"\" title=\"\" width=\"2048\" height=\"1536\" data-op3-attachment-id=\"\" \/>Control remoto: puede llevar a cabo las acciones de Observar (s\u00f3lo presentaci\u00f3n), Compartir (ambas partes se pueden ver e interactuar) y Control (la pantalla y el teclado remotos est\u00e1n bloqueados) en cualquier PC remoto con NetSupport Manager activado.La vista en miniatura de todos los dispositivos Cliente conectados.Seleccione, con\u00e9ctese e interact\u00fae con varios dispositivos Cliente simult\u00e1neamente.Vea una lista de los clientes conectados previamente y podr\u00e1 conectarse de forma continua e instant\u00e1nea.Visualice el PC remoto mediante la opci\u00f3n de enganchar y hacer panor\u00e1mica y zoom para resaltar en la pantalla la informaci\u00f3n importante.Alterne entre el modo \u2018t\u00e1ctil\u2019 y \u2018cursor\u2019 si es necesaria mayor precisi\u00f3n cuando se controla un equipo Cliente remoto.Mantener una sesi\u00f3n de conversaci\u00f3n con texto con el usuario remoto.<img loading=\"lazy\" decoding=\"async\" class=\"op3-element__image op3-element-image__image\" src=\"https:\/\/totemguard.com\/netsupport-manager\/wp-content\/uploads\/2017\/06\/ManagerMovil2.png\" alt=\"\" title=\"\" width=\"2560\" height=\"1600\" data-op3-attachment-id=\"\" \/><img loading=\"lazy\" decoding=\"async\" class=\"op3-element__image op3-element-image__image\" src=\"https:\/\/totemguard.com\/netsupport-manager\/wp-content\/uploads\/2017\/06\/ManagerMovil.png\" alt=\"\" title=\"\" width=\"2048\" height=\"1536\" data-op3-attachment-id=\"\" \/>Genera en cualquier momento un informe de inventario de hardware completo de un dispositivo remoto.Ve el estado actual de las redes inal\u00e1mbricas as\u00ed como de la carga de la bater\u00eda de un port\u00e1til Cliente conectado.Puede utilizar el cifrado de 64, 128 o 256 bits en cada sesi\u00f3n.<a aria-label=\"Button link\" class=\"op3-element__tcp--non-a op3-link op3-background-ancestor\" target=\"_self\"  data-op-action=\"popoverlay\" data-op-popoverlay-trigger=\"PW4MpajV\" data-op-select-funnel-step=\"\" data-op-animation-trigger=\"scroll\" data-op-animation-style=\"scale-up\" data-op-animation-loop=\"0\" data-op-timer-minutes=\"0\" data-op-timer-seconds=\"0\" data-op3-smooth-scroll=\"\" data-op-effect-style=\"\" data-op-effect-style-hover=\"\" data-op-courseaction=\"\" href=\"#\">Prueba 30 d\u00edas Gratiso ll\u00e1manos al 932000088 para m\u00e1s informaci\u00f3n<\/a><\/p>\n<h2>Novedad versi\u00f3n 12.50 Cliente m\u00f3vil de NetSupport Manager para Android<\/h2>\n<p>El Cliente m\u00f3vil de NetSupport Manager para Android permite a los usuarios de la versi\u00f3n 12.50 del Control de NetSupport Manager conectarse remotamente a dispositivos Android clientes (versi\u00f3n Android 4 o superior) y poder interactuar mejor y ofrecer un mejor soporte t\u00e9cnico en tiempo real.<\/p>\n<h2>NetSupport Manager requiere una licencia para cada equipo de la red que deseamos inventariar y gestionar m\u00e1s eficazmente<\/h2>\n<p><img loading=\"lazy\" decoding=\"async\" class=\"op3-element__image op3-element-image__image\" src=\"https:\/\/totemguard.com\/netsupport-manager\/wp-content\/uploads\/2017\/06\/ManagerClienteAndroidChat.png\" alt=\"\" title=\"\" width=\"1024\" height=\"600\" data-op3-attachment-id=\"\" \/>Env\u00edo de mensajes: El usuario de control puede enviar mensajes a un solo dispositivo cliente conectado, a varios seleccionados o a todos ellos.Chat: Tanto el cliente como el control pueden iniciar una sesi\u00f3n de chat directo de texto. El cliente tambi\u00e9n puede incorporarse a una discusi\u00f3n iniciada por el control.Capturas de pantalla: Durante una sesi\u00f3n de control remoto, el Control puede hacer capturas de pantalla desde el dispositivo del Cliente para ayudar a solucionar problemas.Transferencia de archivos: El usuario del Control puede transferir archivos a, y desde, el dispositivo cliente para ofrecer una flexibilidad total y facilitar el trabajo.Indicadores de WiFi y bater\u00eda: Vea el estado actual de las redes inal\u00e1mbricas, as\u00ed como de la carga de la bater\u00eda de los dispositivos de los Clientes conectados.Adem\u00e1s, en dispositivos compatibles*: El control puede ver miniaturas de todos los dispositivos Android conectados. Se puede aumentar el tama\u00f1o de la miniatura de cualquier dispositivo seleccionado. El control puede ver discretamente (modo Observar) o controlar remotamente (modo Compartir) la pantalla de cualquier dispositivo cliente conectado.<img loading=\"lazy\" decoding=\"async\" class=\"op3-element__image op3-element-image__image\" src=\"https:\/\/totemguard.com\/netsupport-manager\/wp-content\/uploads\/2017\/06\/ManagerClienteMovilFiles.png\" alt=\"\" title=\"\" width=\"1024\" height=\"600\" data-op3-attachment-id=\"\" \/><\/p>\n<p>*Dispositivos compatibles para poder realizar el control remoto: Samsung, LG, Casio, Sonim y Unitech<\/p>\n<p>*Ver pantalla solo disponible en Android 5 o superior.<\/p>\n<p><a aria-label=\"Button link\" class=\"op3-element__tcp--non-a op3-link op3-background-ancestor\" target=\"_self\"  data-op-action=\"popoverlay\" data-op-popoverlay-trigger=\"PW4MpajV\" data-op-select-funnel-step=\"\" data-op-animation-trigger=\"scroll\" data-op-animation-style=\"scale-up\" data-op-animation-loop=\"0\" data-op-timer-minutes=\"0\" data-op-timer-seconds=\"0\" data-op3-smooth-scroll=\"0\" data-op-effect-style=\"\" data-op-effect-style-hover=\"\" data-op-courseaction=\"\" href=\"#\">Prueba 30 d\u00edas Gratiso ll\u00e1manos al 932000088 para m\u00e1s informaci\u00f3n<\/a><\/p>\n<p>Contacta con nosotros:<\/p>\n<p>Ronda General Mitre 126, Planta 6<br \/>\n08021 Barcelona<\/p>\n<p>Tel. 93 200 00 88<\/p>\n<p>comercial@totemguard.com<\/p>\n<p>Nuestros productos<\/p>\n<p><img loading=\"lazy\" decoding=\"async\" class=\"op3-element__image op3-element-image__image\" src=\"https:\/\/totemguard.com\/img\/totemfootericons\/dnaico.png\" alt=\"DNA Icon\" title=\"\" width=\"512\" height=\"256\" data-op3-attachment-id=\"\" \/><\/p>\n<p><a href=\"https:\/\/totemguard.com\/netsupport-dna\/inventario-hardware-software-licencias\/\">NetSupport DNA<\/a><\/p>\n<p><img loading=\"lazy\" decoding=\"async\" class=\"op3-element__image op3-element-image__image\" src=\"https:\/\/totemguard.com\/img\/totemfootericons\/nsmico.png\" alt=\"NSM Ico\" title=\"\" width=\"26\" height=\"26\" data-op3-attachment-id=\"\" \/><\/p>\n<p><a href=\"https:\/\/totemguard.com\/netsupport-manager\/control-remoto-windows-linux-mac\/\">NetSupport Manager<\/a><\/p>\n<p><img loading=\"lazy\" decoding=\"async\" class=\"op3-element__image op3-element-image__image\" src=\"https:\/\/totemguard.com\/img\/totemfootericons\/nssico.png\" alt=\"NSS Ico\" title=\"\" width=\"26\" height=\"26\" data-op3-attachment-id=\"\" \/><\/p>\n<p><a href=\"https:\/\/totemguard.com\/netsupport-school\/control-gestion-aula-tic\/\">NetSupport School<\/a><\/p>\n<p><img loading=\"lazy\" decoding=\"async\" class=\"op3-element__image op3-element-image__image\" src=\"https:\/\/totemguard.com\/img\/totemfootericons\/nsnico.png\" alt=\"NSN Ico\" title=\"\" width=\"26\" height=\"26\" data-op3-attachment-id=\"\" \/><\/p>\n<p><a href=\"https:\/\/totemguard.com\/netsupport-notify\/mensajes-ordenadores-red\/\">NetSupport Notify<\/a><\/p>\n<\/p>\n<p><img loading=\"lazy\" decoding=\"async\" class=\"op3-element__image op3-element-image__image\" src=\"https:\/\/totemguard.com\/img\/totemfootericons\/247connectico.png\" alt=\"247 Ico\" title=\"\" width=\"26\" height=\"26\" data-op3-attachment-id=\"\" \/><\/p>\n<p><a href=\"https:\/\/totemguard.com\/247-connect\/control-remoto-seguro-en-la-nube\/\">NetSupport&nbsp;247 Connect<\/a><\/p>\n<p><img loading=\"lazy\" decoding=\"async\" class=\"op3-element__image op3-element-image__image\" src=\"https:\/\/totemguard.com\/img\/totemfootericons\/logo-icon-color-compass.png\" alt=\"OA Compass ico\" title=\"\" width=\"26\" height=\"26\" data-op3-attachment-id=\"\" \/><\/p>\n<p><a href=\"https:\/\/totemguard.com\/openathens-compass\/gestion-centralizada-recursos-electronicos\/\">OpenAthens Compass<\/a><\/p>\n<p><img loading=\"lazy\" decoding=\"async\" class=\"op3-element__image op3-element-image__image\" src=\"https:\/\/totemguard.com\/img\/totemfootericons\/Altaro-logo-1.png\" alt=\"VM Backup Ico\" title=\"\" width=\"26\" height=\"26\" data-op3-attachment-id=\"\" \/><\/p>\n<p><a href=\"https:\/\/totemguard.com\/altaro\/\">Altaro VM Backup<\/a><\/p>\n<p><img loading=\"lazy\" decoding=\"async\" class=\"op3-element__image op3-element-image__image\" src=\"https:\/\/totemguard.com\/img\/totemfootericons\/o-icon-svg-1.png\" alt=\"365 Backup Ico\" title=\"\" width=\"26\" height=\"25\" data-op3-attachment-id=\"\" \/><\/p>\n<p><a href=\"https:\/\/totemguard.com\/altaro\/backup-office-365\/\">365 Total Backup<\/a><\/p>\n<\/p>\n<p><img loading=\"lazy\" decoding=\"async\" class=\"op3-element__image op3-element-image__image\" src=\"https:\/\/totemguard.com\/img\/totemfootericons\/hornetfavicon.png\" alt=\"hornet security ico\" title=\"\" width=\"26\" height=\"26\" data-op3-attachment-id=\"\" \/><\/p>\n<p><a href=\"https:\/\/totemguard.com\/365-total-protection\/\">Total Protection<\/a><\/p>\n<p><img loading=\"lazy\" decoding=\"async\" class=\"op3-element__image op3-element-image__image\" src=\"https:\/\/totemguard.com\/img\/totemfootericons\/hornetfavicon.png\" alt=\"hornet security ico\" title=\"\" width=\"26\" height=\"26\" data-op3-attachment-id=\"\" \/><\/p>\n<p><a href=\"https:\/\/totemguard.com\/security-awareness-training\/\">Security Awareness Service<\/a><\/p>\n<p>  \u00a9  TotemGuard Digital Security &#8211; Ronda General Mitre, 126, Planta 6, 08021 Barcelona &#8211; Tel. 932 00 00 88 &#8211;<br \/>\n  <a href=\"https:\/\/www.totemguard.com\/terminos-y-condiciones\"><br \/>\n    Pol\u00edtica de privacidad, Cookies y Aviso Legal<br \/>\n  <\/a><\/p>\n","protected":false},"excerpt":{"rendered":"<p>NetSupport Manager: control remoto m\u00f3vil desde tabletas iOS y Android El Control de NetSupport Manager para iOS y Android proporciona control remoto m\u00f3vil para los usuarios que ya ten\u00edan control remoto de NetSupport Manager desde cualquier iPad, iPhone, iPod, tableta\/smartphone Android o Kindle Fire. El nuevo Control m\u00f3vil permite a los usuarios buscar y conectarse &hellip; <\/p>\n<p class=\"link-more\"><a href=\"https:\/\/totemguard.com\/netsupport-manager\/control-dispositivos-moviles\/\" class=\"more-link\">Seguir leyendo<span class=\"screen-reader-text\"> \u00abNetSupport Manager &#8211; Dispositivos Moviles\u00bb<\/span><\/a><\/p>\n","protected":false},"author":1,"featured_media":0,"parent":0,"menu_order":0,"comment_status":"closed","ping_status":"closed","template":"op_builder_blank","meta":{"footnotes":"","_links_to":"","_links_to_target":""},"class_list":["post-708","page","type-page","status-publish","hentry","entry"],"yoast_head":"<!-- This site is optimized with the Yoast SEO plugin v27.0 - https:\/\/yoast.com\/product\/yoast-seo-wordpress\/ -->\n<title>NetSupport Manager - Dispositivos Moviles - Totemguard<\/title>\n<meta name=\"description\" content=\"NetSupport Manager te permite conectarte remotamente a tus equipos desde tus dispositivos m\u00f3viles y tomar su control\" \/>\n<meta name=\"robots\" content=\"index, follow, max-snippet:-1, max-image-preview:large, max-video-preview:-1\" \/>\n<link rel=\"canonical\" href=\"https:\/\/totemguard.com\/netsupport-manager\/control-dispositivos-moviles\/\" \/>\n<meta property=\"og:locale\" content=\"es_ES\" \/>\n<meta property=\"og:type\" content=\"article\" \/>\n<meta property=\"og:title\" content=\"NetSupport Manager - Dispositivos Moviles - Totemguard\" \/>\n<meta property=\"og:description\" content=\"NetSupport Manager te permite conectarte remotamente a tus equipos desde tus dispositivos m\u00f3viles y tomar su control\" \/>\n<meta property=\"og:url\" content=\"https:\/\/totemguard.com\/netsupport-manager\/control-dispositivos-moviles\/\" \/>\n<meta property=\"og:site_name\" content=\"Totemguard\" \/>\n<meta property=\"article:modified_time\" content=\"2026-01-13T11:37:01+00:00\" \/>\n<meta property=\"og:image\" content=\"https:\/\/totemguard.com\/netsupport-manager\/wp-content\/uploads\/2014\/10\/totem-guard_grande-21.png\" \/>\n<meta name=\"twitter:card\" content=\"summary_large_image\" \/>\n<meta name=\"twitter:label1\" content=\"Tiempo de lectura\" \/>\n\t<meta name=\"twitter:data1\" content=\"7 minutos\" \/>\n<script type=\"application\/ld+json\" class=\"yoast-schema-graph\">{\"@context\":\"https:\/\/schema.org\",\"@graph\":[{\"@type\":\"WebPage\",\"@id\":\"https:\/\/totemguard.com\/netsupport-manager\/control-dispositivos-moviles\/\",\"url\":\"https:\/\/totemguard.com\/netsupport-manager\/control-dispositivos-moviles\/\",\"name\":\"NetSupport Manager - Dispositivos Moviles - Totemguard\",\"isPartOf\":{\"@id\":\"https:\/\/totemguard.com\/netsupport-manager\/#website\"},\"primaryImageOfPage\":{\"@id\":\"https:\/\/totemguard.com\/netsupport-manager\/control-dispositivos-moviles\/#primaryimage\"},\"image\":{\"@id\":\"https:\/\/totemguard.com\/netsupport-manager\/control-dispositivos-moviles\/#primaryimage\"},\"thumbnailUrl\":\"https:\/\/totemguard.com\/netsupport-manager\/wp-content\/uploads\/2014\/10\/totem-guard_grande-21.png\",\"datePublished\":\"2020-09-09T11:05:20+00:00\",\"dateModified\":\"2026-01-13T11:37:01+00:00\",\"description\":\"NetSupport Manager te permite conectarte remotamente a tus equipos desde tus dispositivos m\u00f3viles y tomar su control\",\"breadcrumb\":{\"@id\":\"https:\/\/totemguard.com\/netsupport-manager\/control-dispositivos-moviles\/#breadcrumb\"},\"inLanguage\":\"es\",\"potentialAction\":[{\"@type\":\"ReadAction\",\"target\":[\"https:\/\/totemguard.com\/netsupport-manager\/control-dispositivos-moviles\/\"]}]},{\"@type\":\"ImageObject\",\"inLanguage\":\"es\",\"@id\":\"https:\/\/totemguard.com\/netsupport-manager\/control-dispositivos-moviles\/#primaryimage\",\"url\":\"https:\/\/totemguard.com\/netsupport-manager\/wp-content\/uploads\/2014\/10\/totem-guard_grande-21.png\",\"contentUrl\":\"https:\/\/totemguard.com\/netsupport-manager\/wp-content\/uploads\/2014\/10\/totem-guard_grande-21.png\"},{\"@type\":\"BreadcrumbList\",\"@id\":\"https:\/\/totemguard.com\/netsupport-manager\/control-dispositivos-moviles\/#breadcrumb\",\"itemListElement\":[{\"@type\":\"ListItem\",\"position\":1,\"name\":\"Portada\",\"item\":\"https:\/\/totemguard.com\/netsupport-manager\/control-remoto-windows-linux-mac\/\"},{\"@type\":\"ListItem\",\"position\":2,\"name\":\"NetSupport Manager &#8211; Dispositivos Moviles\"}]},{\"@type\":\"WebSite\",\"@id\":\"https:\/\/totemguard.com\/netsupport-manager\/#website\",\"url\":\"https:\/\/totemguard.com\/netsupport-manager\/\",\"name\":\"Totemguard\",\"description\":\"Control Remoto Windows Linux Mac\",\"potentialAction\":[{\"@type\":\"SearchAction\",\"target\":{\"@type\":\"EntryPoint\",\"urlTemplate\":\"https:\/\/totemguard.com\/netsupport-manager\/?s={search_term_string}\"},\"query-input\":{\"@type\":\"PropertyValueSpecification\",\"valueRequired\":true,\"valueName\":\"search_term_string\"}}],\"inLanguage\":\"es\"}]}<\/script>\n<!-- \/ Yoast SEO plugin. -->","yoast_head_json":{"title":"NetSupport Manager - Dispositivos Moviles - Totemguard","description":"NetSupport Manager te permite conectarte remotamente a tus equipos desde tus dispositivos m\u00f3viles y tomar su control","robots":{"index":"index","follow":"follow","max-snippet":"max-snippet:-1","max-image-preview":"max-image-preview:large","max-video-preview":"max-video-preview:-1"},"canonical":"https:\/\/totemguard.com\/netsupport-manager\/control-dispositivos-moviles\/","og_locale":"es_ES","og_type":"article","og_title":"NetSupport Manager - Dispositivos Moviles - Totemguard","og_description":"NetSupport Manager te permite conectarte remotamente a tus equipos desde tus dispositivos m\u00f3viles y tomar su control","og_url":"https:\/\/totemguard.com\/netsupport-manager\/control-dispositivos-moviles\/","og_site_name":"Totemguard","article_modified_time":"2026-01-13T11:37:01+00:00","og_image":[{"url":"https:\/\/totemguard.com\/netsupport-manager\/wp-content\/uploads\/2014\/10\/totem-guard_grande-21.png","type":"","width":"","height":""}],"twitter_card":"summary_large_image","twitter_misc":{"Tiempo de lectura":"7 minutos"},"schema":{"@context":"https:\/\/schema.org","@graph":[{"@type":"WebPage","@id":"https:\/\/totemguard.com\/netsupport-manager\/control-dispositivos-moviles\/","url":"https:\/\/totemguard.com\/netsupport-manager\/control-dispositivos-moviles\/","name":"NetSupport Manager - Dispositivos Moviles - Totemguard","isPartOf":{"@id":"https:\/\/totemguard.com\/netsupport-manager\/#website"},"primaryImageOfPage":{"@id":"https:\/\/totemguard.com\/netsupport-manager\/control-dispositivos-moviles\/#primaryimage"},"image":{"@id":"https:\/\/totemguard.com\/netsupport-manager\/control-dispositivos-moviles\/#primaryimage"},"thumbnailUrl":"https:\/\/totemguard.com\/netsupport-manager\/wp-content\/uploads\/2014\/10\/totem-guard_grande-21.png","datePublished":"2020-09-09T11:05:20+00:00","dateModified":"2026-01-13T11:37:01+00:00","description":"NetSupport Manager te permite conectarte remotamente a tus equipos desde tus dispositivos m\u00f3viles y tomar su control","breadcrumb":{"@id":"https:\/\/totemguard.com\/netsupport-manager\/control-dispositivos-moviles\/#breadcrumb"},"inLanguage":"es","potentialAction":[{"@type":"ReadAction","target":["https:\/\/totemguard.com\/netsupport-manager\/control-dispositivos-moviles\/"]}]},{"@type":"ImageObject","inLanguage":"es","@id":"https:\/\/totemguard.com\/netsupport-manager\/control-dispositivos-moviles\/#primaryimage","url":"https:\/\/totemguard.com\/netsupport-manager\/wp-content\/uploads\/2014\/10\/totem-guard_grande-21.png","contentUrl":"https:\/\/totemguard.com\/netsupport-manager\/wp-content\/uploads\/2014\/10\/totem-guard_grande-21.png"},{"@type":"BreadcrumbList","@id":"https:\/\/totemguard.com\/netsupport-manager\/control-dispositivos-moviles\/#breadcrumb","itemListElement":[{"@type":"ListItem","position":1,"name":"Portada","item":"https:\/\/totemguard.com\/netsupport-manager\/control-remoto-windows-linux-mac\/"},{"@type":"ListItem","position":2,"name":"NetSupport Manager &#8211; Dispositivos Moviles"}]},{"@type":"WebSite","@id":"https:\/\/totemguard.com\/netsupport-manager\/#website","url":"https:\/\/totemguard.com\/netsupport-manager\/","name":"Totemguard","description":"Control Remoto Windows Linux Mac","potentialAction":[{"@type":"SearchAction","target":{"@type":"EntryPoint","urlTemplate":"https:\/\/totemguard.com\/netsupport-manager\/?s={search_term_string}"},"query-input":{"@type":"PropertyValueSpecification","valueRequired":true,"valueName":"search_term_string"}}],"inLanguage":"es"}]}},"_links":{"self":[{"href":"https:\/\/totemguard.com\/netsupport-manager\/wp-json\/wp\/v2\/pages\/708","targetHints":{"allow":["GET"]}}],"collection":[{"href":"https:\/\/totemguard.com\/netsupport-manager\/wp-json\/wp\/v2\/pages"}],"about":[{"href":"https:\/\/totemguard.com\/netsupport-manager\/wp-json\/wp\/v2\/types\/page"}],"author":[{"embeddable":true,"href":"https:\/\/totemguard.com\/netsupport-manager\/wp-json\/wp\/v2\/users\/1"}],"replies":[{"embeddable":true,"href":"https:\/\/totemguard.com\/netsupport-manager\/wp-json\/wp\/v2\/comments?post=708"}],"version-history":[{"count":63,"href":"https:\/\/totemguard.com\/netsupport-manager\/wp-json\/wp\/v2\/pages\/708\/revisions"}],"predecessor-version":[{"id":1868,"href":"https:\/\/totemguard.com\/netsupport-manager\/wp-json\/wp\/v2\/pages\/708\/revisions\/1868"}],"wp:attachment":[{"href":"https:\/\/totemguard.com\/netsupport-manager\/wp-json\/wp\/v2\/media?parent=708"}],"curies":[{"name":"wp","href":"https:\/\/api.w.org\/{rel}","templated":true}]}}