{"id":693,"date":"2020-09-09T11:05:20","date_gmt":"2020-09-09T11:05:20","guid":{"rendered":"https:\/\/totemguard.com\/netsupport-manager\/?page_id=693"},"modified":"2026-01-13T11:38:04","modified_gmt":"2026-01-13T11:38:04","slug":"control-remoto-licenciamiento","status":"publish","type":"page","link":"https:\/\/totemguard.com\/netsupport-manager\/control-remoto-licenciamiento\/","title":{"rendered":"NetSupport Manager &#8211; Licenciamiento"},"content":{"rendered":"<p><img loading=\"lazy\" decoding=\"async\" class=\"op3-element__image op3-element-image__image\" src=\"https:\/\/totemguard.com\/netsupport-manager\/wp-content\/uploads\/2014\/10\/totem-guard_grande-21.png\" alt=\"\" title=\"totem+guard_grande-2\" width=\"1000\" height=\"175\" data-op3-attachment-id=\"\" \/><img loading=\"lazy\" decoding=\"async\" class=\"op3-element__image op3-element-image__image\" src=\"https:\/\/www.totemguard.com\/img\/NetSupport-Manager\/NetSupport-Manager.png\" alt=\"\" title=\"\" width=\"512\" height=\"256\" data-op3-attachment-id=\"\" \/><\/p>\n<h2>Soporte remoto para los m\u00e1s exigentes<\/h2>\n<h2>licencias perpetuas de tu propiedad con un pago \u00fanico<\/h2>\n<h2>Se licencia en funci\u00f3n del n\u00famero total de equipos en que se instale, ya sea Control o Cliente.<\/h2>\n<p>El Control es el equipo que van a tomar el control de otrosEl Cliente es el equipo controladoEl Internet Gateway* no consume licencia<\/p>\n<p>*El Internet Gateway se incorpora para conexiones seguras entre Controles y Clientes en redes distintas o con puertos cerrados. No hace falta tocar routers ni firewalls del cliente a donde te vayas a conectar. <\/p>\n<p><a aria-label=\"Image Link\" class=\"op3-element__link op3-element-image__link op3-link op3-element__tcp--non-a\" href=\"https:\/\/totemguard.com\/netsupport-manager\/wp-content\/uploads\/2017\/06\/NetSupportManagerPlatforms.png\" target=\"_self\"  data-op-action=\"link\" data-op-select-funnel-step=\"\" data-op3-smooth-scroll=\"0\"><img loading=\"lazy\" decoding=\"async\" class=\"op3-element__image op3-element-image__image\" src=\"https:\/\/totemguard.com\/netsupport-manager\/wp-content\/uploads\/2017\/06\/NetSupportManagerPlatforms-1024x912.png\" alt=\"\" title=\"NetSupportManagerPlatforms\" width=\"1024\" height=\"912\" data-op3-attachment-id=\"272\" \/><\/a><a aria-label=\"Button link\" class=\"op3-element__tcp--non-a op3-link op3-background-ancestor\" target=\"_blank\"  data-op-action=\"popoverlay\" data-op-popoverlay-trigger=\"JeAA5lOM\" data-op-select-funnel-step=\"\" data-op3-smooth-scroll=\"0\" data-op-effect-style=\"\" data-op-effect-style-hover=\"\" data-op-courseaction=\"\" href=\"#\">Solicita un presupuesto sin compromisoo ll\u00e1manos al 932000088 para m\u00e1s informaci\u00f3n<\/a><\/p>\n<p>Escoge el paquete con las funcionalidades que m\u00e1s te interesen:<\/p>\n<p>NetSupport MANAGER<\/p>\n<p>Control remoto y monitotizaci\u00f3n en tiempo real<\/p>\n<p>Internet Gateway: <\/p>\n<p>Acceso remoto encriptado <\/p>\n<p>Transmisi\u00f3n de ficheros a varios usuarios a la vez<\/p>\n<p>Automatizaci\u00f3n de tareas (scripting y planificaci\u00f3n)<\/p>\n<p>Integraci\u00f3n con SmartCard<\/p>\n<p>Encender y apagar equipos <\/p>\n<p>(Wake on Lan)<\/p>\n<p>Niveles de seguridad que cumplen con LOPD<\/p>\n<p>Grabaci\u00f3n de sesiones remotas&nbsp; y logs para auditor\u00edas<\/p>\n<p>NetSupport DNA Inventario de equipos<\/p>\n<p><a aria-label=\"Button link\" class=\"op3-element__tcp--non-a op3-link op3-background-ancestor\" target=\"_self\"  data-op-action=\"popoverlay\" data-op-popoverlay-trigger=\"JeAA5lOM\" data-op-select-funnel-step=\"\" data-op3-smooth-scroll=\"\" data-op-effect-style=\"\" data-op-effect-style-hover=\"\" data-op-courseaction=\"\" href=\"#\">Solicita un presupuestosin compromiso<\/a><\/p>\n<p>NetSupport profesional<\/p>\n<p>Control remoto y monitotizaci\u00f3n en tiempo real<\/p>\n<p>Internet Gateway: <\/p>\n<p>Acceso remoto encriptado <\/p>\n<p>Transmisi\u00f3n de ficheros a varios usuarios a la vez<\/p>\n<p>Automatizaci\u00f3n de tareas (scripting y planificaci\u00f3n)<\/p>\n<p>Integraci\u00f3n con SmartCard<\/p>\n<p>Encender y apagar equipos <\/p>\n<p>(Wake on Lan)<\/p>\n<p>Niveles de seguridad que cumplen con LOPD<\/p>\n<p>Grabaci\u00f3n de sesiones remotas&nbsp; y logs para auditor\u00edas<\/p>\n<p><a aria-label=\"Image Link\" class=\"op3-element__link op3-element-image__link op3-link op3-element__tcp--non-a\" href=\"https:\/\/totemguard.com\/netsupport-dna\/inventario-hardware-software-licencias\/\" target=\"_blank\" rel=\"nofollow\" data-op-action=\"link\" data-op-select-funnel-step=\"\" data-op3-smooth-scroll=\"0\"><img loading=\"lazy\" decoding=\"async\" class=\"op3-element__image op3-element-image__image\" src=\"https:\/\/totemguard.com\/netsupport-manager\/wp-content\/uploads\/2014\/11\/dna.png\" alt=\"\" title=\"dna\" width=\"500\" height=\"101\" data-op3-attachment-id=\"202\" \/><\/a><\/p>\n<p>Inventario de software y hardware<\/p>\n<p><a aria-label=\"Image Link\" class=\"op3-element__link op3-element-image__link op3-link op3-element__tcp--non-a\" href=\"https:\/\/totemguard.com\/netsupport-school\/control-gestion-aula-tic\/\" target=\"_blank\" rel=\"nofollow\" data-op-action=\"link\" data-op-select-funnel-step=\"\" data-op3-smooth-scroll=\"0\"><img loading=\"lazy\" decoding=\"async\" class=\"op3-element__image op3-element-image__image\" src=\"https:\/\/totemguard.com\/netsupport-manager\/wp-content\/uploads\/2014\/11\/NSS_bar.png\" alt=\"\" title=\"NSS_bar\" width=\"202\" height=\"47\" data-op3-attachment-id=\"200\" \/><\/a><\/p>\n<p>Formaci\u00f3n y gesti\u00f3n de aulas TI<\/p>\n<p><a aria-label=\"Button link\" class=\"op3-element__tcp--non-a op3-link op3-background-ancestor\" target=\"_self\"  data-op-action=\"popoverlay\" data-op-popoverlay-trigger=\"JeAA5lOM\" data-op-select-funnel-step=\"\" data-op3-smooth-scroll=\"\" data-op-effect-style=\"\" data-op-effect-style-hover=\"\" data-op-courseaction=\"\" href=\"#\">Solicita un presupuestosin compromiso<\/a><\/p>\n<h2>Una soluci\u00f3n escalable<\/h2>\n<p>Licenciamiento <\/p>\n<p>NetSupport Manager requiere una licencia para cada equipo de <\/p>\n<p>la red que deseas controlar remotamente<\/p>\n<p>Si tu parque crece, Manager se adapta f\u00e1cilmente a redes medianas y grandes.<\/p>\n<h2>Nuestro excelente soporte t\u00e9cnico marca la diferencia&nbsp; <\/h2>\n<p><a aria-label=\"Image Link\" class=\"op3-element__link op3-element-image__link op3-link op3-element__tcp--non-a\" href=\"https:\/\/totemguard.com\/netsupport-manager\/wp-content\/uploads\/2022\/01\/photo-1525182008055-f88b95ff7980.jpeg\" target=\"_self\"  data-op-action=\"link\" data-op-select-funnel-step=\"\" data-op3-smooth-scroll=\"\"><img loading=\"lazy\" decoding=\"async\" class=\"op3-element__image op3-element-image__image\" src=\"https:\/\/totemguard.com\/netsupport-manager\/wp-content\/uploads\/2022\/01\/photo-1525182008055-f88b95ff7980.jpeg\" alt=\"\" title=\"photo-1525182008055-f88b95ff7980\" width=\"1080\" height=\"720\" data-op3-attachment-id=\"1506\" \/><\/a>Tu \u00e9xito profesional es nuestra preocupaci\u00f3n principal. Desde el momento en que adquieres este software, tienes asistencia dedicada por un experto de TotemGuard, soporte t\u00e9cnico telef\u00f3nico ilimitado en espa\u00f1ol, catal\u00e1n e ingl\u00e9s.Acceso a nuevas versiones, mejoras y actualizaciones sin coste alguno.<\/p>\n<p>Vuestra asistencia es excelente. Siempre nos hab\u00e9is atendido muy r\u00e1pido. Daniel tiene mucha paciencia y siempre tiene soluciones a las preguntas que le hacemos y si no las tiene, las busca.<\/p>\n<p><a aria-label=\"Image Link\" class=\"op3-element__link op3-element-image__link op3-link op3-element__tcp--non-a\" href=\"https:\/\/totemguard.com\/netsupport-manager\/wp-content\/uploads\/2022\/01\/ibv-logo.png\" target=\"_self\"  data-op-action=\"link\" data-op-select-funnel-step=\"\" data-op3-smooth-scroll=\"0\"><img loading=\"lazy\" decoding=\"async\" class=\"op3-element__image op3-element-image__image\" src=\"https:\/\/totemguard.com\/netsupport-manager\/wp-content\/uploads\/2022\/01\/ibv-logo.png\" alt=\"\" title=\"Ibv logo\" width=\"469\" height=\"107\" data-op3-attachment-id=\"1525\" \/><\/a><\/p>\n<p>Paco Castell Albeza<\/p>\n<p>Instituto de Biomec\u00e1nica (IBV)<\/p>\n<p>Vuestro servicio es excelente y dais un apoyo total en todos los casos.<\/p>\n<p><a aria-label=\"Image Link\" class=\"op3-element__link op3-element-image__link op3-link op3-element__tcp--non-a\" href=\"https:\/\/totemguard.com\/netsupport-manager\/wp-content\/uploads\/2022\/01\/compolaser-1.png\" target=\"_self\"  data-op-action=\"link\" data-op-select-funnel-step=\"\" data-op3-smooth-scroll=\"0\"><img loading=\"lazy\" decoding=\"async\" class=\"op3-element__image op3-element-image__image\" src=\"https:\/\/totemguard.com\/netsupport-manager\/wp-content\/uploads\/2022\/01\/compolaser-1.png\" alt=\"\" title=\"Compolaser\" width=\"469\" height=\"107\" data-op3-attachment-id=\"1537\" \/><\/a><\/p>\n<p>Paloma Rollan<\/p>\n<p>Compolaser<\/p>\n<p>Mi valoraci\u00f3n del soporte t\u00e9cnico es de 10. Tanto en el trato personal como en el profesional.<\/p>\n<p><a aria-label=\"Image Link\" class=\"op3-element__link op3-element-image__link op3-link op3-element__tcp--non-a\" href=\"https:\/\/totemguard.com\/netsupport-manager\/wp-content\/uploads\/2022\/01\/logo-colegio-penacorada-arenales-red-educativa-1536x220-1.png\" target=\"_self\"  data-op-action=\"link\" data-op-select-funnel-step=\"\" data-op3-smooth-scroll=\"0\"><img loading=\"lazy\" decoding=\"async\" class=\"op3-element__image op3-element-image__image\" src=\"https:\/\/totemguard.com\/netsupport-manager\/wp-content\/uploads\/2022\/01\/logo-colegio-penacorada-arenales-red-educativa-1536x220-1.png\" alt=\"\" title=\"Logo_Colegio_Penacorada_Arenales_Red_Educativa-1536x220\" width=\"469\" height=\"107\" data-op3-attachment-id=\"1536\" \/><\/a><\/p>\n<p>Jos\u00e9 Ram\u00f3n Mart\u00ednez<\/p>\n<p>Colegio Pe\u00f1acorada<\/p>\n<h2>Consulta nuestras preguntas frecuentes (FAQS) para resolver dudas.<\/h2>\n<p><a aria-label=\"Button link\" href=\"https:\/\/totemguard.com\/netsupport-manager\/control-remoto-preguntas-frecuentes\/\" class=\"op3-element__tcp--non-a op3-link op3-background-ancestor\" target=\"_blank\" rel=\"nofollow\" data-op-action=\"link\" data-op-select-funnel-step=\"\" data-op3-smooth-scroll=\"\" data-op-effect-style=\"\" data-op-effect-style-hover=\"\" data-op-courseaction=\"\">FAQS <\/a><\/p>\n<p>Contacta con nosotros:<\/p>\n<p>Ronda General Mitre 126, Planta 6<br \/>\n08021 Barcelona<\/p>\n<p>Tel. 93 200 00 88<\/p>\n<p>comercial@totemguard.com<\/p>\n<p>Nuestros productos<\/p>\n<p><img loading=\"lazy\" decoding=\"async\" class=\"op3-element__image op3-element-image__image\" src=\"https:\/\/totemguard.com\/img\/totemfootericons\/dnaico.png\" alt=\"DNA Icon\" title=\"\" width=\"512\" height=\"256\" data-op3-attachment-id=\"\" \/><\/p>\n<p><a href=\"https:\/\/totemguard.com\/netsupport-dna\/inventario-hardware-software-licencias\/\">NetSupport DNA<\/a><\/p>\n<p><img loading=\"lazy\" decoding=\"async\" class=\"op3-element__image op3-element-image__image\" src=\"https:\/\/totemguard.com\/img\/totemfootericons\/nsmico.png\" alt=\"NSM Ico\" title=\"\" width=\"26\" height=\"26\" data-op3-attachment-id=\"\" \/><\/p>\n<p><a href=\"https:\/\/totemguard.com\/netsupport-manager\/control-remoto-windows-linux-mac\/\">NetSupport Manager<\/a><\/p>\n<p><img loading=\"lazy\" decoding=\"async\" class=\"op3-element__image op3-element-image__image\" src=\"https:\/\/totemguard.com\/img\/totemfootericons\/nssico.png\" alt=\"NSS Ico\" title=\"\" width=\"26\" height=\"26\" data-op3-attachment-id=\"\" \/><\/p>\n<p><a href=\"https:\/\/totemguard.com\/netsupport-school\/control-gestion-aula-tic\/\">NetSupport School<\/a><\/p>\n<p><img loading=\"lazy\" decoding=\"async\" class=\"op3-element__image op3-element-image__image\" src=\"https:\/\/totemguard.com\/img\/totemfootericons\/nsnico.png\" alt=\"NSN Ico\" title=\"\" width=\"26\" height=\"26\" data-op3-attachment-id=\"\" \/><\/p>\n<p><a href=\"https:\/\/totemguard.com\/netsupport-notify\/mensajes-ordenadores-red\/\">NetSupport Notify<\/a><\/p>\n<\/p>\n<p><img loading=\"lazy\" decoding=\"async\" class=\"op3-element__image op3-element-image__image\" src=\"https:\/\/totemguard.com\/img\/totemfootericons\/247connectico.png\" alt=\"247 Ico\" title=\"\" width=\"26\" height=\"26\" data-op3-attachment-id=\"\" \/><\/p>\n<p><a href=\"https:\/\/totemguard.com\/247-connect\/control-remoto-seguro-en-la-nube\/\">NetSupport&nbsp;247 Connect<\/a><\/p>\n<p><img loading=\"lazy\" decoding=\"async\" class=\"op3-element__image op3-element-image__image\" src=\"https:\/\/totemguard.com\/img\/totemfootericons\/logo-icon-color-compass.png\" alt=\"OA Compass ico\" title=\"\" width=\"26\" height=\"26\" data-op3-attachment-id=\"\" \/><\/p>\n<p><a href=\"https:\/\/totemguard.com\/openathens-compass\/gestion-centralizada-recursos-electronicos\/\">OpenAthens Compass<\/a><\/p>\n<p><img loading=\"lazy\" decoding=\"async\" class=\"op3-element__image op3-element-image__image\" src=\"https:\/\/totemguard.com\/img\/totemfootericons\/Altaro-logo-1.png\" alt=\"VM Backup Ico\" title=\"\" width=\"26\" height=\"26\" data-op3-attachment-id=\"\" \/><\/p>\n<p><a href=\"https:\/\/totemguard.com\/altaro\/\">Altaro VM Backup<\/a><\/p>\n<p><img loading=\"lazy\" decoding=\"async\" class=\"op3-element__image op3-element-image__image\" src=\"https:\/\/totemguard.com\/img\/totemfootericons\/o-icon-svg-1.png\" alt=\"365 Backup Ico\" title=\"\" width=\"26\" height=\"25\" data-op3-attachment-id=\"\" \/><\/p>\n<p><a href=\"https:\/\/totemguard.com\/altaro\/backup-office-365\/\">365 Total Backup<\/a><\/p>\n<\/p>\n<p><img loading=\"lazy\" decoding=\"async\" class=\"op3-element__image op3-element-image__image\" src=\"https:\/\/totemguard.com\/img\/totemfootericons\/hornetfavicon.png\" alt=\"hornet security ico\" title=\"\" width=\"26\" height=\"26\" data-op3-attachment-id=\"\" \/><\/p>\n<p><a href=\"https:\/\/totemguard.com\/365-total-protection\/\">Total Protection<\/a><\/p>\n<p><img loading=\"lazy\" decoding=\"async\" class=\"op3-element__image op3-element-image__image\" src=\"https:\/\/totemguard.com\/img\/totemfootericons\/hornetfavicon.png\" alt=\"hornet security ico\" title=\"\" width=\"26\" height=\"26\" data-op3-attachment-id=\"\" \/><\/p>\n<p><a href=\"https:\/\/totemguard.com\/security-awareness-training\/\">Security Awareness Service<\/a><\/p>\n<p>  \u00a9  TotemGuard Digital Security &#8211; Ronda General Mitre, 126, Planta 6, 08021 Barcelona &#8211; Tel. 932 00 00 88 &#8211;<br \/>\n  <a href=\"https:\/\/www.totemguard.com\/terminos-y-condiciones\"><br \/>\n    Pol\u00edtica de privacidad, Cookies y Aviso Legal<br \/>\n  <\/a><\/p>\n","protected":false},"excerpt":{"rendered":"<p>Soporte remoto para los m\u00e1s exigentes licencias perpetuas de tu propiedad con un pago \u00fanico Se licencia en funci\u00f3n del n\u00famero total de equipos en que se instale, ya sea Control o Cliente. El Control es el equipo que van a tomar el control de otrosEl Cliente es el equipo controladoEl Internet Gateway* no consume &hellip; <\/p>\n<p class=\"link-more\"><a href=\"https:\/\/totemguard.com\/netsupport-manager\/control-remoto-licenciamiento\/\" class=\"more-link\">Seguir leyendo<span class=\"screen-reader-text\"> \u00abNetSupport Manager &#8211; Licenciamiento\u00bb<\/span><\/a><\/p>\n","protected":false},"author":1,"featured_media":0,"parent":0,"menu_order":0,"comment_status":"closed","ping_status":"closed","template":"op_builder_blank","meta":{"footnotes":"","_links_to":"","_links_to_target":""},"class_list":["post-693","page","type-page","status-publish","hentry","entry"],"yoast_head":"<!-- This site is optimized with the Yoast SEO plugin v27.3 - https:\/\/yoast.com\/product\/yoast-seo-wordpress\/ -->\n<title>NetSupport Manager - Licenciamiento - Totemguard<\/title>\n<meta name=\"description\" content=\"NetSupport Manager se licenc\u00eda por total de equipos ya sean control o clientes.\" \/>\n<meta name=\"robots\" content=\"index, follow, max-snippet:-1, max-image-preview:large, max-video-preview:-1\" \/>\n<link rel=\"canonical\" href=\"https:\/\/totemguard.com\/netsupport-manager\/control-remoto-licenciamiento\/\" \/>\n<meta property=\"og:locale\" content=\"es_ES\" \/>\n<meta property=\"og:type\" content=\"article\" \/>\n<meta property=\"og:title\" content=\"NetSupport Manager - Licenciamiento - Totemguard\" \/>\n<meta property=\"og:description\" content=\"NetSupport Manager se licenc\u00eda por total de equipos ya sean control o clientes.\" \/>\n<meta property=\"og:url\" content=\"https:\/\/totemguard.com\/netsupport-manager\/control-remoto-licenciamiento\/\" \/>\n<meta property=\"og:site_name\" content=\"Totemguard\" \/>\n<meta property=\"article:modified_time\" content=\"2026-01-13T11:38:04+00:00\" \/>\n<meta property=\"og:image\" content=\"https:\/\/totemguard.com\/netsupport-manager\/wp-content\/uploads\/2014\/10\/totem-guard_grande-21.png\" \/>\n<meta name=\"twitter:card\" content=\"summary_large_image\" \/>\n<meta name=\"twitter:label1\" content=\"Tiempo de lectura\" \/>\n\t<meta name=\"twitter:data1\" content=\"7 minutos\" \/>\n<script type=\"application\/ld+json\" class=\"yoast-schema-graph\">{\"@context\":\"https:\\\/\\\/schema.org\",\"@graph\":[{\"@type\":\"WebPage\",\"@id\":\"https:\\\/\\\/totemguard.com\\\/netsupport-manager\\\/control-remoto-licenciamiento\\\/\",\"url\":\"https:\\\/\\\/totemguard.com\\\/netsupport-manager\\\/control-remoto-licenciamiento\\\/\",\"name\":\"NetSupport Manager - Licenciamiento - Totemguard\",\"isPartOf\":{\"@id\":\"https:\\\/\\\/totemguard.com\\\/netsupport-manager\\\/#website\"},\"primaryImageOfPage\":{\"@id\":\"https:\\\/\\\/totemguard.com\\\/netsupport-manager\\\/control-remoto-licenciamiento\\\/#primaryimage\"},\"image\":{\"@id\":\"https:\\\/\\\/totemguard.com\\\/netsupport-manager\\\/control-remoto-licenciamiento\\\/#primaryimage\"},\"thumbnailUrl\":\"https:\\\/\\\/totemguard.com\\\/netsupport-manager\\\/wp-content\\\/uploads\\\/2014\\\/10\\\/totem-guard_grande-21.png\",\"datePublished\":\"2020-09-09T11:05:20+00:00\",\"dateModified\":\"2026-01-13T11:38:04+00:00\",\"description\":\"NetSupport Manager se licenc\u00eda por total de equipos ya sean control o clientes.\",\"breadcrumb\":{\"@id\":\"https:\\\/\\\/totemguard.com\\\/netsupport-manager\\\/control-remoto-licenciamiento\\\/#breadcrumb\"},\"inLanguage\":\"es\",\"potentialAction\":[{\"@type\":\"ReadAction\",\"target\":[\"https:\\\/\\\/totemguard.com\\\/netsupport-manager\\\/control-remoto-licenciamiento\\\/\"]}]},{\"@type\":\"ImageObject\",\"inLanguage\":\"es\",\"@id\":\"https:\\\/\\\/totemguard.com\\\/netsupport-manager\\\/control-remoto-licenciamiento\\\/#primaryimage\",\"url\":\"https:\\\/\\\/totemguard.com\\\/netsupport-manager\\\/wp-content\\\/uploads\\\/2014\\\/10\\\/totem-guard_grande-21.png\",\"contentUrl\":\"https:\\\/\\\/totemguard.com\\\/netsupport-manager\\\/wp-content\\\/uploads\\\/2014\\\/10\\\/totem-guard_grande-21.png\"},{\"@type\":\"BreadcrumbList\",\"@id\":\"https:\\\/\\\/totemguard.com\\\/netsupport-manager\\\/control-remoto-licenciamiento\\\/#breadcrumb\",\"itemListElement\":[{\"@type\":\"ListItem\",\"position\":1,\"name\":\"Portada\",\"item\":\"https:\\\/\\\/totemguard.com\\\/netsupport-manager\\\/control-remoto-windows-linux-mac\\\/\"},{\"@type\":\"ListItem\",\"position\":2,\"name\":\"NetSupport Manager &#8211; Licenciamiento\"}]},{\"@type\":\"WebSite\",\"@id\":\"https:\\\/\\\/totemguard.com\\\/netsupport-manager\\\/#website\",\"url\":\"https:\\\/\\\/totemguard.com\\\/netsupport-manager\\\/\",\"name\":\"Totemguard\",\"description\":\"Control Remoto Windows Linux Mac\",\"potentialAction\":[{\"@type\":\"SearchAction\",\"target\":{\"@type\":\"EntryPoint\",\"urlTemplate\":\"https:\\\/\\\/totemguard.com\\\/netsupport-manager\\\/?s={search_term_string}\"},\"query-input\":{\"@type\":\"PropertyValueSpecification\",\"valueRequired\":true,\"valueName\":\"search_term_string\"}}],\"inLanguage\":\"es\"}]}<\/script>\n<!-- \/ Yoast SEO plugin. -->","yoast_head_json":{"title":"NetSupport Manager - Licenciamiento - Totemguard","description":"NetSupport Manager se licenc\u00eda por total de equipos ya sean control o clientes.","robots":{"index":"index","follow":"follow","max-snippet":"max-snippet:-1","max-image-preview":"max-image-preview:large","max-video-preview":"max-video-preview:-1"},"canonical":"https:\/\/totemguard.com\/netsupport-manager\/control-remoto-licenciamiento\/","og_locale":"es_ES","og_type":"article","og_title":"NetSupport Manager - Licenciamiento - Totemguard","og_description":"NetSupport Manager se licenc\u00eda por total de equipos ya sean control o clientes.","og_url":"https:\/\/totemguard.com\/netsupport-manager\/control-remoto-licenciamiento\/","og_site_name":"Totemguard","article_modified_time":"2026-01-13T11:38:04+00:00","og_image":[{"url":"https:\/\/totemguard.com\/netsupport-manager\/wp-content\/uploads\/2014\/10\/totem-guard_grande-21.png","type":"","width":"","height":""}],"twitter_card":"summary_large_image","twitter_misc":{"Tiempo de lectura":"7 minutos"},"schema":{"@context":"https:\/\/schema.org","@graph":[{"@type":"WebPage","@id":"https:\/\/totemguard.com\/netsupport-manager\/control-remoto-licenciamiento\/","url":"https:\/\/totemguard.com\/netsupport-manager\/control-remoto-licenciamiento\/","name":"NetSupport Manager - Licenciamiento - Totemguard","isPartOf":{"@id":"https:\/\/totemguard.com\/netsupport-manager\/#website"},"primaryImageOfPage":{"@id":"https:\/\/totemguard.com\/netsupport-manager\/control-remoto-licenciamiento\/#primaryimage"},"image":{"@id":"https:\/\/totemguard.com\/netsupport-manager\/control-remoto-licenciamiento\/#primaryimage"},"thumbnailUrl":"https:\/\/totemguard.com\/netsupport-manager\/wp-content\/uploads\/2014\/10\/totem-guard_grande-21.png","datePublished":"2020-09-09T11:05:20+00:00","dateModified":"2026-01-13T11:38:04+00:00","description":"NetSupport Manager se licenc\u00eda por total de equipos ya sean control o clientes.","breadcrumb":{"@id":"https:\/\/totemguard.com\/netsupport-manager\/control-remoto-licenciamiento\/#breadcrumb"},"inLanguage":"es","potentialAction":[{"@type":"ReadAction","target":["https:\/\/totemguard.com\/netsupport-manager\/control-remoto-licenciamiento\/"]}]},{"@type":"ImageObject","inLanguage":"es","@id":"https:\/\/totemguard.com\/netsupport-manager\/control-remoto-licenciamiento\/#primaryimage","url":"https:\/\/totemguard.com\/netsupport-manager\/wp-content\/uploads\/2014\/10\/totem-guard_grande-21.png","contentUrl":"https:\/\/totemguard.com\/netsupport-manager\/wp-content\/uploads\/2014\/10\/totem-guard_grande-21.png"},{"@type":"BreadcrumbList","@id":"https:\/\/totemguard.com\/netsupport-manager\/control-remoto-licenciamiento\/#breadcrumb","itemListElement":[{"@type":"ListItem","position":1,"name":"Portada","item":"https:\/\/totemguard.com\/netsupport-manager\/control-remoto-windows-linux-mac\/"},{"@type":"ListItem","position":2,"name":"NetSupport Manager &#8211; Licenciamiento"}]},{"@type":"WebSite","@id":"https:\/\/totemguard.com\/netsupport-manager\/#website","url":"https:\/\/totemguard.com\/netsupport-manager\/","name":"Totemguard","description":"Control Remoto Windows Linux Mac","potentialAction":[{"@type":"SearchAction","target":{"@type":"EntryPoint","urlTemplate":"https:\/\/totemguard.com\/netsupport-manager\/?s={search_term_string}"},"query-input":{"@type":"PropertyValueSpecification","valueRequired":true,"valueName":"search_term_string"}}],"inLanguage":"es"}]}},"_links":{"self":[{"href":"https:\/\/totemguard.com\/netsupport-manager\/wp-json\/wp\/v2\/pages\/693","targetHints":{"allow":["GET"]}}],"collection":[{"href":"https:\/\/totemguard.com\/netsupport-manager\/wp-json\/wp\/v2\/pages"}],"about":[{"href":"https:\/\/totemguard.com\/netsupport-manager\/wp-json\/wp\/v2\/types\/page"}],"author":[{"embeddable":true,"href":"https:\/\/totemguard.com\/netsupport-manager\/wp-json\/wp\/v2\/users\/1"}],"replies":[{"embeddable":true,"href":"https:\/\/totemguard.com\/netsupport-manager\/wp-json\/wp\/v2\/comments?post=693"}],"version-history":[{"count":94,"href":"https:\/\/totemguard.com\/netsupport-manager\/wp-json\/wp\/v2\/pages\/693\/revisions"}],"predecessor-version":[{"id":1871,"href":"https:\/\/totemguard.com\/netsupport-manager\/wp-json\/wp\/v2\/pages\/693\/revisions\/1871"}],"wp:attachment":[{"href":"https:\/\/totemguard.com\/netsupport-manager\/wp-json\/wp\/v2\/media?parent=693"}],"curies":[{"name":"wp","href":"https:\/\/api.w.org\/{rel}","templated":true}]}}