{"id":1556,"date":"2020-09-15T07:46:23","date_gmt":"2020-09-15T07:46:23","guid":{"rendered":"https:\/\/totemguard.com\/netsupport-dna\/netsupport-dna-corp-gdpr-cloned-at-2020-10-27-094826\/"},"modified":"2026-01-13T11:30:37","modified_gmt":"2026-01-13T11:30:37","slug":"gdpr-edu","status":"publish","type":"page","link":"https:\/\/totemguard.com\/netsupport-dna\/gdpr-edu\/","title":{"rendered":"NetSupport DNA Educaci\u00f3n GDPR"},"content":{"rendered":"<p><img data-recalc-dims=\"1\" loading=\"lazy\" decoding=\"async\" class=\"op3-element__image op3-element-image__image\" src=\"https:\/\/i0.wp.com\/www.totemguard.com\/img\/NetSupport-DNA\/Totemguard-banner.png?resize=640%2C112&#038;ssl=1\" alt=\"Logo banner Totem\" title=\"Logo banner Totem\" width=\"640\" height=\"112\" data-op3-attachment-id=\"\" \/><img data-recalc-dims=\"1\" loading=\"lazy\" decoding=\"async\" class=\"op3-element__image op3-element-image__image\" src=\"https:\/\/i0.wp.com\/totemguard.com\/netsupport-dna\/wp-content\/uploads\/2022\/01\/dna-logo.png?resize=400%2C170&#038;ssl=1\" alt=\"\" title=\"dna-logo\" width=\"400\" height=\"170\" data-op3-attachment-id=\"1758\" \/><\/p>\n<h2>Mejora el cumplimiento de GDPR con las herramientas de NetSupport<\/h2>\n<p>Como parte del nuevo Reglamento General de Protecci\u00f3n de Datos (GDPR), que entra en vigor el 25 de mayo de 2018, muchas escuelas se enfrentan al reto que supone encontrar las herramientas y recursos necesarios para cumplir los nuevos requisitos, en una \u00e9poca en la que muchas est\u00e1n viendo sus presupuestos recortados.<\/p>\n<p>Una de las cuestiones que m\u00e1s preocupaci\u00f3n despierta es la creaci\u00f3n de una imagen de conjunto de sus datos, es decir, c\u00f3mo se recogen, c\u00f3mo se utilizan y c\u00f3mo se comparten y se almacenan. Esta tarea puede llevar much\u00edsimo tiempo y, para llevarla a cabo, las escuelas deben hablar con diversos empleados para asegurarse de que est\u00e9n al tanto de qu\u00e9 datos tienen y d\u00f3nde est\u00e1n, pero tambi\u00e9n para estudiar soluciones de software que puedan desempe\u00f1ar la misma labor en la mitad de tiempo, dejando constancia a la vez de las actualizaciones y cambios necesarios.<\/p>\n<p>NetSupport DNA es la soluci\u00f3n de gesti\u00f3n de activos de TI de NetSupport, que ya est\u00e1 ayudando a numerosas escuelas a gestionar sus activos y ahora incluye herramientas que ayudan a las escuelas a cumplir sus requisitos de GDPR sin ning\u00fan coste adicional.<\/p>\n<p>Protecci\u00f3n de datos<\/p>\n<p>Entre las herramientas GDRP de NetSupport DNA se incluye un m\u00f3dulo de licencias de software que permite a las escuelas hacer un seguimiento del software instalado y ver si cumple con el GDPR, adem\u00e1s de asegurarse de que todos sus datos est\u00e9n protegidos y guardados correctamente.<\/p>\n<p><a aria-label=\"Image Link\" class=\"op3-element__link op3-element-image__link op3-link op3-element__tcp--non-a\" href=\"https:\/\/i0.wp.com\/totemguard.com\/netsupport-dna\/wp-content\/uploads\/2018\/04\/gdpr-software-min.png?ssl=1\" target=\"_self\"  data-op-action=\"link\" data-op-select-funnel-step=\"\" data-op3-smooth-scroll=\"\"><img data-recalc-dims=\"1\" loading=\"lazy\" decoding=\"async\" class=\"op3-element__image op3-element-image__image\" src=\"https:\/\/i0.wp.com\/totemguard.com\/netsupport-dna\/wp-content\/uploads\/2018\/04\/gdpr-software-min.png?resize=618%2C348&#038;ssl=1\" alt=\"software gdpr\" title=\"software gdpr\" width=\"618\" height=\"348\" data-op3-attachment-id=\"\" \/><\/a><\/p>\n<p>Descubre la informaci\u00f3n de la que dispones<\/p>\n<p>Para saber si los datos se han perdido y poder notificarlo dentro del plazo estipulado de 72 horas, las escuelas deben tener antes una idea clara de su ubicaci\u00f3n. Con la funci\u00f3n de detecci\u00f3n de archivos de NetSupport DNA, el administrador de datos de la escuela puede examinar r\u00e1pidamente todos los PC de una red, o los PC seleccionados, e identificar todos los tipos de archivos que pueden contener informaci\u00f3n confidencial sobre los estudiantes. Con las funciones de control remoto, los t\u00e9cnicos pueden acceder r\u00e1pidamente tambi\u00e9n a un PC o port\u00e1til de la red para eliminar o mover los archivos que no est\u00e9n en el lugar que les corresponde.<\/p>\n<p><a aria-label=\"Image Link\" class=\"op3-element__link op3-element-image__link op3-link op3-element__tcp--non-a\" href=\"https:\/\/i0.wp.com\/totemguard.com\/netsupport-dna\/wp-content\/uploads\/2018\/04\/gdpr-archivos-min.png?ssl=1\" target=\"_self\"  data-op-action=\"link\" data-op-select-funnel-step=\"\" data-op3-smooth-scroll=\"\"><img data-recalc-dims=\"1\" loading=\"lazy\" decoding=\"async\" class=\"op3-element__image op3-element-image__image\" src=\"https:\/\/i0.wp.com\/totemguard.com\/netsupport-dna\/wp-content\/uploads\/2018\/04\/gdpr-archivos-min.png?resize=640%2C197&#038;ssl=1\" alt=\"archivos gdpr\" title=\"archivos gdpr\" width=\"640\" height=\"197\" data-op3-attachment-id=\"\" \/><\/a><\/p>\n<p>Evitar violaciones de datos<\/p>\n<p>Para evitar violaciones de datos, las funciones de seguridad de terminales y alertas de NetSupport DNA notificar\u00e1n autom\u00e1ticamente a los operarios cuando se produzca una serie de cambios en toda la red de la escuela, desde la interrupci\u00f3n del funcionamiento del antivirus y las alertas de seguridad por intentos fallidos de apertura de sesi\u00f3n desde el equipo de un profesor, hasta intentos de acceso a la red por parte de dispositivos de almacenamiento port\u00e1tiles. Servir\u00e1 tambi\u00e9n como evidencia cuando un empleado ha registrado una violaci\u00f3n de datos, pero los datos han permanecido intactos.<\/p>\n<p><a aria-label=\"Image Link\" class=\"op3-element__link op3-element-image__link op3-link op3-element__tcp--non-a\" href=\"https:\/\/i0.wp.com\/totemguard.com\/netsupport-dna\/wp-content\/uploads\/2016\/10\/endpoint-security.png?ssl=1\" target=\"_self\"  data-op-action=\"link\" data-op-select-funnel-step=\"\" data-op3-smooth-scroll=\"\"><img data-recalc-dims=\"1\" loading=\"lazy\" decoding=\"async\" class=\"op3-element__image op3-element-image__image\" src=\"https:\/\/i0.wp.com\/totemguard.com\/netsupport-dna\/wp-content\/uploads\/2016\/10\/endpoint-security.png?resize=420%2C347&#038;ssl=1\" alt=\"endpoint-security\" title=\"endpoint-security\" width=\"420\" height=\"347\" data-op3-attachment-id=\"\" \/><\/a><\/p>\n<p>Por ejemplo, si un profesor se deja en el aula una llave de memoria USB con informaci\u00f3n delicada, NetSupport DNA indicar\u00eda si se ha activado dicha llave de memoria. NetSupport DNA tambi\u00e9n puede controlar su uso, permitiendo el acceso sin restricciones, bloqueando todo el acceso, permitiendo solo la lectura, o impidiendo que se ejecuten aplicaciones desde una llave de memoria desconocida. Otra opci\u00f3n es \u00abautorizar\u00bb llaves de memoria espec\u00edficas en NetSupport DNA (para el d\u00eda corriente, durante una semana o de forma indefinida), y as\u00ed tambi\u00e9n se puede restringir el uso de llaves de memoria en la escuela solo a personas autorizadas.<\/p>\n<p>Derechos del individuo<\/p>\n<p>En \u00faltimo lugar, dentro de las secciones de bases de datos y administraci\u00f3n de NetSupport DNA, las escuelas pueden identificar a un estudiante y archivar o eliminar instant\u00e1neamente todo el historial de datos relacionado con esa persona en NetSupport DNA.<\/p>\n<p><a aria-label=\"Image Link\" class=\"op3-element__link op3-element-image__link op3-link op3-element__tcp--non-a\" href=\"https:\/\/i0.wp.com\/totemguard.com\/netsupport-dna\/wp-content\/uploads\/2018\/04\/gdpr-eliminarusuario-min.png?ssl=1\" target=\"_self\"  data-op-action=\"link\" data-op-select-funnel-step=\"\" data-op3-smooth-scroll=\"\"><img data-recalc-dims=\"1\" loading=\"lazy\" decoding=\"async\" class=\"op3-element__image op3-element-image__image\" src=\"https:\/\/i0.wp.com\/totemguard.com\/netsupport-dna\/wp-content\/uploads\/2018\/04\/gdpr-eliminarusuario-min.png?resize=640%2C306&#038;ssl=1\" alt=\"Eliminar usuarios GDPR\" title=\"Eliminar usuarios GDPR\" width=\"640\" height=\"306\" data-op3-attachment-id=\"\" \/><\/a><\/p>\n<h2>Obt\u00e9n informaci\u00f3n de tus equipos en tan s\u00f3lo 30 minutos<\/h2>\n<p><a aria-label=\"Button link\" class=\"op3-element__tcp--non-a op3-link op3-background-ancestor\" target=\"_self\"  data-op-action=\"popoverlay\" data-op-popoverlay-trigger=\"LFB503NG\" data-op-select-funnel-step=\"\" data-op-animation-trigger=\"scroll\" data-op-animation-style=\"scale-up\" data-op-animation-loop=\"0\" data-op-timer-minutes=\"0\" data-op-timer-seconds=\"0\" data-op3-smooth-scroll=\"0\" data-op-effect-style=\"\" data-op-effect-style-hover=\"\" data-op-courseaction=\"\" href=\"#\">Pru\u00e9balo 30 d\u00edas gratiso ll\u00e1manos al 932000088 para m\u00e1s informaci\u00f3n<\/a><\/p>\n<p>\u00bfQuieres m\u00e1s informaci\u00f3n o tienes dudas sobre NetSupport DNA?&nbsp;<\/p>\n<p><a aria-label=\"Image Link\" class=\"op3-element__link op3-element-image__link op3-link op3-element__tcp--non-a\" href=\"https:\/\/i0.wp.com\/totemguard.com\/netsupport-dna\/wp-content\/uploads\/2017\/05\/Oscar.jpg?ssl=1\" target=\"_self\"  data-op-action=\"link\" data-op-select-funnel-step=\"\" data-op3-smooth-scroll=\"0\"><img data-recalc-dims=\"1\" loading=\"lazy\" decoding=\"async\" class=\"op3-element__image op3-element-image__image\" src=\"https:\/\/i0.wp.com\/totemguard.com\/netsupport-dna\/wp-content\/uploads\/2017\/05\/Oscar.jpg?resize=93%2C140&#038;ssl=1\" alt=\"Oscar\" title=\"Oscar\" width=\"93\" height=\"140\" data-op3-attachment-id=\"586\" \/><\/a><\/p>\n<p>Soy \u00d2scar. Te ayudar\u00e9 en lo que necesites. Llevo m\u00e1s de 15 a\u00f1os ayudando y formando a t\u00e9cnicos de sistemas para la gesti\u00f3n eficiente de su red. <\/p>\n<p>Puedes contactarme en el 932000088 o por email en&nbsp;<a href=\"mailto:comercial@totemguard.com\">comercial@totemguard.com<\/a><\/p>\n<p>Contacta con nosotros:<\/p>\n<p>Ronda General Mitre 126, Planta 6<br \/>\n08021 Barcelona<\/p>\n<p>Tel. 93 200 00 88<\/p>\n<p>comercial@totemguard.com<\/p>\n<p>Nuestros productos<\/p>\n<p><img data-recalc-dims=\"1\" loading=\"lazy\" decoding=\"async\" class=\"op3-element__image op3-element-image__image\" src=\"https:\/\/i0.wp.com\/totemguard.com\/img\/totemfootericons\/dnaico.png?resize=26%2C26\" alt=\"DNA Ico\" title=\"\" width=\"26\" height=\"26\" data-op3-attachment-id=\"\" \/><\/p>\n<p><a href=\"https:\/\/totemguard.com\/netsupport-dna\/inventario-hardware-software-licencias\/\">NetSupport DNA<\/a><\/p>\n<p><img data-recalc-dims=\"1\" loading=\"lazy\" decoding=\"async\" class=\"op3-element__image op3-element-image__image\" src=\"https:\/\/i0.wp.com\/totemguard.com\/img\/totemfootericons\/nsmico.png?resize=26%2C26&#038;ssl=1\" alt=\"NSM Ico\" title=\"\" width=\"26\" height=\"26\" data-op3-attachment-id=\"\" \/><\/p>\n<p><a href=\"https:\/\/totemguard.com\/netsupport-manager\/control-remoto-windows-linux-mac\/\">NetSupport Manager<\/a><\/p>\n<p><img data-recalc-dims=\"1\" loading=\"lazy\" decoding=\"async\" class=\"op3-element__image op3-element-image__image\" src=\"https:\/\/i0.wp.com\/totemguard.com\/img\/totemfootericons\/nssico.png?resize=26%2C26&#038;ssl=1\" alt=\"NSS Ico\" title=\"\" width=\"26\" height=\"26\" data-op3-attachment-id=\"\" \/><\/p>\n<p><a href=\"https:\/\/totemguard.com\/netsupport-school\/control-gestion-aula-tic\/\">NetSupport School<\/a><\/p>\n<p><img data-recalc-dims=\"1\" loading=\"lazy\" decoding=\"async\" class=\"op3-element__image op3-element-image__image\" src=\"https:\/\/i0.wp.com\/totemguard.com\/img\/totemfootericons\/nsnico.png?resize=26%2C26&#038;ssl=1\" alt=\"NSN Ico\" title=\"\" width=\"26\" height=\"26\" data-op3-attachment-id=\"\" \/><\/p>\n<p><a href=\"https:\/\/totemguard.com\/netsupport-notify\/mensajes-ordenadores-red\/\">NetSupport Notify<\/a><\/p>\n<\/p>\n<p><img data-recalc-dims=\"1\" loading=\"lazy\" decoding=\"async\" class=\"op3-element__image op3-element-image__image\" src=\"https:\/\/i0.wp.com\/totemguard.com\/img\/totemfootericons\/247connectico.png?resize=26%2C26&#038;ssl=1\" alt=\"247 Ico\" title=\"\" width=\"26\" height=\"26\" data-op3-attachment-id=\"\" \/><\/p>\n<p><a href=\"https:\/\/totemguard.com\/247-connect\/control-remoto-seguro-en-la-nube\/\">NetSupport&nbsp;247 Connect<\/a><\/p>\n<p><img data-recalc-dims=\"1\" loading=\"lazy\" decoding=\"async\" class=\"op3-element__image op3-element-image__image\" src=\"https:\/\/i0.wp.com\/totemguard.com\/img\/totemfootericons\/logo-icon-color-compass.png?resize=26%2C26&#038;ssl=1\" alt=\"OA Compass ico\" title=\"\" width=\"26\" height=\"26\" data-op3-attachment-id=\"\" \/><\/p>\n<p><a href=\"https:\/\/totemguard.com\/openathens-compass\/gestion-centralizada-recursos-electronicos\/\">OpenAthens Compass<\/a><\/p>\n<p><img data-recalc-dims=\"1\" loading=\"lazy\" decoding=\"async\" class=\"op3-element__image op3-element-image__image\" src=\"https:\/\/i0.wp.com\/totemguard.com\/img\/totemfootericons\/Altaro-logo-1.png?resize=26%2C26&#038;ssl=1\" alt=\"VM Backup Ico\" title=\"\" width=\"26\" height=\"26\" data-op3-attachment-id=\"\" \/><\/p>\n<p><a href=\"https:\/\/totemguard.com\/altaro\/\">Altaro VM Backup<\/a><\/p>\n<p><img data-recalc-dims=\"1\" loading=\"lazy\" decoding=\"async\" class=\"op3-element__image op3-element-image__image\" src=\"https:\/\/i0.wp.com\/totemguard.com\/img\/totemfootericons\/o-icon-svg-1.png?resize=26%2C25&#038;ssl=1\" alt=\"365 Backup Ico\" title=\"\" width=\"26\" height=\"25\" data-op3-attachment-id=\"\" \/><\/p>\n<p><a href=\"https:\/\/totemguard.com\/altaro\/backup-office-365\/\">365 Total Backup<\/a><\/p>\n<\/p>\n<p><img data-recalc-dims=\"1\" loading=\"lazy\" decoding=\"async\" class=\"op3-element__image op3-element-image__image\" src=\"https:\/\/i0.wp.com\/totemguard.com\/img\/totemfootericons\/hornetfavicon.png?resize=26%2C26&#038;ssl=1\" alt=\"hornet security ico\" title=\"\" width=\"26\" height=\"26\" data-op3-attachment-id=\"\" \/><\/p>\n<p><a href=\"https:\/\/totemguard.com\/365-total-protection\/\">Total Protection<\/a><\/p>\n<p><img data-recalc-dims=\"1\" loading=\"lazy\" decoding=\"async\" class=\"op3-element__image op3-element-image__image\" src=\"https:\/\/i0.wp.com\/totemguard.com\/img\/totemfootericons\/hornetfavicon.png?resize=26%2C26&#038;ssl=1\" alt=\"hornet security ico\" title=\"\" width=\"26\" height=\"26\" data-op3-attachment-id=\"\" \/><\/p>\n<p><a href=\"https:\/\/totemguard.com\/security-awareness-training\/\">Security Awareness Service<\/a><\/p>\n<p>  \u00a9  TotemGuard Digital Security &#8211; Ronda General Mitre, 126, Planta 6, 08021 Barcelona &#8211; Tel. 932 00 00 88 &#8211;<br \/>\n  <a href=\"https:\/\/www.totemguard.com\/terminos-y-condiciones\"><br \/>\n    Pol\u00edtica de privacidad, Cookies y Aviso Legal<br \/>\n  <\/a><\/p>\n","protected":false},"excerpt":{"rendered":"<p>Mejora el cumplimiento de GDPR con las herramientas de NetSupport Como parte del nuevo Reglamento General de Protecci\u00f3n de Datos (GDPR), que entra en vigor el 25 de mayo de 2018, muchas escuelas se enfrentan al reto que supone encontrar las herramientas y recursos necesarios para cumplir los nuevos requisitos, en una \u00e9poca en la &hellip; <\/p>\n<p class=\"link-more\"><a href=\"https:\/\/totemguard.com\/netsupport-dna\/gdpr-edu\/\" class=\"more-link\">Seguir leyendo<span class=\"screen-reader-text\"> \u00abNetSupport DNA Educaci\u00f3n GDPR\u00bb<\/span><\/a><\/p>\n","protected":false},"author":1,"featured_media":0,"parent":0,"menu_order":0,"comment_status":"closed","ping_status":"closed","template":"op_builder_blank","meta":{"footnotes":"","_links_to":"","_links_to_target":""},"class_list":["post-1556","page","type-page","status-publish","hentry","entry"],"yoast_head":"<!-- This site is optimized with the Yoast SEO plugin v27.3 - https:\/\/yoast.com\/product\/yoast-seo-wordpress\/ -->\n<title>NetSupport DNA Educaci\u00f3n GDPR - TotemGuard<\/title>\n<meta name=\"description\" content=\"NetSupport DNA tiene una serie de funcionalidades para el cumplimiento de GDPR\" \/>\n<meta name=\"robots\" content=\"index, follow, max-snippet:-1, max-image-preview:large, max-video-preview:-1\" \/>\n<link rel=\"canonical\" href=\"https:\/\/totemguard.com\/netsupport-dna\/gdpr-edu\/\" \/>\n<meta property=\"og:locale\" content=\"es_ES\" \/>\n<meta property=\"og:type\" content=\"article\" \/>\n<meta property=\"og:title\" content=\"NetSupport DNA Educaci\u00f3n GDPR - TotemGuard\" \/>\n<meta property=\"og:description\" content=\"NetSupport DNA tiene una serie de funcionalidades para el cumplimiento de GDPR\" \/>\n<meta property=\"og:url\" content=\"https:\/\/totemguard.com\/netsupport-dna\/gdpr-edu\/\" \/>\n<meta property=\"og:site_name\" content=\"TotemGuard\" \/>\n<meta property=\"article:modified_time\" content=\"2026-01-13T11:30:37+00:00\" \/>\n<meta property=\"og:image\" content=\"https:\/\/www.totemguard.com\/img\/NetSupport-DNA\/Totemguard-banner.png\" \/>\n<meta name=\"twitter:card\" content=\"summary_large_image\" \/>\n<meta name=\"twitter:label1\" content=\"Tiempo de lectura\" \/>\n\t<meta name=\"twitter:data1\" content=\"4 minutos\" \/>\n<script type=\"application\/ld+json\" class=\"yoast-schema-graph\">{\"@context\":\"https:\\\/\\\/schema.org\",\"@graph\":[{\"@type\":\"WebPage\",\"@id\":\"https:\\\/\\\/totemguard.com\\\/netsupport-dna\\\/gdpr-edu\\\/\",\"url\":\"https:\\\/\\\/totemguard.com\\\/netsupport-dna\\\/gdpr-edu\\\/\",\"name\":\"NetSupport DNA Educaci\u00f3n GDPR - TotemGuard\",\"isPartOf\":{\"@id\":\"https:\\\/\\\/totemguard.com\\\/netsupport-dna\\\/#website\"},\"primaryImageOfPage\":{\"@id\":\"https:\\\/\\\/totemguard.com\\\/netsupport-dna\\\/gdpr-edu\\\/#primaryimage\"},\"image\":{\"@id\":\"https:\\\/\\\/totemguard.com\\\/netsupport-dna\\\/gdpr-edu\\\/#primaryimage\"},\"thumbnailUrl\":\"https:\\\/\\\/www.totemguard.com\\\/img\\\/NetSupport-DNA\\\/Totemguard-banner.png\",\"datePublished\":\"2020-09-15T07:46:23+00:00\",\"dateModified\":\"2026-01-13T11:30:37+00:00\",\"description\":\"NetSupport DNA tiene una serie de funcionalidades para el cumplimiento de GDPR\",\"breadcrumb\":{\"@id\":\"https:\\\/\\\/totemguard.com\\\/netsupport-dna\\\/gdpr-edu\\\/#breadcrumb\"},\"inLanguage\":\"es\",\"potentialAction\":[{\"@type\":\"ReadAction\",\"target\":[\"https:\\\/\\\/totemguard.com\\\/netsupport-dna\\\/gdpr-edu\\\/\"]}]},{\"@type\":\"ImageObject\",\"inLanguage\":\"es\",\"@id\":\"https:\\\/\\\/totemguard.com\\\/netsupport-dna\\\/gdpr-edu\\\/#primaryimage\",\"url\":\"https:\\\/\\\/www.totemguard.com\\\/img\\\/NetSupport-DNA\\\/Totemguard-banner.png\",\"contentUrl\":\"https:\\\/\\\/www.totemguard.com\\\/img\\\/NetSupport-DNA\\\/Totemguard-banner.png\"},{\"@type\":\"BreadcrumbList\",\"@id\":\"https:\\\/\\\/totemguard.com\\\/netsupport-dna\\\/gdpr-edu\\\/#breadcrumb\",\"itemListElement\":[{\"@type\":\"ListItem\",\"position\":1,\"name\":\"Portada\",\"item\":\"https:\\\/\\\/totemguard.com\\\/netsupport-dna\\\/inventario-hardware-software-licencias\\\/\"},{\"@type\":\"ListItem\",\"position\":2,\"name\":\"NetSupport DNA Educaci\u00f3n GDPR\"}]},{\"@type\":\"WebSite\",\"@id\":\"https:\\\/\\\/totemguard.com\\\/netsupport-dna\\\/#website\",\"url\":\"https:\\\/\\\/totemguard.com\\\/netsupport-dna\\\/\",\"name\":\"TotemGuard\",\"description\":\"Software Inventario hardware licencias\",\"potentialAction\":[{\"@type\":\"SearchAction\",\"target\":{\"@type\":\"EntryPoint\",\"urlTemplate\":\"https:\\\/\\\/totemguard.com\\\/netsupport-dna\\\/?s={search_term_string}\"},\"query-input\":{\"@type\":\"PropertyValueSpecification\",\"valueRequired\":true,\"valueName\":\"search_term_string\"}}],\"inLanguage\":\"es\"}]}<\/script>\n<!-- \/ Yoast SEO plugin. -->","yoast_head_json":{"title":"NetSupport DNA Educaci\u00f3n GDPR - TotemGuard","description":"NetSupport DNA tiene una serie de funcionalidades para el cumplimiento de GDPR","robots":{"index":"index","follow":"follow","max-snippet":"max-snippet:-1","max-image-preview":"max-image-preview:large","max-video-preview":"max-video-preview:-1"},"canonical":"https:\/\/totemguard.com\/netsupport-dna\/gdpr-edu\/","og_locale":"es_ES","og_type":"article","og_title":"NetSupport DNA Educaci\u00f3n GDPR - TotemGuard","og_description":"NetSupport DNA tiene una serie de funcionalidades para el cumplimiento de GDPR","og_url":"https:\/\/totemguard.com\/netsupport-dna\/gdpr-edu\/","og_site_name":"TotemGuard","article_modified_time":"2026-01-13T11:30:37+00:00","og_image":[{"url":"https:\/\/www.totemguard.com\/img\/NetSupport-DNA\/Totemguard-banner.png","type":"","width":"","height":""}],"twitter_card":"summary_large_image","twitter_misc":{"Tiempo de lectura":"4 minutos"},"schema":{"@context":"https:\/\/schema.org","@graph":[{"@type":"WebPage","@id":"https:\/\/totemguard.com\/netsupport-dna\/gdpr-edu\/","url":"https:\/\/totemguard.com\/netsupport-dna\/gdpr-edu\/","name":"NetSupport DNA Educaci\u00f3n GDPR - TotemGuard","isPartOf":{"@id":"https:\/\/totemguard.com\/netsupport-dna\/#website"},"primaryImageOfPage":{"@id":"https:\/\/totemguard.com\/netsupport-dna\/gdpr-edu\/#primaryimage"},"image":{"@id":"https:\/\/totemguard.com\/netsupport-dna\/gdpr-edu\/#primaryimage"},"thumbnailUrl":"https:\/\/www.totemguard.com\/img\/NetSupport-DNA\/Totemguard-banner.png","datePublished":"2020-09-15T07:46:23+00:00","dateModified":"2026-01-13T11:30:37+00:00","description":"NetSupport DNA tiene una serie de funcionalidades para el cumplimiento de GDPR","breadcrumb":{"@id":"https:\/\/totemguard.com\/netsupport-dna\/gdpr-edu\/#breadcrumb"},"inLanguage":"es","potentialAction":[{"@type":"ReadAction","target":["https:\/\/totemguard.com\/netsupport-dna\/gdpr-edu\/"]}]},{"@type":"ImageObject","inLanguage":"es","@id":"https:\/\/totemguard.com\/netsupport-dna\/gdpr-edu\/#primaryimage","url":"https:\/\/www.totemguard.com\/img\/NetSupport-DNA\/Totemguard-banner.png","contentUrl":"https:\/\/www.totemguard.com\/img\/NetSupport-DNA\/Totemguard-banner.png"},{"@type":"BreadcrumbList","@id":"https:\/\/totemguard.com\/netsupport-dna\/gdpr-edu\/#breadcrumb","itemListElement":[{"@type":"ListItem","position":1,"name":"Portada","item":"https:\/\/totemguard.com\/netsupport-dna\/inventario-hardware-software-licencias\/"},{"@type":"ListItem","position":2,"name":"NetSupport DNA Educaci\u00f3n GDPR"}]},{"@type":"WebSite","@id":"https:\/\/totemguard.com\/netsupport-dna\/#website","url":"https:\/\/totemguard.com\/netsupport-dna\/","name":"TotemGuard","description":"Software Inventario hardware licencias","potentialAction":[{"@type":"SearchAction","target":{"@type":"EntryPoint","urlTemplate":"https:\/\/totemguard.com\/netsupport-dna\/?s={search_term_string}"},"query-input":{"@type":"PropertyValueSpecification","valueRequired":true,"valueName":"search_term_string"}}],"inLanguage":"es"}]}},"jetpack_sharing_enabled":true,"_links":{"self":[{"href":"https:\/\/totemguard.com\/netsupport-dna\/wp-json\/wp\/v2\/pages\/1556","targetHints":{"allow":["GET"]}}],"collection":[{"href":"https:\/\/totemguard.com\/netsupport-dna\/wp-json\/wp\/v2\/pages"}],"about":[{"href":"https:\/\/totemguard.com\/netsupport-dna\/wp-json\/wp\/v2\/types\/page"}],"author":[{"embeddable":true,"href":"https:\/\/totemguard.com\/netsupport-dna\/wp-json\/wp\/v2\/users\/1"}],"replies":[{"embeddable":true,"href":"https:\/\/totemguard.com\/netsupport-dna\/wp-json\/wp\/v2\/comments?post=1556"}],"version-history":[{"count":44,"href":"https:\/\/totemguard.com\/netsupport-dna\/wp-json\/wp\/v2\/pages\/1556\/revisions"}],"predecessor-version":[{"id":3511,"href":"https:\/\/totemguard.com\/netsupport-dna\/wp-json\/wp\/v2\/pages\/1556\/revisions\/3511"}],"wp:attachment":[{"href":"https:\/\/totemguard.com\/netsupport-dna\/wp-json\/wp\/v2\/media?parent=1556"}],"curies":[{"name":"wp","href":"https:\/\/api.w.org\/{rel}","templated":true}]}}