{"id":1304,"date":"2020-09-15T07:46:23","date_gmt":"2020-09-15T07:46:23","guid":{"rendered":"https:\/\/totemguard.com\/netsupport-dna\/?page_id=1304"},"modified":"2026-01-13T11:27:43","modified_gmt":"2026-01-13T11:27:43","slug":"inventario-hardware-software-productos-complementarios","status":"publish","type":"page","link":"https:\/\/totemguard.com\/netsupport-dna\/inventario-hardware-software-productos-complementarios\/","title":{"rendered":"NetSupport DNA &#8211; Otros Productos"},"content":{"rendered":"<p><img data-recalc-dims=\"1\" loading=\"lazy\" decoding=\"async\" class=\"op3-element__image op3-element-image__image\" src=\"https:\/\/i0.wp.com\/www.totemguard.com\/img\/NetSupport-DNA\/Totemguard-banner.png?resize=640%2C112&#038;ssl=1\" alt=\"Logo banner Totem\" title=\"Logo banner Totem\" width=\"640\" height=\"112\" data-op3-attachment-id=\"\" \/><img data-recalc-dims=\"1\" loading=\"lazy\" decoding=\"async\" class=\"op3-element__image op3-element-image__image\" src=\"https:\/\/i0.wp.com\/totemguard.com\/netsupport-dna\/wp-content\/uploads\/2022\/01\/dna-logo.png?resize=400%2C170&#038;ssl=1\" alt=\"\" title=\"dna-logo\" width=\"400\" height=\"170\" data-op3-attachment-id=\"1758\" \/><\/p>\n<h3>Productos Complementarios<\/h3>\n<p><img data-recalc-dims=\"1\" loading=\"lazy\" decoding=\"async\" class=\"op3-element__image op3-element-image__image\" src=\"https:\/\/i0.wp.com\/www.totemguard.com\/img\/netsupportNotify\/nsm.png?resize=500%2C79&#038;ssl=1\" alt=\"\" title=\"\" width=\"500\" height=\"79\" data-op3-attachment-id=\"\" \/><\/p>\n<h2>Control Remoto<\/h2>\n<p>Si deseas reducir dr\u00e1sticamente tus costes helpdesk, simplificar las tareas de gesti\u00f3n y ofrecer la posibilidad de trabajar remotamente con movilidad y seguridad, no dejes de probar este software.<\/p>\n<p>NetSupport Manager es la herramienta de control remoto m\u00e1s completa del mercado. Est\u00e1 pensada para quienes necesitan controlar al m\u00e1ximo su seguridad, cumplir con niveles altos de protecci\u00f3n de datos y LOPD sin que sus datos pasen por redes de terceros.<\/p>\n<p>Con NetSupport Manager t\u00fa controlas todas tus comunicaciones. En definitiva, te permitir\u00e1 una mejora de productividad, satisfacci\u00f3n del cliente y flexibilidad organizativa.<\/p>\n<p>Con m\u00e1s de 8.500.000 sistemas gestionados y m\u00e1s de 21 a\u00f1os de desarrollo, NetSupport Manager es sin duda el l\u00edder de su mercado.<\/p>\n<p><a href=\"https:\/\/totemguard.com\/netsupport-manager\/control-remoto-windows-linux-mac\/\" target=\"_blank\">Conoce NetSupport Manager m\u00e1s a fondo y desc\u00e1rgate la demo<\/a><\/p>\n<p><img data-recalc-dims=\"1\" loading=\"lazy\" decoding=\"async\" class=\"op3-element__image op3-element-image__image\" src=\"https:\/\/i0.wp.com\/www.totemguard.com\/img\/NetSupport-School\/NetSupport-Notify.png?resize=500%2C95&#038;ssl=1\" alt=\"\" title=\"\" width=\"500\" height=\"95\" data-op3-attachment-id=\"\" \/><\/p>\n<h2>Avisos para equipos de escritorio<\/h2>\n<p>NetSupport Notify te permite la entrega inmediata de avisos y alertas a equipos Windows, Mac tanto en redes Lan como Wan.<\/p>\n<p>Algunos ejemplos de su uso habitual:<\/p>\n<p>\u2013&gt;Notificar cortes programados de internet<\/p>\n<p>\u2013&gt;Proyectar avisos en pantallas publicas de centros de salud, salas de espera u hospitales<\/p>\n<p>\u2013&gt;Que trabajadores de cara al p\u00fablico puedan mandar alertas urgentes a un superior o a Seguridad en caso de necesidad.<\/p>\n<p>\u2013&gt;Entre otros\u2026<\/p>\n<p>NetSupport Notify te da la certeza de que el usuario recibe tu mensaje, incluso con acuses de recibo.<\/p>\n<p>A diferencia de las soluciones de mensajer\u00eda \u00fanicamente pensadas para redes internas, NetSupport Notify te viene con un gateway para que puedas enviar mensajes a redes remotas sin necesidad de realizar cambios en tus configuraciones de red.<\/p>\n<p><a href=\"https:\/\/totemguard.com\/netsupport-notify\/mensajes-ordenadores-red\/\" target=\"_blank\">Conoce NetSupport Notify m\u00e1s a fondo y desc\u00e1rgate la demo<\/a><\/p>\n<p>Contacta con nosotros:<\/p>\n<p>Ronda General Mitre 126, Planta 6<br \/>\n08021 Barcelona<\/p>\n<p>Tel. 93 200 00 88<\/p>\n<p>comercial@totemguard.com<\/p>\n<p>Nuestros productos<\/p>\n<p><img data-recalc-dims=\"1\" loading=\"lazy\" decoding=\"async\" class=\"op3-element__image op3-element-image__image\" src=\"https:\/\/i0.wp.com\/totemguard.com\/img\/totemfootericons\/dnaico.png?resize=26%2C26\" alt=\"DNA Ico\" title=\"\" width=\"26\" height=\"26\" data-op3-attachment-id=\"\" \/><\/p>\n<p><a href=\"https:\/\/totemguard.com\/netsupport-dna\/inventario-hardware-software-licencias\/\">NetSupport DNA<\/a><\/p>\n<p><img data-recalc-dims=\"1\" loading=\"lazy\" decoding=\"async\" class=\"op3-element__image op3-element-image__image\" src=\"https:\/\/i0.wp.com\/totemguard.com\/img\/totemfootericons\/nsmico.png?resize=26%2C26&#038;ssl=1\" alt=\"NSM Ico\" title=\"\" width=\"26\" height=\"26\" data-op3-attachment-id=\"\" \/><\/p>\n<p><a href=\"https:\/\/totemguard.com\/netsupport-manager\/control-remoto-windows-linux-mac\/\">NetSupport Manager<\/a><\/p>\n<p><img data-recalc-dims=\"1\" loading=\"lazy\" decoding=\"async\" class=\"op3-element__image op3-element-image__image\" src=\"https:\/\/i0.wp.com\/totemguard.com\/img\/totemfootericons\/nssico.png?resize=26%2C26&#038;ssl=1\" alt=\"NSS Ico\" title=\"\" width=\"26\" height=\"26\" data-op3-attachment-id=\"\" \/><\/p>\n<p><a href=\"https:\/\/totemguard.com\/netsupport-school\/control-gestion-aula-tic\/\">NetSupport School<\/a><\/p>\n<p><img data-recalc-dims=\"1\" loading=\"lazy\" decoding=\"async\" class=\"op3-element__image op3-element-image__image\" src=\"https:\/\/i0.wp.com\/totemguard.com\/img\/totemfootericons\/nsnico.png?resize=26%2C26&#038;ssl=1\" alt=\"NSN Ico\" title=\"\" width=\"26\" height=\"26\" data-op3-attachment-id=\"\" \/><\/p>\n<p><a href=\"https:\/\/totemguard.com\/netsupport-notify\/mensajes-ordenadores-red\/\">NetSupport Notify<\/a><\/p>\n<\/p>\n<p><img data-recalc-dims=\"1\" loading=\"lazy\" decoding=\"async\" class=\"op3-element__image op3-element-image__image\" src=\"https:\/\/i0.wp.com\/totemguard.com\/img\/totemfootericons\/247connectico.png?resize=26%2C26&#038;ssl=1\" alt=\"247 Ico\" title=\"\" width=\"26\" height=\"26\" data-op3-attachment-id=\"\" \/><\/p>\n<p><a href=\"https:\/\/totemguard.com\/247-connect\/control-remoto-seguro-en-la-nube\/\">NetSupport&nbsp;247 Connect<\/a><\/p>\n<p><img data-recalc-dims=\"1\" loading=\"lazy\" decoding=\"async\" class=\"op3-element__image op3-element-image__image\" src=\"https:\/\/i0.wp.com\/totemguard.com\/img\/totemfootericons\/logo-icon-color-compass.png?resize=26%2C26&#038;ssl=1\" alt=\"OA Compass ico\" title=\"\" width=\"26\" height=\"26\" data-op3-attachment-id=\"\" \/><\/p>\n<p><a href=\"https:\/\/totemguard.com\/openathens-compass\/gestion-centralizada-recursos-electronicos\/\">OpenAthens Compass<\/a><\/p>\n<p><img data-recalc-dims=\"1\" loading=\"lazy\" decoding=\"async\" class=\"op3-element__image op3-element-image__image\" src=\"https:\/\/i0.wp.com\/totemguard.com\/img\/totemfootericons\/Altaro-logo-1.png?resize=26%2C26&#038;ssl=1\" alt=\"VM Backup Ico\" title=\"\" width=\"26\" height=\"26\" data-op3-attachment-id=\"\" \/><\/p>\n<p><a href=\"https:\/\/totemguard.com\/altaro\/\">Altaro VM Backup<\/a><\/p>\n<p><img data-recalc-dims=\"1\" loading=\"lazy\" decoding=\"async\" class=\"op3-element__image op3-element-image__image\" src=\"https:\/\/i0.wp.com\/totemguard.com\/img\/totemfootericons\/o-icon-svg-1.png?resize=26%2C25&#038;ssl=1\" alt=\"365 Backup Ico\" title=\"\" width=\"26\" height=\"25\" data-op3-attachment-id=\"\" \/><\/p>\n<p><a href=\"https:\/\/totemguard.com\/altaro\/backup-office-365\/\">365 Total Backup<\/a><\/p>\n<\/p>\n<p><img data-recalc-dims=\"1\" loading=\"lazy\" decoding=\"async\" class=\"op3-element__image op3-element-image__image\" src=\"https:\/\/i0.wp.com\/totemguard.com\/img\/totemfootericons\/hornetfavicon.png?resize=26%2C26&#038;ssl=1\" alt=\"hornet security ico\" title=\"\" width=\"26\" height=\"26\" data-op3-attachment-id=\"\" \/><\/p>\n<p><a href=\"https:\/\/totemguard.com\/365-total-protection\/\">Total Protection<\/a><\/p>\n<p><img data-recalc-dims=\"1\" loading=\"lazy\" decoding=\"async\" class=\"op3-element__image op3-element-image__image\" src=\"https:\/\/i0.wp.com\/totemguard.com\/img\/totemfootericons\/hornetfavicon.png?resize=26%2C26&#038;ssl=1\" alt=\"hornet security ico\" title=\"\" width=\"26\" height=\"26\" data-op3-attachment-id=\"\" \/><\/p>\n<p><a href=\"https:\/\/totemguard.com\/security-awareness-training\/\">Security Awareness Service<\/a><\/p>\n<p>  \u00a9  TotemGuard Digital Security &#8211; Ronda General Mitre, 126, Planta 6, 08021 Barcelona &#8211; Tel. 932 00 00 88 &#8211;<br \/>\n  <a href=\"https:\/\/www.totemguard.com\/terminos-y-condiciones\"><br \/>\n    Pol\u00edtica de privacidad, Cookies y Aviso Legal<br \/>\n  <\/a><\/p>\n","protected":false},"excerpt":{"rendered":"<p>Productos Complementarios Control Remoto Si deseas reducir dr\u00e1sticamente tus costes helpdesk, simplificar las tareas de gesti\u00f3n y ofrecer la posibilidad de trabajar remotamente con movilidad y seguridad, no dejes de probar este software. NetSupport Manager es la herramienta de control remoto m\u00e1s completa del mercado. Est\u00e1 pensada para quienes necesitan controlar al m\u00e1ximo su seguridad, &hellip; <\/p>\n<p class=\"link-more\"><a href=\"https:\/\/totemguard.com\/netsupport-dna\/inventario-hardware-software-productos-complementarios\/\" class=\"more-link\">Seguir leyendo<span class=\"screen-reader-text\"> \u00abNetSupport DNA &#8211; Otros Productos\u00bb<\/span><\/a><\/p>\n","protected":false},"author":1,"featured_media":0,"parent":0,"menu_order":0,"comment_status":"closed","ping_status":"closed","template":"op_builder_blank","meta":{"footnotes":"","_links_to":"","_links_to_target":""},"class_list":["post-1304","page","type-page","status-publish","hentry","entry"],"yoast_head":"<!-- This site is optimized with the Yoast SEO plugin v27.3 - https:\/\/yoast.com\/product\/yoast-seo-wordpress\/ -->\n<title>NetSupport DNA - Otros Productos - TotemGuard<\/title>\n<meta name=\"description\" content=\"En esta p\u00e1gina podr\u00e1s ver que otros productos de NetSupport pueden ayudarte a gestionar tu parque inform\u00e1tico\" \/>\n<meta name=\"robots\" content=\"index, follow, max-snippet:-1, max-image-preview:large, max-video-preview:-1\" \/>\n<link rel=\"canonical\" href=\"https:\/\/totemguard.com\/netsupport-dna\/inventario-hardware-software-productos-complementarios\/\" \/>\n<meta property=\"og:locale\" content=\"es_ES\" \/>\n<meta property=\"og:type\" content=\"article\" \/>\n<meta property=\"og:title\" content=\"NetSupport DNA - Otros Productos - TotemGuard\" \/>\n<meta property=\"og:description\" content=\"En esta p\u00e1gina podr\u00e1s ver que otros productos de NetSupport pueden ayudarte a gestionar tu parque inform\u00e1tico\" \/>\n<meta property=\"og:url\" content=\"https:\/\/totemguard.com\/netsupport-dna\/inventario-hardware-software-productos-complementarios\/\" \/>\n<meta property=\"og:site_name\" content=\"TotemGuard\" \/>\n<meta property=\"article:modified_time\" content=\"2026-01-13T11:27:43+00:00\" \/>\n<meta property=\"og:image\" content=\"https:\/\/www.totemguard.com\/img\/NetSupport-DNA\/Totemguard-banner.png\" \/>\n<meta name=\"twitter:card\" content=\"summary_large_image\" \/>\n<meta name=\"twitter:label1\" content=\"Tiempo de lectura\" \/>\n\t<meta name=\"twitter:data1\" content=\"5 minutos\" \/>\n<script type=\"application\/ld+json\" class=\"yoast-schema-graph\">{\"@context\":\"https:\\\/\\\/schema.org\",\"@graph\":[{\"@type\":\"WebPage\",\"@id\":\"https:\\\/\\\/totemguard.com\\\/netsupport-dna\\\/inventario-hardware-software-productos-complementarios\\\/\",\"url\":\"https:\\\/\\\/totemguard.com\\\/netsupport-dna\\\/inventario-hardware-software-productos-complementarios\\\/\",\"name\":\"NetSupport DNA - Otros Productos - TotemGuard\",\"isPartOf\":{\"@id\":\"https:\\\/\\\/totemguard.com\\\/netsupport-dna\\\/#website\"},\"primaryImageOfPage\":{\"@id\":\"https:\\\/\\\/totemguard.com\\\/netsupport-dna\\\/inventario-hardware-software-productos-complementarios\\\/#primaryimage\"},\"image\":{\"@id\":\"https:\\\/\\\/totemguard.com\\\/netsupport-dna\\\/inventario-hardware-software-productos-complementarios\\\/#primaryimage\"},\"thumbnailUrl\":\"https:\\\/\\\/www.totemguard.com\\\/img\\\/NetSupport-DNA\\\/Totemguard-banner.png\",\"datePublished\":\"2020-09-15T07:46:23+00:00\",\"dateModified\":\"2026-01-13T11:27:43+00:00\",\"description\":\"En esta p\u00e1gina podr\u00e1s ver que otros productos de NetSupport pueden ayudarte a gestionar tu parque inform\u00e1tico\",\"breadcrumb\":{\"@id\":\"https:\\\/\\\/totemguard.com\\\/netsupport-dna\\\/inventario-hardware-software-productos-complementarios\\\/#breadcrumb\"},\"inLanguage\":\"es\",\"potentialAction\":[{\"@type\":\"ReadAction\",\"target\":[\"https:\\\/\\\/totemguard.com\\\/netsupport-dna\\\/inventario-hardware-software-productos-complementarios\\\/\"]}]},{\"@type\":\"ImageObject\",\"inLanguage\":\"es\",\"@id\":\"https:\\\/\\\/totemguard.com\\\/netsupport-dna\\\/inventario-hardware-software-productos-complementarios\\\/#primaryimage\",\"url\":\"https:\\\/\\\/www.totemguard.com\\\/img\\\/NetSupport-DNA\\\/Totemguard-banner.png\",\"contentUrl\":\"https:\\\/\\\/www.totemguard.com\\\/img\\\/NetSupport-DNA\\\/Totemguard-banner.png\"},{\"@type\":\"BreadcrumbList\",\"@id\":\"https:\\\/\\\/totemguard.com\\\/netsupport-dna\\\/inventario-hardware-software-productos-complementarios\\\/#breadcrumb\",\"itemListElement\":[{\"@type\":\"ListItem\",\"position\":1,\"name\":\"Portada\",\"item\":\"https:\\\/\\\/totemguard.com\\\/netsupport-dna\\\/inventario-hardware-software-licencias\\\/\"},{\"@type\":\"ListItem\",\"position\":2,\"name\":\"NetSupport DNA &#8211; Otros Productos\"}]},{\"@type\":\"WebSite\",\"@id\":\"https:\\\/\\\/totemguard.com\\\/netsupport-dna\\\/#website\",\"url\":\"https:\\\/\\\/totemguard.com\\\/netsupport-dna\\\/\",\"name\":\"TotemGuard\",\"description\":\"Software Inventario hardware licencias\",\"potentialAction\":[{\"@type\":\"SearchAction\",\"target\":{\"@type\":\"EntryPoint\",\"urlTemplate\":\"https:\\\/\\\/totemguard.com\\\/netsupport-dna\\\/?s={search_term_string}\"},\"query-input\":{\"@type\":\"PropertyValueSpecification\",\"valueRequired\":true,\"valueName\":\"search_term_string\"}}],\"inLanguage\":\"es\"}]}<\/script>\n<!-- \/ Yoast SEO plugin. -->","yoast_head_json":{"title":"NetSupport DNA - Otros Productos - TotemGuard","description":"En esta p\u00e1gina podr\u00e1s ver que otros productos de NetSupport pueden ayudarte a gestionar tu parque inform\u00e1tico","robots":{"index":"index","follow":"follow","max-snippet":"max-snippet:-1","max-image-preview":"max-image-preview:large","max-video-preview":"max-video-preview:-1"},"canonical":"https:\/\/totemguard.com\/netsupport-dna\/inventario-hardware-software-productos-complementarios\/","og_locale":"es_ES","og_type":"article","og_title":"NetSupport DNA - Otros Productos - TotemGuard","og_description":"En esta p\u00e1gina podr\u00e1s ver que otros productos de NetSupport pueden ayudarte a gestionar tu parque inform\u00e1tico","og_url":"https:\/\/totemguard.com\/netsupport-dna\/inventario-hardware-software-productos-complementarios\/","og_site_name":"TotemGuard","article_modified_time":"2026-01-13T11:27:43+00:00","og_image":[{"url":"https:\/\/www.totemguard.com\/img\/NetSupport-DNA\/Totemguard-banner.png","type":"","width":"","height":""}],"twitter_card":"summary_large_image","twitter_misc":{"Tiempo de lectura":"5 minutos"},"schema":{"@context":"https:\/\/schema.org","@graph":[{"@type":"WebPage","@id":"https:\/\/totemguard.com\/netsupport-dna\/inventario-hardware-software-productos-complementarios\/","url":"https:\/\/totemguard.com\/netsupport-dna\/inventario-hardware-software-productos-complementarios\/","name":"NetSupport DNA - Otros Productos - TotemGuard","isPartOf":{"@id":"https:\/\/totemguard.com\/netsupport-dna\/#website"},"primaryImageOfPage":{"@id":"https:\/\/totemguard.com\/netsupport-dna\/inventario-hardware-software-productos-complementarios\/#primaryimage"},"image":{"@id":"https:\/\/totemguard.com\/netsupport-dna\/inventario-hardware-software-productos-complementarios\/#primaryimage"},"thumbnailUrl":"https:\/\/www.totemguard.com\/img\/NetSupport-DNA\/Totemguard-banner.png","datePublished":"2020-09-15T07:46:23+00:00","dateModified":"2026-01-13T11:27:43+00:00","description":"En esta p\u00e1gina podr\u00e1s ver que otros productos de NetSupport pueden ayudarte a gestionar tu parque inform\u00e1tico","breadcrumb":{"@id":"https:\/\/totemguard.com\/netsupport-dna\/inventario-hardware-software-productos-complementarios\/#breadcrumb"},"inLanguage":"es","potentialAction":[{"@type":"ReadAction","target":["https:\/\/totemguard.com\/netsupport-dna\/inventario-hardware-software-productos-complementarios\/"]}]},{"@type":"ImageObject","inLanguage":"es","@id":"https:\/\/totemguard.com\/netsupport-dna\/inventario-hardware-software-productos-complementarios\/#primaryimage","url":"https:\/\/www.totemguard.com\/img\/NetSupport-DNA\/Totemguard-banner.png","contentUrl":"https:\/\/www.totemguard.com\/img\/NetSupport-DNA\/Totemguard-banner.png"},{"@type":"BreadcrumbList","@id":"https:\/\/totemguard.com\/netsupport-dna\/inventario-hardware-software-productos-complementarios\/#breadcrumb","itemListElement":[{"@type":"ListItem","position":1,"name":"Portada","item":"https:\/\/totemguard.com\/netsupport-dna\/inventario-hardware-software-licencias\/"},{"@type":"ListItem","position":2,"name":"NetSupport DNA &#8211; Otros Productos"}]},{"@type":"WebSite","@id":"https:\/\/totemguard.com\/netsupport-dna\/#website","url":"https:\/\/totemguard.com\/netsupport-dna\/","name":"TotemGuard","description":"Software Inventario hardware licencias","potentialAction":[{"@type":"SearchAction","target":{"@type":"EntryPoint","urlTemplate":"https:\/\/totemguard.com\/netsupport-dna\/?s={search_term_string}"},"query-input":{"@type":"PropertyValueSpecification","valueRequired":true,"valueName":"search_term_string"}}],"inLanguage":"es"}]}},"jetpack_sharing_enabled":true,"_links":{"self":[{"href":"https:\/\/totemguard.com\/netsupport-dna\/wp-json\/wp\/v2\/pages\/1304","targetHints":{"allow":["GET"]}}],"collection":[{"href":"https:\/\/totemguard.com\/netsupport-dna\/wp-json\/wp\/v2\/pages"}],"about":[{"href":"https:\/\/totemguard.com\/netsupport-dna\/wp-json\/wp\/v2\/types\/page"}],"author":[{"embeddable":true,"href":"https:\/\/totemguard.com\/netsupport-dna\/wp-json\/wp\/v2\/users\/1"}],"replies":[{"embeddable":true,"href":"https:\/\/totemguard.com\/netsupport-dna\/wp-json\/wp\/v2\/comments?post=1304"}],"version-history":[{"count":45,"href":"https:\/\/totemguard.com\/netsupport-dna\/wp-json\/wp\/v2\/pages\/1304\/revisions"}],"predecessor-version":[{"id":3505,"href":"https:\/\/totemguard.com\/netsupport-dna\/wp-json\/wp\/v2\/pages\/1304\/revisions\/3505"}],"wp:attachment":[{"href":"https:\/\/totemguard.com\/netsupport-dna\/wp-json\/wp\/v2\/media?parent=1304"}],"curies":[{"name":"wp","href":"https:\/\/api.w.org\/{rel}","templated":true}]}}