{"id":1270,"date":"2020-09-15T07:46:23","date_gmt":"2020-09-15T07:46:23","guid":{"rendered":"https:\/\/totemguard.com\/netsupport-dna\/?page_id=1270"},"modified":"2026-01-13T11:27:21","modified_gmt":"2026-01-13T11:27:21","slug":"inventario-hardware-software-licencias-licenciamiento","status":"publish","type":"page","link":"https:\/\/totemguard.com\/netsupport-dna\/inventario-hardware-software-licencias-licenciamiento\/","title":{"rendered":"NetSupport DNA &#8211; Licenciamiento"},"content":{"rendered":"<p><img data-recalc-dims=\"1\" loading=\"lazy\" decoding=\"async\" class=\"op3-element__image op3-element-image__image\" src=\"https:\/\/i0.wp.com\/www.totemguard.com\/img\/NetSupport-DNA\/Totemguard-banner.png?resize=640%2C112&#038;ssl=1\" alt=\"Logo banner Totem\" title=\"Logo banner Totem\" width=\"640\" height=\"112\" data-op3-attachment-id=\"\" \/><img data-recalc-dims=\"1\" loading=\"lazy\" decoding=\"async\" class=\"op3-element__image op3-element-image__image\" src=\"https:\/\/i0.wp.com\/totemguard.com\/netsupport-dna\/wp-content\/uploads\/2022\/01\/dna-logo.png?resize=400%2C170&#038;ssl=1\" alt=\"\" title=\"dna-logo\" width=\"400\" height=\"170\" data-op3-attachment-id=\"1758\" \/><\/p>\n<h2>Reduce tus costes y recupera la inversi\u00f3n en tan s\u00f3lo 30 d\u00edas<\/h2>\n<h3>contrata NetSupport DNA con flexibilidad:<\/h3>\n<h3>licencias perpetuas de propiedad o suscripci\u00f3n anual<\/h3>\n<p>Escoge el paquete con las funcionalidades que m\u00e1s te interesen:<\/p>\n<p>NetSupport dna<\/p>\n<p>Inventario de software y hardware<\/p>\n<p>Gesti\u00f3n del uso de licencias<\/p>\n<p>Metraje de Internet <\/p>\n<p>Metraje de aplicaciones<\/p>\n<p>Distribuci\u00f3n de software<\/p>\n<p>Control de impresoras y USBs<\/p>\n<p>NetSupport Manager Control remoto<\/p>\n<p>NetSupport Helpdesk<\/p>\n<p><a aria-label=\"Button link\" class=\"op3-element__tcp--non-a op3-link op3-background-ancestor\" target=\"_self\"  data-op-action=\"popoverlay\" data-op-popoverlay-trigger=\"AeBRwAeh\" data-op-select-funnel-step=\"\" data-op3-smooth-scroll=\"\" data-op-effect-style=\"\" data-op-effect-style-hover=\"\" data-op-courseaction=\"\" href=\"#\">Solicita un presupuestosin compromiso<\/a><\/p>\n<p>NetSupport profesional<\/p>\n<p>Inventario de software y hardware<\/p>\n<p>Gesti\u00f3n del uso de licencias<\/p>\n<p>Metraje de Internet <\/p>\n<p>Metraje de aplicaciones<\/p>\n<p>Distribuci\u00f3n de software<\/p>\n<p>Control de impresoras y USBs<\/p>\n<p><a aria-label=\"Image Link\" class=\"op3-element__link op3-element-image__link op3-link op3-element__tcp--non-a\" href=\"https:\/\/totemguard.com\/netsupport-manager\/control-remoto-windows-linux-mac\/\" target=\"_blank\" rel=\"nofollow\" data-op-action=\"link\" data-op-select-funnel-step=\"\" data-op3-smooth-scroll=\"0\"><img data-recalc-dims=\"1\" loading=\"lazy\" decoding=\"async\" class=\"op3-element__image op3-element-image__image\" src=\"https:\/\/i0.wp.com\/totemguard.com\/netsupport-dna\/wp-content\/uploads\/2016\/10\/NetSupport-Manager.png?resize=220%2C47&#038;ssl=1\" alt=\"\" title=\"NetSupport-Manager\" width=\"220\" height=\"47\" data-op3-attachment-id=\"479\" \/><\/a><\/p>\n<p>Control remoto<\/p>\n<p><a aria-label=\"Button link\" class=\"op3-element__tcp--non-a op3-link op3-background-ancestor\" target=\"_self\"  data-op-action=\"popoverlay\" data-op-popoverlay-trigger=\"AeBRwAeh\" data-op-select-funnel-step=\"\" data-op3-smooth-scroll=\"\" data-op-effect-style=\"\" data-op-effect-style-hover=\"\" data-op-courseaction=\"\" href=\"#\">Solicita un presupuestosin compromiso<\/a><\/p>\n<h2>Una soluci\u00f3n escalable<\/h2>\n<p>Licenciamiento <\/p>\n<p>NetSupport DNA requiere una licencia para cada equipo de <\/p>\n<p>la red que deseas inventariar y gestionar m\u00e1s eficazmente<\/p>\n<p>Si tu parque crece, DNA se adapta f\u00e1cilmente tanto a pymes como a&nbsp; empresas medianas o grandes<\/p>\n<h2>Dos modalidades de pago para tu mayor flexibilidad<\/h2>\n<p>SUSCRIPCI\u00d3N ANUAL <\/p>\n<p>LICENCIA PERSPETUA<\/p>\n<h2>SUSCRIPCI\u00d3N ANUAL<\/h2>\n<p>Paga una cuota anual para las licencias que necesites y ponte en marcha con rapidez.&nbsp; Es la opci\u00f3n ideal para reducir costes iniciales o evitar lidiar con compras o presupuestos restrictivos.<\/p>\n<p>La cuota anual ya incluye: <\/p>\n<p>Acceso a versiones nuevas, mejoras y actualizaciones sin coste algunoSoporte t\u00e9cnico prioritario para ayudarte con dudas, preguntas, configuraci\u00f3n, cambios, etc<\/p>\n<p>Algunos ejemplos del coste seg\u00fan el n\u00famero de equipos:<\/p>\n<h2>\u20ac799<\/h2>\n<h2>50 licencias<\/h2>\n<p>al a\u00f1o<\/p>\n<h4>\u20ac1.598<\/h4>\n<h5>100 licencias<\/h5>\n<p>al a\u00f1o<\/p>\n<h4>\u20ac3120<\/h4>\n<h5>250 licencias<\/h5>\n<p>al a\u00f1o<\/p>\n<h2>Compra \u00fanica: licencia perpetua<\/h2>\n<p>Paga una sola vez y NetSupport DNA ya ser\u00e1 tuyo de por vida. Nunca te va a dejar de funcionar. \u00danicamente tendr\u00e1s que seguir renovando su mantenimiento anual si quieres seguir contando con:<\/p>\n<p>Acceso a versiones nuevas, mejoras y actualizaciones sin coste algunoSoporte t\u00e9cnico prioritario para ayudarte con dudas, preguntas, configuraci\u00f3n, cambios, etc<a aria-label=\"Button link\" class=\"op3-element__tcp--non-a op3-link op3-background-ancestor\" target=\"_blank\"  data-op-action=\"popoverlay\" data-op-popoverlay-trigger=\"AeBRwAeh\" data-op-select-funnel-step=\"\" data-op-animation-trigger=\"scroll\" data-op-animation-style=\"scale-up\" data-op-animation-loop=\"0\" data-op-timer-minutes=\"0\" data-op-timer-seconds=\"0\" data-op3-smooth-scroll=\"0\" data-op-effect-style=\"\" data-op-effect-style-hover=\"\" data-op-courseaction=\"\" href=\"#\">Solicita un presupuesto o ll\u00e1manos al 932000088 para m\u00e1s informaci\u00f3n<\/a><a aria-label=\"Button link\" class=\"op3-element__tcp--non-a op3-link op3-background-ancestor\" target=\"_blank\"  data-op-action=\"popoverlay\" data-op-popoverlay-trigger=\"vBHMrof4\" data-op-select-funnel-step=\"\" data-op-animation-trigger=\"scroll\" data-op-animation-style=\"scale-up\" data-op-animation-loop=\"0\" data-op-timer-minutes=\"0\" data-op-timer-seconds=\"0\" data-op3-smooth-scroll=\"0\" data-op-effect-style=\"\" data-op-effect-style-hover=\"\" data-op-courseaction=\"\" href=\"#\">Solicita una demostraci\u00f3n <\/a><\/p>\n<h2>Nuestro excelente soporte t\u00e9cnico marca la diferencia&nbsp; <\/h2>\n<p><a aria-label=\"Image Link\" class=\"op3-element__link op3-element-image__link op3-link op3-element__tcp--non-a\" href=\"https:\/\/i0.wp.com\/totemguard.com\/netsupport-dna\/wp-content\/uploads\/2022\/01\/photo-1525182008055-f88b95ff7980.jpeg?ssl=1\" target=\"_self\"  data-op-action=\"link\" data-op-select-funnel-step=\"\" data-op3-smooth-scroll=\"\"><img data-recalc-dims=\"1\" loading=\"lazy\" decoding=\"async\" class=\"op3-element__image op3-element-image__image\" src=\"https:\/\/i0.wp.com\/totemguard.com\/netsupport-dna\/wp-content\/uploads\/2022\/01\/photo-1525182008055-f88b95ff7980.jpeg?resize=640%2C427&#038;ssl=1\" alt=\"\" title=\"photo-1525182008055-f88b95ff7980\" width=\"640\" height=\"427\" data-op3-attachment-id=\"1506\" \/><\/a>Tu \u00e9xito profesional es nuestra preocupaci\u00f3n principal. Desde el momento en que adquieres este software, tienes asistencia dedicada por un experto de TotemGuard, soporte t\u00e9cnico telef\u00f3nico ilimitado en espa\u00f1ol, catal\u00e1n e ingl\u00e9s.Acceso a nuevas versiones, mejoras y actualizaciones sin coste alguno.<\/p>\n<p>Vuestra asistencia es excelente. Siempre nos hab\u00e9is atendido muy r\u00e1pido.Daniel tiene mucha paciencia y siempre tiene soluciones a las preguntas que le hacemos y si no las tiene, las busca<\/p>\n<p><a aria-label=\"Image Link\" class=\"op3-element__link op3-element-image__link op3-link op3-element__tcp--non-a\" href=\"https:\/\/i0.wp.com\/totemguard.com\/netsupport-dna\/wp-content\/uploads\/2022\/01\/ibv-logo.png?ssl=1\" target=\"_self\"  data-op-action=\"link\" data-op-select-funnel-step=\"\" data-op3-smooth-scroll=\"0\"><img data-recalc-dims=\"1\" loading=\"lazy\" decoding=\"async\" class=\"op3-element__image op3-element-image__image\" src=\"https:\/\/i0.wp.com\/totemguard.com\/netsupport-dna\/wp-content\/uploads\/2022\/01\/ibv-logo.png?resize=469%2C107&#038;ssl=1\" alt=\"\" title=\"Ibv logo\" width=\"469\" height=\"107\" data-op3-attachment-id=\"1525\" \/><\/a><\/p>\n<p>Paco Castell Albeza<\/p>\n<p>Instituto de Biomec\u00e1nica (IBV)<\/p>\n<p>Vuestro servicio es excelente y dais un apoyo total en todos los casos.<\/p>\n<p><a aria-label=\"Image Link\" class=\"op3-element__link op3-element-image__link op3-link op3-element__tcp--non-a\" href=\"https:\/\/i0.wp.com\/totemguard.com\/netsupport-dna\/wp-content\/uploads\/2022\/01\/compolaser-1.png?ssl=1\" target=\"_self\"  data-op-action=\"link\" data-op-select-funnel-step=\"\" data-op3-smooth-scroll=\"0\"><img data-recalc-dims=\"1\" loading=\"lazy\" decoding=\"async\" class=\"op3-element__image op3-element-image__image\" src=\"https:\/\/i0.wp.com\/totemguard.com\/netsupport-dna\/wp-content\/uploads\/2022\/01\/compolaser-1.png?resize=469%2C107&#038;ssl=1\" alt=\"\" title=\"Compolaser\" width=\"469\" height=\"107\" data-op3-attachment-id=\"1537\" \/><\/a><\/p>\n<p>Paloma Rollan<\/p>\n<p>Compolaser<\/p>\n<p>Mi valoraci\u00f3n del soporte t\u00e9cnico es de 10. Tanto en el trato personal como en el profesional.<\/p>\n<p><a aria-label=\"Image Link\" class=\"op3-element__link op3-element-image__link op3-link op3-element__tcp--non-a\" href=\"https:\/\/i0.wp.com\/totemguard.com\/netsupport-dna\/wp-content\/uploads\/2022\/01\/logo-colegio-penacorada-arenales-red-educativa-1536x220-1.png?ssl=1\" target=\"_self\"  data-op-action=\"link\" data-op-select-funnel-step=\"\" data-op3-smooth-scroll=\"0\"><img data-recalc-dims=\"1\" loading=\"lazy\" decoding=\"async\" class=\"op3-element__image op3-element-image__image\" src=\"https:\/\/i0.wp.com\/totemguard.com\/netsupport-dna\/wp-content\/uploads\/2022\/01\/logo-colegio-penacorada-arenales-red-educativa-1536x220-1.png?resize=469%2C107&#038;ssl=1\" alt=\"\" title=\"Logo_Colegio_Penacorada_Arenales_Red_Educativa-1536x220\" width=\"469\" height=\"107\" data-op3-attachment-id=\"1536\" \/><\/a><\/p>\n<p>Jos\u00e9 Ram\u00f3n Mart\u00ednez<\/p>\n<p>Colegio Pe\u00f1acorada<\/p>\n<h2>Consulta nuestras Preguntas Frecuentes para resolver dudas<\/h2>\n<p><a aria-label=\"Button link\" href=\"https:\/\/totemguard.com\/netsupport-dna\/inventario-hardware-software-preguntas-frecuentes\/\" class=\"op3-element__tcp--non-a op3-link op3-background-ancestor\" target=\"_blank\"  data-op-action=\"link\" data-op-select-funnel-step=\"\" data-op-animation-trigger=\"scroll\" data-op-animation-style=\"scale-up\" data-op-animation-loop=\"0\" data-op-timer-minutes=\"0\" data-op-timer-seconds=\"0\" data-op3-smooth-scroll=\"0\" data-op-effect-style=\"\" data-op-effect-style-hover=\"\" data-op-courseaction=\"\">FAQS <\/a><\/p>\n<p>Contacta con nosotros:<\/p>\n<p>Ronda General Mitre 126, Planta 6<br \/>\n08021 Barcelona<\/p>\n<p>Tel. 93 200 00 88<\/p>\n<p>comercial@totemguard.com<\/p>\n<p>Nuestros productos<\/p>\n<p><img data-recalc-dims=\"1\" loading=\"lazy\" decoding=\"async\" class=\"op3-element__image op3-element-image__image\" src=\"https:\/\/i0.wp.com\/totemguard.com\/img\/totemfootericons\/dnaico.png?resize=26%2C26\" alt=\"DNA Ico\" title=\"\" width=\"26\" height=\"26\" data-op3-attachment-id=\"\" \/><\/p>\n<p><a href=\"https:\/\/totemguard.com\/netsupport-dna\/inventario-hardware-software-licencias\/\">NetSupport DNA<\/a><\/p>\n<p><img data-recalc-dims=\"1\" loading=\"lazy\" decoding=\"async\" class=\"op3-element__image op3-element-image__image\" src=\"https:\/\/i0.wp.com\/totemguard.com\/img\/totemfootericons\/nsmico.png?resize=26%2C26&#038;ssl=1\" alt=\"NSM Ico\" title=\"\" width=\"26\" height=\"26\" data-op3-attachment-id=\"\" \/><\/p>\n<p><a href=\"https:\/\/totemguard.com\/netsupport-manager\/control-remoto-windows-linux-mac\/\">NetSupport Manager<\/a><\/p>\n<p><img data-recalc-dims=\"1\" loading=\"lazy\" decoding=\"async\" class=\"op3-element__image op3-element-image__image\" src=\"https:\/\/i0.wp.com\/totemguard.com\/img\/totemfootericons\/nssico.png?resize=26%2C26&#038;ssl=1\" alt=\"NSS Ico\" title=\"\" width=\"26\" height=\"26\" data-op3-attachment-id=\"\" \/><\/p>\n<p><a href=\"https:\/\/totemguard.com\/netsupport-school\/control-gestion-aula-tic\/\">NetSupport School<\/a><\/p>\n<p><img data-recalc-dims=\"1\" loading=\"lazy\" decoding=\"async\" class=\"op3-element__image op3-element-image__image\" src=\"https:\/\/i0.wp.com\/totemguard.com\/img\/totemfootericons\/nsnico.png?resize=26%2C26&#038;ssl=1\" alt=\"NSN Ico\" title=\"\" width=\"26\" height=\"26\" data-op3-attachment-id=\"\" \/><\/p>\n<p><a href=\"https:\/\/totemguard.com\/netsupport-notify\/mensajes-ordenadores-red\/\">NetSupport Notify<\/a><\/p>\n<\/p>\n<p><img data-recalc-dims=\"1\" loading=\"lazy\" decoding=\"async\" class=\"op3-element__image op3-element-image__image\" src=\"https:\/\/i0.wp.com\/totemguard.com\/img\/totemfootericons\/247connectico.png?resize=26%2C26&#038;ssl=1\" alt=\"247 Ico\" title=\"\" width=\"26\" height=\"26\" data-op3-attachment-id=\"\" \/><\/p>\n<p><a href=\"https:\/\/totemguard.com\/247-connect\/control-remoto-seguro-en-la-nube\/\">NetSupport&nbsp;247 Connect<\/a><\/p>\n<p><img data-recalc-dims=\"1\" loading=\"lazy\" decoding=\"async\" class=\"op3-element__image op3-element-image__image\" src=\"https:\/\/i0.wp.com\/totemguard.com\/img\/totemfootericons\/logo-icon-color-compass.png?resize=26%2C26&#038;ssl=1\" alt=\"OA Compass ico\" title=\"\" width=\"26\" height=\"26\" data-op3-attachment-id=\"\" \/><\/p>\n<p><a href=\"https:\/\/totemguard.com\/openathens-compass\/gestion-centralizada-recursos-electronicos\/\">OpenAthens Compass<\/a><\/p>\n<p><img data-recalc-dims=\"1\" loading=\"lazy\" decoding=\"async\" class=\"op3-element__image op3-element-image__image\" src=\"https:\/\/i0.wp.com\/totemguard.com\/img\/totemfootericons\/Altaro-logo-1.png?resize=26%2C26&#038;ssl=1\" alt=\"VM Backup Ico\" title=\"\" width=\"26\" height=\"26\" data-op3-attachment-id=\"\" \/><\/p>\n<p><a href=\"https:\/\/totemguard.com\/altaro\/\">Altaro VM Backup<\/a><\/p>\n<p><img data-recalc-dims=\"1\" loading=\"lazy\" decoding=\"async\" class=\"op3-element__image op3-element-image__image\" src=\"https:\/\/i0.wp.com\/totemguard.com\/img\/totemfootericons\/o-icon-svg-1.png?resize=26%2C25&#038;ssl=1\" alt=\"365 Backup Ico\" title=\"\" width=\"26\" height=\"25\" data-op3-attachment-id=\"\" \/><\/p>\n<p><a href=\"https:\/\/totemguard.com\/altaro\/backup-office-365\/\">365 Total Backup<\/a><\/p>\n<\/p>\n<p><img data-recalc-dims=\"1\" loading=\"lazy\" decoding=\"async\" class=\"op3-element__image op3-element-image__image\" src=\"https:\/\/i0.wp.com\/totemguard.com\/img\/totemfootericons\/hornetfavicon.png?resize=26%2C26&#038;ssl=1\" alt=\"hornet security ico\" title=\"\" width=\"26\" height=\"26\" data-op3-attachment-id=\"\" \/><\/p>\n<p><a href=\"https:\/\/totemguard.com\/365-total-protection\/\">Total Protection<\/a><\/p>\n<p><img data-recalc-dims=\"1\" loading=\"lazy\" decoding=\"async\" class=\"op3-element__image op3-element-image__image\" src=\"https:\/\/i0.wp.com\/totemguard.com\/img\/totemfootericons\/hornetfavicon.png?resize=26%2C26&#038;ssl=1\" alt=\"hornet security ico\" title=\"\" width=\"26\" height=\"26\" data-op3-attachment-id=\"\" \/><\/p>\n<p><a href=\"https:\/\/totemguard.com\/security-awareness-training\/\">Security Awareness Service<\/a><\/p>\n<p>  \u00a9  TotemGuard Digital Security &#8211; Ronda General Mitre, 126, Planta 6, 08021 Barcelona &#8211; Tel. 932 00 00 88 &#8211;<br \/>\n  <a href=\"https:\/\/www.totemguard.com\/terminos-y-condiciones\"><br \/>\n    Pol\u00edtica de privacidad, Cookies y Aviso Legal<br \/>\n  <\/a><\/p>\n","protected":false},"excerpt":{"rendered":"<p>Reduce tus costes y recupera la inversi\u00f3n en tan s\u00f3lo 30 d\u00edas contrata NetSupport DNA con flexibilidad: licencias perpetuas de propiedad o suscripci\u00f3n anual Escoge el paquete con las funcionalidades que m\u00e1s te interesen: NetSupport dna Inventario de software y hardware Gesti\u00f3n del uso de licencias Metraje de Internet Metraje de aplicaciones Distribuci\u00f3n de software &hellip; <\/p>\n<p class=\"link-more\"><a href=\"https:\/\/totemguard.com\/netsupport-dna\/inventario-hardware-software-licencias-licenciamiento\/\" class=\"more-link\">Seguir leyendo<span class=\"screen-reader-text\"> \u00abNetSupport DNA &#8211; Licenciamiento\u00bb<\/span><\/a><\/p>\n","protected":false},"author":1,"featured_media":0,"parent":0,"menu_order":0,"comment_status":"closed","ping_status":"closed","template":"op_builder_blank","meta":{"footnotes":"","_links_to":"","_links_to_target":""},"class_list":["post-1270","page","type-page","status-publish","hentry","entry"],"yoast_head":"<!-- This site is optimized with the Yoast SEO plugin v27.3 - https:\/\/yoast.com\/product\/yoast-seo-wordpress\/ -->\n<title>NetSupport DNA - Licenciamiento - TotemGuard<\/title>\n<meta name=\"description\" content=\"En esta p\u00e1gina podr\u00e1s obtener informaci\u00f3n sobre como funciona el licenciamiento y el mantenimiento de NetSupport DNA\" \/>\n<meta name=\"robots\" content=\"index, follow, max-snippet:-1, max-image-preview:large, max-video-preview:-1\" \/>\n<link rel=\"canonical\" href=\"https:\/\/totemguard.com\/netsupport-dna\/inventario-hardware-software-licencias-licenciamiento\/\" \/>\n<meta property=\"og:locale\" content=\"es_ES\" \/>\n<meta property=\"og:type\" content=\"article\" \/>\n<meta property=\"og:title\" content=\"NetSupport DNA - Licenciamiento - TotemGuard\" \/>\n<meta property=\"og:description\" content=\"En esta p\u00e1gina podr\u00e1s obtener informaci\u00f3n sobre como funciona el licenciamiento y el mantenimiento de NetSupport DNA\" \/>\n<meta property=\"og:url\" content=\"https:\/\/totemguard.com\/netsupport-dna\/inventario-hardware-software-licencias-licenciamiento\/\" \/>\n<meta property=\"og:site_name\" content=\"TotemGuard\" \/>\n<meta property=\"article:modified_time\" content=\"2026-01-13T11:27:21+00:00\" \/>\n<meta property=\"og:image\" content=\"https:\/\/www.totemguard.com\/img\/NetSupport-DNA\/Totemguard-banner.png\" \/>\n<meta name=\"twitter:card\" content=\"summary_large_image\" \/>\n<meta name=\"twitter:label1\" content=\"Tiempo de lectura\" \/>\n\t<meta name=\"twitter:data1\" content=\"6 minutos\" \/>\n<script type=\"application\/ld+json\" class=\"yoast-schema-graph\">{\"@context\":\"https:\\\/\\\/schema.org\",\"@graph\":[{\"@type\":\"WebPage\",\"@id\":\"https:\\\/\\\/totemguard.com\\\/netsupport-dna\\\/inventario-hardware-software-licencias-licenciamiento\\\/\",\"url\":\"https:\\\/\\\/totemguard.com\\\/netsupport-dna\\\/inventario-hardware-software-licencias-licenciamiento\\\/\",\"name\":\"NetSupport DNA - Licenciamiento - TotemGuard\",\"isPartOf\":{\"@id\":\"https:\\\/\\\/totemguard.com\\\/netsupport-dna\\\/#website\"},\"primaryImageOfPage\":{\"@id\":\"https:\\\/\\\/totemguard.com\\\/netsupport-dna\\\/inventario-hardware-software-licencias-licenciamiento\\\/#primaryimage\"},\"image\":{\"@id\":\"https:\\\/\\\/totemguard.com\\\/netsupport-dna\\\/inventario-hardware-software-licencias-licenciamiento\\\/#primaryimage\"},\"thumbnailUrl\":\"https:\\\/\\\/www.totemguard.com\\\/img\\\/NetSupport-DNA\\\/Totemguard-banner.png\",\"datePublished\":\"2020-09-15T07:46:23+00:00\",\"dateModified\":\"2026-01-13T11:27:21+00:00\",\"description\":\"En esta p\u00e1gina podr\u00e1s obtener informaci\u00f3n sobre como funciona el licenciamiento y el mantenimiento de NetSupport DNA\",\"breadcrumb\":{\"@id\":\"https:\\\/\\\/totemguard.com\\\/netsupport-dna\\\/inventario-hardware-software-licencias-licenciamiento\\\/#breadcrumb\"},\"inLanguage\":\"es\",\"potentialAction\":[{\"@type\":\"ReadAction\",\"target\":[\"https:\\\/\\\/totemguard.com\\\/netsupport-dna\\\/inventario-hardware-software-licencias-licenciamiento\\\/\"]}]},{\"@type\":\"ImageObject\",\"inLanguage\":\"es\",\"@id\":\"https:\\\/\\\/totemguard.com\\\/netsupport-dna\\\/inventario-hardware-software-licencias-licenciamiento\\\/#primaryimage\",\"url\":\"https:\\\/\\\/www.totemguard.com\\\/img\\\/NetSupport-DNA\\\/Totemguard-banner.png\",\"contentUrl\":\"https:\\\/\\\/www.totemguard.com\\\/img\\\/NetSupport-DNA\\\/Totemguard-banner.png\"},{\"@type\":\"BreadcrumbList\",\"@id\":\"https:\\\/\\\/totemguard.com\\\/netsupport-dna\\\/inventario-hardware-software-licencias-licenciamiento\\\/#breadcrumb\",\"itemListElement\":[{\"@type\":\"ListItem\",\"position\":1,\"name\":\"Portada\",\"item\":\"https:\\\/\\\/totemguard.com\\\/netsupport-dna\\\/inventario-hardware-software-licencias\\\/\"},{\"@type\":\"ListItem\",\"position\":2,\"name\":\"NetSupport DNA &#8211; Licenciamiento\"}]},{\"@type\":\"WebSite\",\"@id\":\"https:\\\/\\\/totemguard.com\\\/netsupport-dna\\\/#website\",\"url\":\"https:\\\/\\\/totemguard.com\\\/netsupport-dna\\\/\",\"name\":\"TotemGuard\",\"description\":\"Software Inventario hardware licencias\",\"potentialAction\":[{\"@type\":\"SearchAction\",\"target\":{\"@type\":\"EntryPoint\",\"urlTemplate\":\"https:\\\/\\\/totemguard.com\\\/netsupport-dna\\\/?s={search_term_string}\"},\"query-input\":{\"@type\":\"PropertyValueSpecification\",\"valueRequired\":true,\"valueName\":\"search_term_string\"}}],\"inLanguage\":\"es\"}]}<\/script>\n<!-- \/ Yoast SEO plugin. -->","yoast_head_json":{"title":"NetSupport DNA - Licenciamiento - TotemGuard","description":"En esta p\u00e1gina podr\u00e1s obtener informaci\u00f3n sobre como funciona el licenciamiento y el mantenimiento de NetSupport DNA","robots":{"index":"index","follow":"follow","max-snippet":"max-snippet:-1","max-image-preview":"max-image-preview:large","max-video-preview":"max-video-preview:-1"},"canonical":"https:\/\/totemguard.com\/netsupport-dna\/inventario-hardware-software-licencias-licenciamiento\/","og_locale":"es_ES","og_type":"article","og_title":"NetSupport DNA - Licenciamiento - TotemGuard","og_description":"En esta p\u00e1gina podr\u00e1s obtener informaci\u00f3n sobre como funciona el licenciamiento y el mantenimiento de NetSupport DNA","og_url":"https:\/\/totemguard.com\/netsupport-dna\/inventario-hardware-software-licencias-licenciamiento\/","og_site_name":"TotemGuard","article_modified_time":"2026-01-13T11:27:21+00:00","og_image":[{"url":"https:\/\/www.totemguard.com\/img\/NetSupport-DNA\/Totemguard-banner.png","type":"","width":"","height":""}],"twitter_card":"summary_large_image","twitter_misc":{"Tiempo de lectura":"6 minutos"},"schema":{"@context":"https:\/\/schema.org","@graph":[{"@type":"WebPage","@id":"https:\/\/totemguard.com\/netsupport-dna\/inventario-hardware-software-licencias-licenciamiento\/","url":"https:\/\/totemguard.com\/netsupport-dna\/inventario-hardware-software-licencias-licenciamiento\/","name":"NetSupport DNA - Licenciamiento - TotemGuard","isPartOf":{"@id":"https:\/\/totemguard.com\/netsupport-dna\/#website"},"primaryImageOfPage":{"@id":"https:\/\/totemguard.com\/netsupport-dna\/inventario-hardware-software-licencias-licenciamiento\/#primaryimage"},"image":{"@id":"https:\/\/totemguard.com\/netsupport-dna\/inventario-hardware-software-licencias-licenciamiento\/#primaryimage"},"thumbnailUrl":"https:\/\/www.totemguard.com\/img\/NetSupport-DNA\/Totemguard-banner.png","datePublished":"2020-09-15T07:46:23+00:00","dateModified":"2026-01-13T11:27:21+00:00","description":"En esta p\u00e1gina podr\u00e1s obtener informaci\u00f3n sobre como funciona el licenciamiento y el mantenimiento de NetSupport DNA","breadcrumb":{"@id":"https:\/\/totemguard.com\/netsupport-dna\/inventario-hardware-software-licencias-licenciamiento\/#breadcrumb"},"inLanguage":"es","potentialAction":[{"@type":"ReadAction","target":["https:\/\/totemguard.com\/netsupport-dna\/inventario-hardware-software-licencias-licenciamiento\/"]}]},{"@type":"ImageObject","inLanguage":"es","@id":"https:\/\/totemguard.com\/netsupport-dna\/inventario-hardware-software-licencias-licenciamiento\/#primaryimage","url":"https:\/\/www.totemguard.com\/img\/NetSupport-DNA\/Totemguard-banner.png","contentUrl":"https:\/\/www.totemguard.com\/img\/NetSupport-DNA\/Totemguard-banner.png"},{"@type":"BreadcrumbList","@id":"https:\/\/totemguard.com\/netsupport-dna\/inventario-hardware-software-licencias-licenciamiento\/#breadcrumb","itemListElement":[{"@type":"ListItem","position":1,"name":"Portada","item":"https:\/\/totemguard.com\/netsupport-dna\/inventario-hardware-software-licencias\/"},{"@type":"ListItem","position":2,"name":"NetSupport DNA &#8211; Licenciamiento"}]},{"@type":"WebSite","@id":"https:\/\/totemguard.com\/netsupport-dna\/#website","url":"https:\/\/totemguard.com\/netsupport-dna\/","name":"TotemGuard","description":"Software Inventario hardware licencias","potentialAction":[{"@type":"SearchAction","target":{"@type":"EntryPoint","urlTemplate":"https:\/\/totemguard.com\/netsupport-dna\/?s={search_term_string}"},"query-input":{"@type":"PropertyValueSpecification","valueRequired":true,"valueName":"search_term_string"}}],"inLanguage":"es"}]}},"jetpack_sharing_enabled":true,"_links":{"self":[{"href":"https:\/\/totemguard.com\/netsupport-dna\/wp-json\/wp\/v2\/pages\/1270","targetHints":{"allow":["GET"]}}],"collection":[{"href":"https:\/\/totemguard.com\/netsupport-dna\/wp-json\/wp\/v2\/pages"}],"about":[{"href":"https:\/\/totemguard.com\/netsupport-dna\/wp-json\/wp\/v2\/types\/page"}],"author":[{"embeddable":true,"href":"https:\/\/totemguard.com\/netsupport-dna\/wp-json\/wp\/v2\/users\/1"}],"replies":[{"embeddable":true,"href":"https:\/\/totemguard.com\/netsupport-dna\/wp-json\/wp\/v2\/comments?post=1270"}],"version-history":[{"count":164,"href":"https:\/\/totemguard.com\/netsupport-dna\/wp-json\/wp\/v2\/pages\/1270\/revisions"}],"predecessor-version":[{"id":3504,"href":"https:\/\/totemguard.com\/netsupport-dna\/wp-json\/wp\/v2\/pages\/1270\/revisions\/3504"}],"wp:attachment":[{"href":"https:\/\/totemguard.com\/netsupport-dna\/wp-json\/wp\/v2\/media?parent=1270"}],"curies":[{"name":"wp","href":"https:\/\/api.w.org\/{rel}","templated":true}]}}