{"id":8,"date":"2020-08-27T07:39:21","date_gmt":"2020-08-27T07:39:21","guid":{"rendered":"https:\/\/totemguard.com\/classroom-cloud\/?page_id=8"},"modified":"2026-03-17T11:53:24","modified_gmt":"2026-03-17T11:53:24","slug":"control-gestion-aula-nube","status":"publish","type":"page","link":"https:\/\/totemguard.com\/classroom-cloud\/","title":{"rendered":"Classroom Cloud"},"content":{"rendered":"<p><img loading=\"lazy\" decoding=\"async\" class=\"op3-element__image op3-element-image__image\" src=\"https:\/\/totemguard.com\/classroom-cloud\/wp-content\/uploads\/2020\/08\/totemguard-banner.png\" alt=\"\" title=\"totemguard-banner\" width=\"1000\" height=\"175\" data-op3-attachment-id=\"\" \/><img loading=\"lazy\" decoding=\"async\" class=\"op3-element__image op3-element-image__image\" src=\"https:\/\/totemguard.com\/classroom-cloud\/wp-content\/uploads\/2020\/09\/ClassRoomCloudMenuLogo.png\" alt=\"Classroomcloud Menu\" title=\"ClassRoomCloudMenuLogo\" width=\"512\" height=\"184\" data-op3-attachment-id=\"125\" \/><\/p>\n<h2>CONTROL DEL AULA EN LA ERA DE LA IA<\/h2>\n<p>\u00bfSabes qu\u00e9 est\u00e1n haciendo tus alumnos?<\/p>\n<p>Classroom Cloud permite a los profesores ver las pantallas de los alumnos, controlar aplicaciones y detectar el uso de herramientas de IA como ChatGPT o Copilot.<\/p>\n<p>Todo desde el navegador. Sin servidores. Sin complicaciones.<\/p>\n<h4>Supervisa a tus alumnos<\/h4>\n<h4>Controla lo que pueden hacer<\/h4>\n<h4>Comparte tu pantalla<\/h4>\n<h4>Detecci\u00f3n del uso de IA<\/h4>\n<p><img loading=\"lazy\" decoding=\"async\" class=\"op3-element__image op3-element-image__image\" src=\"https:\/\/totemguard.com\/classroom-cloud\/wp-content\/uploads\/2026\/02\/CCIA.png\" alt=\"CCIA\" title=\"CCIA\" width=\"272\" height=\"222\" data-op3-attachment-id=\"721\" \/><img loading=\"lazy\" decoding=\"async\" class=\"op3-element__image op3-element-image__image\" src=\"https:\/\/totemguard.com\/classroom-cloud\/wp-content\/uploads\/2020\/08\/VerticalScreenshotsWhite.png\" alt=\"\" title=\"VerticalScreenshotsWhite\" width=\"1000\" height=\"600\" data-op3-attachment-id=\"\" \/><img loading=\"lazy\" decoding=\"async\" class=\"op3-element__image op3-element-image__image\" src=\"https:\/\/www.totemguard.com\/img\/netsupportNotify\/Oscar.jpg\" alt=\"\" title=\"\" width=\"512\" height=\"256\" data-op3-attachment-id=\"\" \/><\/p>\n<h2 style=\"text-align: center;\">\u00bfQuieres m\u00e1s informaci\u00f3n o tienes dudas sobre Classroom.Cloud?&nbsp;<\/h2>\n<p>Soy&nbsp;\u00d2scar, te ayudar\u00e9 en lo que necesites:<\/p>\n<p>902 360 645<\/p>\n<p>comercial@totemguard.com<\/p>\n<h2>Rellena el formulario para registrarte y poder probar la versi\u00f3n de evaluaci\u00f3n&nbsp;<\/h2>\n<p>He le\u00eddo y acepto la&nbsp;&nbsp;<a href=\"https:\/\/totemguard.com\/politica-de-privacidad\/\" target=\"_blank\" style=\"background-color: rgb(255, 255, 255);\">pol\u00edtica de privacidad<\/a><a aria-label=\"Button link\" href=\"#\" class=\"op3-element__tcp--non-a op3-link op3-background-ancestor\" target=\"_self\"  data-op-action=\"link\" data-op-select-funnel-step=\"\" data-op3-smooth-scroll=\"0\" data-op-effect-style=\"\" data-op-effect-style-hover=\"\" data-op-courseaction=\"\">Reg\u00edstrate para la versi\u00f3n de evaluaci\u00f3n<\/a><\/p>\n<h2>Componente estudiante disponible para:<\/h2>\n<p><img loading=\"lazy\" decoding=\"async\" class=\"op3-element__image op3-element-image__image\" src=\"https:\/\/totemguard.com\/classroom-cloud\/wp-content\/uploads\/2023\/04\/MultiplataformaClassroomCloud.png\" alt=\"Multiplataforma ClassroomCloud\" title=\"Multiplataforma ClassroomCloud\" width=\"337\" height=\"95\" data-op3-attachment-id=\"391\" \/><\/p>\n<h4>Observa y controla a los alumnos<\/h4>\n<p>Supervisa f\u00e1cilmente las pantallas de los estudiantes, las aplicaciones que utilizan, las webs que visitan, lo que escriben, con qui\u00e9n colaboran&#8230; y ayuda r\u00e1pidamente cuando necesiten asistencia.<\/p>\n<h4>Interact\u00faa y obt\u00e9n feedback<\/h4>\n<p>Habla con tus alumnos por chat y mensajer\u00eda o \u00fasalos para permitir que se expresen en entornos de teleformaci\u00f3n. Utiliza encuestas r\u00e1pidas para hacerte una idea sobre su seguimiento&nbsp; de la materia&#8230; \u00a1y mucho m\u00e1s!<\/p>\n<h4>Gestiona el comportamiento&nbsp; online<\/h4>\n<p>Mant\u00e9n a tus alumnos seguros en internet asegurando un buen uso&nbsp; de webs y aplicaciones: crea listas de \u00abpermitidas\u00bb y \u00abrestringidas\u00bb. As\u00ed evitas tentaciones durante tu la clase y evitas el acceso a contenido inadecuado.<\/p>\n<h4>Da un toque a tus alumnos<\/h4>\n<p>\u00bfNecesitas llamar la atenci\u00f3n de tus alumnos? Con un clic pon sus pantallas en blanco o bloquea sus teclados y ratones. As\u00ed puedes dar clase en cualquier momento y con toda su concentraci\u00f3n.<\/p>\n<h4>Integraci\u00f3n con Google Classroom<\/h4>\n<h4>Integraci\u00f3n con Microsoft School Data Sync<\/h4>\n<h4>Rendimiento ultra r\u00e1pido y escalabilidad<\/h4>\n<h4>Soporte multiplataforma<\/h4>\n<h2>\u00bfCuales son los beneficios de classroom.cloud?<\/h2>\n<p>Classroom.Cloud se ha desarrollado con valiosos aportes de los profesores para que sea muy f\u00e1cil de usar. Es s\u00faper intuitivo para el profesor, que podr\u00e1 tomar el control de su clase en s\u00f3lo dos clics, a\u00fan con los alumnos en sus casas.&nbsp;<\/p>\n<h4>F\u00e1cil para los profesores<\/h4>\n<p>Classroom.Cloud, la herramienta de aula m\u00e1s sencilla que jam\u00e1s haya utilizado, te permite supervisar, controlar y colaborar con tus alumnos para mantener la continuidad de su aprendizaje, en clase o de forma remota. Pase lo que pase no perder\u00e1n tiempo de clases ni quedar\u00e1n rezagados en el temario del curso.<\/p>\n<h4>F\u00e1cil para los t\u00e9cnicos<\/h4>\n<p>Classroom.Cloud, f\u00e1cil de instalar, configurar, administrar y usar, pr\u00e1cticamente funciona solo. Al integrarse directamente con tu infraestructura existente, puedes implementarlo en minutos y administrar los dispositivos de profesores y alumnos de forma centralizada, lo que le permite ahorrar mucho tiempo.<\/p>\n<h4>F\u00e1cil para los centros educativos<\/h4>\n<p>Muy econ\u00f3mico y escalable, con una clara configuraci\u00f3n y administraci\u00f3n centralizadas. Una vez configurado, la participaci\u00f3n del equipo de TI es m\u00ednima y, para los profesores, \u00a1usar su interfaz intuitiva es muy sencillo!<\/p>\n<\/p>\n<p>Contacta con nosotros:<\/p>\n<p>Ronda General Mitre 126, Planta 6<br \/>\n08021 Barcelona<\/p>\n<p>Tel. 93 200 00 88<\/p>\n<p>comercial@totemguard.com<\/p>\n<p>Nuestros productos<\/p>\n<p><img loading=\"lazy\" decoding=\"async\" class=\"op3-element__image op3-element-image__image\" src=\"https:\/\/totemguard.com\/img\/totemfootericons\/dnaico.png\" alt=\"DNA Icon\" title=\"\" width=\"512\" height=\"256\" data-op3-attachment-id=\"\" \/><\/p>\n<p><a href=\"https:\/\/totemguard.com\/netsupport-dna\/inventario-hardware-software-licencias\/\">NetSupport DNA<\/a><\/p>\n<p><img loading=\"lazy\" decoding=\"async\" class=\"op3-element__image op3-element-image__image\" src=\"https:\/\/totemguard.com\/img\/totemfootericons\/nsmico.png\" alt=\"NSM Ico\" title=\"\" width=\"26\" height=\"26\" data-op3-attachment-id=\"\" \/><\/p>\n<p><a href=\"https:\/\/totemguard.com\/netsupport-manager\/control-remoto-windows-linux-mac\/\">NetSupport Manager<\/a><\/p>\n<p><img loading=\"lazy\" decoding=\"async\" class=\"op3-element__image op3-element-image__image\" src=\"https:\/\/totemguard.com\/img\/totemfootericons\/nssico.png\" alt=\"NSS Ico\" title=\"\" width=\"26\" height=\"26\" data-op3-attachment-id=\"\" \/><\/p>\n<p><a href=\"https:\/\/totemguard.com\/netsupport-school\/control-gestion-aula-tic\/\">NetSupport School<\/a><\/p>\n<p><img loading=\"lazy\" decoding=\"async\" class=\"op3-element__image op3-element-image__image\" src=\"https:\/\/totemguard.com\/img\/totemfootericons\/nsnico.png\" alt=\"NSN Ico\" title=\"\" width=\"26\" height=\"26\" data-op3-attachment-id=\"\" \/><\/p>\n<p><a href=\"https:\/\/totemguard.com\/netsupport-notify\/mensajes-ordenadores-red\/\">NetSupport Notify<\/a><\/p>\n<\/p>\n<p><img loading=\"lazy\" decoding=\"async\" class=\"op3-element__image op3-element-image__image\" src=\"https:\/\/totemguard.com\/img\/totemfootericons\/247connectico.png\" alt=\"247 Ico\" title=\"\" width=\"26\" height=\"26\" data-op3-attachment-id=\"\" \/><\/p>\n<p><a href=\"https:\/\/totemguard.com\/247-connect\/control-remoto-seguro-en-la-nube\/\">NetSupport 247 Connect<\/a><\/p>\n<p><img loading=\"lazy\" decoding=\"async\" class=\"op3-element__image op3-element-image__image\" src=\"https:\/\/totemguard.com\/img\/totemfootericons\/logo-icon-color-compass.png\" alt=\"OA Compass ico\" title=\"\" width=\"26\" height=\"26\" data-op3-attachment-id=\"\" \/><\/p>\n<p><a href=\"https:\/\/totemguard.com\/openathens-compass\/gestion-centralizada-recursos-electronicos\/\">OpenAthens Compass<\/a><\/p>\n<p><img loading=\"lazy\" decoding=\"async\" class=\"op3-element__image op3-element-image__image\" src=\"https:\/\/totemguard.com\/img\/totemfootericons\/Altaro-logo-1.png\" alt=\"VM Backup Ico\" title=\"\" width=\"26\" height=\"26\" data-op3-attachment-id=\"\" \/><\/p>\n<p><a href=\"https:\/\/totemguard.com\/altaro\/\">Altaro VM Backup<\/a><\/p>\n<p><img loading=\"lazy\" decoding=\"async\" class=\"op3-element__image op3-element-image__image\" src=\"https:\/\/totemguard.com\/img\/totemfootericons\/o-icon-svg-1.png\" alt=\"365 Backup Ico\" title=\"\" width=\"26\" height=\"25\" data-op3-attachment-id=\"\" \/><\/p>\n<p><a href=\"https:\/\/totemguard.com\/altaro\/backup-office-365\/\">365 Total Backup<\/a><\/p>\n<\/p>\n<p><img loading=\"lazy\" decoding=\"async\" class=\"op3-element__image op3-element-image__image\" src=\"https:\/\/totemguard.com\/img\/totemfootericons\/hornetfavicon.png\" alt=\"hornet security ico\" title=\"\" width=\"26\" height=\"26\" data-op3-attachment-id=\"\" \/><\/p>\n<p><a href=\"https:\/\/totemguard.com\/365-total-protection\/\">Total Protection<\/a><\/p>\n<p><img loading=\"lazy\" decoding=\"async\" class=\"op3-element__image op3-element-image__image\" src=\"https:\/\/totemguard.com\/img\/totemfootericons\/hornetfavicon.png\" alt=\"hornet security ico\" title=\"\" width=\"26\" height=\"26\" data-op3-attachment-id=\"\" \/><\/p>\n<p><a href=\"https:\/\/totemguard.com\/security-awareness-training\/\">Security Awareness Service<\/a><\/p>\n<p>  \u00a9  TotemGuard Digital Security &#8211; Ronda General Mitre, 126, Planta 6, 08021 Barcelona &#8211; Tel. 932 00 00 88 &#8211;<br \/>\n  <a href=\"https:\/\/www.totemguard.com\/terminos-y-condiciones\"><br \/>\n    Pol\u00edtica de privacidad, Cookies y Aviso Legal<br \/>\n  <\/a><\/p>\n","protected":false},"excerpt":{"rendered":"<p>CONTROL DEL AULA EN LA ERA DE LA IA \u00bfSabes qu\u00e9 est\u00e1n haciendo tus alumnos? Classroom Cloud permite a los profesores ver las pantallas de los alumnos, controlar aplicaciones y detectar el uso de herramientas de IA como ChatGPT o Copilot. Todo desde el navegador. Sin servidores. Sin complicaciones. Supervisa a tus alumnos Controla lo &hellip; <\/p>\n<p class=\"link-more\"><a href=\"https:\/\/totemguard.com\/classroom-cloud\/\" class=\"more-link\">Seguir leyendo<span class=\"screen-reader-text\"> \u00abClassroom Cloud\u00bb<\/span><\/a><\/p>\n","protected":false},"author":1,"featured_media":0,"parent":0,"menu_order":0,"comment_status":"closed","ping_status":"closed","template":"op_builder_blank","meta":{"footnotes":"","_links_to":"","_links_to_target":""},"class_list":["post-8","page","type-page","status-publish","hentry","entry"],"yoast_head":"<!-- This site is optimized with the Yoast SEO plugin v27.3 - https:\/\/yoast.com\/product\/yoast-seo-wordpress\/ -->\n<title>Classroom Cloud - TotemGuard<\/title>\n<meta name=\"description\" content=\"Classroom.cloud ofrece una gesti\u00f3n del aula eficaz, r\u00e1pida y f\u00e1cil sin importar donde se encuentren los alumnos.\" \/>\n<meta name=\"robots\" content=\"index, follow, max-snippet:-1, max-image-preview:large, max-video-preview:-1\" \/>\n<link rel=\"canonical\" href=\"https:\/\/totemguard.com\/classroom-cloud\/\" \/>\n<meta property=\"og:locale\" content=\"es_ES\" \/>\n<meta property=\"og:type\" content=\"article\" \/>\n<meta property=\"og:title\" content=\"ClassroomCloud\" \/>\n<meta property=\"og:description\" content=\"Classroom.cloud ofrece una gesti\u00f3n del aula eficaz, r\u00e1pida y f\u00e1cil sin importar donde se encuentren los alumnos.\" \/>\n<meta property=\"og:url\" content=\"https:\/\/totemguard.com\/classroom-cloud\/\" \/>\n<meta property=\"og:site_name\" content=\"TotemGuard\" \/>\n<meta property=\"article:modified_time\" content=\"2026-03-17T11:53:24+00:00\" \/>\n<meta property=\"og:image\" content=\"https:\/\/totemguard.com\/classroom-cloud\/wp-content\/uploads\/2020\/11\/classroomcloudtest.jpg\" \/>\n\t<meta property=\"og:image:width\" content=\"1200\" \/>\n\t<meta property=\"og:image:height\" content=\"675\" \/>\n\t<meta property=\"og:image:type\" content=\"image\/jpeg\" \/>\n<meta name=\"twitter:card\" content=\"summary_large_image\" \/>\n<meta name=\"twitter:label1\" content=\"Tiempo de lectura\" \/>\n\t<meta name=\"twitter:data1\" content=\"6 minutos\" \/>\n<script type=\"application\/ld+json\" class=\"yoast-schema-graph\">{\"@context\":\"https:\\\/\\\/schema.org\",\"@graph\":[{\"@type\":\"WebPage\",\"@id\":\"https:\\\/\\\/totemguard.com\\\/classroom-cloud\\\/\",\"url\":\"https:\\\/\\\/totemguard.com\\\/classroom-cloud\\\/\",\"name\":\"Classroom Cloud - TotemGuard\",\"isPartOf\":{\"@id\":\"https:\\\/\\\/totemguard.com\\\/classroom-cloud\\\/#website\"},\"primaryImageOfPage\":{\"@id\":\"https:\\\/\\\/totemguard.com\\\/classroom-cloud\\\/#primaryimage\"},\"image\":{\"@id\":\"https:\\\/\\\/totemguard.com\\\/classroom-cloud\\\/#primaryimage\"},\"thumbnailUrl\":\"https:\\\/\\\/totemguard.com\\\/classroom-cloud\\\/wp-content\\\/uploads\\\/2020\\\/08\\\/totemguard-banner.png\",\"datePublished\":\"2020-08-27T07:39:21+00:00\",\"dateModified\":\"2026-03-17T11:53:24+00:00\",\"description\":\"Classroom.cloud ofrece una gesti\u00f3n del aula eficaz, r\u00e1pida y f\u00e1cil sin importar donde se encuentren los alumnos.\",\"breadcrumb\":{\"@id\":\"https:\\\/\\\/totemguard.com\\\/classroom-cloud\\\/#breadcrumb\"},\"inLanguage\":\"es\",\"potentialAction\":[{\"@type\":\"ReadAction\",\"target\":[\"https:\\\/\\\/totemguard.com\\\/classroom-cloud\\\/\"]}]},{\"@type\":\"ImageObject\",\"inLanguage\":\"es\",\"@id\":\"https:\\\/\\\/totemguard.com\\\/classroom-cloud\\\/#primaryimage\",\"url\":\"https:\\\/\\\/totemguard.com\\\/classroom-cloud\\\/wp-content\\\/uploads\\\/2020\\\/08\\\/totemguard-banner.png\",\"contentUrl\":\"https:\\\/\\\/totemguard.com\\\/classroom-cloud\\\/wp-content\\\/uploads\\\/2020\\\/08\\\/totemguard-banner.png\",\"width\":1000,\"height\":175},{\"@type\":\"BreadcrumbList\",\"@id\":\"https:\\\/\\\/totemguard.com\\\/classroom-cloud\\\/#breadcrumb\",\"itemListElement\":[{\"@type\":\"ListItem\",\"position\":1,\"name\":\"Home\",\"item\":\"https:\\\/\\\/totemguard.com\\\/classroom-cloud\\\/\"},{\"@type\":\"ListItem\",\"position\":2,\"name\":\"Classroom Cloud\"}]},{\"@type\":\"WebSite\",\"@id\":\"https:\\\/\\\/totemguard.com\\\/classroom-cloud\\\/#website\",\"url\":\"https:\\\/\\\/totemguard.com\\\/classroom-cloud\\\/\",\"name\":\"Classroom Cloud\",\"description\":\"Otro sitio realizado con WordPress\",\"potentialAction\":[{\"@type\":\"SearchAction\",\"target\":{\"@type\":\"EntryPoint\",\"urlTemplate\":\"https:\\\/\\\/totemguard.com\\\/classroom-cloud\\\/?s={search_term_string}\"},\"query-input\":{\"@type\":\"PropertyValueSpecification\",\"valueRequired\":true,\"valueName\":\"search_term_string\"}}],\"inLanguage\":\"es\"}]}<\/script>\n<!-- \/ Yoast SEO plugin. -->","yoast_head_json":{"title":"Classroom Cloud - TotemGuard","description":"Classroom.cloud ofrece una gesti\u00f3n del aula eficaz, r\u00e1pida y f\u00e1cil sin importar donde se encuentren los alumnos.","robots":{"index":"index","follow":"follow","max-snippet":"max-snippet:-1","max-image-preview":"max-image-preview:large","max-video-preview":"max-video-preview:-1"},"canonical":"https:\/\/totemguard.com\/classroom-cloud\/","og_locale":"es_ES","og_type":"article","og_title":"ClassroomCloud","og_description":"Classroom.cloud ofrece una gesti\u00f3n del aula eficaz, r\u00e1pida y f\u00e1cil sin importar donde se encuentren los alumnos.","og_url":"https:\/\/totemguard.com\/classroom-cloud\/","og_site_name":"TotemGuard","article_modified_time":"2026-03-17T11:53:24+00:00","og_image":[{"width":1200,"height":675,"url":"https:\/\/totemguard.com\/classroom-cloud\/wp-content\/uploads\/2020\/11\/classroomcloudtest.jpg","type":"image\/jpeg"}],"twitter_card":"summary_large_image","twitter_misc":{"Tiempo de lectura":"6 minutos"},"schema":{"@context":"https:\/\/schema.org","@graph":[{"@type":"WebPage","@id":"https:\/\/totemguard.com\/classroom-cloud\/","url":"https:\/\/totemguard.com\/classroom-cloud\/","name":"Classroom Cloud - TotemGuard","isPartOf":{"@id":"https:\/\/totemguard.com\/classroom-cloud\/#website"},"primaryImageOfPage":{"@id":"https:\/\/totemguard.com\/classroom-cloud\/#primaryimage"},"image":{"@id":"https:\/\/totemguard.com\/classroom-cloud\/#primaryimage"},"thumbnailUrl":"https:\/\/totemguard.com\/classroom-cloud\/wp-content\/uploads\/2020\/08\/totemguard-banner.png","datePublished":"2020-08-27T07:39:21+00:00","dateModified":"2026-03-17T11:53:24+00:00","description":"Classroom.cloud ofrece una gesti\u00f3n del aula eficaz, r\u00e1pida y f\u00e1cil sin importar donde se encuentren los alumnos.","breadcrumb":{"@id":"https:\/\/totemguard.com\/classroom-cloud\/#breadcrumb"},"inLanguage":"es","potentialAction":[{"@type":"ReadAction","target":["https:\/\/totemguard.com\/classroom-cloud\/"]}]},{"@type":"ImageObject","inLanguage":"es","@id":"https:\/\/totemguard.com\/classroom-cloud\/#primaryimage","url":"https:\/\/totemguard.com\/classroom-cloud\/wp-content\/uploads\/2020\/08\/totemguard-banner.png","contentUrl":"https:\/\/totemguard.com\/classroom-cloud\/wp-content\/uploads\/2020\/08\/totemguard-banner.png","width":1000,"height":175},{"@type":"BreadcrumbList","@id":"https:\/\/totemguard.com\/classroom-cloud\/#breadcrumb","itemListElement":[{"@type":"ListItem","position":1,"name":"Home","item":"https:\/\/totemguard.com\/classroom-cloud\/"},{"@type":"ListItem","position":2,"name":"Classroom Cloud"}]},{"@type":"WebSite","@id":"https:\/\/totemguard.com\/classroom-cloud\/#website","url":"https:\/\/totemguard.com\/classroom-cloud\/","name":"Classroom Cloud","description":"Otro sitio realizado con WordPress","potentialAction":[{"@type":"SearchAction","target":{"@type":"EntryPoint","urlTemplate":"https:\/\/totemguard.com\/classroom-cloud\/?s={search_term_string}"},"query-input":{"@type":"PropertyValueSpecification","valueRequired":true,"valueName":"search_term_string"}}],"inLanguage":"es"}]}},"_links":{"self":[{"href":"https:\/\/totemguard.com\/classroom-cloud\/wp-json\/wp\/v2\/pages\/8","targetHints":{"allow":["GET"]}}],"collection":[{"href":"https:\/\/totemguard.com\/classroom-cloud\/wp-json\/wp\/v2\/pages"}],"about":[{"href":"https:\/\/totemguard.com\/classroom-cloud\/wp-json\/wp\/v2\/types\/page"}],"author":[{"embeddable":true,"href":"https:\/\/totemguard.com\/classroom-cloud\/wp-json\/wp\/v2\/users\/1"}],"replies":[{"embeddable":true,"href":"https:\/\/totemguard.com\/classroom-cloud\/wp-json\/wp\/v2\/comments?post=8"}],"version-history":[{"count":121,"href":"https:\/\/totemguard.com\/classroom-cloud\/wp-json\/wp\/v2\/pages\/8\/revisions"}],"predecessor-version":[{"id":747,"href":"https:\/\/totemguard.com\/classroom-cloud\/wp-json\/wp\/v2\/pages\/8\/revisions\/747"}],"wp:attachment":[{"href":"https:\/\/totemguard.com\/classroom-cloud\/wp-json\/wp\/v2\/media?parent=8"}],"curies":[{"name":"wp","href":"https:\/\/api.w.org\/{rel}","templated":true}]}}