{"id":61,"date":"2020-08-27T07:39:21","date_gmt":"2020-08-27T07:39:21","guid":{"rendered":"https:\/\/totemguard.com\/classroom-cloud\/classroom-cloud-recursos-cloned-at-2020-08-31-101656\/"},"modified":"2026-03-16T09:44:06","modified_gmt":"2026-03-16T09:44:06","slug":"preguntas-frecuentes","status":"publish","type":"page","link":"https:\/\/totemguard.com\/classroom-cloud\/preguntas-frecuentes\/","title":{"rendered":"Classroom Cloud Preguntas Frecuentes"},"content":{"rendered":"<p><img loading=\"lazy\" decoding=\"async\" class=\"op3-element__image op3-element-image__image\" src=\"https:\/\/totemguard.com\/classroom-cloud\/wp-content\/uploads\/2020\/08\/totemguard-banner.png\" alt=\"\" title=\"totemguard-banner\" width=\"1000\" height=\"175\" data-op3-attachment-id=\"\" \/><img loading=\"lazy\" decoding=\"async\" class=\"op3-element__image op3-element-image__image\" src=\"https:\/\/totemguard.com\/classroom-cloud\/wp-content\/uploads\/2020\/09\/ClassRoomCloudMenuLogo.png\" alt=\"Classroomcloud Menu\" title=\"ClassRoomCloudMenuLogo\" width=\"512\" height=\"184\" data-op3-attachment-id=\"125\" \/><\/p>\n<h2>Preguntas Frecuentes<\/h2>\n<h2>Preguntas generales<\/h2>\n<p>\u00bfC\u00f3mo se licencia Classroom.Cloud?<\/p>\n<p>Classroom.Cloud es una herramienta de suscripci\u00f3n anual basada en el n\u00famero de equipos de alumno. Haz clic <a data-op-action=\"popoverlay\" data-op-popoverlay-trigger=\"fVSiI8Is\" href=\"#\">aqu\u00ed <\/a>para solicitar informaci\u00f3n sobre los precios.<\/p>\n<p>\u00bfPuedo gestionar dispositivos con diferentes sistemas operativos desde la consola de profesor al mismo tiempo?<\/p>\n<p>S\u00ed. Actualmente Classroom.Cloud soporta alumnos Windows y Chromebooks. En breve estar\u00e1 disponible Mac, Android e iOS.<\/p>\n<p>\u00bfC\u00f3mo evito conexiones aun dispositivo de un alumno cuando no est\u00e9 en el centro educativo? \u00bfPuedo restringir las conexiones a s\u00f3lo el horario escolar?<\/p>\n<p>La privacidad y la seguridad son, por supuesto, clave, y con Classroom.Cloud puedes especificar la configuraci\u00f3n de privacidad para garantizar que los dispositivos de los estudiantes solo se puedan conectar durante el horario escolar aprobado y durante el per\u00edodo lectivo. Incluso puedes agregar la red del centro educativo y los detalles wifi para evitar conexiones no autorizadas.<\/p>\n<h2>Requisitos t\u00e9cnicos<\/h2>\n<p>\u00bfCu\u00e1les son los requisitos para ejecutar la consola del profesor?<\/p>\n<p>Classroom.Cloud es una soluci\u00f3n basada en web y solo requiere un navegador compatible. Los navegadores compatibles con la consola del profesor incluyen:<\/p>\n<p>&#8211; Google Chrome 66+<\/p>\n<p>&#8211; Microsoft Edge 80+ (basado en Chrome)<\/p>\n<p>\u00bfCu\u00e1les son los requisitos para ejecutar el Portal de administraci\u00f3n?<\/p>\n<p>Classroom.Cloud es una soluci\u00f3n basada en web y solo requiere un navegador compatible. Los navegadores compatibles con el portal de administraci\u00f3n incluyen:<\/p>\n<p>&#8211; Safari (iOS, iPadOS, macOS, Windows)<\/p>\n<p>&#8211; Google Chrome 66+<\/p>\n<p>&#8211; Microsoft Edge 80+ (basado en Chrome)<\/p>\n<p>&#8211; Internet Explorer 11<\/p>\n<p>&#8211; Mozilla Firefox 77+<\/p>\n<p>&#8211; Opera 70+<\/p>\n<p>\u00bfCu\u00e1les son los requisitos para los dispositivos de los alumnos?<\/p>\n<p>Para monitorizar y administrar los dispositivos de los estudiantes, Classroom.Cloud requiere que se instale un agente en cada dispositivo de los estudiantes. Se admiten los siguientes sistemas operativos:<\/p>\n<p>&#8211; Windows 10, Windows 11, Windows 11 SE (con un m\u00ednimo de 200 Mb de espacio libre en disco).<\/p>\n<p>&#8211; ChromeOS 116 o superior<\/p>\n<p>&#8211; Android 9 o superior<\/p>\n<p>&#8211; macOS Catalina version 10.15 o superior (con un m\u00ednimo de 220 Mb de espacio libre en disco).<\/p>\n<p>&#8211; iPadOS 14 o superior<\/p>\n<h2>Otras preguntas<\/h2>\n<p>Si tengo NetSupport DNA, NetSupport Manager o NetSupport School instalados, \u00bfpuedo instalar Classroom.cloud?<\/p>\n<p>A diferencia de otros productos de NetSupport, Classroom.cloud puede instalarse y coexistir en el mismo dispositivo que NetSupport DNA, NetSupport Manager o NetSupport School. No recomendamos que utilices NetSupport School y Classroom.cloud al mismo tiempo, pero puede tener ambos instalados.<\/p>\n<p>\u00bfD\u00f3nde puedo encontrar el instalador para los estudiantes?<\/p>\n<p>Encontrar\u00e1s todos los instaladores de los estudiantes, los enlaces a las tiendas de aplicaciones y las gu\u00edas de implementaci\u00f3n dentro de su portal de Classroom.Cloud en Instaladores para cada sitio cuando inicie sesi\u00f3n como administrador de la organizaci\u00f3n o del sitio.<\/p>\n<p>\u00bfC\u00f3mo instalo el estudiante en un dispositivo Windows usando Microsoft Intune?<\/p>\n<p>Nuestro documento&nbsp;<a href=\"https:\/\/totemguard.com\/classroom-cloud\/wp-content\/uploads\/2024\/10\/cc_deploying_the_student_using_intune_es.pdf\" target=\"_blank\">Implementaci\u00f3n de la aplicaci\u00f3n para estudiantes Classroom.cloud con Microsoft Intune<\/a>, proporciona una gu\u00eda sencilla paso a paso para realizar una implementaci\u00f3n masiva en PC con Windows mediante Intune.<\/p>\n<p>\u00bfC\u00f3mo instalo el Estudiante en un Chromebook usando Google Management Console?<\/p>\n<p>Nuestro documento&nbsp;<a href=\"https:\/\/totemguard.com\/classroom-cloud\/wp-content\/uploads\/2020\/08\/cc_managing_the_chrome_student_extension.pdf\" target=\"_blank\">Uso de la Consola de administraci\u00f3n de Google para administrar la extensi\u00f3n para estudiantes para Chrome<\/a>&nbsp;te guiar\u00e1 a trav\u00e9s de los pasos necesarios para implementar la extensi\u00f3n para estudiantes de Chrome.<\/p>\n<p><img loading=\"lazy\" decoding=\"async\" class=\"op3-element__image op3-element-image__image\" src=\"https:\/\/www.totemguard.com\/img\/netsupportNotify\/Oscar.jpg\" alt=\"\" title=\"\" width=\"512\" height=\"256\" data-op3-attachment-id=\"\" \/><\/p>\n<p>\u00bfQuieres m\u00e1s informaci\u00f3n o tienes dudas sobre Classroom Cloud?<\/p>\n<p>Soy&nbsp;\u00d2scar&nbsp;, te ayudar\u00e9 en lo que necesites:<\/p>\n<p>902 360 645<\/p>\n<p>comercial@totemguard.com<\/p>\n<h2>Rellena el formulario para registrarte y poder probar la versi\u00f3n de evaluaci\u00f3n&nbsp;<\/h2>\n<p>He le\u00eddo y acepto la&nbsp;&nbsp;<a href=\"https:\/\/totemguard.com\/politica-de-privacidad\/\" target=\"_blank\" style=\"background-color: rgb(255, 255, 255);\">pol\u00edtica de privacidad<\/a><a aria-label=\"Button link\" href=\"#\" class=\"op3-element__tcp--non-a op3-link op3-background-ancestor\" target=\"_self\"  data-op-action=\"link\" data-op-select-funnel-step=\"\" data-op3-smooth-scroll=\"0\" data-op-effect-style=\"\" data-op-effect-style-hover=\"\" data-op-courseaction=\"\">Reg\u00edstrate para la versi\u00f3n de evaluaci\u00f3n<\/a><\/p>\n<p>Contacta con nosotros:<\/p>\n<p>Ronda General Mitre 126, Planta 6<br \/>\n08021 Barcelona<\/p>\n<p>Tel. 93 200 00 88<\/p>\n<p>comercial@totemguard.com<\/p>\n<p>Nuestros productos<\/p>\n<p><img loading=\"lazy\" decoding=\"async\" class=\"op3-element__image op3-element-image__image\" src=\"https:\/\/totemguard.com\/img\/totemfootericons\/dnaico.png\" alt=\"DNA Icon\" title=\"\" width=\"512\" height=\"256\" data-op3-attachment-id=\"\" \/><\/p>\n<p><a href=\"https:\/\/totemguard.com\/netsupport-dna\/inventario-hardware-software-licencias\/\">NetSupport DNA<\/a><\/p>\n<p><img loading=\"lazy\" decoding=\"async\" class=\"op3-element__image op3-element-image__image\" src=\"https:\/\/totemguard.com\/img\/totemfootericons\/nsmico.png\" alt=\"NSM Ico\" title=\"\" width=\"26\" height=\"26\" data-op3-attachment-id=\"\" \/><\/p>\n<p><a href=\"https:\/\/totemguard.com\/netsupport-manager\/control-remoto-windows-linux-mac\/\">NetSupport Manager<\/a><\/p>\n<p><img loading=\"lazy\" decoding=\"async\" class=\"op3-element__image op3-element-image__image\" src=\"https:\/\/totemguard.com\/img\/totemfootericons\/nssico.png\" alt=\"NSS Ico\" title=\"\" width=\"26\" height=\"26\" data-op3-attachment-id=\"\" \/><\/p>\n<p><a href=\"https:\/\/totemguard.com\/netsupport-school\/control-gestion-aula-tic\/\">NetSupport School<\/a><\/p>\n<p><img loading=\"lazy\" decoding=\"async\" class=\"op3-element__image op3-element-image__image\" src=\"https:\/\/totemguard.com\/img\/totemfootericons\/nsnico.png\" alt=\"NSN Ico\" title=\"\" width=\"26\" height=\"26\" data-op3-attachment-id=\"\" \/><\/p>\n<p><a href=\"https:\/\/totemguard.com\/netsupport-notify\/mensajes-ordenadores-red\/\">NetSupport Notify<\/a><\/p>\n<\/p>\n<p><img loading=\"lazy\" decoding=\"async\" class=\"op3-element__image op3-element-image__image\" src=\"https:\/\/totemguard.com\/img\/totemfootericons\/247connectico.png\" alt=\"247 Ico\" title=\"\" width=\"26\" height=\"26\" data-op3-attachment-id=\"\" \/><\/p>\n<p><a href=\"https:\/\/totemguard.com\/247-connect\/control-remoto-seguro-en-la-nube\/\">NetSupport 247 Connect<\/a><\/p>\n<p><img loading=\"lazy\" decoding=\"async\" class=\"op3-element__image op3-element-image__image\" src=\"https:\/\/totemguard.com\/img\/totemfootericons\/logo-icon-color-compass.png\" alt=\"OA Compass ico\" title=\"\" width=\"26\" height=\"26\" data-op3-attachment-id=\"\" \/><\/p>\n<p><a href=\"https:\/\/totemguard.com\/openathens-compass\/gestion-centralizada-recursos-electronicos\/\">OpenAthens Compass<\/a><\/p>\n<p><img loading=\"lazy\" decoding=\"async\" class=\"op3-element__image op3-element-image__image\" src=\"https:\/\/totemguard.com\/img\/totemfootericons\/Altaro-logo-1.png\" alt=\"VM Backup Ico\" title=\"\" width=\"26\" height=\"26\" data-op3-attachment-id=\"\" \/><\/p>\n<p><a href=\"https:\/\/totemguard.com\/altaro\/\">Altaro VM Backup<\/a><\/p>\n<p><img loading=\"lazy\" decoding=\"async\" class=\"op3-element__image op3-element-image__image\" src=\"https:\/\/totemguard.com\/img\/totemfootericons\/o-icon-svg-1.png\" alt=\"365 Backup Ico\" title=\"\" width=\"26\" height=\"25\" data-op3-attachment-id=\"\" \/><\/p>\n<p><a href=\"https:\/\/totemguard.com\/altaro\/backup-office-365\/\">365 Total Backup<\/a><\/p>\n<\/p>\n<p><img loading=\"lazy\" decoding=\"async\" class=\"op3-element__image op3-element-image__image\" src=\"https:\/\/totemguard.com\/img\/totemfootericons\/hornetfavicon.png\" alt=\"hornet security ico\" title=\"\" width=\"26\" height=\"26\" data-op3-attachment-id=\"\" \/><\/p>\n<p><a href=\"https:\/\/totemguard.com\/365-total-protection\/\">Total Protection<\/a><\/p>\n<p><img loading=\"lazy\" decoding=\"async\" class=\"op3-element__image op3-element-image__image\" src=\"https:\/\/totemguard.com\/img\/totemfootericons\/hornetfavicon.png\" alt=\"hornet security ico\" title=\"\" width=\"26\" height=\"26\" data-op3-attachment-id=\"\" \/><\/p>\n<p><a href=\"https:\/\/totemguard.com\/security-awareness-training\/\">Security Awareness Service<\/a><\/p>\n<p>  \u00a9  TotemGuard Digital Security &#8211; Ronda General Mitre, 126, Planta 6, 08021 Barcelona &#8211; Tel. 932 00 00 88 &#8211;<br \/>\n  <a href=\"https:\/\/www.totemguard.com\/terminos-y-condiciones\"><br \/>\n    Pol\u00edtica de privacidad, Cookies y Aviso Legal<br \/>\n  <\/a><\/p>\n","protected":false},"excerpt":{"rendered":"<p>Preguntas Frecuentes Preguntas generales \u00bfC\u00f3mo se licencia Classroom.Cloud? Classroom.Cloud es una herramienta de suscripci\u00f3n anual basada en el n\u00famero de equipos de alumno. Haz clic aqu\u00ed para solicitar informaci\u00f3n sobre los precios. \u00bfPuedo gestionar dispositivos con diferentes sistemas operativos desde la consola de profesor al mismo tiempo? S\u00ed. Actualmente Classroom.Cloud soporta alumnos Windows y Chromebooks. &hellip; <\/p>\n<p class=\"link-more\"><a href=\"https:\/\/totemguard.com\/classroom-cloud\/preguntas-frecuentes\/\" class=\"more-link\">Seguir leyendo<span class=\"screen-reader-text\"> \u00abClassroom Cloud Preguntas Frecuentes\u00bb<\/span><\/a><\/p>\n","protected":false},"author":1,"featured_media":0,"parent":0,"menu_order":0,"comment_status":"closed","ping_status":"closed","template":"op_builder_blank","meta":{"footnotes":"","_links_to":"","_links_to_target":""},"class_list":["post-61","page","type-page","status-publish","hentry","entry"],"yoast_head":"<!-- This site is optimized with the Yoast SEO plugin v27.3 - https:\/\/yoast.com\/product\/yoast-seo-wordpress\/ -->\n<title>Classroom Cloud Preguntas Frecuentes - TotemGuard<\/title>\n<meta name=\"description\" content=\"Preguntas frecuentes classroom.cloud. En esta p\u00e1gina respondemos a una serie de preguntas sobre classroom.cloud.\" \/>\n<meta name=\"robots\" content=\"index, follow, max-snippet:-1, max-image-preview:large, max-video-preview:-1\" \/>\n<link rel=\"canonical\" href=\"https:\/\/totemguard.com\/classroom-cloud\/preguntas-frecuentes\/\" \/>\n<meta property=\"og:locale\" content=\"es_ES\" \/>\n<meta property=\"og:type\" content=\"article\" \/>\n<meta property=\"og:title\" content=\"Classroom Cloud Preguntas Frecuentes - TotemGuard\" \/>\n<meta property=\"og:description\" content=\"Preguntas frecuentes classroom.cloud. En esta p\u00e1gina respondemos a una serie de preguntas sobre classroom.cloud.\" \/>\n<meta property=\"og:url\" content=\"https:\/\/totemguard.com\/classroom-cloud\/preguntas-frecuentes\/\" \/>\n<meta property=\"og:site_name\" content=\"TotemGuard\" \/>\n<meta property=\"article:modified_time\" content=\"2026-03-16T09:44:06+00:00\" \/>\n<meta property=\"og:image\" content=\"https:\/\/totemguard.com\/classroom-cloud\/wp-content\/uploads\/2020\/08\/totemguard-banner.png\" \/>\n<meta name=\"twitter:card\" content=\"summary_large_image\" \/>\n<meta name=\"twitter:label1\" content=\"Tiempo de lectura\" \/>\n\t<meta name=\"twitter:data1\" content=\"3 minutos\" \/>\n<script type=\"application\/ld+json\" class=\"yoast-schema-graph\">{\"@context\":\"https:\\\/\\\/schema.org\",\"@graph\":[{\"@type\":\"WebPage\",\"@id\":\"https:\\\/\\\/totemguard.com\\\/classroom-cloud\\\/preguntas-frecuentes\\\/\",\"url\":\"https:\\\/\\\/totemguard.com\\\/classroom-cloud\\\/preguntas-frecuentes\\\/\",\"name\":\"Classroom Cloud Preguntas Frecuentes - TotemGuard\",\"isPartOf\":{\"@id\":\"https:\\\/\\\/totemguard.com\\\/classroom-cloud\\\/#website\"},\"primaryImageOfPage\":{\"@id\":\"https:\\\/\\\/totemguard.com\\\/classroom-cloud\\\/preguntas-frecuentes\\\/#primaryimage\"},\"image\":{\"@id\":\"https:\\\/\\\/totemguard.com\\\/classroom-cloud\\\/preguntas-frecuentes\\\/#primaryimage\"},\"thumbnailUrl\":\"https:\\\/\\\/totemguard.com\\\/classroom-cloud\\\/wp-content\\\/uploads\\\/2020\\\/08\\\/totemguard-banner.png\",\"datePublished\":\"2020-08-27T07:39:21+00:00\",\"dateModified\":\"2026-03-16T09:44:06+00:00\",\"description\":\"Preguntas frecuentes classroom.cloud. En esta p\u00e1gina respondemos a una serie de preguntas sobre classroom.cloud.\",\"breadcrumb\":{\"@id\":\"https:\\\/\\\/totemguard.com\\\/classroom-cloud\\\/preguntas-frecuentes\\\/#breadcrumb\"},\"inLanguage\":\"es\",\"potentialAction\":[{\"@type\":\"ReadAction\",\"target\":[\"https:\\\/\\\/totemguard.com\\\/classroom-cloud\\\/preguntas-frecuentes\\\/\"]}]},{\"@type\":\"ImageObject\",\"inLanguage\":\"es\",\"@id\":\"https:\\\/\\\/totemguard.com\\\/classroom-cloud\\\/preguntas-frecuentes\\\/#primaryimage\",\"url\":\"https:\\\/\\\/totemguard.com\\\/classroom-cloud\\\/wp-content\\\/uploads\\\/2020\\\/08\\\/totemguard-banner.png\",\"contentUrl\":\"https:\\\/\\\/totemguard.com\\\/classroom-cloud\\\/wp-content\\\/uploads\\\/2020\\\/08\\\/totemguard-banner.png\",\"width\":1000,\"height\":175},{\"@type\":\"BreadcrumbList\",\"@id\":\"https:\\\/\\\/totemguard.com\\\/classroom-cloud\\\/preguntas-frecuentes\\\/#breadcrumb\",\"itemListElement\":[{\"@type\":\"ListItem\",\"position\":1,\"name\":\"Home\",\"item\":\"https:\\\/\\\/totemguard.com\\\/classroom-cloud\\\/\"},{\"@type\":\"ListItem\",\"position\":2,\"name\":\"Classroom Cloud Preguntas Frecuentes\"}]},{\"@type\":\"WebSite\",\"@id\":\"https:\\\/\\\/totemguard.com\\\/classroom-cloud\\\/#website\",\"url\":\"https:\\\/\\\/totemguard.com\\\/classroom-cloud\\\/\",\"name\":\"Classroom Cloud\",\"description\":\"Otro sitio realizado con WordPress\",\"potentialAction\":[{\"@type\":\"SearchAction\",\"target\":{\"@type\":\"EntryPoint\",\"urlTemplate\":\"https:\\\/\\\/totemguard.com\\\/classroom-cloud\\\/?s={search_term_string}\"},\"query-input\":{\"@type\":\"PropertyValueSpecification\",\"valueRequired\":true,\"valueName\":\"search_term_string\"}}],\"inLanguage\":\"es\"}]}<\/script>\n<!-- \/ Yoast SEO plugin. -->","yoast_head_json":{"title":"Classroom Cloud Preguntas Frecuentes - TotemGuard","description":"Preguntas frecuentes classroom.cloud. En esta p\u00e1gina respondemos a una serie de preguntas sobre classroom.cloud.","robots":{"index":"index","follow":"follow","max-snippet":"max-snippet:-1","max-image-preview":"max-image-preview:large","max-video-preview":"max-video-preview:-1"},"canonical":"https:\/\/totemguard.com\/classroom-cloud\/preguntas-frecuentes\/","og_locale":"es_ES","og_type":"article","og_title":"Classroom Cloud Preguntas Frecuentes - TotemGuard","og_description":"Preguntas frecuentes classroom.cloud. En esta p\u00e1gina respondemos a una serie de preguntas sobre classroom.cloud.","og_url":"https:\/\/totemguard.com\/classroom-cloud\/preguntas-frecuentes\/","og_site_name":"TotemGuard","article_modified_time":"2026-03-16T09:44:06+00:00","og_image":[{"url":"https:\/\/totemguard.com\/classroom-cloud\/wp-content\/uploads\/2020\/08\/totemguard-banner.png","type":"","width":"","height":""}],"twitter_card":"summary_large_image","twitter_misc":{"Tiempo de lectura":"3 minutos"},"schema":{"@context":"https:\/\/schema.org","@graph":[{"@type":"WebPage","@id":"https:\/\/totemguard.com\/classroom-cloud\/preguntas-frecuentes\/","url":"https:\/\/totemguard.com\/classroom-cloud\/preguntas-frecuentes\/","name":"Classroom Cloud Preguntas Frecuentes - TotemGuard","isPartOf":{"@id":"https:\/\/totemguard.com\/classroom-cloud\/#website"},"primaryImageOfPage":{"@id":"https:\/\/totemguard.com\/classroom-cloud\/preguntas-frecuentes\/#primaryimage"},"image":{"@id":"https:\/\/totemguard.com\/classroom-cloud\/preguntas-frecuentes\/#primaryimage"},"thumbnailUrl":"https:\/\/totemguard.com\/classroom-cloud\/wp-content\/uploads\/2020\/08\/totemguard-banner.png","datePublished":"2020-08-27T07:39:21+00:00","dateModified":"2026-03-16T09:44:06+00:00","description":"Preguntas frecuentes classroom.cloud. En esta p\u00e1gina respondemos a una serie de preguntas sobre classroom.cloud.","breadcrumb":{"@id":"https:\/\/totemguard.com\/classroom-cloud\/preguntas-frecuentes\/#breadcrumb"},"inLanguage":"es","potentialAction":[{"@type":"ReadAction","target":["https:\/\/totemguard.com\/classroom-cloud\/preguntas-frecuentes\/"]}]},{"@type":"ImageObject","inLanguage":"es","@id":"https:\/\/totemguard.com\/classroom-cloud\/preguntas-frecuentes\/#primaryimage","url":"https:\/\/totemguard.com\/classroom-cloud\/wp-content\/uploads\/2020\/08\/totemguard-banner.png","contentUrl":"https:\/\/totemguard.com\/classroom-cloud\/wp-content\/uploads\/2020\/08\/totemguard-banner.png","width":1000,"height":175},{"@type":"BreadcrumbList","@id":"https:\/\/totemguard.com\/classroom-cloud\/preguntas-frecuentes\/#breadcrumb","itemListElement":[{"@type":"ListItem","position":1,"name":"Home","item":"https:\/\/totemguard.com\/classroom-cloud\/"},{"@type":"ListItem","position":2,"name":"Classroom Cloud Preguntas Frecuentes"}]},{"@type":"WebSite","@id":"https:\/\/totemguard.com\/classroom-cloud\/#website","url":"https:\/\/totemguard.com\/classroom-cloud\/","name":"Classroom Cloud","description":"Otro sitio realizado con WordPress","potentialAction":[{"@type":"SearchAction","target":{"@type":"EntryPoint","urlTemplate":"https:\/\/totemguard.com\/classroom-cloud\/?s={search_term_string}"},"query-input":{"@type":"PropertyValueSpecification","valueRequired":true,"valueName":"search_term_string"}}],"inLanguage":"es"}]}},"_links":{"self":[{"href":"https:\/\/totemguard.com\/classroom-cloud\/wp-json\/wp\/v2\/pages\/61","targetHints":{"allow":["GET"]}}],"collection":[{"href":"https:\/\/totemguard.com\/classroom-cloud\/wp-json\/wp\/v2\/pages"}],"about":[{"href":"https:\/\/totemguard.com\/classroom-cloud\/wp-json\/wp\/v2\/types\/page"}],"author":[{"embeddable":true,"href":"https:\/\/totemguard.com\/classroom-cloud\/wp-json\/wp\/v2\/users\/1"}],"replies":[{"embeddable":true,"href":"https:\/\/totemguard.com\/classroom-cloud\/wp-json\/wp\/v2\/comments?post=61"}],"version-history":[{"count":70,"href":"https:\/\/totemguard.com\/classroom-cloud\/wp-json\/wp\/v2\/pages\/61\/revisions"}],"predecessor-version":[{"id":714,"href":"https:\/\/totemguard.com\/classroom-cloud\/wp-json\/wp\/v2\/pages\/61\/revisions\/714"}],"wp:attachment":[{"href":"https:\/\/totemguard.com\/classroom-cloud\/wp-json\/wp\/v2\/media?parent=61"}],"curies":[{"name":"wp","href":"https:\/\/api.w.org\/{rel}","templated":true}]}}