{"id":53,"date":"2020-08-27T07:39:21","date_gmt":"2020-08-27T07:39:21","guid":{"rendered":"https:\/\/totemguard.com\/classroom-cloud\/classroom-cloud-home-cloned-at-2020-08-31-100445\/"},"modified":"2026-03-16T09:46:46","modified_gmt":"2026-03-16T09:46:46","slug":"recursos","status":"publish","type":"page","link":"https:\/\/totemguard.com\/classroom-cloud\/recursos\/","title":{"rendered":"Classroom Cloud Recursos"},"content":{"rendered":"<p><img loading=\"lazy\" decoding=\"async\" class=\"op3-element__image op3-element-image__image\" src=\"https:\/\/totemguard.com\/classroom-cloud\/wp-content\/uploads\/2020\/08\/totemguard-banner.png\" alt=\"\" title=\"totemguard-banner\" width=\"1000\" height=\"175\" data-op3-attachment-id=\"\" \/><img loading=\"lazy\" decoding=\"async\" class=\"op3-element__image op3-element-image__image\" src=\"https:\/\/totemguard.com\/classroom-cloud\/wp-content\/uploads\/2020\/09\/ClassRoomCloudMenuLogo.png\" alt=\"Classroomcloud Menu\" title=\"ClassRoomCloudMenuLogo\" width=\"512\" height=\"184\" data-op3-attachment-id=\"125\" \/><\/p>\n<h2>Documentaci\u00f3n Classroom.Cloud<\/h2>\n<h4>Rese\u00f1a del producto<\/h4>\n<p><a aria-label=\"Button link\" href=\"https:\/\/totemguard.com\/classroom-cloud\/wp-content\/uploads\/2020\/08\/TheEdvocateReview-RemoteWorking.pdf\" class=\"op3-element__tcp--non-a op3-link op3-background-ancestor\" target=\"_blank\"  data-op-action=\"link\" data-op-select-funnel-step=\"\" data-op3-smooth-scroll=\"\" data-op-effect-style=\"\" data-op-effect-style-hover=\"\" data-op-courseaction=\"\">Ver<\/a><\/p>\n<h4>Folleto PDF<\/h4>\n<p><a aria-label=\"Button link\" href=\"https:\/\/classroom.cloud\/pdfs\/main-brochure_es.pdf\" class=\"op3-element__tcp--non-a op3-link op3-background-ancestor\" target=\"_blank\"  data-op-action=\"link\" data-op-select-funnel-step=\"\" data-op3-smooth-scroll=\"\" data-op-effect-style=\"\" data-op-effect-style-hover=\"\" data-op-courseaction=\"\">Ver<\/a><\/p>\n<h4>\u00bfPor qu\u00e9 Classroom Cloud?<\/h4>\n<p><a aria-label=\"Button link\" href=\"https:\/\/totemguard.com\/classroom-cloud\/razones-para-usar-classroomcloud\/\" class=\"op3-element__tcp--non-a op3-link op3-background-ancestor\" target=\"_blank\"  data-op-action=\"link\" data-op-select-funnel-step=\"\" data-op3-smooth-scroll=\"0\" data-op-effect-style=\"\" data-op-effect-style-hover=\"\" data-op-courseaction=\"\">Ver<\/a><img loading=\"lazy\" decoding=\"async\" class=\"op3-element__image op3-element-image__image\" src=\"https:\/\/www.totemguard.com\/img\/netsupportNotify\/Oscar.jpg\" alt=\"\" title=\"\" width=\"512\" height=\"256\" data-op3-attachment-id=\"\" \/><\/p>\n<p>\u00bfQuieres m\u00e1s informaci\u00f3n o tienes dudas sobre Classroom Cloud?<\/p>\n<p>Soy \u00d2scar, te ayudar\u00e9 en lo que necesites:<\/p>\n<p>902 360 645<\/p>\n<p>comercial@totemguard.com<\/p>\n<h2>Rellena el formulario para registrarte y poder probar la versi\u00f3n de evaluaci\u00f3n&nbsp;<\/h2>\n<p>He le\u00eddo y acepto la&nbsp;&nbsp;<a href=\"https:\/\/totemguard.com\/politica-de-privacidad\/\" target=\"_blank\" style=\"background-color: rgb(255, 255, 255);\">pol\u00edtica de privacidad<\/a><a aria-label=\"Button link\" href=\"#\" class=\"op3-element__tcp--non-a op3-link op3-background-ancestor\" target=\"_self\"  data-op-action=\"link\" data-op-select-funnel-step=\"\" data-op3-smooth-scroll=\"0\" data-op-effect-style=\"\" data-op-effect-style-hover=\"\" data-op-courseaction=\"\">Reg\u00edstrate para la versi\u00f3n de evaluaci\u00f3n<\/a><\/p>\n<p>Contacta con nosotros:<\/p>\n<p>Ronda General Mitre 126, Planta 6<br \/>\n08021 Barcelona<\/p>\n<p>Tel. 93 200 00 88<\/p>\n<p>comercial@totemguard.com<\/p>\n<p>Nuestros productos<\/p>\n<p><img loading=\"lazy\" decoding=\"async\" class=\"op3-element__image op3-element-image__image\" src=\"https:\/\/totemguard.com\/img\/totemfootericons\/dnaico.png\" alt=\"DNA Icon\" title=\"\" width=\"512\" height=\"256\" data-op3-attachment-id=\"\" \/><\/p>\n<p><a href=\"https:\/\/totemguard.com\/netsupport-dna\/inventario-hardware-software-licencias\/\">NetSupport DNA<\/a><\/p>\n<p><img loading=\"lazy\" decoding=\"async\" class=\"op3-element__image op3-element-image__image\" src=\"https:\/\/totemguard.com\/img\/totemfootericons\/nsmico.png\" alt=\"NSM Ico\" title=\"\" width=\"26\" height=\"26\" data-op3-attachment-id=\"\" \/><\/p>\n<p><a href=\"https:\/\/totemguard.com\/netsupport-manager\/control-remoto-windows-linux-mac\/\">NetSupport Manager<\/a><\/p>\n<p><img loading=\"lazy\" decoding=\"async\" class=\"op3-element__image op3-element-image__image\" src=\"https:\/\/totemguard.com\/img\/totemfootericons\/nssico.png\" alt=\"NSS Ico\" title=\"\" width=\"26\" height=\"26\" data-op3-attachment-id=\"\" \/><\/p>\n<p><a href=\"https:\/\/totemguard.com\/netsupport-school\/control-gestion-aula-tic\/\">NetSupport School<\/a><\/p>\n<p><img loading=\"lazy\" decoding=\"async\" class=\"op3-element__image op3-element-image__image\" src=\"https:\/\/totemguard.com\/img\/totemfootericons\/nsnico.png\" alt=\"NSN Ico\" title=\"\" width=\"26\" height=\"26\" data-op3-attachment-id=\"\" \/><\/p>\n<p><a href=\"https:\/\/totemguard.com\/netsupport-notify\/mensajes-ordenadores-red\/\">NetSupport Notify<\/a><\/p>\n<\/p>\n<p><img loading=\"lazy\" decoding=\"async\" class=\"op3-element__image op3-element-image__image\" src=\"https:\/\/totemguard.com\/img\/totemfootericons\/247connectico.png\" alt=\"247 Ico\" title=\"\" width=\"26\" height=\"26\" data-op3-attachment-id=\"\" \/><\/p>\n<p><a href=\"https:\/\/totemguard.com\/247-connect\/control-remoto-seguro-en-la-nube\/\">NetSupport 247 Connect<\/a><\/p>\n<p><img loading=\"lazy\" decoding=\"async\" class=\"op3-element__image op3-element-image__image\" src=\"https:\/\/totemguard.com\/img\/totemfootericons\/logo-icon-color-compass.png\" alt=\"OA Compass ico\" title=\"\" width=\"26\" height=\"26\" data-op3-attachment-id=\"\" \/><\/p>\n<p><a href=\"https:\/\/totemguard.com\/openathens-compass\/gestion-centralizada-recursos-electronicos\/\">OpenAthens Compass<\/a><\/p>\n<p><img loading=\"lazy\" decoding=\"async\" class=\"op3-element__image op3-element-image__image\" src=\"https:\/\/totemguard.com\/img\/totemfootericons\/Altaro-logo-1.png\" alt=\"VM Backup Ico\" title=\"\" width=\"26\" height=\"26\" data-op3-attachment-id=\"\" \/><\/p>\n<p><a href=\"https:\/\/totemguard.com\/altaro\/\">Altaro VM Backup<\/a><\/p>\n<p><img loading=\"lazy\" decoding=\"async\" class=\"op3-element__image op3-element-image__image\" src=\"https:\/\/totemguard.com\/img\/totemfootericons\/o-icon-svg-1.png\" alt=\"365 Backup Ico\" title=\"\" width=\"26\" height=\"25\" data-op3-attachment-id=\"\" \/><\/p>\n<p><a href=\"https:\/\/totemguard.com\/altaro\/backup-office-365\/\">365 Total Backup<\/a><\/p>\n<\/p>\n<p><img loading=\"lazy\" decoding=\"async\" class=\"op3-element__image op3-element-image__image\" src=\"https:\/\/totemguard.com\/img\/totemfootericons\/hornetfavicon.png\" alt=\"hornet security ico\" title=\"\" width=\"26\" height=\"26\" data-op3-attachment-id=\"\" \/><\/p>\n<p><a href=\"https:\/\/totemguard.com\/365-total-protection\/\">Total Protection<\/a><\/p>\n<p><img loading=\"lazy\" decoding=\"async\" class=\"op3-element__image op3-element-image__image\" src=\"https:\/\/totemguard.com\/img\/totemfootericons\/hornetfavicon.png\" alt=\"hornet security ico\" title=\"\" width=\"26\" height=\"26\" data-op3-attachment-id=\"\" \/><\/p>\n<p><a href=\"https:\/\/totemguard.com\/security-awareness-training\/\">Security Awareness Service<\/a><\/p>\n<p>  \u00a9  TotemGuard Digital Security &#8211; Ronda General Mitre, 126, Planta 6, 08021 Barcelona &#8211; Tel. 932 00 00 88 &#8211;<br \/>\n  <a href=\"https:\/\/www.totemguard.com\/terminos-y-condiciones\"><br \/>\n    Pol\u00edtica de privacidad, Cookies y Aviso Legal<br \/>\n  <\/a><\/p>\n","protected":false},"excerpt":{"rendered":"<p>Documentaci\u00f3n Classroom.Cloud Rese\u00f1a del producto Ver Folleto PDF Ver \u00bfPor qu\u00e9 Classroom Cloud? Ver \u00bfQuieres m\u00e1s informaci\u00f3n o tienes dudas sobre Classroom Cloud? Soy \u00d2scar, te ayudar\u00e9 en lo que necesites: 902 360 645 comercial@totemguard.com Rellena el formulario para registrarte y poder probar la versi\u00f3n de evaluaci\u00f3n&nbsp; He le\u00eddo y acepto la&nbsp;&nbsp;pol\u00edtica de privacidadReg\u00edstrate para &hellip; <\/p>\n<p class=\"link-more\"><a href=\"https:\/\/totemguard.com\/classroom-cloud\/recursos\/\" class=\"more-link\">Seguir leyendo<span class=\"screen-reader-text\"> \u00abClassroom Cloud Recursos\u00bb<\/span><\/a><\/p>\n","protected":false},"author":1,"featured_media":0,"parent":0,"menu_order":0,"comment_status":"closed","ping_status":"closed","template":"op_builder_blank","meta":{"footnotes":"","_links_to":"","_links_to_target":""},"class_list":["post-53","page","type-page","status-publish","hentry","entry"],"yoast_head":"<!-- This site is optimized with the Yoast SEO plugin v27.3 - https:\/\/yoast.com\/product\/yoast-seo-wordpress\/ -->\n<title>Classroom Cloud Recursos - TotemGuard<\/title>\n<meta name=\"description\" content=\"Documentaci\u00f3n classroom.cloud. Aqu\u00ed podr\u00e1s ver toda la documentaci\u00f3n disponible referente a classroom.cloud\" \/>\n<meta name=\"robots\" content=\"index, follow, max-snippet:-1, max-image-preview:large, max-video-preview:-1\" \/>\n<link rel=\"canonical\" href=\"https:\/\/totemguard.com\/classroom-cloud\/recursos\/\" \/>\n<meta property=\"og:locale\" content=\"es_ES\" \/>\n<meta property=\"og:type\" content=\"article\" \/>\n<meta property=\"og:title\" content=\"Classroom Cloud Recursos - TotemGuard\" \/>\n<meta property=\"og:description\" content=\"Documentaci\u00f3n classroom.cloud. Aqu\u00ed podr\u00e1s ver toda la documentaci\u00f3n disponible referente a classroom.cloud\" \/>\n<meta property=\"og:url\" content=\"https:\/\/totemguard.com\/classroom-cloud\/recursos\/\" \/>\n<meta property=\"og:site_name\" content=\"TotemGuard\" \/>\n<meta property=\"article:modified_time\" content=\"2026-03-16T09:46:46+00:00\" \/>\n<meta property=\"og:image\" content=\"https:\/\/totemguard.com\/classroom-cloud\/wp-content\/uploads\/2020\/08\/totemguard-banner.png\" \/>\n<meta name=\"twitter:card\" content=\"summary_large_image\" \/>\n<meta name=\"twitter:label1\" content=\"Tiempo de lectura\" \/>\n\t<meta name=\"twitter:data1\" content=\"1 minuto\" \/>\n<script type=\"application\/ld+json\" class=\"yoast-schema-graph\">{\"@context\":\"https:\\\/\\\/schema.org\",\"@graph\":[{\"@type\":\"WebPage\",\"@id\":\"https:\\\/\\\/totemguard.com\\\/classroom-cloud\\\/recursos\\\/\",\"url\":\"https:\\\/\\\/totemguard.com\\\/classroom-cloud\\\/recursos\\\/\",\"name\":\"Classroom Cloud Recursos - TotemGuard\",\"isPartOf\":{\"@id\":\"https:\\\/\\\/totemguard.com\\\/classroom-cloud\\\/#website\"},\"primaryImageOfPage\":{\"@id\":\"https:\\\/\\\/totemguard.com\\\/classroom-cloud\\\/recursos\\\/#primaryimage\"},\"image\":{\"@id\":\"https:\\\/\\\/totemguard.com\\\/classroom-cloud\\\/recursos\\\/#primaryimage\"},\"thumbnailUrl\":\"https:\\\/\\\/totemguard.com\\\/classroom-cloud\\\/wp-content\\\/uploads\\\/2020\\\/08\\\/totemguard-banner.png\",\"datePublished\":\"2020-08-27T07:39:21+00:00\",\"dateModified\":\"2026-03-16T09:46:46+00:00\",\"description\":\"Documentaci\u00f3n classroom.cloud. Aqu\u00ed podr\u00e1s ver toda la documentaci\u00f3n disponible referente a classroom.cloud\",\"breadcrumb\":{\"@id\":\"https:\\\/\\\/totemguard.com\\\/classroom-cloud\\\/recursos\\\/#breadcrumb\"},\"inLanguage\":\"es\",\"potentialAction\":[{\"@type\":\"ReadAction\",\"target\":[\"https:\\\/\\\/totemguard.com\\\/classroom-cloud\\\/recursos\\\/\"]}]},{\"@type\":\"ImageObject\",\"inLanguage\":\"es\",\"@id\":\"https:\\\/\\\/totemguard.com\\\/classroom-cloud\\\/recursos\\\/#primaryimage\",\"url\":\"https:\\\/\\\/totemguard.com\\\/classroom-cloud\\\/wp-content\\\/uploads\\\/2020\\\/08\\\/totemguard-banner.png\",\"contentUrl\":\"https:\\\/\\\/totemguard.com\\\/classroom-cloud\\\/wp-content\\\/uploads\\\/2020\\\/08\\\/totemguard-banner.png\",\"width\":1000,\"height\":175},{\"@type\":\"BreadcrumbList\",\"@id\":\"https:\\\/\\\/totemguard.com\\\/classroom-cloud\\\/recursos\\\/#breadcrumb\",\"itemListElement\":[{\"@type\":\"ListItem\",\"position\":1,\"name\":\"Home\",\"item\":\"https:\\\/\\\/totemguard.com\\\/classroom-cloud\\\/\"},{\"@type\":\"ListItem\",\"position\":2,\"name\":\"Classroom Cloud Recursos\"}]},{\"@type\":\"WebSite\",\"@id\":\"https:\\\/\\\/totemguard.com\\\/classroom-cloud\\\/#website\",\"url\":\"https:\\\/\\\/totemguard.com\\\/classroom-cloud\\\/\",\"name\":\"Classroom Cloud\",\"description\":\"Otro sitio realizado con WordPress\",\"potentialAction\":[{\"@type\":\"SearchAction\",\"target\":{\"@type\":\"EntryPoint\",\"urlTemplate\":\"https:\\\/\\\/totemguard.com\\\/classroom-cloud\\\/?s={search_term_string}\"},\"query-input\":{\"@type\":\"PropertyValueSpecification\",\"valueRequired\":true,\"valueName\":\"search_term_string\"}}],\"inLanguage\":\"es\"}]}<\/script>\n<!-- \/ Yoast SEO plugin. -->","yoast_head_json":{"title":"Classroom Cloud Recursos - TotemGuard","description":"Documentaci\u00f3n classroom.cloud. Aqu\u00ed podr\u00e1s ver toda la documentaci\u00f3n disponible referente a classroom.cloud","robots":{"index":"index","follow":"follow","max-snippet":"max-snippet:-1","max-image-preview":"max-image-preview:large","max-video-preview":"max-video-preview:-1"},"canonical":"https:\/\/totemguard.com\/classroom-cloud\/recursos\/","og_locale":"es_ES","og_type":"article","og_title":"Classroom Cloud Recursos - TotemGuard","og_description":"Documentaci\u00f3n classroom.cloud. Aqu\u00ed podr\u00e1s ver toda la documentaci\u00f3n disponible referente a classroom.cloud","og_url":"https:\/\/totemguard.com\/classroom-cloud\/recursos\/","og_site_name":"TotemGuard","article_modified_time":"2026-03-16T09:46:46+00:00","og_image":[{"url":"https:\/\/totemguard.com\/classroom-cloud\/wp-content\/uploads\/2020\/08\/totemguard-banner.png","type":"","width":"","height":""}],"twitter_card":"summary_large_image","twitter_misc":{"Tiempo de lectura":"1 minuto"},"schema":{"@context":"https:\/\/schema.org","@graph":[{"@type":"WebPage","@id":"https:\/\/totemguard.com\/classroom-cloud\/recursos\/","url":"https:\/\/totemguard.com\/classroom-cloud\/recursos\/","name":"Classroom Cloud Recursos - TotemGuard","isPartOf":{"@id":"https:\/\/totemguard.com\/classroom-cloud\/#website"},"primaryImageOfPage":{"@id":"https:\/\/totemguard.com\/classroom-cloud\/recursos\/#primaryimage"},"image":{"@id":"https:\/\/totemguard.com\/classroom-cloud\/recursos\/#primaryimage"},"thumbnailUrl":"https:\/\/totemguard.com\/classroom-cloud\/wp-content\/uploads\/2020\/08\/totemguard-banner.png","datePublished":"2020-08-27T07:39:21+00:00","dateModified":"2026-03-16T09:46:46+00:00","description":"Documentaci\u00f3n classroom.cloud. Aqu\u00ed podr\u00e1s ver toda la documentaci\u00f3n disponible referente a classroom.cloud","breadcrumb":{"@id":"https:\/\/totemguard.com\/classroom-cloud\/recursos\/#breadcrumb"},"inLanguage":"es","potentialAction":[{"@type":"ReadAction","target":["https:\/\/totemguard.com\/classroom-cloud\/recursos\/"]}]},{"@type":"ImageObject","inLanguage":"es","@id":"https:\/\/totemguard.com\/classroom-cloud\/recursos\/#primaryimage","url":"https:\/\/totemguard.com\/classroom-cloud\/wp-content\/uploads\/2020\/08\/totemguard-banner.png","contentUrl":"https:\/\/totemguard.com\/classroom-cloud\/wp-content\/uploads\/2020\/08\/totemguard-banner.png","width":1000,"height":175},{"@type":"BreadcrumbList","@id":"https:\/\/totemguard.com\/classroom-cloud\/recursos\/#breadcrumb","itemListElement":[{"@type":"ListItem","position":1,"name":"Home","item":"https:\/\/totemguard.com\/classroom-cloud\/"},{"@type":"ListItem","position":2,"name":"Classroom Cloud Recursos"}]},{"@type":"WebSite","@id":"https:\/\/totemguard.com\/classroom-cloud\/#website","url":"https:\/\/totemguard.com\/classroom-cloud\/","name":"Classroom Cloud","description":"Otro sitio realizado con WordPress","potentialAction":[{"@type":"SearchAction","target":{"@type":"EntryPoint","urlTemplate":"https:\/\/totemguard.com\/classroom-cloud\/?s={search_term_string}"},"query-input":{"@type":"PropertyValueSpecification","valueRequired":true,"valueName":"search_term_string"}}],"inLanguage":"es"}]}},"_links":{"self":[{"href":"https:\/\/totemguard.com\/classroom-cloud\/wp-json\/wp\/v2\/pages\/53","targetHints":{"allow":["GET"]}}],"collection":[{"href":"https:\/\/totemguard.com\/classroom-cloud\/wp-json\/wp\/v2\/pages"}],"about":[{"href":"https:\/\/totemguard.com\/classroom-cloud\/wp-json\/wp\/v2\/types\/page"}],"author":[{"embeddable":true,"href":"https:\/\/totemguard.com\/classroom-cloud\/wp-json\/wp\/v2\/users\/1"}],"replies":[{"embeddable":true,"href":"https:\/\/totemguard.com\/classroom-cloud\/wp-json\/wp\/v2\/comments?post=53"}],"version-history":[{"count":55,"href":"https:\/\/totemguard.com\/classroom-cloud\/wp-json\/wp\/v2\/pages\/53\/revisions"}],"predecessor-version":[{"id":745,"href":"https:\/\/totemguard.com\/classroom-cloud\/wp-json\/wp\/v2\/pages\/53\/revisions\/745"}],"wp:attachment":[{"href":"https:\/\/totemguard.com\/classroom-cloud\/wp-json\/wp\/v2\/media?parent=53"}],"curies":[{"name":"wp","href":"https:\/\/api.w.org\/{rel}","templated":true}]}}