{"id":466,"date":"2024-10-28T09:22:04","date_gmt":"2024-10-28T09:22:04","guid":{"rendered":"https:\/\/totemguard.com\/classroom-cloud\/?page_id=466"},"modified":"2026-03-16T09:43:48","modified_gmt":"2026-03-16T09:43:48","slug":"classroom-cloud-gestion-it","status":"publish","type":"page","link":"https:\/\/totemguard.com\/classroom-cloud\/classroom-cloud-gestion-it\/","title":{"rendered":"Classroom Cloud Gesti\u00f3n IT"},"content":{"rendered":"<p><img loading=\"lazy\" decoding=\"async\" class=\"op3-element__image op3-element-image__image\" src=\"https:\/\/totemguard.com\/classroom-cloud\/wp-content\/uploads\/2020\/08\/totemguard-banner.png\" alt=\"\" title=\"totemguard-banner\" width=\"1000\" height=\"175\" data-op3-attachment-id=\"\" \/><img loading=\"lazy\" decoding=\"async\" class=\"op3-element__image op3-element-image__image\" src=\"https:\/\/totemguard.com\/classroom-cloud\/wp-content\/uploads\/2020\/09\/ClassRoomCloudMenuLogo.png\" alt=\"Classroomcloud Menu\" title=\"ClassRoomCloudMenuLogo\" width=\"512\" height=\"184\" data-op3-attachment-id=\"125\" \/><\/p>\n<h2>Con Classroom.Cloud, mant\u00e9n el control de tus clases tanto si tus alumnos est\u00e1n en el aula, como si se conecten&nbsp;desde sus casas<\/h2>\n<p><img loading=\"lazy\" decoding=\"async\" class=\"op3-element__image op3-element-image__image\" src=\"https:\/\/totemguard.com\/classroom-cloud\/wp-content\/uploads\/2024\/10\/CC-SWInventory.png\" alt=\"\" title=\"CC-SWInventory\" width=\"1915\" height=\"905\" data-op3-attachment-id=\"464\" \/><\/p>\n<p>Obt\u00e9n una lista de los programas instalados de los dispositivos. De esta manera puedes ver que todos los alumnos tengan lo que necesitan o tambi\u00e9n puedes ver si tienen instalado alg\u00fan programa que no deber\u00edan de tener instalado<\/p>\n<p>Puedes obtener un inventario de hardware donde poder ver desde la CPU, RAM de los equipos como tambi\u00e9n discos duros y otros elementos.<\/p>\n<p><img loading=\"lazy\" decoding=\"async\" class=\"op3-element__image op3-element-image__image\" src=\"https:\/\/totemguard.com\/classroom-cloud\/wp-content\/uploads\/2024\/10\/CC-HWInventory.png\" alt=\"\" title=\"CC-HWInventory\" width=\"1917\" height=\"906\" data-op3-attachment-id=\"461\" \/><img loading=\"lazy\" decoding=\"async\" class=\"op3-element__image op3-element-image__image\" src=\"https:\/\/totemguard.com\/classroom-cloud\/wp-content\/uploads\/2024\/10\/CC-InternetMetering.png\" alt=\"\" title=\"CC-InternetMetering\" width=\"1660\" height=\"901\" data-op3-attachment-id=\"462\" \/><\/p>\n<p>Puedes ver las webs visitadas y filtrar por fechas para ver donde han estado navegado los alumnos<\/p>\n<p>Puedes ver los inicios de sesi\u00f3n de los equipos as\u00ed como el tiempo de cada sesi\u00f3n entre otros datos.<\/p>\n<p><img loading=\"lazy\" decoding=\"async\" class=\"op3-element__image op3-element-image__image\" src=\"https:\/\/totemguard.com\/classroom-cloud\/wp-content\/uploads\/2024\/10\/CC-Logins.png\" alt=\"\" title=\"CC-Logins\" width=\"1598\" height=\"854\" data-op3-attachment-id=\"463\" \/><img loading=\"lazy\" decoding=\"async\" class=\"op3-element__image op3-element-image__image\" src=\"https:\/\/totemguard.com\/classroom-cloud\/wp-content\/uploads\/2024\/10\/CC-AppMetering.png\" alt=\"\" title=\"CC-AppMetering\" width=\"1664\" height=\"903\" data-op3-attachment-id=\"460\" \/><\/p>\n<p>Puedes ver el uso de las aplicaciones que los alumnos hacen en los dispositivos.&nbsp;&nbsp;<\/p>\n<p><img loading=\"lazy\" decoding=\"async\" class=\"op3-element__image op3-element-image__image\" src=\"https:\/\/www.totemguard.com\/img\/netsupportNotify\/Oscar.jpg\" alt=\"\" title=\"\" width=\"512\" height=\"256\" data-op3-attachment-id=\"\" \/><\/p>\n<p>\u00bfQuieres m\u00e1s informaci\u00f3n o tienes dudas sobre Classroom Cloud?<\/p>\n<p>Soy&nbsp;\u00d2scar, te ayudar\u00e9 en lo que necesites:<\/p>\n<p>902 360 645<\/p>\n<p>comercial@totemguard.com<\/p>\n<\/p>\n<h2>Rellena el formulario para registrarte y poder probar la versi\u00f3n de evaluaci\u00f3n&nbsp;<\/h2>\n<p>He le\u00eddo y acepto la&nbsp;&nbsp;<a href=\"https:\/\/totemguard.com\/politica-de-privacidad\/\" target=\"_blank\" style=\"background-color: rgb(255, 255, 255);\">pol\u00edtica de privacidad<\/a><a aria-label=\"Button link\" href=\"#\" class=\"op3-element__tcp--non-a op3-link op3-background-ancestor\" target=\"_self\"  data-op-action=\"link\" data-op-select-funnel-step=\"\" data-op3-smooth-scroll=\"0\" data-op-effect-style=\"\" data-op-effect-style-hover=\"\" data-op-courseaction=\"\">Reg\u00edstrate para la versi\u00f3n de evaluaci\u00f3n<\/a><\/p>\n<h4>F\u00e1cil para los profesores<\/h4>\n<p>Classroom.Cloud, la herramienta de aula m\u00e1s sencilla que jam\u00e1s haya utilizado, te permite supervisar, controlar y colaborar con tus alumnos para mantener la continuidad de su aprendizaje, en clase o de forma remota. Pase lo que pase&nbsp;no perder\u00e1n tiempo de clases ni quedar\u00e1n rezagados&nbsp;en el temario del curso.&nbsp;&nbsp;<\/p>\n<h4>F\u00e1cil para los t\u00e9cnicos<\/h4>\n<p>Classroom.Cloud, f\u00e1cil de instalar, configurar, administrar y usar, pr\u00e1cticamente funciona solo. Al integrarse directamente con tu infraestructura existente, puedes implementarlo en minutos y administrar los dispositivos de profesores y alumnos de&nbsp;forma centralizada, lo que le permite ahorrar mucho tiempo.&nbsp;&nbsp;<\/p>\n<h4>F\u00e1cil para los centros educativos<\/h4>\n<p>Muy econ\u00f3mico y escalable, con una clara configuraci\u00f3n y administraci\u00f3n centralizadas. Una vez configurado, la participaci\u00f3n del equipo de TI es m\u00ednima y, para los profesores, \u00a1usar su interfaz intuitiva es muy sencillo!&nbsp;&nbsp;<\/p>\n<\/p>\n<p>Contacta con nosotros:<\/p>\n<p>Ronda General Mitre 126, Planta 6<br \/>\n08021 Barcelona<\/p>\n<p>Tel. 93 200 00 88<\/p>\n<p>comercial@totemguard.com<\/p>\n<p>Nuestros productos<\/p>\n<p><img loading=\"lazy\" decoding=\"async\" class=\"op3-element__image op3-element-image__image\" src=\"https:\/\/totemguard.com\/img\/totemfootericons\/dnaico.png\" alt=\"DNA Icon\" title=\"\" width=\"512\" height=\"256\" data-op3-attachment-id=\"\" \/><\/p>\n<p><a href=\"https:\/\/totemguard.com\/netsupport-dna\/inventario-hardware-software-licencias\/\">NetSupport DNA<\/a><\/p>\n<p><img loading=\"lazy\" decoding=\"async\" class=\"op3-element__image op3-element-image__image\" src=\"https:\/\/totemguard.com\/img\/totemfootericons\/nsmico.png\" alt=\"NSM Ico\" title=\"\" width=\"26\" height=\"26\" data-op3-attachment-id=\"\" \/><\/p>\n<p><a href=\"https:\/\/totemguard.com\/netsupport-manager\/control-remoto-windows-linux-mac\/\">NetSupport Manager<\/a><\/p>\n<p><img loading=\"lazy\" decoding=\"async\" class=\"op3-element__image op3-element-image__image\" src=\"https:\/\/totemguard.com\/img\/totemfootericons\/nssico.png\" alt=\"NSS Ico\" title=\"\" width=\"26\" height=\"26\" data-op3-attachment-id=\"\" \/><\/p>\n<p><a href=\"https:\/\/totemguard.com\/netsupport-school\/control-gestion-aula-tic\/\">NetSupport School<\/a><\/p>\n<p><img loading=\"lazy\" decoding=\"async\" class=\"op3-element__image op3-element-image__image\" src=\"https:\/\/totemguard.com\/img\/totemfootericons\/nsnico.png\" alt=\"NSN Ico\" title=\"\" width=\"26\" height=\"26\" data-op3-attachment-id=\"\" \/><\/p>\n<p><a href=\"https:\/\/totemguard.com\/netsupport-notify\/mensajes-ordenadores-red\/\">NetSupport Notify<\/a><\/p>\n<\/p>\n<p><img loading=\"lazy\" decoding=\"async\" class=\"op3-element__image op3-element-image__image\" src=\"https:\/\/totemguard.com\/img\/totemfootericons\/247connectico.png\" alt=\"247 Ico\" title=\"\" width=\"26\" height=\"26\" data-op3-attachment-id=\"\" \/><\/p>\n<p><a href=\"https:\/\/totemguard.com\/247-connect\/control-remoto-seguro-en-la-nube\/\">NetSupport 247 Connect<\/a><\/p>\n<p><img loading=\"lazy\" decoding=\"async\" class=\"op3-element__image op3-element-image__image\" src=\"https:\/\/totemguard.com\/img\/totemfootericons\/logo-icon-color-compass.png\" alt=\"OA Compass ico\" title=\"\" width=\"26\" height=\"26\" data-op3-attachment-id=\"\" \/><\/p>\n<p><a href=\"https:\/\/totemguard.com\/openathens-compass\/gestion-centralizada-recursos-electronicos\/\">OpenAthens Compass<\/a><\/p>\n<p><img loading=\"lazy\" decoding=\"async\" class=\"op3-element__image op3-element-image__image\" src=\"https:\/\/totemguard.com\/img\/totemfootericons\/Altaro-logo-1.png\" alt=\"VM Backup Ico\" title=\"\" width=\"26\" height=\"26\" data-op3-attachment-id=\"\" \/><\/p>\n<p><a href=\"https:\/\/totemguard.com\/altaro\/\">Altaro VM Backup<\/a><\/p>\n<p><img loading=\"lazy\" decoding=\"async\" class=\"op3-element__image op3-element-image__image\" src=\"https:\/\/totemguard.com\/img\/totemfootericons\/o-icon-svg-1.png\" alt=\"365 Backup Ico\" title=\"\" width=\"26\" height=\"25\" data-op3-attachment-id=\"\" \/><\/p>\n<p><a href=\"https:\/\/totemguard.com\/altaro\/backup-office-365\/\">365 Total Backup<\/a><\/p>\n<\/p>\n<p><img loading=\"lazy\" decoding=\"async\" class=\"op3-element__image op3-element-image__image\" src=\"https:\/\/totemguard.com\/img\/totemfootericons\/hornetfavicon.png\" alt=\"hornet security ico\" title=\"\" width=\"26\" height=\"26\" data-op3-attachment-id=\"\" \/><\/p>\n<p><a href=\"https:\/\/totemguard.com\/365-total-protection\/\">Total Protection<\/a><\/p>\n<p><img loading=\"lazy\" decoding=\"async\" class=\"op3-element__image op3-element-image__image\" src=\"https:\/\/totemguard.com\/img\/totemfootericons\/hornetfavicon.png\" alt=\"hornet security ico\" title=\"\" width=\"26\" height=\"26\" data-op3-attachment-id=\"\" \/><\/p>\n<p><a href=\"https:\/\/totemguard.com\/security-awareness-training\/\">Security Awareness Service<\/a><\/p>\n<p>  \u00a9  TotemGuard Digital Security &#8211; Ronda General Mitre, 126, Planta 6, 08021 Barcelona &#8211; Tel. 932 00 00 88 &#8211;<br \/>\n  <a href=\"https:\/\/www.totemguard.com\/terminos-y-condiciones\"><br \/>\n    Pol\u00edtica de privacidad, Cookies y Aviso Legal<br \/>\n  <\/a><\/p>\n","protected":false},"excerpt":{"rendered":"<p>Con Classroom.Cloud, mant\u00e9n el control de tus clases tanto si tus alumnos est\u00e1n en el aula, como si se conecten&nbsp;desde sus casas Obt\u00e9n una lista de los programas instalados de los dispositivos. De esta manera puedes ver que todos los alumnos tengan lo que necesitan o tambi\u00e9n puedes ver si tienen instalado alg\u00fan programa que &hellip; <\/p>\n<p class=\"link-more\"><a href=\"https:\/\/totemguard.com\/classroom-cloud\/classroom-cloud-gestion-it\/\" class=\"more-link\">Seguir leyendo<span class=\"screen-reader-text\"> \u00abClassroom Cloud Gesti\u00f3n IT\u00bb<\/span><\/a><\/p>\n","protected":false},"author":1,"featured_media":0,"parent":0,"menu_order":0,"comment_status":"closed","ping_status":"closed","template":"op_builder_blank","meta":{"footnotes":"","_links_to":"","_links_to_target":""},"class_list":["post-466","page","type-page","status-publish","hentry","entry"],"yoast_head":"<!-- This site is optimized with the Yoast SEO plugin v27.3 - https:\/\/yoast.com\/product\/yoast-seo-wordpress\/ -->\n<title>Classroom Cloud Gesti\u00f3n IT - TotemGuard<\/title>\n<meta name=\"description\" content=\"Con classroom.cloud, puedes gestionar el aula sin importar que los alumnos est\u00e9n en la escuela o se conecten remotamente desde sus casas\" \/>\n<meta name=\"robots\" content=\"index, follow, max-snippet:-1, max-image-preview:large, max-video-preview:-1\" \/>\n<link rel=\"canonical\" href=\"https:\/\/totemguard.com\/classroom-cloud\/classroom-cloud-gestion-it\/\" \/>\n<meta property=\"og:locale\" content=\"es_ES\" \/>\n<meta property=\"og:type\" content=\"article\" \/>\n<meta property=\"og:title\" content=\"Classroom Cloud Gesti\u00f3n IT - TotemGuard\" \/>\n<meta property=\"og:description\" content=\"Con classroom.cloud, puedes gestionar el aula sin importar que los alumnos est\u00e9n en la escuela o se conecten remotamente desde sus casas\" \/>\n<meta property=\"og:url\" content=\"https:\/\/totemguard.com\/classroom-cloud\/classroom-cloud-gestion-it\/\" \/>\n<meta property=\"og:site_name\" content=\"TotemGuard\" \/>\n<meta property=\"article:modified_time\" content=\"2026-03-16T09:43:48+00:00\" \/>\n<meta property=\"og:image\" content=\"https:\/\/totemguard.com\/classroom-cloud\/wp-content\/uploads\/2020\/08\/totemguard-banner.png\" \/>\n<meta name=\"twitter:card\" content=\"summary_large_image\" \/>\n<meta name=\"twitter:label1\" content=\"Tiempo de lectura\" \/>\n\t<meta name=\"twitter:data1\" content=\"9 minutos\" \/>\n<script type=\"application\/ld+json\" class=\"yoast-schema-graph\">{\"@context\":\"https:\\\/\\\/schema.org\",\"@graph\":[{\"@type\":\"WebPage\",\"@id\":\"https:\\\/\\\/totemguard.com\\\/classroom-cloud\\\/classroom-cloud-gestion-it\\\/\",\"url\":\"https:\\\/\\\/totemguard.com\\\/classroom-cloud\\\/classroom-cloud-gestion-it\\\/\",\"name\":\"Classroom Cloud Gesti\u00f3n IT - TotemGuard\",\"isPartOf\":{\"@id\":\"https:\\\/\\\/totemguard.com\\\/classroom-cloud\\\/#website\"},\"primaryImageOfPage\":{\"@id\":\"https:\\\/\\\/totemguard.com\\\/classroom-cloud\\\/classroom-cloud-gestion-it\\\/#primaryimage\"},\"image\":{\"@id\":\"https:\\\/\\\/totemguard.com\\\/classroom-cloud\\\/classroom-cloud-gestion-it\\\/#primaryimage\"},\"thumbnailUrl\":\"https:\\\/\\\/totemguard.com\\\/classroom-cloud\\\/wp-content\\\/uploads\\\/2020\\\/08\\\/totemguard-banner.png\",\"datePublished\":\"2024-10-28T09:22:04+00:00\",\"dateModified\":\"2026-03-16T09:43:48+00:00\",\"description\":\"Con classroom.cloud, puedes gestionar el aula sin importar que los alumnos est\u00e9n en la escuela o se conecten remotamente desde sus casas\",\"breadcrumb\":{\"@id\":\"https:\\\/\\\/totemguard.com\\\/classroom-cloud\\\/classroom-cloud-gestion-it\\\/#breadcrumb\"},\"inLanguage\":\"es\",\"potentialAction\":[{\"@type\":\"ReadAction\",\"target\":[\"https:\\\/\\\/totemguard.com\\\/classroom-cloud\\\/classroom-cloud-gestion-it\\\/\"]}]},{\"@type\":\"ImageObject\",\"inLanguage\":\"es\",\"@id\":\"https:\\\/\\\/totemguard.com\\\/classroom-cloud\\\/classroom-cloud-gestion-it\\\/#primaryimage\",\"url\":\"https:\\\/\\\/totemguard.com\\\/classroom-cloud\\\/wp-content\\\/uploads\\\/2020\\\/08\\\/totemguard-banner.png\",\"contentUrl\":\"https:\\\/\\\/totemguard.com\\\/classroom-cloud\\\/wp-content\\\/uploads\\\/2020\\\/08\\\/totemguard-banner.png\",\"width\":1000,\"height\":175},{\"@type\":\"BreadcrumbList\",\"@id\":\"https:\\\/\\\/totemguard.com\\\/classroom-cloud\\\/classroom-cloud-gestion-it\\\/#breadcrumb\",\"itemListElement\":[{\"@type\":\"ListItem\",\"position\":1,\"name\":\"Home\",\"item\":\"https:\\\/\\\/totemguard.com\\\/classroom-cloud\\\/\"},{\"@type\":\"ListItem\",\"position\":2,\"name\":\"Classroom Cloud Gesti\u00f3n IT\"}]},{\"@type\":\"WebSite\",\"@id\":\"https:\\\/\\\/totemguard.com\\\/classroom-cloud\\\/#website\",\"url\":\"https:\\\/\\\/totemguard.com\\\/classroom-cloud\\\/\",\"name\":\"Classroom Cloud\",\"description\":\"Otro sitio realizado con WordPress\",\"potentialAction\":[{\"@type\":\"SearchAction\",\"target\":{\"@type\":\"EntryPoint\",\"urlTemplate\":\"https:\\\/\\\/totemguard.com\\\/classroom-cloud\\\/?s={search_term_string}\"},\"query-input\":{\"@type\":\"PropertyValueSpecification\",\"valueRequired\":true,\"valueName\":\"search_term_string\"}}],\"inLanguage\":\"es\"}]}<\/script>\n<!-- \/ Yoast SEO plugin. -->","yoast_head_json":{"title":"Classroom Cloud Gesti\u00f3n IT - TotemGuard","description":"Con classroom.cloud, puedes gestionar el aula sin importar que los alumnos est\u00e9n en la escuela o se conecten remotamente desde sus casas","robots":{"index":"index","follow":"follow","max-snippet":"max-snippet:-1","max-image-preview":"max-image-preview:large","max-video-preview":"max-video-preview:-1"},"canonical":"https:\/\/totemguard.com\/classroom-cloud\/classroom-cloud-gestion-it\/","og_locale":"es_ES","og_type":"article","og_title":"Classroom Cloud Gesti\u00f3n IT - TotemGuard","og_description":"Con classroom.cloud, puedes gestionar el aula sin importar que los alumnos est\u00e9n en la escuela o se conecten remotamente desde sus casas","og_url":"https:\/\/totemguard.com\/classroom-cloud\/classroom-cloud-gestion-it\/","og_site_name":"TotemGuard","article_modified_time":"2026-03-16T09:43:48+00:00","og_image":[{"url":"https:\/\/totemguard.com\/classroom-cloud\/wp-content\/uploads\/2020\/08\/totemguard-banner.png","type":"","width":"","height":""}],"twitter_card":"summary_large_image","twitter_misc":{"Tiempo de lectura":"9 minutos"},"schema":{"@context":"https:\/\/schema.org","@graph":[{"@type":"WebPage","@id":"https:\/\/totemguard.com\/classroom-cloud\/classroom-cloud-gestion-it\/","url":"https:\/\/totemguard.com\/classroom-cloud\/classroom-cloud-gestion-it\/","name":"Classroom Cloud Gesti\u00f3n IT - TotemGuard","isPartOf":{"@id":"https:\/\/totemguard.com\/classroom-cloud\/#website"},"primaryImageOfPage":{"@id":"https:\/\/totemguard.com\/classroom-cloud\/classroom-cloud-gestion-it\/#primaryimage"},"image":{"@id":"https:\/\/totemguard.com\/classroom-cloud\/classroom-cloud-gestion-it\/#primaryimage"},"thumbnailUrl":"https:\/\/totemguard.com\/classroom-cloud\/wp-content\/uploads\/2020\/08\/totemguard-banner.png","datePublished":"2024-10-28T09:22:04+00:00","dateModified":"2026-03-16T09:43:48+00:00","description":"Con classroom.cloud, puedes gestionar el aula sin importar que los alumnos est\u00e9n en la escuela o se conecten remotamente desde sus casas","breadcrumb":{"@id":"https:\/\/totemguard.com\/classroom-cloud\/classroom-cloud-gestion-it\/#breadcrumb"},"inLanguage":"es","potentialAction":[{"@type":"ReadAction","target":["https:\/\/totemguard.com\/classroom-cloud\/classroom-cloud-gestion-it\/"]}]},{"@type":"ImageObject","inLanguage":"es","@id":"https:\/\/totemguard.com\/classroom-cloud\/classroom-cloud-gestion-it\/#primaryimage","url":"https:\/\/totemguard.com\/classroom-cloud\/wp-content\/uploads\/2020\/08\/totemguard-banner.png","contentUrl":"https:\/\/totemguard.com\/classroom-cloud\/wp-content\/uploads\/2020\/08\/totemguard-banner.png","width":1000,"height":175},{"@type":"BreadcrumbList","@id":"https:\/\/totemguard.com\/classroom-cloud\/classroom-cloud-gestion-it\/#breadcrumb","itemListElement":[{"@type":"ListItem","position":1,"name":"Home","item":"https:\/\/totemguard.com\/classroom-cloud\/"},{"@type":"ListItem","position":2,"name":"Classroom Cloud Gesti\u00f3n IT"}]},{"@type":"WebSite","@id":"https:\/\/totemguard.com\/classroom-cloud\/#website","url":"https:\/\/totemguard.com\/classroom-cloud\/","name":"Classroom Cloud","description":"Otro sitio realizado con WordPress","potentialAction":[{"@type":"SearchAction","target":{"@type":"EntryPoint","urlTemplate":"https:\/\/totemguard.com\/classroom-cloud\/?s={search_term_string}"},"query-input":{"@type":"PropertyValueSpecification","valueRequired":true,"valueName":"search_term_string"}}],"inLanguage":"es"}]}},"_links":{"self":[{"href":"https:\/\/totemguard.com\/classroom-cloud\/wp-json\/wp\/v2\/pages\/466","targetHints":{"allow":["GET"]}}],"collection":[{"href":"https:\/\/totemguard.com\/classroom-cloud\/wp-json\/wp\/v2\/pages"}],"about":[{"href":"https:\/\/totemguard.com\/classroom-cloud\/wp-json\/wp\/v2\/types\/page"}],"author":[{"embeddable":true,"href":"https:\/\/totemguard.com\/classroom-cloud\/wp-json\/wp\/v2\/users\/1"}],"replies":[{"embeddable":true,"href":"https:\/\/totemguard.com\/classroom-cloud\/wp-json\/wp\/v2\/comments?post=466"}],"version-history":[{"count":25,"href":"https:\/\/totemguard.com\/classroom-cloud\/wp-json\/wp\/v2\/pages\/466\/revisions"}],"predecessor-version":[{"id":711,"href":"https:\/\/totemguard.com\/classroom-cloud\/wp-json\/wp\/v2\/pages\/466\/revisions\/711"}],"wp:attachment":[{"href":"https:\/\/totemguard.com\/classroom-cloud\/wp-json\/wp\/v2\/media?parent=466"}],"curies":[{"name":"wp","href":"https:\/\/api.w.org\/{rel}","templated":true}]}}