{"id":38,"date":"2020-08-27T07:39:21","date_gmt":"2020-08-27T07:39:21","guid":{"rendered":"https:\/\/totemguard.com\/classroom-cloud\/?page_id=38"},"modified":"2026-03-16T09:43:42","modified_gmt":"2026-03-16T09:43:42","slug":"funcionalidades","status":"publish","type":"page","link":"https:\/\/totemguard.com\/classroom-cloud\/funcionalidades\/","title":{"rendered":"Classroom Cloud Funcionalidades"},"content":{"rendered":"<p><img loading=\"lazy\" decoding=\"async\" class=\"op3-element__image op3-element-image__image\" src=\"https:\/\/totemguard.com\/classroom-cloud\/wp-content\/uploads\/2020\/08\/totemguard-banner.png\" alt=\"\" title=\"totemguard-banner\" width=\"1000\" height=\"175\" data-op3-attachment-id=\"\" \/><img loading=\"lazy\" decoding=\"async\" class=\"op3-element__image op3-element-image__image\" src=\"https:\/\/totemguard.com\/classroom-cloud\/wp-content\/uploads\/2020\/09\/ClassRoomCloudMenuLogo.png\" alt=\"Classroomcloud Menu\" title=\"ClassRoomCloudMenuLogo\" width=\"512\" height=\"184\" data-op3-attachment-id=\"125\" \/><\/p>\n<h2>Con Classroom.Cloud, mant\u00e9n el control de tus clases tanto si tus alumnos est\u00e1n en el aula, como si se conecten desde sus casas.<\/h2>\n<h2>NUEVA MONITORIZACI\u00d3N DE IA<\/h2>\n<p><a aria-label=\"Image Link\" class=\"op3-element__link op3-element-image__link op3-link op3-element__tcp--non-a\" href=\"https:\/\/totemguard.com\/classroom-cloud\/wp-content\/uploads\/2026\/03\/cc-ia-esafety.png\" target=\"_blank\"  data-op-action=\"linkToMediaFile\" data-op-select-funnel-step=\"\" data-op3-smooth-scroll=\"0\"><img loading=\"lazy\" decoding=\"async\" class=\"op3-element__image op3-element-image__image\" src=\"https:\/\/totemguard.com\/classroom-cloud\/wp-content\/uploads\/2026\/03\/cc-ia-esafety.png\" alt=\"cc-ia-esafety\" title=\"cc-ia-esafety\" width=\"1516\" height=\"1051\" data-op3-attachment-id=\"735\" \/><\/a><\/p>\n<p>Gracias al modulo de e-safety de classroom.cloud, ahora puedes supervisar el uso que hacen los alumnos en plataformas\/chatbots de IA como ChatGPT, Copilot, Gemini, Claude, Perplexity y otros, y recibir alertas si los utilizan de formas que generen preocupaci\u00f3n.<\/p>\n<p><img loading=\"lazy\" decoding=\"async\" class=\"op3-element__image op3-element-image__image\" src=\"https:\/\/totemguard.com\/classroom-cloud\/wp-content\/uploads\/2026\/02\/CCIA.png\" alt=\"CCIA\" title=\"CCIA\" width=\"272\" height=\"222\" data-op3-attachment-id=\"721\" \/><img loading=\"lazy\" decoding=\"async\" class=\"op3-element__image op3-element-image__image\" src=\"https:\/\/totemguard.com\/classroom-cloud\/wp-content\/uploads\/2020\/08\/Teacher-Console-Thumbnails.png\" alt=\"\" title=\"Teacher-Console-Thumbnails\" width=\"1024\" height=\"440\" data-op3-attachment-id=\"\" \/><\/p>\n<p>Conectate a los dispositivos de los alumnos de forma r\u00e1pida y supervisa el uso de aplicaciones y web de los estudiantes en en tiempo real para asegurarte de que est\u00e9n concentrados&nbsp;&nbsp;<\/p>\n<p>Soporte multiplataforma, se puede usar combinando distintos dispositivos.<\/p>\n<p><img loading=\"lazy\" decoding=\"async\" class=\"op3-element__image op3-element-image__image\" src=\"https:\/\/totemguard.com\/classroom-cloud\/wp-content\/uploads\/2023\/04\/MultiplataformaClassroomCloud.png\" alt=\"Multiplataforma ClassroomCloud\" title=\"Multiplataforma ClassroomCloud\" width=\"337\" height=\"95\" data-op3-attachment-id=\"391\" \/><img loading=\"lazy\" decoding=\"async\" class=\"op3-element__image op3-element-image__image\" src=\"https:\/\/totemguard.com\/classroom-cloud\/wp-content\/uploads\/2020\/08\/Organisation-devices.png\" alt=\"\" title=\"Organisation-devices\" width=\"1024\" height=\"485\" data-op3-attachment-id=\"\" \/><img loading=\"lazy\" decoding=\"async\" class=\"op3-element__image op3-element-image__image\" src=\"https:\/\/totemguard.com\/classroom-cloud\/wp-content\/uploads\/2023\/04\/ClassroomCloudActividad.png\" alt=\"ClassroomCloud Actividad\" title=\"ClassroomCloud Actividad\" width=\"2449\" height=\"753\" data-op3-attachment-id=\"384\" \/><\/p>\n<p>Supervisa las webs, aplicaciones e inicios de sesi\u00f3n de tus alumnos. V\u00e1lido incluso cuando no est\u00e9s dando clase.<\/p>\n<p>Creaci\u00f3n de clases centralizada por parte del responsable TIC. Permite que cree clases y las asigne a los profesores, facilitando una gesti\u00f3n m\u00e1s clara para el centro y reduciendo los problemas de los docentes<\/p>\n<p><img loading=\"lazy\" decoding=\"async\" class=\"op3-element__image op3-element-image__image\" src=\"https:\/\/totemguard.com\/classroom-cloud\/wp-content\/uploads\/2023\/04\/ClassroomCloudAsignarClases.png\" alt=\"ClassroomCloud Asignar Clases\" title=\"ClassroomCloud Asignar Clases\" width=\"2449\" height=\"1102\" data-op3-attachment-id=\"383\" \/><img loading=\"lazy\" decoding=\"async\" class=\"op3-element__image op3-element-image__image\" src=\"https:\/\/totemguard.com\/classroom-cloud\/wp-content\/uploads\/2020\/08\/Teacher-Console-Web-Control.png\" alt=\"\" title=\"Teacher-Console-Web-Control\" width=\"1024\" height=\"414\" data-op3-attachment-id=\"\" \/><\/p>\n<p>Crea listas webs y listas de aplicaciones para permitir o restringir el acceso de los alumnos&nbsp;&nbsp;<\/p>\n<p>Componente eSafety:<\/p>\n<p>El nuevo conjunto de herramientas de seguridad en l\u00ednea ayuda a mantener tu entorno&nbsp; seguro y protegido en todo momento, al monitorear la actividad relacionada, identificar a los estudiantes en riesgo y detectar tendencias relacionadas. Comienza monitoreando las palabras clave o frases de seguridad en l\u00ednea que se escriben o buscan a trav\u00e9s de la base de datos proporcionada (\u00a1que contiene m\u00e1s de 14,000 palabras clave y frases en varios idiomas!).<\/p>\n<p><img loading=\"lazy\" decoding=\"async\" class=\"op3-element__image op3-element-image__image\" src=\"https:\/\/totemguard.com\/classroom-cloud\/wp-content\/uploads\/2021\/06\/esafetyKeyword.png\" alt=\"Palabra Clave Classroom Cloud\" title=\"Palabra Clave Classroom Cloud\" width=\"1503\" height=\"717\" data-op3-attachment-id=\"\" \/><img loading=\"lazy\" decoding=\"async\" class=\"op3-element__image op3-element-image__image\" src=\"https:\/\/totemguard.com\/classroom-cloud\/wp-content\/uploads\/2021\/06\/CCControlRemoto.png\" alt=\"Classroom Cloud Control Remoto\" title=\"Classroom Cloud Control Remoto\" width=\"1763\" height=\"873\" data-op3-attachment-id=\"\" \/><\/p>\n<p>Realiza el control remoto a equipos Windows para ayudar, aclarar y asistir a tus alumnos.&nbsp;<\/p>\n<p>La funci\u00f3n &#8216;Compartir pantalla&#8217; permite al profesor mostrar su pantalla (todo el escritorio, una ventana de aplicaci\u00f3n seleccionada o una pesta\u00f1a abierta de Chrome). Adem\u00e1s, permite incluir audio, en los escritorios de los estudiantes conectados.<\/p>\n<p><img loading=\"lazy\" decoding=\"async\" class=\"op3-element__image op3-element-image__image\" src=\"https:\/\/totemguard.com\/classroom-cloud\/wp-content\/uploads\/2020\/08\/VerticalScreenshotsWhite.png\" alt=\"Vista del producto\" title=\"VerticalScreenshotsWhite\" width=\"1000\" height=\"600\" data-op3-attachment-id=\"\" \/><img loading=\"lazy\" decoding=\"async\" class=\"op3-element__image op3-element-image__image\" src=\"https:\/\/totemguard.com\/classroom-cloud\/wp-content\/uploads\/2021\/09\/classroomcloudControlDispositivos.png\" alt=\"Classroom Cloud Control Dispositivos\" title=\"Classroom Cloud Control Dispositivos\" width=\"1367\" height=\"555\" data-op3-attachment-id=\"\" \/><\/p>\n<p>Controla el uso de dispositivos USB, WebCams y audio de los equipos de los alumnos (Windows soporta las tres opciones, Chromebook soporta solamente la opci\u00f3n del audio)<\/p>\n<p>Estudiante Android:<\/p>\n<p>Con\u00e9ctate a estudiantes mediante el c\u00f3digo de claseComparte tu pantallaMonitoriza las pantallas de los estudiantesBloquea la pantalla de los dispositivos AndroidInteractua con los alumnos con la opci\u00f3n de chat<img loading=\"lazy\" decoding=\"async\" class=\"op3-element__image op3-element-image__image\" src=\"https:\/\/totemguard.com\/classroom-cloud\/wp-content\/uploads\/2021\/05\/CCAndroidStudent.png\" alt=\"Classroom Cloud Estudiante Android\" title=\"Classroom Cloud Estudiante Android\" width=\"2537\" height=\"969\" data-op3-attachment-id=\"\" \/><img loading=\"lazy\" decoding=\"async\" class=\"op3-element__image op3-element-image__image\" src=\"https:\/\/totemguard.com\/classroom-cloud\/wp-content\/uploads\/2021\/03\/ClassCode.png\" alt=\"Codigo Clase Classroom Cluod\" title=\"Codigo Clase Classroom Cluod\" width=\"591\" height=\"517\" data-op3-attachment-id=\"\" \/><\/p>\n<p>Lo&nbsp;m\u00e1s importante es la posibilidad de conectar r\u00e1pidamente con un alumno mediante un c\u00f3digo compartido. Esta opci\u00f3n es s\u00faper \u00fatil si tienes a alumnos que van constantemente cambiando de clase, lo que dificulta tenerlos en un Grupo de Dispositivos.<\/p>\n<p>Interact\u00faa con los estudiantes en tiempo real a trav\u00e9s de chat y mensajes individuales o grupales, responde solicitudes de ayuda, obt\u00e9n comentarios instant\u00e1neos sobre la comprensi\u00f3n del tema con encuestas de clase&#8230; entre otros.<\/p>\n<p><img loading=\"lazy\" decoding=\"async\" class=\"op3-element__image op3-element-image__image\" src=\"https:\/\/totemguard.com\/classroom-cloud\/wp-content\/uploads\/2020\/08\/Teacher-Console-Survey-Results.png\" alt=\"\" title=\"Teacher-Console-Survey-Results\" width=\"1024\" height=\"425\" data-op3-attachment-id=\"\" \/>Escalable desde la escuela m\u00e1s peque\u00f1a hasta un grupo de escuelasLlama su atenci\u00f3n bloqueando las pantallas de los estudiantes para una concentraci\u00f3n m\u00e1xima mientras haces una explicaci\u00f3n\u00dasalo con Microsoft SDS o Google Classrooms para una flexibilidad m\u00e1xima.Bajo coste, mantenimiento y basado en la nube.&nbsp;<img loading=\"lazy\" decoding=\"async\" class=\"op3-element__image op3-element-image__image\" src=\"https:\/\/www.totemguard.com\/img\/netsupportNotify\/Oscar.jpg\" alt=\"\" title=\"\" width=\"512\" height=\"256\" data-op3-attachment-id=\"\" \/><\/p>\n<p>\u00bfQuieres m\u00e1s informaci\u00f3n o tienes dudas sobre Classroom Cloud?<\/p>\n<p>Soy&nbsp;\u00d2scar, te ayudar\u00e9 en lo que necesites:<\/p>\n<p>902 360 645<\/p>\n<p>comercial@totemguard.com<\/p>\n<\/p>\n<h2>Rellena el formulario para registrarte y poder probar la versi\u00f3n de evaluaci\u00f3n&nbsp;<\/h2>\n<p>He le\u00eddo y acepto la&nbsp;&nbsp;<a href=\"https:\/\/totemguard.com\/politica-de-privacidad\/\" target=\"_blank\" style=\"background-color: rgb(255, 255, 255);\">pol\u00edtica de privacidad<\/a><a aria-label=\"Button link\" href=\"#\" class=\"op3-element__tcp--non-a op3-link op3-background-ancestor\" target=\"_self\"  data-op-action=\"link\" data-op-select-funnel-step=\"\" data-op3-smooth-scroll=\"0\" data-op-effect-style=\"\" data-op-effect-style-hover=\"\" data-op-courseaction=\"\">Reg\u00edstrate para la versi\u00f3n de evaluaci\u00f3n<\/a><\/p>\n<h4>F\u00e1cil para los profesores<\/h4>\n<p>Classroom.Cloud, la herramienta de aula m\u00e1s sencilla que jam\u00e1s haya utilizado, te permite supervisar, controlar y colaborar con tus alumnos para mantener la continuidad de su aprendizaje, en clase o de forma remota. Pase lo que pase&nbsp;no perder\u00e1n tiempo de clases ni quedar\u00e1n rezagados&nbsp;en el temario del curso.&nbsp;&nbsp;<\/p>\n<h4>F\u00e1cil para los t\u00e9cnicos<\/h4>\n<p>Classroom.Cloud, f\u00e1cil de instalar, configurar, administrar y usar, pr\u00e1cticamente funciona solo. Al integrarse directamente con tu infraestructura existente, puedes implementarlo en minutos y administrar los dispositivos de profesores y alumnos de&nbsp;forma centralizada, lo que le permite ahorrar mucho tiempo.&nbsp;&nbsp;<\/p>\n<h4>F\u00e1cil para los centros educativos<\/h4>\n<p>Muy econ\u00f3mico y escalable, con una clara configuraci\u00f3n y administraci\u00f3n centralizadas. Una vez configurado, la participaci\u00f3n del equipo de TI es m\u00ednima y, para los profesores, \u00a1usar su interfaz intuitiva es muy sencillo!&nbsp;&nbsp;<\/p>\n<\/p>\n<p>Contacta con nosotros:<\/p>\n<p>Ronda General Mitre 126, Planta 6<br \/>\n08021 Barcelona<\/p>\n<p>Tel. 93 200 00 88<\/p>\n<p>comercial@totemguard.com<\/p>\n<p>Nuestros productos<\/p>\n<p><img loading=\"lazy\" decoding=\"async\" class=\"op3-element__image op3-element-image__image\" src=\"https:\/\/totemguard.com\/img\/totemfootericons\/dnaico.png\" alt=\"DNA Icon\" title=\"\" width=\"512\" height=\"256\" data-op3-attachment-id=\"\" \/><\/p>\n<p><a href=\"https:\/\/totemguard.com\/netsupport-dna\/inventario-hardware-software-licencias\/\">NetSupport DNA<\/a><\/p>\n<p><img loading=\"lazy\" decoding=\"async\" class=\"op3-element__image op3-element-image__image\" src=\"https:\/\/totemguard.com\/img\/totemfootericons\/nsmico.png\" alt=\"NSM Ico\" title=\"\" width=\"26\" height=\"26\" data-op3-attachment-id=\"\" \/><\/p>\n<p><a href=\"https:\/\/totemguard.com\/netsupport-manager\/control-remoto-windows-linux-mac\/\">NetSupport Manager<\/a><\/p>\n<p><img loading=\"lazy\" decoding=\"async\" class=\"op3-element__image op3-element-image__image\" src=\"https:\/\/totemguard.com\/img\/totemfootericons\/nssico.png\" alt=\"NSS Ico\" title=\"\" width=\"26\" height=\"26\" data-op3-attachment-id=\"\" \/><\/p>\n<p><a href=\"https:\/\/totemguard.com\/netsupport-school\/control-gestion-aula-tic\/\">NetSupport School<\/a><\/p>\n<p><img loading=\"lazy\" decoding=\"async\" class=\"op3-element__image op3-element-image__image\" src=\"https:\/\/totemguard.com\/img\/totemfootericons\/nsnico.png\" alt=\"NSN Ico\" title=\"\" width=\"26\" height=\"26\" data-op3-attachment-id=\"\" \/><\/p>\n<p><a href=\"https:\/\/totemguard.com\/netsupport-notify\/mensajes-ordenadores-red\/\">NetSupport Notify<\/a><\/p>\n<\/p>\n<p><img loading=\"lazy\" decoding=\"async\" class=\"op3-element__image op3-element-image__image\" src=\"https:\/\/totemguard.com\/img\/totemfootericons\/247connectico.png\" alt=\"247 Ico\" title=\"\" width=\"26\" height=\"26\" data-op3-attachment-id=\"\" \/><\/p>\n<p><a href=\"https:\/\/totemguard.com\/247-connect\/control-remoto-seguro-en-la-nube\/\">NetSupport 247 Connect<\/a><\/p>\n<p><img loading=\"lazy\" decoding=\"async\" class=\"op3-element__image op3-element-image__image\" src=\"https:\/\/totemguard.com\/img\/totemfootericons\/logo-icon-color-compass.png\" alt=\"OA Compass ico\" title=\"\" width=\"26\" height=\"26\" data-op3-attachment-id=\"\" \/><\/p>\n<p><a href=\"https:\/\/totemguard.com\/openathens-compass\/gestion-centralizada-recursos-electronicos\/\">OpenAthens Compass<\/a><\/p>\n<p><img loading=\"lazy\" decoding=\"async\" class=\"op3-element__image op3-element-image__image\" src=\"https:\/\/totemguard.com\/img\/totemfootericons\/Altaro-logo-1.png\" alt=\"VM Backup Ico\" title=\"\" width=\"26\" height=\"26\" data-op3-attachment-id=\"\" \/><\/p>\n<p><a href=\"https:\/\/totemguard.com\/altaro\/\">Altaro VM Backup<\/a><\/p>\n<p><img loading=\"lazy\" decoding=\"async\" class=\"op3-element__image op3-element-image__image\" src=\"https:\/\/totemguard.com\/img\/totemfootericons\/o-icon-svg-1.png\" alt=\"365 Backup Ico\" title=\"\" width=\"26\" height=\"25\" data-op3-attachment-id=\"\" \/><\/p>\n<p><a href=\"https:\/\/totemguard.com\/altaro\/backup-office-365\/\">365 Total Backup<\/a><\/p>\n<\/p>\n<p><img loading=\"lazy\" decoding=\"async\" class=\"op3-element__image op3-element-image__image\" src=\"https:\/\/totemguard.com\/img\/totemfootericons\/hornetfavicon.png\" alt=\"hornet security ico\" title=\"\" width=\"26\" height=\"26\" data-op3-attachment-id=\"\" \/><\/p>\n<p><a href=\"https:\/\/totemguard.com\/365-total-protection\/\">Total Protection<\/a><\/p>\n<p><img loading=\"lazy\" decoding=\"async\" class=\"op3-element__image op3-element-image__image\" src=\"https:\/\/totemguard.com\/img\/totemfootericons\/hornetfavicon.png\" alt=\"hornet security ico\" title=\"\" width=\"26\" height=\"26\" data-op3-attachment-id=\"\" \/><\/p>\n<p><a href=\"https:\/\/totemguard.com\/security-awareness-training\/\">Security Awareness Service<\/a><\/p>\n<p>  \u00a9  TotemGuard Digital Security &#8211; Ronda General Mitre, 126, Planta 6, 08021 Barcelona &#8211; Tel. 932 00 00 88 &#8211;<br \/>\n  <a href=\"https:\/\/www.totemguard.com\/terminos-y-condiciones\"><br \/>\n    Pol\u00edtica de privacidad, Cookies y Aviso Legal<br \/>\n  <\/a><\/p>\n","protected":false},"excerpt":{"rendered":"<p>Con Classroom.Cloud, mant\u00e9n el control de tus clases tanto si tus alumnos est\u00e1n en el aula, como si se conecten desde sus casas. NUEVA MONITORIZACI\u00d3N DE IA Gracias al modulo de e-safety de classroom.cloud, ahora puedes supervisar el uso que hacen los alumnos en plataformas\/chatbots de IA como ChatGPT, Copilot, Gemini, Claude, Perplexity y otros, &hellip; <\/p>\n<p class=\"link-more\"><a href=\"https:\/\/totemguard.com\/classroom-cloud\/funcionalidades\/\" class=\"more-link\">Seguir leyendo<span class=\"screen-reader-text\"> \u00abClassroom Cloud Funcionalidades\u00bb<\/span><\/a><\/p>\n","protected":false},"author":1,"featured_media":0,"parent":0,"menu_order":0,"comment_status":"closed","ping_status":"closed","template":"op_builder_blank","meta":{"footnotes":"","_links_to":"","_links_to_target":""},"class_list":["post-38","page","type-page","status-publish","hentry","entry"],"yoast_head":"<!-- This site is optimized with the Yoast SEO plugin v27.3 - https:\/\/yoast.com\/product\/yoast-seo-wordpress\/ -->\n<title>Classroom Cloud Funcionalidades - TotemGuard<\/title>\n<meta name=\"description\" content=\"Con classroom.cloud, puedes gestionar el aula sin importar que los alumnos est\u00e9n en la escuela o se conecten remotamente desde sus casas\" \/>\n<meta name=\"robots\" content=\"index, follow, max-snippet:-1, max-image-preview:large, max-video-preview:-1\" \/>\n<link rel=\"canonical\" href=\"https:\/\/totemguard.com\/classroom-cloud\/funcionalidades\/\" \/>\n<meta property=\"og:locale\" content=\"es_ES\" \/>\n<meta property=\"og:type\" content=\"article\" \/>\n<meta property=\"og:title\" content=\"Classroom Cloud Funcionalidades - TotemGuard\" \/>\n<meta property=\"og:description\" content=\"Con classroom.cloud, puedes gestionar el aula sin importar que los alumnos est\u00e9n en la escuela o se conecten remotamente desde sus casas\" \/>\n<meta property=\"og:url\" content=\"https:\/\/totemguard.com\/classroom-cloud\/funcionalidades\/\" \/>\n<meta property=\"og:site_name\" content=\"TotemGuard\" \/>\n<meta property=\"article:modified_time\" content=\"2026-03-16T09:43:42+00:00\" \/>\n<meta property=\"og:image\" content=\"https:\/\/totemguard.com\/classroom-cloud\/wp-content\/uploads\/2020\/08\/totemguard-banner.png\" \/>\n<meta name=\"twitter:card\" content=\"summary_large_image\" \/>\n<meta name=\"twitter:label1\" content=\"Tiempo de lectura\" \/>\n\t<meta name=\"twitter:data1\" content=\"9 minutos\" \/>\n<script type=\"application\/ld+json\" class=\"yoast-schema-graph\">{\"@context\":\"https:\\\/\\\/schema.org\",\"@graph\":[{\"@type\":\"WebPage\",\"@id\":\"https:\\\/\\\/totemguard.com\\\/classroom-cloud\\\/funcionalidades\\\/\",\"url\":\"https:\\\/\\\/totemguard.com\\\/classroom-cloud\\\/funcionalidades\\\/\",\"name\":\"Classroom Cloud Funcionalidades - TotemGuard\",\"isPartOf\":{\"@id\":\"https:\\\/\\\/totemguard.com\\\/classroom-cloud\\\/#website\"},\"primaryImageOfPage\":{\"@id\":\"https:\\\/\\\/totemguard.com\\\/classroom-cloud\\\/funcionalidades\\\/#primaryimage\"},\"image\":{\"@id\":\"https:\\\/\\\/totemguard.com\\\/classroom-cloud\\\/funcionalidades\\\/#primaryimage\"},\"thumbnailUrl\":\"https:\\\/\\\/totemguard.com\\\/classroom-cloud\\\/wp-content\\\/uploads\\\/2020\\\/08\\\/totemguard-banner.png\",\"datePublished\":\"2020-08-27T07:39:21+00:00\",\"dateModified\":\"2026-03-16T09:43:42+00:00\",\"description\":\"Con classroom.cloud, puedes gestionar el aula sin importar que los alumnos est\u00e9n en la escuela o se conecten remotamente desde sus casas\",\"breadcrumb\":{\"@id\":\"https:\\\/\\\/totemguard.com\\\/classroom-cloud\\\/funcionalidades\\\/#breadcrumb\"},\"inLanguage\":\"es\",\"potentialAction\":[{\"@type\":\"ReadAction\",\"target\":[\"https:\\\/\\\/totemguard.com\\\/classroom-cloud\\\/funcionalidades\\\/\"]}]},{\"@type\":\"ImageObject\",\"inLanguage\":\"es\",\"@id\":\"https:\\\/\\\/totemguard.com\\\/classroom-cloud\\\/funcionalidades\\\/#primaryimage\",\"url\":\"https:\\\/\\\/totemguard.com\\\/classroom-cloud\\\/wp-content\\\/uploads\\\/2020\\\/08\\\/totemguard-banner.png\",\"contentUrl\":\"https:\\\/\\\/totemguard.com\\\/classroom-cloud\\\/wp-content\\\/uploads\\\/2020\\\/08\\\/totemguard-banner.png\",\"width\":1000,\"height\":175},{\"@type\":\"BreadcrumbList\",\"@id\":\"https:\\\/\\\/totemguard.com\\\/classroom-cloud\\\/funcionalidades\\\/#breadcrumb\",\"itemListElement\":[{\"@type\":\"ListItem\",\"position\":1,\"name\":\"Home\",\"item\":\"https:\\\/\\\/totemguard.com\\\/classroom-cloud\\\/\"},{\"@type\":\"ListItem\",\"position\":2,\"name\":\"Classroom Cloud Funcionalidades\"}]},{\"@type\":\"WebSite\",\"@id\":\"https:\\\/\\\/totemguard.com\\\/classroom-cloud\\\/#website\",\"url\":\"https:\\\/\\\/totemguard.com\\\/classroom-cloud\\\/\",\"name\":\"Classroom Cloud\",\"description\":\"Otro sitio realizado con WordPress\",\"potentialAction\":[{\"@type\":\"SearchAction\",\"target\":{\"@type\":\"EntryPoint\",\"urlTemplate\":\"https:\\\/\\\/totemguard.com\\\/classroom-cloud\\\/?s={search_term_string}\"},\"query-input\":{\"@type\":\"PropertyValueSpecification\",\"valueRequired\":true,\"valueName\":\"search_term_string\"}}],\"inLanguage\":\"es\"}]}<\/script>\n<!-- \/ Yoast SEO plugin. -->","yoast_head_json":{"title":"Classroom Cloud Funcionalidades - TotemGuard","description":"Con classroom.cloud, puedes gestionar el aula sin importar que los alumnos est\u00e9n en la escuela o se conecten remotamente desde sus casas","robots":{"index":"index","follow":"follow","max-snippet":"max-snippet:-1","max-image-preview":"max-image-preview:large","max-video-preview":"max-video-preview:-1"},"canonical":"https:\/\/totemguard.com\/classroom-cloud\/funcionalidades\/","og_locale":"es_ES","og_type":"article","og_title":"Classroom Cloud Funcionalidades - TotemGuard","og_description":"Con classroom.cloud, puedes gestionar el aula sin importar que los alumnos est\u00e9n en la escuela o se conecten remotamente desde sus casas","og_url":"https:\/\/totemguard.com\/classroom-cloud\/funcionalidades\/","og_site_name":"TotemGuard","article_modified_time":"2026-03-16T09:43:42+00:00","og_image":[{"url":"https:\/\/totemguard.com\/classroom-cloud\/wp-content\/uploads\/2020\/08\/totemguard-banner.png","type":"","width":"","height":""}],"twitter_card":"summary_large_image","twitter_misc":{"Tiempo de lectura":"9 minutos"},"schema":{"@context":"https:\/\/schema.org","@graph":[{"@type":"WebPage","@id":"https:\/\/totemguard.com\/classroom-cloud\/funcionalidades\/","url":"https:\/\/totemguard.com\/classroom-cloud\/funcionalidades\/","name":"Classroom Cloud Funcionalidades - TotemGuard","isPartOf":{"@id":"https:\/\/totemguard.com\/classroom-cloud\/#website"},"primaryImageOfPage":{"@id":"https:\/\/totemguard.com\/classroom-cloud\/funcionalidades\/#primaryimage"},"image":{"@id":"https:\/\/totemguard.com\/classroom-cloud\/funcionalidades\/#primaryimage"},"thumbnailUrl":"https:\/\/totemguard.com\/classroom-cloud\/wp-content\/uploads\/2020\/08\/totemguard-banner.png","datePublished":"2020-08-27T07:39:21+00:00","dateModified":"2026-03-16T09:43:42+00:00","description":"Con classroom.cloud, puedes gestionar el aula sin importar que los alumnos est\u00e9n en la escuela o se conecten remotamente desde sus casas","breadcrumb":{"@id":"https:\/\/totemguard.com\/classroom-cloud\/funcionalidades\/#breadcrumb"},"inLanguage":"es","potentialAction":[{"@type":"ReadAction","target":["https:\/\/totemguard.com\/classroom-cloud\/funcionalidades\/"]}]},{"@type":"ImageObject","inLanguage":"es","@id":"https:\/\/totemguard.com\/classroom-cloud\/funcionalidades\/#primaryimage","url":"https:\/\/totemguard.com\/classroom-cloud\/wp-content\/uploads\/2020\/08\/totemguard-banner.png","contentUrl":"https:\/\/totemguard.com\/classroom-cloud\/wp-content\/uploads\/2020\/08\/totemguard-banner.png","width":1000,"height":175},{"@type":"BreadcrumbList","@id":"https:\/\/totemguard.com\/classroom-cloud\/funcionalidades\/#breadcrumb","itemListElement":[{"@type":"ListItem","position":1,"name":"Home","item":"https:\/\/totemguard.com\/classroom-cloud\/"},{"@type":"ListItem","position":2,"name":"Classroom Cloud Funcionalidades"}]},{"@type":"WebSite","@id":"https:\/\/totemguard.com\/classroom-cloud\/#website","url":"https:\/\/totemguard.com\/classroom-cloud\/","name":"Classroom Cloud","description":"Otro sitio realizado con WordPress","potentialAction":[{"@type":"SearchAction","target":{"@type":"EntryPoint","urlTemplate":"https:\/\/totemguard.com\/classroom-cloud\/?s={search_term_string}"},"query-input":{"@type":"PropertyValueSpecification","valueRequired":true,"valueName":"search_term_string"}}],"inLanguage":"es"}]}},"_links":{"self":[{"href":"https:\/\/totemguard.com\/classroom-cloud\/wp-json\/wp\/v2\/pages\/38","targetHints":{"allow":["GET"]}}],"collection":[{"href":"https:\/\/totemguard.com\/classroom-cloud\/wp-json\/wp\/v2\/pages"}],"about":[{"href":"https:\/\/totemguard.com\/classroom-cloud\/wp-json\/wp\/v2\/types\/page"}],"author":[{"embeddable":true,"href":"https:\/\/totemguard.com\/classroom-cloud\/wp-json\/wp\/v2\/users\/1"}],"replies":[{"embeddable":true,"href":"https:\/\/totemguard.com\/classroom-cloud\/wp-json\/wp\/v2\/comments?post=38"}],"version-history":[{"count":99,"href":"https:\/\/totemguard.com\/classroom-cloud\/wp-json\/wp\/v2\/pages\/38\/revisions"}],"predecessor-version":[{"id":744,"href":"https:\/\/totemguard.com\/classroom-cloud\/wp-json\/wp\/v2\/pages\/38\/revisions\/744"}],"wp:attachment":[{"href":"https:\/\/totemguard.com\/classroom-cloud\/wp-json\/wp\/v2\/media?parent=38"}],"curies":[{"name":"wp","href":"https:\/\/api.w.org\/{rel}","templated":true}]}}