{"id":1233,"date":"2020-10-20T14:54:31","date_gmt":"2020-10-20T14:54:31","guid":{"rendered":"https:\/\/totemguard.com\/altaro\/?page_id=1233"},"modified":"2026-03-30T14:15:03","modified_gmt":"2026-03-30T14:15:03","slug":"backup-office-365-beneficios-usuario-final","status":"publish","type":"page","link":"https:\/\/totemguard.com\/altaro\/backup-office-365-beneficios-usuario-final\/","title":{"rendered":"Altaro Backup Office 365 Funcionalidades"},"content":{"rendered":"<p><img loading=\"lazy\" decoding=\"async\" class=\"op3-element__image op3-element-image__image\" src=\"https:\/\/www.totemguard.com\/img\/NetSupport-DNA\/Totemguard-banner.png\" alt=\"Logo banner Totem\" title=\"Logo banner Totem\" width=\"1000\" height=\"175\" data-op3-attachment-id=\"\" \/><img loading=\"lazy\" decoding=\"async\" class=\"op3-element__image op3-element-image__image\" src=\"https:\/\/totemguard.com\/altaro\/wp-content\/uploads\/HS_Logo_black_3c_RZ.png\" alt=\"HS Black Logo\" title=\"HS Black Logo\" width=\"1240\" height=\"614\" data-op3-attachment-id=\"1727\" \/><img loading=\"lazy\" decoding=\"async\" class=\"op3-element__image op3-element-image__image\" src=\"https:\/\/totemguard.com\/altaro\/wp-content\/uploads\/altaro-hornetsecurity-logo.png\" alt=\"Altaro Hornet Logo\" title=\"Altaro Hornet Logo\" width=\"165\" height=\"40\" data-op3-attachment-id=\"1630\" \/><\/p>\n<h2>&nbsp;365 Total Backup <\/h2>\n<h2>Copia de seguridad automatizada y restauraci\u00f3n de Microsoft 365<\/h2>\n<p>Su sencilla configuraci\u00f3n y gesti\u00f3n multitenant permite respaldar hasta cuatro veces al d\u00eda de manera autom\u00e1tica todos los datos y restablecerlos sin interrupciones desde cualquier punto en el tiempo. Para endpoints, las copias se pueden configurar cada 1 y 24 horas.<\/p>\n<h4>Buzones de correo de grupos y usuarios de Microsoft 365<\/h4>\n<p>Emails, entradas en el calendario y direcciones de contacto<\/p>\n<h4>Bibliotecas de documentos de Sharepoint y OneDrive<\/h4>\n<h4>Permisos de acceso, archivos y comunicaci\u00f3n, conversaciones de canales de Teams, incluyendo grabaciones de reuniones.<\/h4>\n<h4>Chats de Teams<\/h4>\n<p>Chats de usuarios y de grupos, as\u00ed como cualquier otro archivo compartido en chats de Teams, reuniones y conversaciones en canales de equipos, incluidas grabaciones de reuniones.<\/p>\n<h4>Endpoints de usuario basados en Windows<\/h4>\n<p>Archivos y carpetas en escritorios y port\u00e1tiles Windows sin necesidad de VPN<\/p>\n<p><a aria-label=\"Button link\" class=\"op3-element__tcp--non-a op3-link op3-background-ancestor\" target=\"_self\"  data-op-action=\"popoverlay\" data-op-popoverlay-trigger=\"KhNpnDrq\" data-op-select-funnel-step=\"\" data-op3-smooth-scroll=\"\" data-op-effect-style=\"\" data-op-effect-style-hover=\"\" data-op-courseaction=\"\" href=\"#\">Pru\u00e9balo gratis ahora<\/a><\/p>\n<h2>F\u00e1cil y r\u00e1pido de configurar: 3 pasos en 30 segundos<\/h2>\n<p><img loading=\"lazy\" decoding=\"async\" class=\"op3-element__image op3-element-image__image\" src=\"https:\/\/totemguard.com\/altaro\/wp-content\/uploads\/365_Total_Protection_Enterprise_Backup___Hornetsecurity.jpg\" alt=\"\" title=\"365_Total_Protection_Enterprise_Backup___Hornetsecurity\" width=\"1578\" height=\"378\" data-op3-attachment-id=\"2087\" \/><\/p>\n<p>FUNCIONALIDADES<\/p>\n<h2>Copias de seguridad<\/h2>\n<p>Gesti\u00f3n Multitenat online de todas las copias de seguridad de puntos de conexi\u00f3n de Windows y organizaciones M365. Supervisi\u00f3n central<br \/>\n de copias de seguridad y actividades de restablecimiento. Historial<br \/>\nreciente y ajuste de notificaciones para estados de copias correctos,<br \/>\nfallidos y alertas por e-mail o resumen diario.Sin necesidad de VPN copias de seguridad de cualquier endpoint, ya sea en la oficina o en cualquier otro lugar del mundo.Configuraci\u00f3n de pol\u00edticas para grandes grupos de endpoints de Microsoft para definir la retenci\u00f3n, frecuencia, almacenamiento en la nube y directorios de copias de seguridad.<img loading=\"lazy\" decoding=\"async\" class=\"op3-element__image op3-element-image__image\" src=\"https:\/\/totemguard.com\/altaro\/wp-content\/uploads\/madeEU.png\" alt=\"madeEU\" title=\"madeEU\" width=\"212\" height=\"146\" data-op3-attachment-id=\"3230\" \/><img loading=\"lazy\" decoding=\"async\" class=\"op3-element__image op3-element-image__image\" src=\"https:\/\/totemguard.com\/altaro\/wp-content\/uploads\/GDPR-1.png\" alt=\"GDPR EU\" title=\"GDPR EU\" width=\"273\" height=\"154\" data-op3-attachment-id=\"3229\" \/><img loading=\"lazy\" decoding=\"async\" class=\"op3-element__image op3-element-image__image\" src=\"https:\/\/totemguard.com\/altaro\/wp-content\/uploads\/365-tp-users.png\" alt=\"365-tp-users\" title=\"365-tp-users\" width=\"2559\" height=\"1258\" data-op3-attachment-id=\"3626\" \/><img loading=\"lazy\" decoding=\"async\" class=\"op3-element__image op3-element-image__image\" src=\"https:\/\/totemguard.com\/altaro\/wp-content\/uploads\/365-tp-sites.png\" alt=\"365-tp-sites\" title=\"365-tp-sites\" width=\"2558\" height=\"1272\" data-op3-attachment-id=\"3625\" \/><img loading=\"lazy\" decoding=\"async\" class=\"op3-element__image op3-element-image__image\" src=\"https:\/\/totemguard.com\/altaro\/wp-content\/uploads\/365-tp-restore.png\" alt=\"365-tp-restore\" title=\"365-tp-restore\" width=\"2555\" height=\"1262\" data-op3-attachment-id=\"3624\" \/><img loading=\"lazy\" decoding=\"async\" class=\"op3-element__image op3-element-image__image\" src=\"https:\/\/totemguard.com\/altaro\/wp-content\/uploads\/365-tp-granular.png\" alt=\"365-tp-granular\" title=\"365-tp-granular\" width=\"2556\" height=\"1264\" data-op3-attachment-id=\"3623\" \/><\/p>\n<p>FUNCIONALIDADES<\/p>\n<h2>Restauraci\u00f3n de datos<\/h2>\n<p>Restauraci\u00f3n de cualquier versi\u00f3n del archivo, conversaci\u00f3n o buz\u00f3n de correo existentes en la copia de seguridad.Recuperaci\u00f3n completa o selectiva de buzones de mail o archivos perdidos, da\u00f1ados o borrados. Restaurar archivos OneDrive y SharePoint a un zip descargable o restaurarlos de nuevo a una Cuenta OneDrive o&nbsp; SharePoint.Restauraci\u00f3n de todos los archivos y carpetas de un entorno de trabajo o port\u00e1til Windows a su m\u00e1quina original o a un servidor de gesti\u00f3n de endpoints.B\u00fasqueda f\u00e1cil de las copias de seguridad a trav\u00e9s de varios filtros para simplificar la navegaci\u00f3n. Los filtros incluyen los nombres de remitente, destinatarios, asunto y archivos adjuntos.Archivar o migrar buzones: todos los correos electr\u00f3nicos de un buz\u00f3n se pueden restaurar en un archivo PST descargable. Este archivo se abre en Outlook para ver y restaurar correos electr\u00f3nicos individuales y archivos adjuntos.Objetivo de punto de recuperaci\u00f3n (RPO) m\u00ednimo al realizarse autom\u00e1ticamente copias  varias veces al d\u00eda, lo que garantiza un RPO bajo en caso de p\u00e9rdida o da\u00f1o de datos.Auditor\u00eda de logs: Registro de inicios de sesi\u00f3n, acciones y restauraciones de los administradores.<img loading=\"lazy\" decoding=\"async\" class=\"op3-element__image op3-element-image__image\" src=\"https:\/\/totemguard.com\/altaro\/wp-content\/uploads\/Certificado-ENS.jpeg\" alt=\"\" title=\"Certificado ENS\" width=\"200\" height=\"231\" data-op3-attachment-id=\"2182\" \/><img loading=\"lazy\" decoding=\"async\" class=\"op3-element__image op3-element-image__image\" src=\"https:\/\/totemguard.com\/altaro\/wp-content\/uploads\/365-tp-audit.png\" alt=\"365-tp-audit\" title=\"365-tp-audit\" width=\"2558\" height=\"1270\" data-op3-attachment-id=\"3628\" \/><a aria-label=\"Button link\" class=\"op3-element__tcp--non-a op3-link op3-background-ancestor\" target=\"_self\"  data-op-action=\"popoverlay\" data-op-popoverlay-trigger=\"KhNpnDrq\" data-op-select-funnel-step=\"\" data-op3-smooth-scroll=\"0\" data-op-effect-style=\"\" data-op-effect-style-hover=\"\" data-op-courseaction=\"\" href=\"#\">Reg\u00edstrate para evaluar 365 Total Backup<\/a><\/p>\n<h2>Gesti\u00f3n f\u00e1cil sin necesidad de instalaci\u00f3n<\/h2>\n<p>M\u00e1s de 50.000 empresas de todos los tama\u00f1os conf\u00edan en 365 total Backup de Hornetsecurity para proteger a sus usuarios<\/p>\n<h4>Almacenamiento ilimitado<\/h4>\n<h4>Retenci\u00f3n indefinida<\/h4>\n<h4>Cifrado completo AES 256 <\/h4>\n<h4>Consola web para gestionar y monitorizar backups<\/h4>\n<h4>Sin necesidad de formaci\u00f3n para la configuraci\u00f3n y uso<\/h4>\n<h4>Doble Factor de autentificaci\u00f3n (2FA)<\/h4>\n<p><img loading=\"lazy\" decoding=\"async\" class=\"op3-element__image op3-element-image__image\" src=\"https:\/\/totemguard.com\/altaro\/wp-content\/uploads\/backup-365-restauracion-hornet.png\" alt=\"backup-365-restauracion-hornet\" title=\"backup-365-restauracion-hornet\" width=\"1500\" height=\"675\" data-op3-attachment-id=\"2044\" \/><\/p>\n<h2>Cuanto cuesta tu tranquilidad<\/h2>\n<p>Protege tus datos con 365 Total Backup o con el paquete completo 365 Total Protection Backup para un mayor grado de seguridad en tu infraestructura M365<\/p>\n<p><a aria-label=\"Button link\" href=\"https:\/\/totemguard.com\/altaro\/backup-office-365-precios\/\" class=\"op3-element__tcp--non-a op3-link op3-background-ancestor\" target=\"_blank\" rel=\"nofollow\" data-op-action=\"link\" data-op-select-funnel-step=\"\" data-op3-smooth-scroll=\"0\" data-op-effect-style=\"\" data-op-effect-style-hover=\"\" data-op-courseaction=\"\">Conoce el plan de precios<\/a><\/p>\n<h2>76% de los ataques ocurren a trav\u00e9s del correo electr\u00f3nico<\/h2>\n<h5>Aumenta el nivel de seguridad con 365 Total Protection Backup<\/h5>\n<p>Adem\u00e1s de M365 Total backup puedes incluir medidas adicionales de seguridad y cumplimiento normativo del correo electr\u00f3nico.<\/p>\n<p><a aria-label=\"Button link\" href=\"https:\/\/totemguard.com\/365-total-protection\/enterprise-backup\/\" class=\"op3-element__tcp--non-a op3-link op3-background-ancestor\" target=\"_blank\" rel=\"nofollow\" data-op-action=\"link\" data-op-select-funnel-step=\"\" data-op3-smooth-scroll=\"0\" data-op-effect-style=\"\" data-op-effect-style-hover=\"\" data-op-courseaction=\"\">Conoce 365 Total Protection Enterprise Backup<\/a><\/p>\n<p>Contacta con nosotros:<\/p>\n<p>Ronda General Mitre 126, Planta 6<br \/>\n08021 Barcelona<\/p>\n<p>Tel. 93 200 00 88<\/p>\n<p>comercial@totemguard.com<\/p>\n<p>Nuestros productos<\/p>\n<p><img loading=\"lazy\" decoding=\"async\" class=\"op3-element__image op3-element-image__image\" src=\"https:\/\/totemguard.com\/img\/totemfootericons\/dnaico.png\" alt=\"DNA Icon\" title=\"\" width=\"512\" height=\"256\" data-op3-attachment-id=\"\" \/><\/p>\n<p><a href=\"https:\/\/totemguard.com\/netsupport-dna\/inventario-hardware-software-licencias\/\">NetSupport DNA<\/a><\/p>\n<p><img loading=\"lazy\" decoding=\"async\" class=\"op3-element__image op3-element-image__image\" src=\"https:\/\/totemguard.com\/img\/totemfootericons\/nsmico.png\" alt=\"NSM Ico\" title=\"\" width=\"26\" height=\"26\" data-op3-attachment-id=\"\" \/><\/p>\n<p><a href=\"https:\/\/totemguard.com\/netsupport-manager\/control-remoto-windows-linux-mac\/\">NetSupport Manager<\/a><\/p>\n<p><img loading=\"lazy\" decoding=\"async\" class=\"op3-element__image op3-element-image__image\" src=\"https:\/\/totemguard.com\/img\/totemfootericons\/nssico.png\" alt=\"NSS Ico\" title=\"\" width=\"26\" height=\"26\" data-op3-attachment-id=\"\" \/><\/p>\n<p><a href=\"https:\/\/totemguard.com\/netsupport-school\/control-gestion-aula-tic\/\">NetSupport School<\/a><\/p>\n<p><img loading=\"lazy\" decoding=\"async\" class=\"op3-element__image op3-element-image__image\" src=\"https:\/\/totemguard.com\/img\/totemfootericons\/nsnico.png\" alt=\"NSN Ico\" title=\"\" width=\"26\" height=\"26\" data-op3-attachment-id=\"\" \/><\/p>\n<p><a href=\"https:\/\/totemguard.com\/netsupport-notify\/mensajes-ordenadores-red\/\">NetSupport Notify<\/a><\/p>\n<\/p>\n<p><img loading=\"lazy\" decoding=\"async\" class=\"op3-element__image op3-element-image__image\" src=\"https:\/\/totemguard.com\/img\/totemfootericons\/247connectico.png\" alt=\"247 Ico\" title=\"\" width=\"26\" height=\"26\" data-op3-attachment-id=\"\" \/><\/p>\n<p><a href=\"https:\/\/totemguard.com\/247-connect\/control-remoto-seguro-en-la-nube\/\">NetSupport 247 Connect<\/a><\/p>\n<p><img loading=\"lazy\" decoding=\"async\" class=\"op3-element__image op3-element-image__image\" src=\"https:\/\/totemguard.com\/img\/totemfootericons\/logo-icon-color-compass.png\" alt=\"OA Compass ico\" title=\"\" width=\"26\" height=\"26\" data-op3-attachment-id=\"\" \/><\/p>\n<p><a href=\"https:\/\/totemguard.com\/openathens-compass\/gestion-centralizada-recursos-electronicos\/\">OpenAthens Compass<\/a><\/p>\n<p><img loading=\"lazy\" decoding=\"async\" class=\"op3-element__image op3-element-image__image\" src=\"https:\/\/totemguard.com\/img\/totemfootericons\/Altaro-logo-1.png\" alt=\"VM Backup Ico\" title=\"\" width=\"26\" height=\"26\" data-op3-attachment-id=\"\" \/><\/p>\n<p><a href=\"https:\/\/totemguard.com\/altaro\/\">Altaro VM Backup<\/a><\/p>\n<p><img loading=\"lazy\" decoding=\"async\" class=\"op3-element__image op3-element-image__image\" src=\"https:\/\/totemguard.com\/img\/totemfootericons\/o-icon-svg-1.png\" alt=\"365 Backup Ico\" title=\"\" width=\"26\" height=\"25\" data-op3-attachment-id=\"\" \/><\/p>\n<p><a href=\"https:\/\/totemguard.com\/altaro\/backup-office-365\/\">365 Total Backup<\/a><\/p>\n<\/p>\n<p><img loading=\"lazy\" decoding=\"async\" class=\"op3-element__image op3-element-image__image\" src=\"https:\/\/totemguard.com\/img\/totemfootericons\/hornetfavicon.png\" alt=\"hornet security ico\" title=\"\" width=\"26\" height=\"26\" data-op3-attachment-id=\"\" \/><\/p>\n<p><a href=\"https:\/\/totemguard.com\/365-total-protection\/\">Total Protection<\/a><\/p>\n<p><img loading=\"lazy\" decoding=\"async\" class=\"op3-element__image op3-element-image__image\" src=\"https:\/\/totemguard.com\/img\/totemfootericons\/hornetfavicon.png\" alt=\"hornet security ico\" title=\"\" width=\"26\" height=\"26\" data-op3-attachment-id=\"\" \/><\/p>\n<p><a href=\"https:\/\/totemguard.com\/security-awareness-training\/\">Security Awareness Service<\/a><\/p>\n<p>\u00a9 2022 TotemGuard Digital Security &#8211; Ronda General Mitre, 126, Planta 6, 08021 Barcelona &#8211; Tel. 932 00 00 88 &#8211;&nbsp;<a href=\"https:\/\/www.totemguard.com\/terminos-y-condiciones\" target=\"_blank;\" style=\"font-size: 9px; font-family: &quot;PT Sans&quot;, sans-serif; color: rgb(46, 130, 188); background-color: rgb(255, 255, 255);\">Pol\u00edtica de privacidad, Cookies y Aviso Legal<\/a><\/p>\n","protected":false},"excerpt":{"rendered":"<p>Altaro Backup para servidores f\u00edsicos permite realizar copias de seguridad de servidores f\u00edsicos para poder restaurarlos posteriormente en una m\u00e1quina virtual<\/p>\n","protected":false},"author":1,"featured_media":0,"parent":0,"menu_order":0,"comment_status":"closed","ping_status":"closed","template":"op_builder_blank","meta":{"footnotes":"","_links_to":"","_links_to_target":""},"class_list":["post-1233","page","type-page","status-publish","hentry","entry"],"yoast_head":"<!-- This site is optimized with the Yoast SEO plugin v27.0 - https:\/\/yoast.com\/product\/yoast-seo-wordpress\/ -->\n<title>Altaro Backup Office 365 Funcionalidades - Altaro<\/title>\n<meta name=\"description\" content=\"Altaro Office 365 backup permite realizar copias de seguridad de tus cuentas Office 365 y poder restaurar sus elementos para no perder datos\" \/>\n<meta name=\"robots\" content=\"index, follow, max-snippet:-1, max-image-preview:large, max-video-preview:-1\" \/>\n<link rel=\"canonical\" href=\"https:\/\/totemguard.com\/altaro\/backup-office-365-beneficios-usuario-final\/\" \/>\n<meta property=\"og:locale\" content=\"es_ES\" \/>\n<meta property=\"og:type\" content=\"article\" \/>\n<meta property=\"og:title\" content=\"Altaro Backup Office 365 Funcionalidades - Altaro\" \/>\n<meta property=\"og:description\" content=\"Altaro Office 365 backup permite realizar copias de seguridad de tus cuentas Office 365 y poder restaurar sus elementos para no perder datos\" \/>\n<meta property=\"og:url\" content=\"https:\/\/totemguard.com\/altaro\/backup-office-365-beneficios-usuario-final\/\" \/>\n<meta property=\"og:site_name\" content=\"Altaro\" \/>\n<meta property=\"article:modified_time\" content=\"2026-03-30T14:15:03+00:00\" \/>\n<meta property=\"og:image\" content=\"https:\/\/www.totemguard.com\/img\/NetSupport-DNA\/Totemguard-banner.png\" \/>\n<meta name=\"twitter:card\" content=\"summary_large_image\" \/>\n<meta name=\"twitter:label1\" content=\"Tiempo de lectura\" \/>\n\t<meta name=\"twitter:data1\" content=\"3 minutos\" \/>\n<script type=\"application\/ld+json\" class=\"yoast-schema-graph\">{\"@context\":\"https:\/\/schema.org\",\"@graph\":[{\"@type\":\"WebPage\",\"@id\":\"https:\/\/totemguard.com\/altaro\/backup-office-365-beneficios-usuario-final\/\",\"url\":\"https:\/\/totemguard.com\/altaro\/backup-office-365-beneficios-usuario-final\/\",\"name\":\"Altaro Backup Office 365 Funcionalidades - Altaro\",\"isPartOf\":{\"@id\":\"https:\/\/totemguard.com\/altaro\/#website\"},\"primaryImageOfPage\":{\"@id\":\"https:\/\/totemguard.com\/altaro\/backup-office-365-beneficios-usuario-final\/#primaryimage\"},\"image\":{\"@id\":\"https:\/\/totemguard.com\/altaro\/backup-office-365-beneficios-usuario-final\/#primaryimage\"},\"thumbnailUrl\":\"https:\/\/www.totemguard.com\/img\/NetSupport-DNA\/Totemguard-banner.png\",\"datePublished\":\"2020-10-20T14:54:31+00:00\",\"dateModified\":\"2026-03-30T14:15:03+00:00\",\"description\":\"Altaro Office 365 backup permite realizar copias de seguridad de tus cuentas Office 365 y poder restaurar sus elementos para no perder datos\",\"breadcrumb\":{\"@id\":\"https:\/\/totemguard.com\/altaro\/backup-office-365-beneficios-usuario-final\/#breadcrumb\"},\"inLanguage\":\"es\",\"potentialAction\":[{\"@type\":\"ReadAction\",\"target\":[\"https:\/\/totemguard.com\/altaro\/backup-office-365-beneficios-usuario-final\/\"]}]},{\"@type\":\"ImageObject\",\"inLanguage\":\"es\",\"@id\":\"https:\/\/totemguard.com\/altaro\/backup-office-365-beneficios-usuario-final\/#primaryimage\",\"url\":\"https:\/\/www.totemguard.com\/img\/NetSupport-DNA\/Totemguard-banner.png\",\"contentUrl\":\"https:\/\/www.totemguard.com\/img\/NetSupport-DNA\/Totemguard-banner.png\"},{\"@type\":\"BreadcrumbList\",\"@id\":\"https:\/\/totemguard.com\/altaro\/backup-office-365-beneficios-usuario-final\/#breadcrumb\",\"itemListElement\":[{\"@type\":\"ListItem\",\"position\":1,\"name\":\"Portada\",\"item\":\"https:\/\/totemguard.com\/altaro\/\"},{\"@type\":\"ListItem\",\"position\":2,\"name\":\"Altaro Backup Office 365 Funcionalidades\"}]},{\"@type\":\"WebSite\",\"@id\":\"https:\/\/totemguard.com\/altaro\/#website\",\"url\":\"https:\/\/totemguard.com\/altaro\/\",\"name\":\"Altaro\",\"description\":\"Altaro, Hyper-V, VMware Backup y Replicaci\u00f3n\",\"potentialAction\":[{\"@type\":\"SearchAction\",\"target\":{\"@type\":\"EntryPoint\",\"urlTemplate\":\"https:\/\/totemguard.com\/altaro\/?s={search_term_string}\"},\"query-input\":{\"@type\":\"PropertyValueSpecification\",\"valueRequired\":true,\"valueName\":\"search_term_string\"}}],\"inLanguage\":\"es\"}]}<\/script>\n<!-- \/ Yoast SEO plugin. -->","yoast_head_json":{"title":"Altaro Backup Office 365 Funcionalidades - Altaro","description":"Altaro Office 365 backup permite realizar copias de seguridad de tus cuentas Office 365 y poder restaurar sus elementos para no perder datos","robots":{"index":"index","follow":"follow","max-snippet":"max-snippet:-1","max-image-preview":"max-image-preview:large","max-video-preview":"max-video-preview:-1"},"canonical":"https:\/\/totemguard.com\/altaro\/backup-office-365-beneficios-usuario-final\/","og_locale":"es_ES","og_type":"article","og_title":"Altaro Backup Office 365 Funcionalidades - Altaro","og_description":"Altaro Office 365 backup permite realizar copias de seguridad de tus cuentas Office 365 y poder restaurar sus elementos para no perder datos","og_url":"https:\/\/totemguard.com\/altaro\/backup-office-365-beneficios-usuario-final\/","og_site_name":"Altaro","article_modified_time":"2026-03-30T14:15:03+00:00","og_image":[{"url":"https:\/\/www.totemguard.com\/img\/NetSupport-DNA\/Totemguard-banner.png","type":"","width":"","height":""}],"twitter_card":"summary_large_image","twitter_misc":{"Tiempo de lectura":"3 minutos"},"schema":{"@context":"https:\/\/schema.org","@graph":[{"@type":"WebPage","@id":"https:\/\/totemguard.com\/altaro\/backup-office-365-beneficios-usuario-final\/","url":"https:\/\/totemguard.com\/altaro\/backup-office-365-beneficios-usuario-final\/","name":"Altaro Backup Office 365 Funcionalidades - Altaro","isPartOf":{"@id":"https:\/\/totemguard.com\/altaro\/#website"},"primaryImageOfPage":{"@id":"https:\/\/totemguard.com\/altaro\/backup-office-365-beneficios-usuario-final\/#primaryimage"},"image":{"@id":"https:\/\/totemguard.com\/altaro\/backup-office-365-beneficios-usuario-final\/#primaryimage"},"thumbnailUrl":"https:\/\/www.totemguard.com\/img\/NetSupport-DNA\/Totemguard-banner.png","datePublished":"2020-10-20T14:54:31+00:00","dateModified":"2026-03-30T14:15:03+00:00","description":"Altaro Office 365 backup permite realizar copias de seguridad de tus cuentas Office 365 y poder restaurar sus elementos para no perder datos","breadcrumb":{"@id":"https:\/\/totemguard.com\/altaro\/backup-office-365-beneficios-usuario-final\/#breadcrumb"},"inLanguage":"es","potentialAction":[{"@type":"ReadAction","target":["https:\/\/totemguard.com\/altaro\/backup-office-365-beneficios-usuario-final\/"]}]},{"@type":"ImageObject","inLanguage":"es","@id":"https:\/\/totemguard.com\/altaro\/backup-office-365-beneficios-usuario-final\/#primaryimage","url":"https:\/\/www.totemguard.com\/img\/NetSupport-DNA\/Totemguard-banner.png","contentUrl":"https:\/\/www.totemguard.com\/img\/NetSupport-DNA\/Totemguard-banner.png"},{"@type":"BreadcrumbList","@id":"https:\/\/totemguard.com\/altaro\/backup-office-365-beneficios-usuario-final\/#breadcrumb","itemListElement":[{"@type":"ListItem","position":1,"name":"Portada","item":"https:\/\/totemguard.com\/altaro\/"},{"@type":"ListItem","position":2,"name":"Altaro Backup Office 365 Funcionalidades"}]},{"@type":"WebSite","@id":"https:\/\/totemguard.com\/altaro\/#website","url":"https:\/\/totemguard.com\/altaro\/","name":"Altaro","description":"Altaro, Hyper-V, VMware Backup y Replicaci\u00f3n","potentialAction":[{"@type":"SearchAction","target":{"@type":"EntryPoint","urlTemplate":"https:\/\/totemguard.com\/altaro\/?s={search_term_string}"},"query-input":{"@type":"PropertyValueSpecification","valueRequired":true,"valueName":"search_term_string"}}],"inLanguage":"es"}]}},"_links":{"self":[{"href":"https:\/\/totemguard.com\/altaro\/wp-json\/wp\/v2\/pages\/1233","targetHints":{"allow":["GET"]}}],"collection":[{"href":"https:\/\/totemguard.com\/altaro\/wp-json\/wp\/v2\/pages"}],"about":[{"href":"https:\/\/totemguard.com\/altaro\/wp-json\/wp\/v2\/types\/page"}],"author":[{"embeddable":true,"href":"https:\/\/totemguard.com\/altaro\/wp-json\/wp\/v2\/users\/1"}],"replies":[{"embeddable":true,"href":"https:\/\/totemguard.com\/altaro\/wp-json\/wp\/v2\/comments?post=1233"}],"version-history":[{"count":138,"href":"https:\/\/totemguard.com\/altaro\/wp-json\/wp\/v2\/pages\/1233\/revisions"}],"predecessor-version":[{"id":3630,"href":"https:\/\/totemguard.com\/altaro\/wp-json\/wp\/v2\/pages\/1233\/revisions\/3630"}],"wp:attachment":[{"href":"https:\/\/totemguard.com\/altaro\/wp-json\/wp\/v2\/media?parent=1233"}],"curies":[{"name":"wp","href":"https:\/\/api.w.org\/{rel}","templated":true}]}}