{"id":77,"date":"2025-04-17T13:07:58","date_gmt":"2025-04-17T11:07:58","guid":{"rendered":"https:\/\/totemguard.com\/247-connect\/?page_id=77"},"modified":"2026-01-22T10:57:14","modified_gmt":"2026-01-22T09:57:14","slug":"precios","status":"publish","type":"page","link":"https:\/\/totemguard.com\/247-connect\/precios\/","title":{"rendered":"247 Connect Precios"},"content":{"rendered":"<p><img loading=\"lazy\" decoding=\"async\" class=\"op3-element__image op3-element-image__image\" src=\"https:\/\/totemguard.com\/247-connect\/wp-content\/uploads\/2025\/04\/totemguard-banner.png\" alt=\"totemguard-banner\" title=\"totemguard-banner\" width=\"1000\" height=\"175\" data-op3-attachment-id=\"17\" \/><img loading=\"lazy\" decoding=\"async\" class=\"op3-element__image op3-element-image__image\" src=\"https:\/\/totemguard.com\/247-connect\/wp-content\/uploads\/2025\/04\/logo-blue-black-small.png\" alt=\"logo-blue-black-small\" title=\"logo-blue-black-small\" width=\"449\" height=\"114\" data-op3-attachment-id=\"35\" \/><\/p>\n<h2>Precios NetSupport 247 Connect<\/h2>\n<p>Lite&nbsp;para equipos de una sola persona\u20ac 20.70\/ mes (facturado anualmente)1 licencia bajo demandaOperarios Ilimitados100 Dispositivos DesatendidosStandard&nbsp;para equipos de soporte peque\u00f1os\u20ac 31.05\/ mes (facturado anualmente)20 licencias bajo demandaOperarios Ilimitados500 Dispositivos DesatendidosAdvanced para grandes empresas\u20ac 69\/ mes (facturado anualmente)100 licencias bajo demandaOperarios Ilimitados1000 Dispositivos Desatendidos<\/p>\n<p>247 Connect ofrece dos tipos de licenciamiento que pueden combinarse seg\u00fan las necesidades de cada organizaci\u00f3n:<\/p>\n<p>Licenciamiento bajo demanda,&nbsp; que&nbsp;est\u00e1 pensado para situaciones en las que se requiere soporte remoto puntual, es decir, para equipos que no tienen instalado el cliente de NetSupport 247 Connect de forma permanente.<\/p>\n<p>Licenciamiento para equipos gestionados.&nbsp;Para cuando necesitas tener el cliente de NetSupport 247 Connect instalado de manera permanente en los dispositivos. Permite acceder remotamente a los equipos en cualquier momento, sin depender de la intervenci\u00f3n del usuario, facilitando la gesti\u00f3n y el soporte continuo de los dispositivos de la organizaci\u00f3n.<\/p>\n<p>Ambos modelos pueden utilizarse de manera independiente o conjunta, adapt\u00e1ndose a entornos donde se requiera tanto soporte bajo demanda como gesti\u00f3n remota permanente de equipos.<\/p>\n<p>A continuaci\u00f3n pasamos a indicar en mas detalle los precios.<\/p>\n<\/p>\n<h1>Licenciamiento bajo demanda<\/h1>\n<p>Este modo te permite conectarte a equipos bajo demanda para realizar ofrecer soporte o realizar tareas.<\/p>\n<p>Hasta 5 conexiones concurrentes por operario:<\/p>\n<h1>TARIFA PLANA 207\u20ac \/A\u00d1O POR OPERADOR<\/h1>\n<h1>Dispositivos gestionados<\/h1>\n<p>Con\u00e9ctate a cualquier dispositivo que tenga instalado el agente de NetSupport 247 Connect sin importar el n\u00famero de operarios que necesites.<\/p>\n<p>.pricing-table {<br \/>\n    width: 100%;<br \/>\n    border-collapse: collapse;<br \/>\n    margin: 20px 0;<br \/>\n    font-family: &#8216;IBM Plex Sans&#8217;, sans-serif;<br \/>\n    font-size: 20px;<br \/>\n}<br \/>\n.pricing-table th, .pricing-table td {<br \/>\n    border: 1px solid #ddd;<br \/>\n    padding: 12px;<br \/>\n    text-align: center;<br \/>\n    width: 50%; \/* Make each column 50% *\/<br \/>\n    box-sizing: border-box;<br \/>\n}<br \/>\n.pricing-table th {<br \/>\n    background-color: #3498db;<br \/>\n    color: white;<br \/>\n    font-weight: bold;<br \/>\n}<br \/>\n.pricing-table tr:nth-child(even) {<br \/>\n    background-color: #f9f9f9;<br \/>\n}<br \/>\n.pricing-table tr:hover {<br \/>\n    background-color: #f1f1f1;<br \/>\n}<br \/>\n.highlight {<br \/>\n    font-weight: bold;<br \/>\n    color: #2a6496;<br \/>\n}<br \/>\n@media screen and (max-width: 600px) {<br \/>\n    .pricing-table {<br \/>\n        font-size: 14px;<br \/>\n    }<br \/>\n    .pricing-table th, .pricing-table td {<br \/>\n        padding: 6px;<br \/>\n    }<br \/>\n}<\/p>\n<p>      Agentes<br \/>\n      Coste Anual por Agente<\/p>\n<p>      1-99<br \/>\n      \u20ac4.60<\/p>\n<p>      100-499<br \/>\n      \u20ac3.45<\/p>\n<p>      500+<br \/>\n      \u20ac2.90<\/p>\n<p><a aria-label=\"Button link\" class=\"op3-element__tcp--non-a op3-link op3-background-ancestor\" target=\"_blank\" rel=\"nofollow\" data-op-action=\"popoverlay\" data-op-popoverlay-trigger=\"Z3zrBw2n\" data-op-select-funnel-step=\"\" data-op-animation-trigger=\"scroll\" data-op-animation-style=\"scale-up\" data-op-animation-loop=\"0\" data-op-timer-minutes=\"0\" data-op-timer-seconds=\"0\" data-op3-smooth-scroll=\"0\" data-op-effect-style=\"\" data-op-effect-style-hover=\"\" data-op-courseaction=\"\" href=\"#\">Prueba GRATIS de 14 d\u00edas<\/a><\/p>\n<p>\u00bfNecesitas algo m\u00e1s?<\/p>\n<p>Nuestro objetivo es la flexibilidad, para ofrecerte una soluci\u00f3n a medida. Contacta con nosotros si necesitas combinar licencias y paquetes que cubran tanto dispositivos desatendidos como bajo demanda.<\/p>\n<p>Te garantizamos que encontraremos un plan adaptado a tus necesidades.<\/p>\n<h2>Una soluci\u00f3n escalable<\/h2>\n<p>Licenciamiento <\/p>\n<p>Si en un futuro necesitas m\u00e1s licencias, NetSupport 247 Connect se adapta f\u00e1cilmente permiti\u00e9ndote a\u00f1adir tantas licencias necesites en cualquier momento<\/p>\n<p><a aria-label=\"Button link\" class=\"op3-element__tcp--non-a op3-link op3-background-ancestor\" target=\"_self\"  data-op-action=\"popoverlay\" data-op-popoverlay-trigger=\"OSkvs79b\" data-op-select-funnel-step=\"\" data-op3-smooth-scroll=\"0\" data-op-effect-style=\"\" data-op-effect-style-hover=\"\" data-op-courseaction=\"\" href=\"#\">Solicita un presupuestosin compromiso<\/a><\/p>\n<p>Contacta con nosotros:<\/p>\n<p>Ronda General Mitre 126, Planta 6<br \/>\n08021 Barcelona<\/p>\n<p>Tel. 93 200 00 88<\/p>\n<p>comercial@totemguard.com<\/p>\n<p>Nuestros productos<\/p>\n<p><img loading=\"lazy\" decoding=\"async\" class=\"op3-element__image op3-element-image__image\" src=\"https:\/\/totemguard.com\/img\/totemfootericons\/dnaico.png\" alt=\"DNA Icon\" title=\"\" width=\"512\" height=\"256\" data-op3-attachment-id=\"\" \/><\/p>\n<p><a href=\"https:\/\/totemguard.com\/netsupport-dna\/inventario-hardware-software-licencias\/\">NetSupport DNA<\/a><\/p>\n<p><img loading=\"lazy\" decoding=\"async\" class=\"op3-element__image op3-element-image__image\" src=\"https:\/\/totemguard.com\/img\/totemfootericons\/nsmico.png\" alt=\"NSM Ico\" title=\"\" width=\"26\" height=\"26\" data-op3-attachment-id=\"\" \/><\/p>\n<p><a href=\"https:\/\/totemguard.com\/netsupport-manager\/control-remoto-windows-linux-mac\/\">NetSupport Manager<\/a><\/p>\n<p><img loading=\"lazy\" decoding=\"async\" class=\"op3-element__image op3-element-image__image\" src=\"https:\/\/totemguard.com\/img\/totemfootericons\/nssico.png\" alt=\"NSS Ico\" title=\"\" width=\"26\" height=\"26\" data-op3-attachment-id=\"\" \/><\/p>\n<p><a href=\"https:\/\/totemguard.com\/netsupport-school\/control-gestion-aula-tic\/\">NetSupport School<\/a><\/p>\n<p><img loading=\"lazy\" decoding=\"async\" class=\"op3-element__image op3-element-image__image\" src=\"https:\/\/totemguard.com\/img\/totemfootericons\/nsnico.png\" alt=\"NSN Ico\" title=\"\" width=\"26\" height=\"26\" data-op3-attachment-id=\"\" \/><\/p>\n<p><a href=\"https:\/\/totemguard.com\/netsupport-notify\/mensajes-ordenadores-red\/\">NetSupport Notify<\/a><\/p>\n<\/p>\n<p><img loading=\"lazy\" decoding=\"async\" class=\"op3-element__image op3-element-image__image\" src=\"https:\/\/totemguard.com\/img\/totemfootericons\/247connectico.png\" alt=\"247 Ico\" title=\"\" width=\"26\" height=\"26\" data-op3-attachment-id=\"\" \/><\/p>\n<p><a href=\"https:\/\/totemguard.com\/247-connect\/control-remoto-seguro-en-la-nube\/\">NetSupport&nbsp;247 Connect<\/a><\/p>\n<p><img loading=\"lazy\" decoding=\"async\" class=\"op3-element__image op3-element-image__image\" src=\"https:\/\/totemguard.com\/img\/totemfootericons\/logo-icon-color-compass.png\" alt=\"OA Compass ico\" title=\"\" width=\"26\" height=\"26\" data-op3-attachment-id=\"\" \/><\/p>\n<p><a href=\"https:\/\/totemguard.com\/openathens-compass\/gestion-centralizada-recursos-electronicos\/\">OpenAthens Compass<\/a><\/p>\n<p><img loading=\"lazy\" decoding=\"async\" class=\"op3-element__image op3-element-image__image\" src=\"https:\/\/totemguard.com\/img\/totemfootericons\/Altaro-logo-1.png\" alt=\"VM Backup Ico\" title=\"\" width=\"26\" height=\"26\" data-op3-attachment-id=\"\" \/><\/p>\n<p><a href=\"https:\/\/totemguard.com\/altaro\/\">Altaro VM Backup<\/a><\/p>\n<p><img loading=\"lazy\" decoding=\"async\" class=\"op3-element__image op3-element-image__image\" src=\"https:\/\/totemguard.com\/img\/totemfootericons\/o-icon-svg-1.png\" alt=\"365 Backup Ico\" title=\"\" width=\"26\" height=\"25\" data-op3-attachment-id=\"\" \/><\/p>\n<p><a href=\"https:\/\/totemguard.com\/altaro\/backup-office-365\/\">365 Total Backup<\/a><\/p>\n<\/p>\n<p><img loading=\"lazy\" decoding=\"async\" class=\"op3-element__image op3-element-image__image\" src=\"https:\/\/totemguard.com\/img\/totemfootericons\/hornetfavicon.png\" alt=\"hornet security ico\" title=\"\" width=\"26\" height=\"26\" data-op3-attachment-id=\"\" \/><\/p>\n<p><a href=\"https:\/\/totemguard.com\/365-total-protection\/\">Total Protection<\/a><\/p>\n<p><img loading=\"lazy\" decoding=\"async\" class=\"op3-element__image op3-element-image__image\" src=\"https:\/\/totemguard.com\/img\/totemfootericons\/hornetfavicon.png\" alt=\"hornet security ico\" title=\"\" width=\"26\" height=\"26\" data-op3-attachment-id=\"\" \/><\/p>\n<p><a href=\"https:\/\/totemguard.com\/security-awareness-training\/\">Security Awareness Service<\/a><\/p>\n<p>  \u00a9  TotemGuard Digital Security &#8211; Ronda General Mitre, 126, Planta 6, 08021 Barcelona &#8211; Tel. 932 00 00 88 &#8211;<br \/>\n  <a href=\"https:\/\/www.totemguard.com\/terminos-y-condiciones\"><br \/>\n    Pol\u00edtica de privacidad, Cookies y Aviso Legal<br \/>\n  <\/a><\/p>\n","protected":false},"excerpt":{"rendered":"<p>Precios NetSupport 247 Connect Lite&nbsp;para equipos de una sola persona\u20ac 20.70\/ mes (facturado anualmente)1 licencia bajo demandaOperarios Ilimitados100 Dispositivos DesatendidosStandard&nbsp;para equipos de soporte peque\u00f1os\u20ac 31.05\/ mes (facturado anualmente)20 licencias bajo demandaOperarios Ilimitados500 Dispositivos DesatendidosAdvanced para grandes empresas\u20ac 69\/ mes (facturado anualmente)100 licencias bajo demandaOperarios Ilimitados1000 Dispositivos Desatendidos 247 Connect ofrece dos tipos de licenciamiento que &hellip; <\/p>\n<p class=\"link-more\"><a href=\"https:\/\/totemguard.com\/247-connect\/precios\/\" class=\"more-link\">Seguir leyendo<span class=\"screen-reader-text\"> \u00ab247 Connect Precios\u00bb<\/span><\/a><\/p>\n","protected":false},"author":1,"featured_media":0,"parent":0,"menu_order":0,"comment_status":"closed","ping_status":"closed","template":"op_builder_blank","meta":{"footnotes":"","_links_to":"","_links_to_target":""},"class_list":["post-77","page","type-page","status-publish","hentry","entry"],"yoast_head":"<!-- This site is optimized with the Yoast SEO plugin v27.3 - https:\/\/yoast.com\/product\/yoast-seo-wordpress\/ -->\n<title>247 Connect Precios - TotemGuard<\/title>\n<meta name=\"description\" content=\"Consulta los precios de 247 Connect y elige el plan de control remoto que mejor se adapta a tu empresa. Sin sorpresas, con soporte profesional y m\u00e1xima seguridad. \u00a1Solicita tu presupuesto hoy!\" \/>\n<meta name=\"robots\" content=\"index, follow, max-snippet:-1, max-image-preview:large, max-video-preview:-1\" \/>\n<link rel=\"canonical\" href=\"https:\/\/totemguard.com\/247-connect\/precios\/\" \/>\n<meta property=\"og:locale\" content=\"es_ES\" \/>\n<meta property=\"og:type\" content=\"article\" \/>\n<meta property=\"og:title\" content=\"247 Connect Precios - TotemGuard\" \/>\n<meta property=\"og:description\" content=\"Consulta los precios de 247 Connect y elige el plan de control remoto que mejor se adapta a tu empresa. Sin sorpresas, con soporte profesional y m\u00e1xima seguridad. \u00a1Solicita tu presupuesto hoy!\" \/>\n<meta property=\"og:url\" content=\"https:\/\/totemguard.com\/247-connect\/precios\/\" \/>\n<meta property=\"og:site_name\" content=\"TotemGuard\" \/>\n<meta property=\"article:modified_time\" content=\"2026-01-22T09:57:14+00:00\" \/>\n<meta property=\"og:image\" content=\"https:\/\/totemguard.com\/247-connect\/wp-content\/uploads\/2025\/04\/totemguard-banner.png\" \/>\n<meta name=\"twitter:card\" content=\"summary_large_image\" \/>\n<meta name=\"twitter:label1\" content=\"Tiempo de lectura\" \/>\n\t<meta name=\"twitter:data1\" content=\"6 minutos\" \/>\n<script type=\"application\/ld+json\" class=\"yoast-schema-graph\">{\"@context\":\"https:\\\/\\\/schema.org\",\"@graph\":[{\"@type\":\"WebPage\",\"@id\":\"https:\\\/\\\/totemguard.com\\\/247-connect\\\/precios\\\/\",\"url\":\"https:\\\/\\\/totemguard.com\\\/247-connect\\\/precios\\\/\",\"name\":\"247 Connect Precios - TotemGuard\",\"isPartOf\":{\"@id\":\"https:\\\/\\\/totemguard.com\\\/247-connect\\\/#website\"},\"primaryImageOfPage\":{\"@id\":\"https:\\\/\\\/totemguard.com\\\/247-connect\\\/precios\\\/#primaryimage\"},\"image\":{\"@id\":\"https:\\\/\\\/totemguard.com\\\/247-connect\\\/precios\\\/#primaryimage\"},\"thumbnailUrl\":\"https:\\\/\\\/totemguard.com\\\/247-connect\\\/wp-content\\\/uploads\\\/2025\\\/04\\\/totemguard-banner.png\",\"datePublished\":\"2025-04-17T11:07:58+00:00\",\"dateModified\":\"2026-01-22T09:57:14+00:00\",\"description\":\"Consulta los precios de 247 Connect y elige el plan de control remoto que mejor se adapta a tu empresa. Sin sorpresas, con soporte profesional y m\u00e1xima seguridad. \u00a1Solicita tu presupuesto hoy!\",\"breadcrumb\":{\"@id\":\"https:\\\/\\\/totemguard.com\\\/247-connect\\\/precios\\\/#breadcrumb\"},\"inLanguage\":\"es\",\"potentialAction\":[{\"@type\":\"ReadAction\",\"target\":[\"https:\\\/\\\/totemguard.com\\\/247-connect\\\/precios\\\/\"]}]},{\"@type\":\"ImageObject\",\"inLanguage\":\"es\",\"@id\":\"https:\\\/\\\/totemguard.com\\\/247-connect\\\/precios\\\/#primaryimage\",\"url\":\"https:\\\/\\\/totemguard.com\\\/247-connect\\\/wp-content\\\/uploads\\\/2025\\\/04\\\/totemguard-banner.png\",\"contentUrl\":\"https:\\\/\\\/totemguard.com\\\/247-connect\\\/wp-content\\\/uploads\\\/2025\\\/04\\\/totemguard-banner.png\",\"width\":1000,\"height\":175,\"caption\":\"totemguard-banner\"},{\"@type\":\"BreadcrumbList\",\"@id\":\"https:\\\/\\\/totemguard.com\\\/247-connect\\\/precios\\\/#breadcrumb\",\"itemListElement\":[{\"@type\":\"ListItem\",\"position\":1,\"name\":\"Home\",\"item\":\"https:\\\/\\\/totemguard.com\\\/247-connect\\\/control-remoto-seguro-en-la-nube\\\/\"},{\"@type\":\"ListItem\",\"position\":2,\"name\":\"247 Connect Precios\"}]},{\"@type\":\"WebSite\",\"@id\":\"https:\\\/\\\/totemguard.com\\\/247-connect\\\/#website\",\"url\":\"https:\\\/\\\/totemguard.com\\\/247-connect\\\/\",\"name\":\"247 Connect - TotemGuard\",\"description\":\"\",\"potentialAction\":[{\"@type\":\"SearchAction\",\"target\":{\"@type\":\"EntryPoint\",\"urlTemplate\":\"https:\\\/\\\/totemguard.com\\\/247-connect\\\/?s={search_term_string}\"},\"query-input\":{\"@type\":\"PropertyValueSpecification\",\"valueRequired\":true,\"valueName\":\"search_term_string\"}}],\"inLanguage\":\"es\"}]}<\/script>\n<!-- \/ Yoast SEO plugin. -->","yoast_head_json":{"title":"247 Connect Precios - TotemGuard","description":"Consulta los precios de 247 Connect y elige el plan de control remoto que mejor se adapta a tu empresa. Sin sorpresas, con soporte profesional y m\u00e1xima seguridad. \u00a1Solicita tu presupuesto hoy!","robots":{"index":"index","follow":"follow","max-snippet":"max-snippet:-1","max-image-preview":"max-image-preview:large","max-video-preview":"max-video-preview:-1"},"canonical":"https:\/\/totemguard.com\/247-connect\/precios\/","og_locale":"es_ES","og_type":"article","og_title":"247 Connect Precios - TotemGuard","og_description":"Consulta los precios de 247 Connect y elige el plan de control remoto que mejor se adapta a tu empresa. Sin sorpresas, con soporte profesional y m\u00e1xima seguridad. \u00a1Solicita tu presupuesto hoy!","og_url":"https:\/\/totemguard.com\/247-connect\/precios\/","og_site_name":"TotemGuard","article_modified_time":"2026-01-22T09:57:14+00:00","og_image":[{"url":"https:\/\/totemguard.com\/247-connect\/wp-content\/uploads\/2025\/04\/totemguard-banner.png","type":"","width":"","height":""}],"twitter_card":"summary_large_image","twitter_misc":{"Tiempo de lectura":"6 minutos"},"schema":{"@context":"https:\/\/schema.org","@graph":[{"@type":"WebPage","@id":"https:\/\/totemguard.com\/247-connect\/precios\/","url":"https:\/\/totemguard.com\/247-connect\/precios\/","name":"247 Connect Precios - TotemGuard","isPartOf":{"@id":"https:\/\/totemguard.com\/247-connect\/#website"},"primaryImageOfPage":{"@id":"https:\/\/totemguard.com\/247-connect\/precios\/#primaryimage"},"image":{"@id":"https:\/\/totemguard.com\/247-connect\/precios\/#primaryimage"},"thumbnailUrl":"https:\/\/totemguard.com\/247-connect\/wp-content\/uploads\/2025\/04\/totemguard-banner.png","datePublished":"2025-04-17T11:07:58+00:00","dateModified":"2026-01-22T09:57:14+00:00","description":"Consulta los precios de 247 Connect y elige el plan de control remoto que mejor se adapta a tu empresa. Sin sorpresas, con soporte profesional y m\u00e1xima seguridad. \u00a1Solicita tu presupuesto hoy!","breadcrumb":{"@id":"https:\/\/totemguard.com\/247-connect\/precios\/#breadcrumb"},"inLanguage":"es","potentialAction":[{"@type":"ReadAction","target":["https:\/\/totemguard.com\/247-connect\/precios\/"]}]},{"@type":"ImageObject","inLanguage":"es","@id":"https:\/\/totemguard.com\/247-connect\/precios\/#primaryimage","url":"https:\/\/totemguard.com\/247-connect\/wp-content\/uploads\/2025\/04\/totemguard-banner.png","contentUrl":"https:\/\/totemguard.com\/247-connect\/wp-content\/uploads\/2025\/04\/totemguard-banner.png","width":1000,"height":175,"caption":"totemguard-banner"},{"@type":"BreadcrumbList","@id":"https:\/\/totemguard.com\/247-connect\/precios\/#breadcrumb","itemListElement":[{"@type":"ListItem","position":1,"name":"Home","item":"https:\/\/totemguard.com\/247-connect\/control-remoto-seguro-en-la-nube\/"},{"@type":"ListItem","position":2,"name":"247 Connect Precios"}]},{"@type":"WebSite","@id":"https:\/\/totemguard.com\/247-connect\/#website","url":"https:\/\/totemguard.com\/247-connect\/","name":"247 Connect - TotemGuard","description":"","potentialAction":[{"@type":"SearchAction","target":{"@type":"EntryPoint","urlTemplate":"https:\/\/totemguard.com\/247-connect\/?s={search_term_string}"},"query-input":{"@type":"PropertyValueSpecification","valueRequired":true,"valueName":"search_term_string"}}],"inLanguage":"es"}]}},"_links":{"self":[{"href":"https:\/\/totemguard.com\/247-connect\/wp-json\/wp\/v2\/pages\/77","targetHints":{"allow":["GET"]}}],"collection":[{"href":"https:\/\/totemguard.com\/247-connect\/wp-json\/wp\/v2\/pages"}],"about":[{"href":"https:\/\/totemguard.com\/247-connect\/wp-json\/wp\/v2\/types\/page"}],"author":[{"embeddable":true,"href":"https:\/\/totemguard.com\/247-connect\/wp-json\/wp\/v2\/users\/1"}],"replies":[{"embeddable":true,"href":"https:\/\/totemguard.com\/247-connect\/wp-json\/wp\/v2\/comments?post=77"}],"version-history":[{"count":169,"href":"https:\/\/totemguard.com\/247-connect\/wp-json\/wp\/v2\/pages\/77\/revisions"}],"predecessor-version":[{"id":625,"href":"https:\/\/totemguard.com\/247-connect\/wp-json\/wp\/v2\/pages\/77\/revisions\/625"}],"wp:attachment":[{"href":"https:\/\/totemguard.com\/247-connect\/wp-json\/wp\/v2\/media?parent=77"}],"curies":[{"name":"wp","href":"https:\/\/api.w.org\/{rel}","templated":true}]}}