{"id":175,"date":"2025-04-30T10:39:14","date_gmt":"2025-04-30T08:39:14","guid":{"rendered":"https:\/\/totemguard.com\/247-connect\/?page_id=175"},"modified":"2026-01-13T13:02:18","modified_gmt":"2026-01-13T12:02:18","slug":"funcionalidades-control-remoto","status":"publish","type":"page","link":"https:\/\/totemguard.com\/247-connect\/funcionalidades-control-remoto\/","title":{"rendered":"247 Connect Funcionalidades"},"content":{"rendered":"<p><img loading=\"lazy\" decoding=\"async\" class=\"op3-element__image op3-element-image__image\" src=\"https:\/\/totemguard.com\/247-connect\/wp-content\/uploads\/2025\/04\/totemguard-banner.png\" alt=\"totemguard-banner\" title=\"totemguard-banner\" width=\"1000\" height=\"175\" data-op3-attachment-id=\"17\" \/><img loading=\"lazy\" decoding=\"async\" class=\"op3-element__image op3-element-image__image\" src=\"https:\/\/totemguard.com\/247-connect\/wp-content\/uploads\/2025\/04\/logo-blue-black-small.png\" alt=\"logo-blue-black-small\" title=\"logo-blue-black-small\" width=\"449\" height=\"114\" data-op3-attachment-id=\"35\" \/><\/p>\n<h2>Descubre como NetSupport 247 Connect puede ayudarte cada d\u00eda<\/h2>\n<p>Portal web donde gestionar todos los dispositivos<\/p>\n<p>El portal web de NetSupport 247 Connect te permite gestionar de manera centralizada todos tus dispositivos, configuraciones y usuarios desde un solo lugar. A trav\u00e9s de una interfaz intuitiva y accesible, puedes controlar el estado de cada dispositivo, administrar roles y permisos de usuarios, y ajustar configuraciones de forma remota, facilitando as\u00ed la supervisi\u00f3n y el mantenimiento eficiente de tu infraestructura tecnol\u00f3gica. Esta soluci\u00f3n optimiza la gesti\u00f3n diaria al consolidar toda la informaci\u00f3n relevante en un \u00fanico portal, lo que minimiza tiempos de respuesta y mejora la productividad del equipo.<\/p>\n<p><img loading=\"lazy\" decoding=\"async\" class=\"op3-element__image op3-element-image__image\" src=\"https:\/\/totemguard.com\/247-connect\/wp-content\/uploads\/2025\/04\/247Dashboard.png\" alt=\"247 Dashboard\" title=\"247 Dashboard\" width=\"1701\" height=\"733\" data-op3-attachment-id=\"180\" \/><img loading=\"lazy\" decoding=\"async\" class=\"op3-element__image op3-element-image__image\" src=\"https:\/\/totemguard.com\/247-connect\/wp-content\/uploads\/2025\/04\/247RemoteControl.png\" alt=\"247 Remote Control\" title=\"247 Remote Control\" width=\"1421\" height=\"874\" data-op3-attachment-id=\"188\" \/><\/p>\n<p>Realiza el control remoto a tus dispositivos&nbsp;<\/p>\n<p>Podr\u00e1s conectarte de manera segura y eficiente a tus dispositivos, ya sean desatendidos previamente o accedidos bajo demanda, independientemente de tu ubicaci\u00f3n f\u00edsica o la de los equipos. La plataforma centraliza el acceso remoto instant\u00e1neo, te permite gestionar configuraciones, resolver incidencias o realizar mantenimientos, garantizando conexiones r\u00e1pidas y estables desde cualquier lugar sin limitaciones geogr\u00e1ficas<\/p>\n<p>Transferencia de archivos<\/p>\n<p>Transfiere archivos de manera segura y eficiente, permitiendo tanto el env\u00edo como la recogida de documentos, software o datos entre dispositivos conectados. Con esta funcionalidad, puedes compartir archivos de forma remota entre equipos desatendidos o durante sesiones bajo demanda, garantizando transferencias r\u00e1pidas y cifradas sin importar la ubicaci\u00f3n de los dispositivos involucrados. La plataforma simplifica el intercambio de informaci\u00f3n cr\u00edtica, optimizando la colaboraci\u00f3n y el soporte t\u00e9cnico en tiempo real.<\/p>\n<p><img loading=\"lazy\" decoding=\"async\" class=\"op3-element__image op3-element-image__image\" src=\"https:\/\/totemguard.com\/247-connect\/wp-content\/uploads\/2025\/04\/247FileTransfer.png\" alt=\"247 File Transfer\" title=\"247 File Transfer\" width=\"1497\" height=\"844\" data-op3-attachment-id=\"181\" \/><img loading=\"lazy\" decoding=\"async\" class=\"op3-element__image op3-element-image__image\" src=\"https:\/\/totemguard.com\/247-connect\/wp-content\/uploads\/2025\/04\/247Installers.png\" alt=\"247 Connect Installers\" title=\"247 Connect Installers\" width=\"1701\" height=\"687\" data-op3-attachment-id=\"182\" \/><\/p>\n<p>Instala los componentes como necesites<\/p>\n<p>Tienes la flexibilidad de instalar los componentes de control y los agentes tanto de forma manual, utilizando un ejecutable, como de manera automatizada mediante pol\u00edticas de despliegue como Intune, empleando el archivo MSI. Esto facilita la adaptaci\u00f3n a las necesidades de tu organizaci\u00f3n, permitiendo una instalaci\u00f3n sencilla y eficiente en diferentes entornos<\/p>\n<p>Historial de conexiones<\/p>\n<p>Puedes acceder a un completo historial de conexiones, donde es posible consultar desde cu\u00e1ndo se han realizado conexiones remotas, as\u00ed como los momentos en que se han movido equipos a diferentes grupos, se han transferido archivos o se han iniciado chats. Esta funcionalidad te permite tener un control detallado y transparente sobre todas las actividades relevantes dentro de la plataforma.<\/p>\n<p><a aria-label=\"Button link\" class=\"op3-element__tcp--non-a op3-link op3-background-ancestor\" target=\"_self\"  data-op-action=\"popoverlay\" data-op-popoverlay-trigger=\"OSkvs79b\" data-op-select-funnel-step=\"\" data-op3-smooth-scroll=\"0\" data-op-effect-style=\"\" data-op-effect-style-hover=\"\" data-op-courseaction=\"\" href=\"#\">Reg\u00edstrate para evaluarsin compromiso<\/a><img loading=\"lazy\" decoding=\"async\" class=\"op3-element__image op3-element-image__image\" src=\"https:\/\/totemguard.com\/247-connect\/wp-content\/uploads\/2025\/05\/247ConnectHistory.png\" alt=\"247 Connect History\" title=\"247 Connect History\" width=\"1915\" height=\"908\" data-op3-attachment-id=\"428\" \/><img loading=\"lazy\" decoding=\"async\" class=\"op3-element__image op3-element-image__image\" src=\"https:\/\/totemguard.com\/247-connect\/wp-content\/uploads\/2025\/04\/247BlankScreen.png\" alt=\"247 Blank Screen\" title=\"247 Blank Screen\" width=\"700\" height=\"631\" data-op3-attachment-id=\"178\" \/><\/p>\n<p>Pantalla en blanco<\/p>\n<p>La funci\u00f3n de pantalla en blanco de NetSupport 247 Connect permite al t\u00e9cnico realizar operaciones remotas de manera discreta, ocultando la actividad en el dispositivo del usuario mientras se ejecutan ajustes, diagn\u00f3sticos o reparaciones. Esta herramienta garantiza privacidad y seguridad durante intervenciones sensibles, evitando distracciones o accesos no autorizados a informaci\u00f3n confidencial, sin afectar el control remoto del equipo. Ideal para mantenimientos preventivos, resoluci\u00f3n de incidencias o actualizaciones que requieren total concentraci\u00f3n del especialista.<\/p>\n<p>Crea sesiones remotas bajo demanda<\/p>\n<p>La conexi\u00f3n bajo demanda de NetSupport 247 Connect genera un enlace \u00fanico que el usuario debe hacer clic para iniciar la sesi\u00f3n remota, junto con un PIN de seguridad que debe introducir manualmente. Este mecanismo garantiza un acceso temporal y controlado, ya que el t\u00e9cnico env\u00eda la solicitud de conexi\u00f3n (v\u00eda correo, mensaje o plataforma) y el usuario autoriza activamente el proceso, protegiendo as\u00ed la privacidad del dispositivo. El enlace y el PIN caducan tras su uso o un tiempo definido, asegurando que solo las partes verificadas puedan establecer la conexi\u00f3n bajo demanda.<\/p>\n<p><img loading=\"lazy\" decoding=\"async\" class=\"op3-element__image op3-element-image__image\" src=\"https:\/\/totemguard.com\/247-connect\/wp-content\/uploads\/2025\/04\/247OnDemand.png\" alt=\"247 OnDemand\" title=\"247 OnDemand\" width=\"1697\" height=\"676\" data-op3-attachment-id=\"185\" \/><img loading=\"lazy\" decoding=\"async\" class=\"op3-element__image op3-element-image__image\" src=\"https:\/\/totemguard.com\/247-connect\/wp-content\/uploads\/2025\/04\/247Roles.png\" alt=\"247 Roles\" title=\"247 Roles\" width=\"1697\" height=\"672\" data-op3-attachment-id=\"186\" \/><\/p>\n<p>Crea Roles<\/p>\n<p>Puedes crear roles de usuario e indicar que pueden hacer. Entre otras cosas se puede configurar para que un usuario pueda conectarse solamente a los equipos de un grupo de dispositivos. Esto puede venir muy bien en situaciones cuando el jefe del departamento ha de poder conectarse a cualquier equipo pero otros usuarios solo han de poder de conectarse a ciertos equipos.<\/p>\n<p>\u00bfNecesitas algo m\u00e1s?<\/p>\n<p>Nuestro objetivo es la flexibilidad, para ofrecerte una soluci\u00f3n a medida. Contacta con nosotros si necesitas combinar licencias y paquetes que cubran tanto dispositivos desatendidos como bajo demanda.<\/p>\n<p>Te garantizamos que encontraremos un plan adaptado a tus necesidades.<\/p>\n<h2>Una soluci\u00f3n escalable<\/h2>\n<p>Prueba NetSupport 247 Connect<\/p>\n<p>Haz clic en el bot\u00f3n y rellena el formulario para poder crear una cuenta de NetSupport 247 Connet.<\/p>\n<p><a aria-label=\"Button link\" class=\"op3-element__tcp--non-a op3-link op3-background-ancestor\" target=\"_self\"  data-op-action=\"popoverlay\" data-op-popoverlay-trigger=\"OSkvs79b\" data-op-select-funnel-step=\"\" data-op3-smooth-scroll=\"0\" data-op-effect-style=\"\" data-op-effect-style-hover=\"\" data-op-courseaction=\"\" href=\"#\">Reg\u00edstrate para evaluarsin compromiso<\/a><\/p>\n<p>Contacta con nosotros:<\/p>\n<p>Ronda General Mitre 126, Planta 6<br \/>\n08021 Barcelona<\/p>\n<p>Tel. 93 200 00 88<\/p>\n<p>comercial@totemguard.com<\/p>\n<p>Nuestros productos<\/p>\n<p><img loading=\"lazy\" decoding=\"async\" class=\"op3-element__image op3-element-image__image\" src=\"https:\/\/totemguard.com\/img\/totemfootericons\/dnaico.png\" alt=\"DNA Icon\" title=\"\" width=\"512\" height=\"256\" data-op3-attachment-id=\"\" \/><\/p>\n<p><a href=\"https:\/\/totemguard.com\/netsupport-dna\/inventario-hardware-software-licencias\/\">NetSupport DNA<\/a><\/p>\n<p><img loading=\"lazy\" decoding=\"async\" class=\"op3-element__image op3-element-image__image\" src=\"https:\/\/totemguard.com\/img\/totemfootericons\/nsmico.png\" alt=\"NSM Ico\" title=\"\" width=\"26\" height=\"26\" data-op3-attachment-id=\"\" \/><\/p>\n<p><a href=\"https:\/\/totemguard.com\/netsupport-manager\/control-remoto-windows-linux-mac\/\">NetSupport Manager<\/a><\/p>\n<p><img loading=\"lazy\" decoding=\"async\" class=\"op3-element__image op3-element-image__image\" src=\"https:\/\/totemguard.com\/img\/totemfootericons\/nssico.png\" alt=\"NSS Ico\" title=\"\" width=\"26\" height=\"26\" data-op3-attachment-id=\"\" \/><\/p>\n<p><a href=\"https:\/\/totemguard.com\/netsupport-school\/control-gestion-aula-tic\/\">NetSupport School<\/a><\/p>\n<p><img loading=\"lazy\" decoding=\"async\" class=\"op3-element__image op3-element-image__image\" src=\"https:\/\/totemguard.com\/img\/totemfootericons\/nsnico.png\" alt=\"NSN Ico\" title=\"\" width=\"26\" height=\"26\" data-op3-attachment-id=\"\" \/><\/p>\n<p><a href=\"https:\/\/totemguard.com\/netsupport-notify\/mensajes-ordenadores-red\/\">NetSupport Notify<\/a><\/p>\n<\/p>\n<p><img loading=\"lazy\" decoding=\"async\" class=\"op3-element__image op3-element-image__image\" src=\"https:\/\/totemguard.com\/img\/totemfootericons\/247connectico.png\" alt=\"247 Ico\" title=\"\" width=\"26\" height=\"26\" data-op3-attachment-id=\"\" \/><\/p>\n<p><a href=\"https:\/\/totemguard.com\/247-connect\/control-remoto-seguro-en-la-nube\/\">NetSupport&nbsp;247 Connect<\/a><\/p>\n<p><img loading=\"lazy\" decoding=\"async\" class=\"op3-element__image op3-element-image__image\" src=\"https:\/\/totemguard.com\/img\/totemfootericons\/logo-icon-color-compass.png\" alt=\"OA Compass ico\" title=\"\" width=\"26\" height=\"26\" data-op3-attachment-id=\"\" \/><\/p>\n<p><a href=\"https:\/\/totemguard.com\/openathens-compass\/gestion-centralizada-recursos-electronicos\/\">OpenAthens Compass<\/a><\/p>\n<p><img loading=\"lazy\" decoding=\"async\" class=\"op3-element__image op3-element-image__image\" src=\"https:\/\/totemguard.com\/img\/totemfootericons\/Altaro-logo-1.png\" alt=\"VM Backup Ico\" title=\"\" width=\"26\" height=\"26\" data-op3-attachment-id=\"\" \/><\/p>\n<p><a href=\"https:\/\/totemguard.com\/altaro\/\">Altaro VM Backup<\/a><\/p>\n<p><img loading=\"lazy\" decoding=\"async\" class=\"op3-element__image op3-element-image__image\" src=\"https:\/\/totemguard.com\/img\/totemfootericons\/o-icon-svg-1.png\" alt=\"365 Backup Ico\" title=\"\" width=\"26\" height=\"25\" data-op3-attachment-id=\"\" \/><\/p>\n<p><a href=\"https:\/\/totemguard.com\/altaro\/backup-office-365\/\">365 Total Backup<\/a><\/p>\n<\/p>\n<p><img loading=\"lazy\" decoding=\"async\" class=\"op3-element__image op3-element-image__image\" src=\"https:\/\/totemguard.com\/img\/totemfootericons\/hornetfavicon.png\" alt=\"hornet security ico\" title=\"\" width=\"26\" height=\"26\" data-op3-attachment-id=\"\" \/><\/p>\n<p><a href=\"https:\/\/totemguard.com\/365-total-protection\/\">Total Protection<\/a><\/p>\n<p><img loading=\"lazy\" decoding=\"async\" class=\"op3-element__image op3-element-image__image\" src=\"https:\/\/totemguard.com\/img\/totemfootericons\/hornetfavicon.png\" alt=\"hornet security ico\" title=\"\" width=\"26\" height=\"26\" data-op3-attachment-id=\"\" \/><\/p>\n<p><a href=\"https:\/\/totemguard.com\/security-awareness-training\/\">Security Awareness Service<\/a><\/p>\n<p>  \u00a9  TotemGuard Digital Security &#8211; Ronda General Mitre, 126, Planta 6, 08021 Barcelona &#8211; Tel. 932 00 00 88 &#8211;<br \/>\n  <a href=\"https:\/\/www.totemguard.com\/terminos-y-condiciones\"><br \/>\n    Pol\u00edtica de privacidad, Cookies y Aviso Legal<br \/>\n  <\/a><\/p>\n","protected":false},"excerpt":{"rendered":"<p>Descubre como NetSupport 247 Connect puede ayudarte cada d\u00eda Portal web donde gestionar todos los dispositivos El portal web de NetSupport 247 Connect te permite gestionar de manera centralizada todos tus dispositivos, configuraciones y usuarios desde un solo lugar. A trav\u00e9s de una interfaz intuitiva y accesible, puedes controlar el estado de cada dispositivo, administrar &hellip; <\/p>\n<p class=\"link-more\"><a href=\"https:\/\/totemguard.com\/247-connect\/funcionalidades-control-remoto\/\" class=\"more-link\">Seguir leyendo<span class=\"screen-reader-text\"> \u00ab247 Connect Funcionalidades\u00bb<\/span><\/a><\/p>\n","protected":false},"author":1,"featured_media":0,"parent":0,"menu_order":0,"comment_status":"closed","ping_status":"closed","template":"op_builder_blank","meta":{"footnotes":"","_links_to":"","_links_to_target":""},"class_list":["post-175","page","type-page","status-publish","hentry","entry"],"yoast_head":"<!-- This site is optimized with the Yoast SEO plugin v27.3 - https:\/\/yoast.com\/product\/yoast-seo-wordpress\/ -->\n<title>247 Connect Funcionalidades - TotemGuard<\/title>\n<meta name=\"description\" content=\"Explora todas las funcionalidades de 247 Connect: acceso remoto instant\u00e1neo, gesti\u00f3n centralizada y soporte eficiente para tus dispositivos. Descubre c\u00f3mo mejorar tu productividad con nuestras herramientas avanzadas.\" \/>\n<meta name=\"robots\" content=\"index, follow, max-snippet:-1, max-image-preview:large, max-video-preview:-1\" \/>\n<link rel=\"canonical\" href=\"https:\/\/totemguard.com\/247-connect\/funcionalidades-control-remoto\/\" \/>\n<meta property=\"og:locale\" content=\"es_ES\" \/>\n<meta property=\"og:type\" content=\"article\" \/>\n<meta property=\"og:title\" content=\"247 Connect Funcionalidades - TotemGuard\" \/>\n<meta property=\"og:description\" content=\"Explora todas las funcionalidades de 247 Connect: acceso remoto instant\u00e1neo, gesti\u00f3n centralizada y soporte eficiente para tus dispositivos. Descubre c\u00f3mo mejorar tu productividad con nuestras herramientas avanzadas.\" \/>\n<meta property=\"og:url\" content=\"https:\/\/totemguard.com\/247-connect\/funcionalidades-control-remoto\/\" \/>\n<meta property=\"og:site_name\" content=\"TotemGuard\" \/>\n<meta property=\"article:modified_time\" content=\"2026-01-13T12:02:18+00:00\" \/>\n<meta property=\"og:image\" content=\"https:\/\/totemguard.com\/247-connect\/wp-content\/uploads\/2025\/04\/totemguard-banner.png\" \/>\n<meta name=\"twitter:card\" content=\"summary_large_image\" \/>\n<meta name=\"twitter:label1\" content=\"Tiempo de lectura\" \/>\n\t<meta name=\"twitter:data1\" content=\"7 minutos\" \/>\n<script type=\"application\/ld+json\" class=\"yoast-schema-graph\">{\"@context\":\"https:\\\/\\\/schema.org\",\"@graph\":[{\"@type\":\"WebPage\",\"@id\":\"https:\\\/\\\/totemguard.com\\\/247-connect\\\/funcionalidades-control-remoto\\\/\",\"url\":\"https:\\\/\\\/totemguard.com\\\/247-connect\\\/funcionalidades-control-remoto\\\/\",\"name\":\"247 Connect Funcionalidades - TotemGuard\",\"isPartOf\":{\"@id\":\"https:\\\/\\\/totemguard.com\\\/247-connect\\\/#website\"},\"primaryImageOfPage\":{\"@id\":\"https:\\\/\\\/totemguard.com\\\/247-connect\\\/funcionalidades-control-remoto\\\/#primaryimage\"},\"image\":{\"@id\":\"https:\\\/\\\/totemguard.com\\\/247-connect\\\/funcionalidades-control-remoto\\\/#primaryimage\"},\"thumbnailUrl\":\"https:\\\/\\\/totemguard.com\\\/247-connect\\\/wp-content\\\/uploads\\\/2025\\\/04\\\/totemguard-banner.png\",\"datePublished\":\"2025-04-30T08:39:14+00:00\",\"dateModified\":\"2026-01-13T12:02:18+00:00\",\"description\":\"Explora todas las funcionalidades de 247 Connect: acceso remoto instant\u00e1neo, gesti\u00f3n centralizada y soporte eficiente para tus dispositivos. Descubre c\u00f3mo mejorar tu productividad con nuestras herramientas avanzadas.\",\"breadcrumb\":{\"@id\":\"https:\\\/\\\/totemguard.com\\\/247-connect\\\/funcionalidades-control-remoto\\\/#breadcrumb\"},\"inLanguage\":\"es\",\"potentialAction\":[{\"@type\":\"ReadAction\",\"target\":[\"https:\\\/\\\/totemguard.com\\\/247-connect\\\/funcionalidades-control-remoto\\\/\"]}]},{\"@type\":\"ImageObject\",\"inLanguage\":\"es\",\"@id\":\"https:\\\/\\\/totemguard.com\\\/247-connect\\\/funcionalidades-control-remoto\\\/#primaryimage\",\"url\":\"https:\\\/\\\/totemguard.com\\\/247-connect\\\/wp-content\\\/uploads\\\/2025\\\/04\\\/totemguard-banner.png\",\"contentUrl\":\"https:\\\/\\\/totemguard.com\\\/247-connect\\\/wp-content\\\/uploads\\\/2025\\\/04\\\/totemguard-banner.png\",\"width\":1000,\"height\":175,\"caption\":\"totemguard-banner\"},{\"@type\":\"BreadcrumbList\",\"@id\":\"https:\\\/\\\/totemguard.com\\\/247-connect\\\/funcionalidades-control-remoto\\\/#breadcrumb\",\"itemListElement\":[{\"@type\":\"ListItem\",\"position\":1,\"name\":\"Home\",\"item\":\"https:\\\/\\\/totemguard.com\\\/247-connect\\\/control-remoto-seguro-en-la-nube\\\/\"},{\"@type\":\"ListItem\",\"position\":2,\"name\":\"247 Connect Funcionalidades\"}]},{\"@type\":\"WebSite\",\"@id\":\"https:\\\/\\\/totemguard.com\\\/247-connect\\\/#website\",\"url\":\"https:\\\/\\\/totemguard.com\\\/247-connect\\\/\",\"name\":\"247 Connect - TotemGuard\",\"description\":\"\",\"potentialAction\":[{\"@type\":\"SearchAction\",\"target\":{\"@type\":\"EntryPoint\",\"urlTemplate\":\"https:\\\/\\\/totemguard.com\\\/247-connect\\\/?s={search_term_string}\"},\"query-input\":{\"@type\":\"PropertyValueSpecification\",\"valueRequired\":true,\"valueName\":\"search_term_string\"}}],\"inLanguage\":\"es\"}]}<\/script>\n<!-- \/ Yoast SEO plugin. -->","yoast_head_json":{"title":"247 Connect Funcionalidades - TotemGuard","description":"Explora todas las funcionalidades de 247 Connect: acceso remoto instant\u00e1neo, gesti\u00f3n centralizada y soporte eficiente para tus dispositivos. Descubre c\u00f3mo mejorar tu productividad con nuestras herramientas avanzadas.","robots":{"index":"index","follow":"follow","max-snippet":"max-snippet:-1","max-image-preview":"max-image-preview:large","max-video-preview":"max-video-preview:-1"},"canonical":"https:\/\/totemguard.com\/247-connect\/funcionalidades-control-remoto\/","og_locale":"es_ES","og_type":"article","og_title":"247 Connect Funcionalidades - TotemGuard","og_description":"Explora todas las funcionalidades de 247 Connect: acceso remoto instant\u00e1neo, gesti\u00f3n centralizada y soporte eficiente para tus dispositivos. Descubre c\u00f3mo mejorar tu productividad con nuestras herramientas avanzadas.","og_url":"https:\/\/totemguard.com\/247-connect\/funcionalidades-control-remoto\/","og_site_name":"TotemGuard","article_modified_time":"2026-01-13T12:02:18+00:00","og_image":[{"url":"https:\/\/totemguard.com\/247-connect\/wp-content\/uploads\/2025\/04\/totemguard-banner.png","type":"","width":"","height":""}],"twitter_card":"summary_large_image","twitter_misc":{"Tiempo de lectura":"7 minutos"},"schema":{"@context":"https:\/\/schema.org","@graph":[{"@type":"WebPage","@id":"https:\/\/totemguard.com\/247-connect\/funcionalidades-control-remoto\/","url":"https:\/\/totemguard.com\/247-connect\/funcionalidades-control-remoto\/","name":"247 Connect Funcionalidades - TotemGuard","isPartOf":{"@id":"https:\/\/totemguard.com\/247-connect\/#website"},"primaryImageOfPage":{"@id":"https:\/\/totemguard.com\/247-connect\/funcionalidades-control-remoto\/#primaryimage"},"image":{"@id":"https:\/\/totemguard.com\/247-connect\/funcionalidades-control-remoto\/#primaryimage"},"thumbnailUrl":"https:\/\/totemguard.com\/247-connect\/wp-content\/uploads\/2025\/04\/totemguard-banner.png","datePublished":"2025-04-30T08:39:14+00:00","dateModified":"2026-01-13T12:02:18+00:00","description":"Explora todas las funcionalidades de 247 Connect: acceso remoto instant\u00e1neo, gesti\u00f3n centralizada y soporte eficiente para tus dispositivos. Descubre c\u00f3mo mejorar tu productividad con nuestras herramientas avanzadas.","breadcrumb":{"@id":"https:\/\/totemguard.com\/247-connect\/funcionalidades-control-remoto\/#breadcrumb"},"inLanguage":"es","potentialAction":[{"@type":"ReadAction","target":["https:\/\/totemguard.com\/247-connect\/funcionalidades-control-remoto\/"]}]},{"@type":"ImageObject","inLanguage":"es","@id":"https:\/\/totemguard.com\/247-connect\/funcionalidades-control-remoto\/#primaryimage","url":"https:\/\/totemguard.com\/247-connect\/wp-content\/uploads\/2025\/04\/totemguard-banner.png","contentUrl":"https:\/\/totemguard.com\/247-connect\/wp-content\/uploads\/2025\/04\/totemguard-banner.png","width":1000,"height":175,"caption":"totemguard-banner"},{"@type":"BreadcrumbList","@id":"https:\/\/totemguard.com\/247-connect\/funcionalidades-control-remoto\/#breadcrumb","itemListElement":[{"@type":"ListItem","position":1,"name":"Home","item":"https:\/\/totemguard.com\/247-connect\/control-remoto-seguro-en-la-nube\/"},{"@type":"ListItem","position":2,"name":"247 Connect Funcionalidades"}]},{"@type":"WebSite","@id":"https:\/\/totemguard.com\/247-connect\/#website","url":"https:\/\/totemguard.com\/247-connect\/","name":"247 Connect - TotemGuard","description":"","potentialAction":[{"@type":"SearchAction","target":{"@type":"EntryPoint","urlTemplate":"https:\/\/totemguard.com\/247-connect\/?s={search_term_string}"},"query-input":{"@type":"PropertyValueSpecification","valueRequired":true,"valueName":"search_term_string"}}],"inLanguage":"es"}]}},"_links":{"self":[{"href":"https:\/\/totemguard.com\/247-connect\/wp-json\/wp\/v2\/pages\/175","targetHints":{"allow":["GET"]}}],"collection":[{"href":"https:\/\/totemguard.com\/247-connect\/wp-json\/wp\/v2\/pages"}],"about":[{"href":"https:\/\/totemguard.com\/247-connect\/wp-json\/wp\/v2\/types\/page"}],"author":[{"embeddable":true,"href":"https:\/\/totemguard.com\/247-connect\/wp-json\/wp\/v2\/users\/1"}],"replies":[{"embeddable":true,"href":"https:\/\/totemguard.com\/247-connect\/wp-json\/wp\/v2\/comments?post=175"}],"version-history":[{"count":61,"href":"https:\/\/totemguard.com\/247-connect\/wp-json\/wp\/v2\/pages\/175\/revisions"}],"predecessor-version":[{"id":616,"href":"https:\/\/totemguard.com\/247-connect\/wp-json\/wp\/v2\/pages\/175\/revisions\/616"}],"wp:attachment":[{"href":"https:\/\/totemguard.com\/247-connect\/wp-json\/wp\/v2\/media?parent=175"}],"curies":[{"name":"wp","href":"https:\/\/api.w.org\/{rel}","templated":true}]}}